{"id":12,"date":"2023-12-24T09:16:01","date_gmt":"2023-12-24T09:16:01","guid":{"rendered":"https:\/\/tannoithat.com\/?page_id=12"},"modified":"2024-01-15T16:01:08","modified_gmt":"2024-01-15T09:01:08","slug":"gioi-thieu","status":"publish","type":"page","link":"https:\/\/tannoithat.com\/index.php\/gioi-thieu\/","title":{"rendered":"GI\u01a0\u0301I THI\u00ca\u0323U"},"content":{"rendered":"\n\n<div class=\"kk-star-ratings kksr-auto kksr-align-left kksr-valign-top\"\n    data-payload='{&quot;align&quot;:&quot;left&quot;,&quot;id&quot;:&quot;12&quot;,&quot;slug&quot;:&quot;default&quot;,&quot;valign&quot;:&quot;top&quot;,&quot;ignore&quot;:&quot;&quot;,&quot;reference&quot;:&quot;auto&quot;,&quot;class&quot;:&quot;&quot;,&quot;count&quot;:&quot;6&quot;,&quot;legendonly&quot;:&quot;&quot;,&quot;readonly&quot;:&quot;&quot;,&quot;score&quot;:&quot;5&quot;,&quot;starsonly&quot;:&quot;&quot;,&quot;best&quot;:&quot;5&quot;,&quot;gap&quot;:&quot;5&quot;,&quot;greet&quot;:&quot;Rate this page&quot;,&quot;legend&quot;:&quot;5\\\/5 - (6 b\u00ecnh ch\u1ecdn)&quot;,&quot;size&quot;:&quot;24&quot;,&quot;title&quot;:&quot;GI\u01a0\u0301I THI\u00ca\u0323U&quot;,&quot;width&quot;:&quot;142.5&quot;,&quot;_legend&quot;:&quot;{score}\\\/{best} - ({count} {votes})&quot;,&quot;font_factor&quot;:&quot;1.25&quot;}'>\n            \n<div class=\"kksr-stars\">\n    \n<div class=\"kksr-stars-inactive\">\n            <div class=\"kksr-star\" data-star=\"1\" style=\"padding-right: 5px\">\n            \n\n<div class=\"kksr-icon\" style=\"width: 24px; height: 24px;\"><\/div>\n        <\/div>\n            <div class=\"kksr-star\" data-star=\"2\" style=\"padding-right: 5px\">\n            \n\n<div class=\"kksr-icon\" style=\"width: 24px; height: 24px;\"><\/div>\n        <\/div>\n            <div class=\"kksr-star\" data-star=\"3\" style=\"padding-right: 5px\">\n            \n\n<div class=\"kksr-icon\" style=\"width: 24px; height: 24px;\"><\/div>\n        <\/div>\n            <div class=\"kksr-star\" data-star=\"4\" style=\"padding-right: 5px\">\n            \n\n<div class=\"kksr-icon\" style=\"width: 24px; height: 24px;\"><\/div>\n        <\/div>\n            <div class=\"kksr-star\" data-star=\"5\" style=\"padding-right: 5px\">\n            \n\n<div class=\"kksr-icon\" style=\"width: 24px; height: 24px;\"><\/div>\n        <\/div>\n    <\/div>\n    \n<div class=\"kksr-stars-active\" style=\"width: 142.5px;\">\n            <div class=\"kksr-star\" style=\"padding-right: 5px\">\n            \n\n<div class=\"kksr-icon\" style=\"width: 24px; height: 24px;\"><\/div>\n        <\/div>\n            <div class=\"kksr-star\" style=\"padding-right: 5px\">\n            \n\n<div class=\"kksr-icon\" style=\"width: 24px; height: 24px;\"><\/div>\n        <\/div>\n            <div class=\"kksr-star\" style=\"padding-right: 5px\">\n            \n\n<div class=\"kksr-icon\" style=\"width: 24px; height: 24px;\"><\/div>\n        <\/div>\n            <div class=\"kksr-star\" style=\"padding-right: 5px\">\n            \n\n<div class=\"kksr-icon\" style=\"width: 24px; height: 24px;\"><\/div>\n        <\/div>\n            <div class=\"kksr-star\" style=\"padding-right: 5px\">\n            \n\n<div class=\"kksr-icon\" style=\"width: 24px; height: 24px;\"><\/div>\n        <\/div>\n    <\/div>\n<\/div>\n                \n\n<div class=\"kksr-legend\" style=\"font-size: 19.2px;\">\n            5\/5 - (6 b\u00ecnh ch\u1ecdn)    <\/div>\n    <\/div>\n<p><a href=\"https:\/\/cafebiz247.com\/chia-se-chia-khoa-thanh-cong-cua-giam-doc-kinh-doanh-he-thong-sua-gafo-2022.html?fbclid=IwAR3-scwW1toO0en5r09agrWEhz4ck_xfOegz4iseXhfdtK8VN02-fBTxm_Y\" target=\"_blank\" rel=\"noopener\"><strong><mark style=\"background-color:rgba(0, 0, 0, 0)\" class=\"has-inline-color has-pale-pink-color\"><em>Nguy\u1ec5n V\u0103n T\u1ea5n<\/em><\/mark><\/strong> <\/a>, qu\u00ea qu\u00e1n T\u1ed5 6 An B\u00e0i, Qu\u1ef3nh Ph\u1ee5, Th\u00e1i B\u00ecnh, t\u1ed1t nghi\u1ec7p \u0110\u1ea1i h\u1ecdc S\u01b0 Ph\u1ea1m Nam \u0110\u1ecbnh. Anh c\u00f3 17 n\u0103m kinh nghi\u1ec7m trong l\u0129nh v\u1ef1c thi\u1ebft b\u1ecb nh\u00e0 b\u1ebfp v\u00e0 ph\u1ee5 ki\u1ec7n t\u1ee7 b\u1ebfp, c\u00f9ng v\u1edbi 10 n\u0103m kinh nghi\u1ec7m trong ng\u00e0nh n\u1ed9i th\u1ea5t, \u0111\u1eb7c bi\u1ec7t l\u00e0 n\u1ed9i th\u1ea5t cho chung c\u01b0 v\u00e0 nh\u00e0 th\u1ea5p t\u1ea7ng. Anh t\u1eebng l\u00e0 k\u1ef9 thu\u1eadt vi\u00ean tr\u01b0\u1edfng ph\u00f2ng k\u1ef9 thu\u1eadt t\u1ea1i c\u00f4ng ty An C\u01b0\u1eddng v\u00e0 Tam Kim cho \u0111\u1ebfn n\u0103m 2014. T\u1eeb n\u0103m 2014 \u0111\u1ebfn 2016, anh l\u00e0 Tr\u01b0\u1edfng ph\u00f2ng k\u1ef9 thu\u1eadt t\u1ea1i C\u00f4ng ty C\u1ed5 ph\u1ea7n b\u1ebfp Faster Vi\u1ec7t Nam. T\u1eeb n\u0103m 2016, anh \u0111\u00e3 th\u00e0nh l\u1eadp c\u00f4ng ty Eurokits Vi\u1ec7t Nam, m\u1ed9t doanh nghi\u1ec7p chuy\u00ean v\u1ec1 thi\u1ebft b\u1ecb nh\u00e0 b\u1ebfp v\u00e0 ph\u1ee5 ki\u1ec7n t\u1ee7 b\u1ebfp.<\/p><hr class=\"wp-block-separator has-alpha-channel-opacity\"\/><p>V\u00e0o \u0111\u1ea7u n\u0103m 2023, anh th\u00e0nh l\u1eadp C\u00f4ng ty <strong><mark style=\"background-color:rgba(0, 0, 0, 0)\" class=\"has-inline-color has-pale-pink-color\">TNHH N\u00f4\u0323i Th\u00e2\u0301t Nha\u0300 B\u00ea\u0301p TNT<\/mark> <\/strong>, c\u00f3 tr\u1ee5 s\u1edf t\u1ea1i 36 L\u00ea H\u1eefu Tr\u00e1c, H\u00e0 \u0110\u00f4ng, H\u00e0 N\u1ed9i. Anh c\u0169ng t\u1eebng l\u00e0 ch\u1ee7 t\u1ecbch xu\u1ea5t s\u1eafc c\u1ee7a Chapter Giant BNI HN06, m\u1ed9t t\u1ed5 ch\u1ee9c kinh doanh v\u00e0 m\u1ea1ng l\u01b0\u1edbi giao ti\u1ebfp kinh doanh, do Gi\u00e1m \u0110\u1ed1c Ph\u1ea1m Th\u00e0nh Long d\u1eabn d\u1eaft. Anh \u0111\u00e3 h\u1ecdc c\u00e1ch ph\u00e1t tri\u1ec3n b\u1ea3n th\u00e2n t\u1eeb c\u00e1c di\u1ec5n gi\u1ea3 n\u1ed5i ti\u1ebfng nh\u01b0 Blair Singer, Ph\u1ea1m Th\u00e0nh Long, Ph\u1ea1m Ng\u1ecdc Anh, Ng\u00e1t Pro, Nguy\u1ec5n Tr\u1ecdng Th\u01a1, Cao B\u00e1 V\u01b0\u01a1ng, Ho\u00e0ng \u0110\u00ecnh Tr\u1ecdng, Ph\u1ea1m Tu\u1ea5n S\u01a1n, Ho\u00e0ng B\u00e0 T\u1ea7u, v\u00e0 nhi\u1ec1u di\u1ec5n gi\u1ea3 kh\u00e1c.<\/p><hr class=\"wp-block-separator has-alpha-channel-opacity\"\/><p>\u01af\u1edbc m\u01a1 l\u1edbn nh\u1ea5t c\u1ee7a anh l\u00e0 mang l\u1ea1i nhi\u1ec1u gi\u00e1 tr\u1ecb t\u1ed1t nh\u1ea5t cho kh\u00e1ch h\u00e0ng, v\u1edbi kh\u1ea9u hi\u1ec7u:<br>H\u00e0i l\u00f2ng c\u1ee7a b\u1ea1n l\u00e0 S\u1ee9 m\u1ec7nh c\u1ee7a t\u00f4i.<\/p><hr class=\"wp-block-separator has-alpha-channel-opacity\"\/><figure class=\"wp-block-image size-large\"><img fetchpriority=\"high\" decoding=\"async\" width=\"1024\" height=\"683\" src=\"https:\/\/tannoithat.com\/wp-content\/uploads\/2024\/01\/Thiet-ke-chua-co-ten-2-1024x683.png\" alt=\"\" class=\"wp-image-850\" srcset=\"https:\/\/tannoithat.com\/wp-content\/uploads\/2024\/01\/Thiet-ke-chua-co-ten-2-1024x683.png 1024w, https:\/\/tannoithat.com\/wp-content\/uploads\/2024\/01\/Thiet-ke-chua-co-ten-2-300x200.png 300w, https:\/\/tannoithat.com\/wp-content\/uploads\/2024\/01\/Thiet-ke-chua-co-ten-2-768x512.png 768w, https:\/\/tannoithat.com\/wp-content\/uploads\/2024\/01\/Thiet-ke-chua-co-ten-2-1536x1024.png 1536w, https:\/\/tannoithat.com\/wp-content\/uploads\/2024\/01\/Thiet-ke-chua-co-ten-2-2048x1365.png 2048w, https:\/\/tannoithat.com\/wp-content\/uploads\/2024\/01\/Thiet-ke-chua-co-ten-2-600x400.png 600w\" sizes=\"(max-width: 1024px) 100vw, 1024px\" \/><\/figure>","protected":false},"excerpt":{"rendered":"<p>Nguy\u1ec5n V\u0103n T\u1ea5n , qu\u00ea qu\u00e1n T\u1ed5 6 An B\u00e0i, Qu\u1ef3nh Ph\u1ee5, Th\u00e1i B\u00ecnh, t\u1ed1t nghi\u1ec7p \u0110\u1ea1i h\u1ecdc S\u01b0 Ph\u1ea1m Nam \u0110\u1ecbnh. Anh c\u00f3 17 n\u0103m kinh nghi\u1ec7m trong l\u0129nh v\u1ef1c thi\u1ebft b\u1ecb nh\u00e0 b\u1ebfp v\u00e0 ph\u1ee5 ki\u1ec7n t\u1ee7 b\u1ebfp, c\u00f9ng v\u1edbi 10 n\u0103m kinh nghi\u1ec7m trong ng\u00e0nh n\u1ed9i th\u1ea5t, \u0111\u1eb7c bi\u1ec7t l\u00e0 n\u1ed9i th\u1ea5t [&hellip;]<\/p>\n","protected":false},"author":1,"featured_media":0,"parent":0,"menu_order":0,"comment_status":"open","ping_status":"closed","template":"","meta":{"_eb_attr":"","footnotes":""},"_links":{"self":[{"href":"https:\/\/tannoithat.com\/index.php\/wp-json\/wp\/v2\/pages\/12"}],"collection":[{"href":"https:\/\/tannoithat.com\/index.php\/wp-json\/wp\/v2\/pages"}],"about":[{"href":"https:\/\/tannoithat.com\/index.php\/wp-json\/wp\/v2\/types\/page"}],"author":[{"embeddable":true,"href":"https:\/\/tannoithat.com\/index.php\/wp-json\/wp\/v2\/users\/1"}],"replies":[{"embeddable":true,"href":"https:\/\/tannoithat.com\/index.php\/wp-json\/wp\/v2\/comments?post=12"}],"version-history":[{"count":7,"href":"https:\/\/tannoithat.com\/index.php\/wp-json\/wp\/v2\/pages\/12\/revisions"}],"predecessor-version":[{"id":903,"href":"https:\/\/tannoithat.com\/index.php\/wp-json\/wp\/v2\/pages\/12\/revisions\/903"}],"wp:attachment":[{"href":"https:\/\/tannoithat.com\/index.php\/wp-json\/wp\/v2\/media?parent=12"}],"curies":[{"name":"wp","href":"https:\/\/api.w.org\/{rel}","templated":true}]}}