{"id":1001,"date":"2024-03-13T09:52:46","date_gmt":"2024-03-13T02:52:46","guid":{"rendered":"https:\/\/tannoithat.com\/?post_type=product&#038;p=1001"},"modified":"2024-03-13T09:52:46","modified_gmt":"2024-03-13T02:52:46","slug":"vien-rua-finish-2024","status":"publish","type":"product","link":"https:\/\/tannoithat.com\/index.php\/product\/vien-rua-finish-2024\/","title":{"rendered":"Vi\u00ean R\u01b0\u0309a Finish 2024"},"content":{"rendered":"\n\n<div class=\"kk-star-ratings kksr-auto kksr-align-left kksr-valign-top\"\n    data-payload='{&quot;align&quot;:&quot;left&quot;,&quot;id&quot;:&quot;1001&quot;,&quot;slug&quot;:&quot;default&quot;,&quot;valign&quot;:&quot;top&quot;,&quot;ignore&quot;:&quot;&quot;,&quot;reference&quot;:&quot;auto&quot;,&quot;class&quot;:&quot;&quot;,&quot;count&quot;:&quot;1&quot;,&quot;legendonly&quot;:&quot;&quot;,&quot;readonly&quot;:&quot;&quot;,&quot;score&quot;:&quot;5&quot;,&quot;starsonly&quot;:&quot;&quot;,&quot;best&quot;:&quot;5&quot;,&quot;gap&quot;:&quot;5&quot;,&quot;greet&quot;:&quot;Rate this product&quot;,&quot;legend&quot;:&quot;5\\\/5 - (1 b\u00ecnh ch\u1ecdn)&quot;,&quot;size&quot;:&quot;24&quot;,&quot;title&quot;:&quot;Vi\u00ean R\u01b0\u0309a Finish 2024&quot;,&quot;width&quot;:&quot;142.5&quot;,&quot;_legend&quot;:&quot;{score}\\\/{best} - ({count} {votes})&quot;,&quot;font_factor&quot;:&quot;1.25&quot;}'>\n            \n<div class=\"kksr-stars\">\n    \n<div class=\"kksr-stars-inactive\">\n            <div class=\"kksr-star\" data-star=\"1\" style=\"padding-right: 5px\">\n            \n\n<div class=\"kksr-icon\" style=\"width: 24px; height: 24px;\"><\/div>\n        <\/div>\n            <div class=\"kksr-star\" data-star=\"2\" style=\"padding-right: 5px\">\n            \n\n<div class=\"kksr-icon\" style=\"width: 24px; height: 24px;\"><\/div>\n        <\/div>\n            <div class=\"kksr-star\" data-star=\"3\" style=\"padding-right: 5px\">\n            \n\n<div class=\"kksr-icon\" style=\"width: 24px; height: 24px;\"><\/div>\n        <\/div>\n            <div class=\"kksr-star\" data-star=\"4\" style=\"padding-right: 5px\">\n            \n\n<div class=\"kksr-icon\" style=\"width: 24px; height: 24px;\"><\/div>\n        <\/div>\n            <div class=\"kksr-star\" data-star=\"5\" style=\"padding-right: 5px\">\n            \n\n<div class=\"kksr-icon\" style=\"width: 24px; height: 24px;\"><\/div>\n        <\/div>\n    <\/div>\n    \n<div class=\"kksr-stars-active\" style=\"width: 142.5px;\">\n            <div class=\"kksr-star\" style=\"padding-right: 5px\">\n            \n\n<div class=\"kksr-icon\" style=\"width: 24px; height: 24px;\"><\/div>\n        <\/div>\n            <div class=\"kksr-star\" style=\"padding-right: 5px\">\n            \n\n<div class=\"kksr-icon\" style=\"width: 24px; height: 24px;\"><\/div>\n        <\/div>\n            <div class=\"kksr-star\" style=\"padding-right: 5px\">\n            \n\n<div class=\"kksr-icon\" style=\"width: 24px; height: 24px;\"><\/div>\n        <\/div>\n            <div class=\"kksr-star\" style=\"padding-right: 5px\">\n            \n\n<div class=\"kksr-icon\" style=\"width: 24px; height: 24px;\"><\/div>\n        <\/div>\n            <div class=\"kksr-star\" style=\"padding-right: 5px\">\n            \n\n<div class=\"kksr-icon\" style=\"width: 24px; height: 24px;\"><\/div>\n        <\/div>\n    <\/div>\n<\/div>\n                \n\n<div class=\"kksr-legend\" style=\"font-size: 19.2px;\">\n            5\/5 - (1 b\u00ecnh ch\u1ecdn)    <\/div>\n    <\/div>\n<h1>Vi\u00ean R\u01b0\u0309a Finish 2024<\/h1>\n<h2><strong>1.\u00a0<a href=\"https:\/\/www.facebook.com\/noithatbeptnt\" target=\"_blank\" rel=\"noopener\">VI\u00caN R\u1eecA B\u00c1T<\/a>\u00a0FINISH CLASSIC 90 VI\u00caN H\u01af\u01a0NG CHANH:<\/strong><\/h2>\n<p><a href=\"https:\/\/tannoithat.com\/index.php\/shop\/\">Vi\u00ean r\u1eeda b\u00e1t Finish Classic 90 vi\u00ean h\u01b0\u01a1ng Chanh<\/a>\u00a0\u2013 Cho ch\u00e9n \u0111\u0129a lu\u00f4n lu\u00f4n s\u1ea1ch b\u00f3ng. V\u1edbi C\u00f4ng ngh\u1ec7 Enzyme \u0111\u1eb7c bi\u1ec7t gi\u00fap di\u1ec7t khu\u1ea9n, lo\u1ea1i b\u1ecf b\u1ee5i b\u1ea9n, d\u1ea7u m\u1ee1, v\u1ebft b\u1ea9n kh\u00f4 th\u1eadm ch\u00ed l\u00e0 v\u1ebft ch\u00e1y tr\u00ean xoong n\u1ed3i, ch\u00e9n \u0111\u0129a, c\u00e1c \u0111\u1ed3 s\u00e0nh s\u1ee9, th\u1ee7y tinh, inox v\u00e0 c\u00e1c d\u1ee5ng c\u1ee5 nh\u00e0 b\u1ebfp.<\/p>\n<p>Vi\u00ean r\u1eeda b\u00e1t Finish Classic 90 vi\u00ean h\u01b0\u01a1ng Chanh\u00a0v\u1edbi 2 ch\u1ee9c n\u0103ng chuy\u00ean bi\u1ec7t m\u00e0 b\u1ea1n c\u1ea7n ph\u1ea3i bi\u1ebft:<\/p>\n<ul>\n<li>Pre-Soaking Action: Ch\u1ee9c n\u0103ng ng\u00e2m, gi\u00fap b\u1ea1n kh\u00f4ng ph\u1ea3i tr\u00e1ng b\u00e1t \u0111\u0129a tr\u01b0\u1edbc khi \u0111\u01b0a v\u00e0o m\u00e1y<\/li>\n<li>Powerful Cleaning: L\u00e0m s\u1ea1ch hi\u1ec7u qu\u1ea3 s\u1ebd x\u1eed l\u00fd t\u1ea5t c\u1ea3 c\u00e1c v\u1ebft b\u1ea9n do c\u00e1c m\u00f3n \u0103n.<\/li>\n<\/ul>\n<div id=\"attachment_1004\" style=\"width: 569px\" class=\"wp-caption alignnone\"><img fetchpriority=\"high\" decoding=\"async\" aria-describedby=\"caption-attachment-1004\" class=\" wp-image-1004\" src=\"https:\/\/tannoithat.com\/wp-content\/uploads\/2024\/03\/79f06c7b-8274-44d5-9e03-c9d41abe8289.png\" alt=\"Vi\u00ean r\u01b0\u0309a finish\" width=\"559\" height=\"995\" srcset=\"https:\/\/tannoithat.com\/wp-content\/uploads\/2024\/03\/79f06c7b-8274-44d5-9e03-c9d41abe8289.png 1444w, https:\/\/tannoithat.com\/wp-content\/uploads\/2024\/03\/79f06c7b-8274-44d5-9e03-c9d41abe8289-169x300.png 169w, https:\/\/tannoithat.com\/wp-content\/uploads\/2024\/03\/79f06c7b-8274-44d5-9e03-c9d41abe8289-576x1024.png 576w, https:\/\/tannoithat.com\/wp-content\/uploads\/2024\/03\/79f06c7b-8274-44d5-9e03-c9d41abe8289-768x1366.png 768w, https:\/\/tannoithat.com\/wp-content\/uploads\/2024\/03\/79f06c7b-8274-44d5-9e03-c9d41abe8289-864x1536.png 864w, https:\/\/tannoithat.com\/wp-content\/uploads\/2024\/03\/79f06c7b-8274-44d5-9e03-c9d41abe8289-1152x2048.png 1152w, https:\/\/tannoithat.com\/wp-content\/uploads\/2024\/03\/79f06c7b-8274-44d5-9e03-c9d41abe8289-600x1067.png 600w\" sizes=\"(max-width: 559px) 100vw, 559px\" \/><p id=\"caption-attachment-1004\" class=\"wp-caption-text\">Vi\u00ean r\u01b0\u0309a finish<\/p><\/div>\n<h3><strong>2. T\u00cdNH N\u0102NG V\u01af\u1ee2T TR\u1ed8I C\u1ee6A\u00a0<a href=\"https:\/\/tannoithat.com\/index.php\/shop\/\">VI\u00caN R\u1eecA B\u00c1T<\/a>\u00a0FINISH CLASSIC 90 VI\u00caN H\u01af\u01a0NG CHANH:<\/strong><\/h3>\n<p><img decoding=\"async\" class=\"alignnone size-full wp-image-1002\" src=\"https:\/\/tannoithat.com\/wp-content\/uploads\/2024\/03\/so-sanh-cac-loai-vien-rua-bat-finish-1-1024x270_8e9cfa0c05ca48ada9860381d458fafd_grande.webp\" alt=\"\" width=\"600\" height=\"158\" srcset=\"https:\/\/tannoithat.com\/wp-content\/uploads\/2024\/03\/so-sanh-cac-loai-vien-rua-bat-finish-1-1024x270_8e9cfa0c05ca48ada9860381d458fafd_grande.webp 600w, https:\/\/tannoithat.com\/wp-content\/uploads\/2024\/03\/so-sanh-cac-loai-vien-rua-bat-finish-1-1024x270_8e9cfa0c05ca48ada9860381d458fafd_grande-300x79.webp 300w\" sizes=\"(max-width: 600px) 100vw, 600px\" \/><\/p>\n<p>S\u1eed d\u1ee5ng \u0111\u01b0\u1ee3c cho \u0111a d\u1ea1ng c\u00e1c d\u00f2ng m\u00e1y nh\u01b0 Electrolux, Candy, Galanz, Bosch, Panasonic, Beko, Gorenje, Siemens, Smeg, Gaggenau, Aeg, Haier, Samsung, Zanussi,\u2026<\/p>\n<h3><strong>3. C\u00c1CH S\u1eec D\u1ee4NG VI\u00caN R\u1eecA B\u00c1T FINISH CLASSIC\u00a0H\u01af\u01a0NG CHANH:\u00a0<\/strong><\/h3>\n<ul>\n<li>L\u1ea5y vi\u00ean r\u1eeda ch\u00e9n Finish Classic Dishwasher Tablets ra kh\u1ecfi bao b\u00ec v\u00e0 \u0111\u1eb7t v\u00e0o ng\u0103n ch\u1ee9a ch\u1ea5t t\u1ea9y r\u1eeda c\u1ee7a m\u00e1y r\u1eeda ch\u00e9n<\/li>\n<li>Th\u00eam Mu\u1ed1i r\u1eeda ch\u00e9n Finish v\u00e0 N\u01b0\u1edbc l\u00e0m b\u00f3ng, kh\u00f4 ch\u00e9n, \u0111\u0129a Finish sau \u0111\u00f3 \u0111\u00f3ng l\u1eafp v\u00e0 b\u1eaft \u0111\u1ea7u ch\u01b0\u01a1ng tr\u00ecnh r\u1eeda ch\u00e9n b\u00ecnh th\u01b0\u1eddng<\/li>\n<\/ul>\n<p><img decoding=\"async\" class=\"alignnone size-full wp-image-1003\" src=\"https:\/\/tannoithat.com\/wp-content\/uploads\/2024\/03\/268810ce4347b80faa4d12d72b797cc0.jpg\" alt=\"\" width=\"813\" height=\"372\" srcset=\"https:\/\/tannoithat.com\/wp-content\/uploads\/2024\/03\/268810ce4347b80faa4d12d72b797cc0.jpg 813w, https:\/\/tannoithat.com\/wp-content\/uploads\/2024\/03\/268810ce4347b80faa4d12d72b797cc0-300x137.jpg 300w, https:\/\/tannoithat.com\/wp-content\/uploads\/2024\/03\/268810ce4347b80faa4d12d72b797cc0-768x351.jpg 768w, https:\/\/tannoithat.com\/wp-content\/uploads\/2024\/03\/268810ce4347b80faa4d12d72b797cc0-600x275.jpg 600w\" sizes=\"(max-width: 813px) 100vw, 813px\" \/><\/p>\n<h3><strong>4. PH\u00d2NG NG\u1eeaA KHI S\u1eec D\u1ee4NG VI\u00caN R\u1eecA B\u00c1T FINISH CLASSIC 90 VI\u00caN\u00a0H\u01af\u01a0NG CHANH:\u00a0<\/strong><\/h3>\n<p>&#8211; Kh\u00f4ng \u0111\u1eb7t n\u00f3 trong t\u1ea7m tay c\u1ee7a tr\u1ebb em.<\/p>\n<p>&#8211; \u0110\u00e2y kh\u00f4ng ph\u1ea3i l\u00e0 th\u1ef1c ph\u1ea9m. \u0110\u1eebng nu\u1ed1t ho\u1eb7c nu\u1ed1t.<\/p>\n<p>&#8211; Tr\u00e1nh \u0111\u1ec3 v\u00e0o m\u1eaft ho\u1eb7c tr\u00ean da. Kh\u00f4ng x\u1eed l\u00fd s\u1ea3n ph\u1ea9m b\u1eb1ng tay \u01b0\u1edbt.<\/p>\n<p>&#8211; R\u1eeda tay k\u1ef9 b\u1eb1ng n\u01b0\u1edbc sau khi s\u1eed d\u1ee5ng.<\/p>\n<p>&#8211; N\u1ebfu b\u1ea1n th\u00f4, s\u1eed d\u1ee5ng g\u0103ng tay n\u1ea5u \u0103n.<\/p>\n<p>&#8211; Kh\u00f4ng s\u1eed d\u1ee5ng cho b\u1ea5t k\u1ef3 m\u1ee5c \u0111\u00edch n\u00e0o.<\/p>\n<p>&#8211; Lu\u00f4n \u0111\u00f3ng n\u1eafp sau khi s\u1eed d\u1ee5ng v\u00e0 b\u1ea3o qu\u1ea3n tr\u00e1nh xa s\u1ee9c n\u00f3ng, \u0111\u1ed9 \u1ea9m v\u00e0 \u00e1nh s\u00e1ng m\u1eb7t tr\u1eddi tr\u1ef1c ti\u1ebfp.<\/p>\n","protected":false},"excerpt":{"rendered":"<p>Vi\u00ean R\u01b0\u0309a Finish 2024<\/p>\n<p>&nbsp;<\/p>\n<h2><strong>M\u00f4 t\u1ea3 s\u1ea3n ph\u1ea9m<\/strong><\/h2>\n<p>Th\u01b0\u01a1ng hi\u1ec7u: Finish<\/p>\n<p>Xu\u1ea5t x\u1ee9: EU<\/p>\n<p>HSD: 3 n\u0103m<\/p>\n<p>S\u1ed1 l\u01b0\u1ee3ng: 90 vi\u00ean\/h\u1ed9p<\/p>\n<p>Ph\u00e2n lo\u1ea1i: Vi\u00ean r\u1eeda b\u00e1t classic &#8211; 2 ch\u1ee9c n\u0103ng<\/p>\n<p>M\u00f9i h\u01b0\u01a1ng: H\u01b0\u01a1ng chanh<\/p>\n","protected":false},"featured_media":1004,"comment_status":"open","ping_status":"closed","template":"","meta":{"_eb_attr":""},"product_cat":[252,297],"product_tag":[300,301],"_links":{"self":[{"href":"https:\/\/tannoithat.com\/index.php\/wp-json\/wp\/v2\/product\/1001"}],"collection":[{"href":"https:\/\/tannoithat.com\/index.php\/wp-json\/wp\/v2\/product"}],"about":[{"href":"https:\/\/tannoithat.com\/index.php\/wp-json\/wp\/v2\/types\/product"}],"replies":[{"embeddable":true,"href":"https:\/\/tannoithat.com\/index.php\/wp-json\/wp\/v2\/comments?post=1001"}],"wp:featuredmedia":[{"embeddable":true,"href":"https:\/\/tannoithat.com\/index.php\/wp-json\/wp\/v2\/media\/1004"}],"wp:attachment":[{"href":"https:\/\/tannoithat.com\/index.php\/wp-json\/wp\/v2\/media?parent=1001"}],"wp:term":[{"taxonomy":"product_cat","embeddable":true,"href":"https:\/\/tannoithat.com\/index.php\/wp-json\/wp\/v2\/product_cat?post=1001"},{"taxonomy":"product_tag","embeddable":true,"href":"https:\/\/tannoithat.com\/index.php\/wp-json\/wp\/v2\/product_tag?post=1001"}],"curies":[{"name":"wp","href":"https:\/\/api.w.org\/{rel}","templated":true}]}}