{"id":1014,"date":"2024-03-16T08:37:17","date_gmt":"2024-03-16T01:37:17","guid":{"rendered":"https:\/\/tannoithat.com\/?post_type=product&#038;p=1014"},"modified":"2024-03-16T09:40:28","modified_gmt":"2024-03-16T02:40:28","slug":"gia-bat-nang-ha-dien-inox-sus304","status":"publish","type":"product","link":"https:\/\/tannoithat.com\/index.php\/product\/gia-bat-nang-ha-dien-inox-sus304\/","title":{"rendered":"GI\u00c1 B\u00c1T N\u00c2NG H\u1ea0 \u0110I\u1ec6N INOX SUS304"},"content":{"rendered":"\n\n<div class=\"kk-star-ratings kksr-auto kksr-align-left kksr-valign-top\"\n    data-payload='{&quot;align&quot;:&quot;left&quot;,&quot;id&quot;:&quot;1014&quot;,&quot;slug&quot;:&quot;default&quot;,&quot;valign&quot;:&quot;top&quot;,&quot;ignore&quot;:&quot;&quot;,&quot;reference&quot;:&quot;auto&quot;,&quot;class&quot;:&quot;&quot;,&quot;count&quot;:&quot;1&quot;,&quot;legendonly&quot;:&quot;&quot;,&quot;readonly&quot;:&quot;&quot;,&quot;score&quot;:&quot;5&quot;,&quot;starsonly&quot;:&quot;&quot;,&quot;best&quot;:&quot;5&quot;,&quot;gap&quot;:&quot;5&quot;,&quot;greet&quot;:&quot;Rate this product&quot;,&quot;legend&quot;:&quot;5\\\/5 - (1 b\u00ecnh ch\u1ecdn)&quot;,&quot;size&quot;:&quot;24&quot;,&quot;title&quot;:&quot;GI\u00c1 B\u00c1T N\u00c2NG H\u1ea0 \u0110I\u1ec6N INOX SUS304&quot;,&quot;width&quot;:&quot;142.5&quot;,&quot;_legend&quot;:&quot;{score}\\\/{best} - ({count} {votes})&quot;,&quot;font_factor&quot;:&quot;1.25&quot;}'>\n            \n<div class=\"kksr-stars\">\n    \n<div class=\"kksr-stars-inactive\">\n            <div class=\"kksr-star\" data-star=\"1\" style=\"padding-right: 5px\">\n            \n\n<div class=\"kksr-icon\" style=\"width: 24px; height: 24px;\"><\/div>\n        <\/div>\n            <div class=\"kksr-star\" data-star=\"2\" style=\"padding-right: 5px\">\n            \n\n<div class=\"kksr-icon\" style=\"width: 24px; height: 24px;\"><\/div>\n        <\/div>\n            <div class=\"kksr-star\" data-star=\"3\" style=\"padding-right: 5px\">\n            \n\n<div class=\"kksr-icon\" style=\"width: 24px; height: 24px;\"><\/div>\n        <\/div>\n            <div class=\"kksr-star\" data-star=\"4\" style=\"padding-right: 5px\">\n            \n\n<div class=\"kksr-icon\" style=\"width: 24px; height: 24px;\"><\/div>\n        <\/div>\n            <div class=\"kksr-star\" data-star=\"5\" style=\"padding-right: 5px\">\n            \n\n<div class=\"kksr-icon\" style=\"width: 24px; height: 24px;\"><\/div>\n        <\/div>\n    <\/div>\n    \n<div class=\"kksr-stars-active\" style=\"width: 142.5px;\">\n            <div class=\"kksr-star\" style=\"padding-right: 5px\">\n            \n\n<div class=\"kksr-icon\" style=\"width: 24px; height: 24px;\"><\/div>\n        <\/div>\n            <div class=\"kksr-star\" style=\"padding-right: 5px\">\n            \n\n<div class=\"kksr-icon\" style=\"width: 24px; height: 24px;\"><\/div>\n        <\/div>\n            <div class=\"kksr-star\" style=\"padding-right: 5px\">\n            \n\n<div class=\"kksr-icon\" style=\"width: 24px; height: 24px;\"><\/div>\n        <\/div>\n            <div class=\"kksr-star\" style=\"padding-right: 5px\">\n            \n\n<div class=\"kksr-icon\" style=\"width: 24px; height: 24px;\"><\/div>\n        <\/div>\n            <div class=\"kksr-star\" style=\"padding-right: 5px\">\n            \n\n<div class=\"kksr-icon\" style=\"width: 24px; height: 24px;\"><\/div>\n        <\/div>\n    <\/div>\n<\/div>\n                \n\n<div class=\"kksr-legend\" style=\"font-size: 19.2px;\">\n            5\/5 - (1 b\u00ecnh ch\u1ecdn)    <\/div>\n    <\/div>\n<h2><strong>GI\u00c1 B\u00c1T N\u00c2NG H\u1ea0 C\u1ea2M \u1ee8NG CH\u1ea0M<\/strong><\/h2>\n<p>Gi\u00e1 b\u00e1t n\u00e2ng h\u1ea1 \u0111i\u1ec7n t\u1ee7 tr\u00ean, mang \u0111\u1ebfn thi\u1ebft k\u1ebf di \u0111\u1ed9ng v\u1edbi v\u1ebb ngo\u00e0i sang tr\u1ecdng, ph\u00f9 h\u1ee3p v\u1edbi nhi\u1ec1u kh\u00f4ng gian b\u1ebfp. V\u1edbi 2 t\u1ea7ng th\u00f4ng tho\u00e1ng r\u1ed9ng r\u00e3i v\u00e0 ti\u1ec7n d\u1ee5ng, gi\u00fap b\u1ea1n d\u1ec5 d\u00e0ng \u00fap b\u00e1t m\u1ed9t c\u00e1ch tho\u1ea3i m\u00e1i t\u0103ng t\u00ednh th\u1ea9m m\u1ef9 cho ng\u00f4i nh\u00e0.<\/p>\n<div dir=\"ltr\">\u00a0 \u00a0 \u00a0 \u00a0Gi\u00e1 b\u00e1t n\u00e2ng h\u1ea1 \u0111i\u1ec7n c\u1ea3m \u1ee9ng ch\u1ea1m c\u1ee7a th\u01b0\u01a1ng hi\u1ec7u\u00a0<a href=\"https:\/\/www.facebook.com\/noithatbeptnt\" target=\"_blank\" rel=\"noopener\"><strong>GR\u00d6B<\/strong>\u00a0<\/a>l\u00e0 m\u1ed9t c\u1ea3i ti\u1ebfn m\u1edbi th\u1ec3 hi\u1ec7n s\u1ef1 kh\u00e1c bi\u1ec7t, \u0111\u1ed9c \u0111\u00e1o c\u1ee7a s\u1ea3n ph\u1ea9m.<\/div>\n<div dir=\"ltr\">\u2714\ufe0f<strong>T\u00ednh n\u0103ng n\u1ed5i b\u1eadt c\u1ee7a gi\u00e1 b\u00e1t n\u00e2ng h\u1ea1 \u0111i\u1ec7n c\u1ea3m \u1ee9ng ch\u1ea1m<\/strong><\/div>\n<ul>\n<li dir=\"ltr\" aria-level=\"1\">\n<div dir=\"ltr\" role=\"presentation\">Th\u01b0\u01a1ng hi\u1ec7u\u00a0<a href=\"https:\/\/tannoithat.com\/index.php\/shop\/\"><strong>GR\u00d6B<\/strong>\u00a0<\/a>nh\u1eadp kh\u1ea9u theo d\u00e2y chuy\u1ec1n c\u00f4ng ngh\u1ec7 \u0110\u1ee9c ch\u1ea5t l\u01b0\u1ee3ng cao.<\/div>\n<\/li>\n<li dir=\"ltr\" aria-level=\"1\">\n<div dir=\"ltr\" role=\"presentation\">\u0110\u01b0\u1ee3c l\u00e0m b\u1eb1ng inox SUS304- ch\u1ea5t li\u1ec7u cao c\u1ea5p mang l\u1ea1i \u0111\u1ed9 b\u1ec1n v\u00e0 kh\u1ea3 n\u0103ng ch\u1ed1ng g\u1ec9 s\u00e9t.<\/div>\n<\/li>\n<li dir=\"ltr\" aria-level=\"1\">\n<div dir=\"ltr\" role=\"presentation\">Thi\u1ebft k\u1ebf nan h\u00ecnh qu\u1ea3 tr\u00e1m- nan Oval m\u1edbi m\u1ebb r\u1ea5t \u0111\u01b0\u1ee3c \u01b0a chu\u1ed9ng, mang l\u1ea1i c\u1ea3m gi\u00e1c sang tr\u1ecdng cho kh\u00f4ng gian b\u1ebfp.<\/div>\n<\/li>\n<li dir=\"ltr\" aria-level=\"1\">\n<div dir=\"ltr\" role=\"presentation\">C\u00f3 nhi\u1ec1u lo\u1ea1i k\u00edch th\u01b0\u1edbc \u0111\u01b0\u1ee3c thi\u1ebft k\u1ebf theo ti\u00eau chu\u1ea9n ch\u00e2u \u00c2u. Ch\u1ee7 y\u1ebfu c\u00e1c k\u00edch th\u01b0\u1edbc \u0111\u01b0\u1ee3c d\u00f9ng hi\u1ec7n nay 600mm, 700mm, 800mm v\u00e0 900mm.<\/div>\n<\/li>\n<li dir=\"ltr\" aria-level=\"1\">\n<div dir=\"ltr\" role=\"presentation\">\u0110\u01b0\u1ee3c thi\u1ebft k\u1ebf 2 t\u1ea7ng\u00a0 th\u00f4ng tho\u00e1ng, ti\u1ec7n d\u1ee5ng .<\/div>\n<\/li>\n<\/ul>\n<div dir=\"ltr\">+ T\u1ea7ng tr\u00ean \u0111\u01b0\u1ee3c thi\u1ebft k\u1ebf \u00fap b\u00e1t, b\u00e1t \u0111\u01b0\u1ee3c x\u1ebfp th\u1eb3ng \u0111\u1ee9ng song song n\u00ean kh\u00f4ng x\u1ea3y ra x\u00f4 x\u00e1t v\u00e0o nhau. Ngo\u00e0i ra c\u00f2n c\u00f3 gi\u1ecf \u0111\u1ef1ng \u0111\u0169a l\u00e0m b\u1eb1ng nh\u1ef1a ABS 3 ng\u0103n ti\u1ec7n l\u1ee3i thi\u1ebft k\u1ebf song song v\u1edbi chi\u1ec1u \u00fap b\u00e1t gi\u00fap ng\u01b0\u1eddi n\u1ed9i tr\u1ee3 d\u1ec5 d\u00e0ng h\u01a1n.<\/div>\n<div dir=\"ltr\">+ T\u1ea7ng d\u01b0\u1edbi thi\u1ebft k\u1ebf \u0111\u1ef1ng \u0111\u0129a, b\u00e1t t\u00f4 kh\u00f4ng va ch\u1ea1m v\u00e0o nhau r\u1ea5t ti\u1ec7n l\u1ee3i khi s\u1eed d\u1ee5ng.<\/div>\n<ul>\n<li dir=\"ltr\" aria-level=\"1\">\n<div dir=\"ltr\" role=\"presentation\">Khay h\u1ee9ng n\u01b0\u1edbc \u0111\u01b0\u1ee3c l\u00e0m b\u1eb1ng nh\u1ef1a ABS \u2013 nh\u1ef1a r\u1ea5t an to\u00e0n \u0111\u01b0\u1ee3c s\u1eed d\u1ee5ng r\u1ed9ng r\u00e3i hi\u1ec7n nay, khay h\u1ee9ng n\u01b0\u1edbc r\u1ea5t d\u1ec5 th\u00e1o l\u1eafp v\u1ec7 sinh m\u1ed9t c\u00e1ch d\u1ec5 d\u00e0ng .<\/div>\n<\/li>\n<\/ul>\n<div id=\"attachment_1015\" style=\"width: 810px\" class=\"wp-caption alignnone\"><img fetchpriority=\"high\" decoding=\"async\" aria-describedby=\"caption-attachment-1015\" class=\"size-full wp-image-1015\" src=\"https:\/\/tannoithat.com\/wp-content\/uploads\/2024\/03\/gp1-70bd.webp\" alt=\"GI\u00c1 B\u00c1T N\u00c2NG H\u1ea0 \u0110I\u1ec6N INOX SUS304\" width=\"800\" height=\"800\" srcset=\"https:\/\/tannoithat.com\/wp-content\/uploads\/2024\/03\/gp1-70bd.webp 800w, https:\/\/tannoithat.com\/wp-content\/uploads\/2024\/03\/gp1-70bd-300x300.webp 300w, https:\/\/tannoithat.com\/wp-content\/uploads\/2024\/03\/gp1-70bd-150x150.webp 150w, https:\/\/tannoithat.com\/wp-content\/uploads\/2024\/03\/gp1-70bd-768x768.webp 768w, https:\/\/tannoithat.com\/wp-content\/uploads\/2024\/03\/gp1-70bd-600x600.webp 600w, https:\/\/tannoithat.com\/wp-content\/uploads\/2024\/03\/gp1-70bd-100x100.webp 100w\" sizes=\"(max-width: 800px) 100vw, 800px\" \/><p id=\"caption-attachment-1015\" class=\"wp-caption-text\">GI\u00c1 B\u00c1T N\u00c2NG H\u1ea0 \u0110I\u1ec6N INOX SUS304<\/p><\/div>\n<div dir=\"ltr\">*<strong>\u00a02 n\u00fat tr\u1ee3 l\u1ef1c h\u1ed7 tr\u1ee3 l\u00ean \u0111\u1ebfn 12kg khi n\u00e2ng h\u1ea1<\/strong><\/div>\n<ul>\n<li dir=\"ltr\" aria-level=\"1\">\n<div dir=\"ltr\" role=\"presentation\">N\u00fat tr\u1ee3 l\u1ef1c l\u00e0 t\u00ednh n\u0103ng \u0111\u1eb7c bi\u1ec7t kh\u00f4ng th\u1ec3 thi\u1ebfu c\u1ee7a gi\u00e1 b\u00e1t n\u00e2ng h\u1ea1. N\u00fat tr\u1ee3 l\u1ef1c h\u1ed7 tr\u1ee3 cho vi\u1ec7c n\u00e2ng h\u1ea1 gi\u00e1 b\u00e1t khi s\u1eed d\u1ee5ng d\u1ec5 d\u00e0ng h\u01a1n r\u1ea5t nhi\u1ec1u<\/div>\n<\/li>\n<li dir=\"ltr\" aria-level=\"1\">\n<div dir=\"ltr\" role=\"presentation\">N\u00fat tr\u1ee3 l\u1ef1c b\u1ebfn tr\u00e1i h\u1ed7 tr\u1ee3 1~5 kg tr\u1ecdng l\u01b0\u1ee3ng b\u00e1t \u0111\u0129a khi n\u00e2ng l\u00ean<\/div>\n<\/li>\n<li dir=\"ltr\" aria-level=\"1\">\n<div dir=\"ltr\" role=\"presentation\">N\u00fat tr\u1ee3 l\u1ef1c b\u00ean ph\u1ea3i h\u1ed7 tr\u1ee3 4 ~7 kg tr\u1ecdng l\u01b0\u1ee3ng b\u00e1t \u0111\u0129a khi n\u00e2ng l\u00ean<\/div>\n<\/li>\n<li dir=\"ltr\" aria-level=\"1\">\n<div dir=\"ltr\" role=\"presentation\">C\u1ea3 hai n\u00fat \u0111\u1ed3ng th\u1eddi h\u1ed7 tr\u1ee3 8~12 kg tr\u1ecdng l\u01b0\u1ee3ng b\u00e1t \u0111\u0129a n\u00e2ng l\u00ean Nh\u1eefng l\u1ee3i \u00edch m\u00e0 gi\u00e1 b\u00e1t di \u0111\u1ed9ng \u0111em l\u1ea1i<\/div>\n<\/li>\n<\/ul>\n<div dir=\"ltr\">\u00a0 \u00a0 \u00a0 \u00a0 \u00a0Hi\u1ec7n nay, ch\u1ea5t li\u1ec7u inox SUS304 \u0111\u01b0\u1ee3c xem l\u00e0 lo\u1ea1i ch\u1ea5t li\u1ec7u t\u1ed1t nh\u1ea5t tr\u00ean th\u1ecb tr\u01b0\u1eddng v\u1edbi \u0111\u1ed9 b\u1ec1n cao. S\u1ea3n ph\u1ea9m ph\u1ee5 ki\u1ec7n gi\u00e1 b\u00e1t \u0111\u0129a n\u00e2ng h\u1ea1 \u0111i\u1ec7n inox sus304 l\u00e0m t\u1eeb ch\u1ea5t li\u1ec7u n\u00e0y h\u1ee9a h\u1eb9n s\u1ebd l\u00e0 s\u1ea3n ph\u1ea9m \u0111\u01b0\u1ee3c kh\u00e1ch h\u00e0ng \u01b0a chu\u1ed9ng nh\u1ea5t v\u1edbi nh\u1eefng l\u1ee3i \u00edch tuy\u1ec7t v\u1eddi m\u00e0 s\u1ea3n ph\u1ea9m \u0111em l\u1ea1i, \u0111\u00f3 l\u00e0:<\/div>\n<div dir=\"ltr\">+ Quy tr\u00ecnh l\u1eafp \u0111\u1eb7t d\u1ec5 d\u00e0ng, ti\u1ec7n l\u1ee3i<\/div>\n<div dir=\"ltr\">+ N\u00e2ng cao tu\u1ed5i th\u1ecd c\u1ee7a ph\u1ee5 ki\u1ec7n gi\u00e1 b\u00e1t \u0111\u0129a n\u00e2ng h\u1ea1 \u0111i\u1ec7n\u00a0nh\u1edd s\u1eed d\u1ee5ng ho\u00e0n to\u00e0n ch\u1ea5t li\u1ec7u inox cao c\u1ea5p.<\/div>\n<div dir=\"ltr\">+\u00a0Nh\u1edd t\u00edch h\u1ee3p nhi\u1ec1u t\u00ednh n\u0103ng nh\u01b0 c\u1ea3m \u1ee9ng ch\u1ea1m, n\u00fat tr\u1ee3 l\u1ef1c&#8230;th\u00edch h\u1ee3p cho m\u1ecdi \u0111\u1ed1i t\u01b0\u1ee3ng s\u1eed d\u1ee5ng nh\u1ea5t l\u00e0 nh\u1eefng gia \u0111\u00ecnh c\u00f3 ng\u01b0\u1eddi gi\u00e0, ng\u01b0\u1eddi c\u00f3 chi\u1ec1u cao khi\u00eam t\u1ed1n.<\/div>\n<div dir=\"ltr\">+ \u0110em l\u1ea1i kh\u00f4ng gian tho\u00e1ng m\u00e1t, t\u1ea1o c\u1ea3m gi\u00e1c tho\u1ea3i m\u00e1i sang tr\u1ecdng v\u00e0 \u0111\u1ea7y th\u1ea9m m\u1ef9 h\u01a1n cho ng\u01b0\u1eddi s\u1eed d\u1ee5ng<\/div>\n<div dir=\"ltr\"><strong>Nh\u1eefng l\u01b0u \u00fd c\u1ea7n thi\u1ebft khi l\u1eafp \u0111\u1eb7t v\u00e0 s\u1eed d\u1ee5ng s\u1ea3n ph\u1ea9m<\/strong><\/div>\n<div dir=\"ltr\" role=\"presentation\">\u00a0 \u00a0 \u00a0 + V\u1ecb tr\u00ed l\u1eafp \u0111\u1eb7t: N\u00ean \u0111\u1eb7t ngay ph\u00eda tr\u00ean ch\u1eadu r\u1eeda \u0111\u1ec3 thu\u1eadn ti\u1ec7n cho vi\u1ec7c \u00fap b\u00e1t khi r\u1eeda b\u00e1t xong<\/div>\n<div dir=\"ltr\" role=\"presentation\">\u00a0 \u00a0 \u00a0+ Khoang t\u1ee7 l\u1eafp \u0111\u1eb7t \u0111\u01b0\u1ee3c t\u00ednh b\u1eb1ng \u0111\u1ed9 r\u1ed9ng c\u1ee7a khoang t\u1ee7 ch\u1ee7 y\u1ebfu khoang t\u1ee7 s\u1eed d\u1ee5ng hi\u1ec7n nay l\u00e0 564, 664, 764 v\u00e0 864 t\u01b0\u01a1ng \u1ee9ng v\u1edbi c\u00e1c khoang t\u1ee7 600, 700, 800 v\u00e0 900<\/div>\n<ul>\n<li dir=\"ltr\" aria-level=\"1\">\n<div dir=\"ltr\" role=\"presentation\">V\u1ec7 sinh v\u00e0 c\u00e1ch b\u1ea3o qu\u1ea3n:<\/div>\n<\/li>\n<li dir=\"ltr\" aria-level=\"1\">\n<div dir=\"ltr\" role=\"presentation\">Tr\u00e1nh ti\u1ebfp x\u00fac v\u1edbi axit v\u00e0 mu\u1ed1i \u0103n m\u00f2n m\u1ea1nh t\u1ed5n h\u1ea1n \u0111\u1ebfn tu\u1ed5i th\u1ecd c\u1ee7a inox<\/div>\n<\/li>\n<li dir=\"ltr\" aria-level=\"1\">\n<div dir=\"ltr\" role=\"presentation\">V\u1ec7 sinh inox b\u1eb1ng dung d\u1ecbch v\u1ec7 sinh chuy\u00ean d\u1ee5ng \u0111\u1ec3 s\u1ea3n ph\u1ea9m lu\u00f4n \u0111\u01b0\u1ee3c s\u00e1ng b\u00f3ng, b\u1ec1n \u0111\u1eb9p t\u0103ng tu\u1ed5i th\u1ecd s\u1eed d\u1ee5ng<\/div>\n<\/li>\n<li dir=\"ltr\" aria-level=\"1\">\n<div dir=\"ltr\" role=\"presentation\">N\u00ean \u0111\u1ec3 b\u00e1t \u0111\u0129a v\u1edbi tr\u1ecdng l\u01b0\u1ee3ng ph\u00f9 h\u1ee3p v\u1edbi gi\u00e1 b\u00e1t nh\u01b0 khuy\u1ebfn c\u00e1o c\u1ee7a nh\u00e0 s\u1ea3n xu\u1ea5t (c\u1ee5 th\u1ec3 l\u00e0 12kg)<\/div>\n<\/li>\n<\/ul>\n<div dir=\"ltr\" role=\"presentation\"><strong>C\u00e1c th\u00f4ng s\u1ed1 c\u1ee7a gi\u00e1 b\u00e1t n\u00e2ng h\u1ea1 c\u1ea3m \u1ee9ng ch\u1ea1m\u00a0<\/strong><\/div>\n<ul dir=\"ltr\">\n<li role=\"presentation\">T\u00f9y v\u00e0o nhu c\u1ea7u s\u1eed d\u1ee5ng v\u00e0 k\u00edch th\u01b0\u1edbc c\u1ee7a t\u1eebng c\u0103n b\u1ebfp s\u1ebd c\u00f3 nhi\u1ec1u k\u00edch th\u01b0\u1edbc ph\u1ee5 ki\u1ec7n gi\u00e1 b\u00e1t \u0111\u0129a n\u00e2ng h\u1ea1 2 t\u1ea7ng inox sus304 kh\u00e1c nhau<\/li>\n<\/ul>\n<p>M\u1ecdi th\u00f4ng tin v\u1ec1 s\u1ea3n ph\u1ea9m \u0111\u01b0\u1ee3c th\u1ec3 hi\u1ec7n r\u00f5 qua b\u1ea3ng sau:<\/p>\n<p><img decoding=\"async\" src=\"https:\/\/lh6.googleusercontent.com\/76jtOqIwoeG-uDCDhaQpccCpoOP-N7Q8gWs3W2XHOfJ-FMJTZlB8WaAwbmB7bktJN0EWG_IQ8cc4PdRKiK8jx8BEKtm50AthqcuU5R2fGDb4F_6EURyoKXcfaCScWYpE4rfrZWhCKkL1VoZ9RI3Mzbw\" \/><\/p>\n<h2><strong>TH\u00d4NG S\u00d4\u0301 KY\u0303 THU\u00c2\u0323T:<\/strong><\/h2>\n<table border=\"1\" cellspacing=\"1\" cellpadding=\"1\">\n<tbody>\n<tr>\n<td><strong>M\u00c3 H\u00c0NG<\/strong><\/td>\n<td><strong>GP1- 70BD, GP1- 80BD, GP1- 90BD<\/strong><\/td>\n<\/tr>\n<tr>\n<td><strong>Model<\/strong><\/td>\n<td>Gi\u00e1 b\u00e1t n\u00e2ng h\u1ea1 c\u1ea3m \u1ee9ng ch\u1ea1m<\/td>\n<\/tr>\n<tr>\n<td><strong>Ti\u1ec7n \u00edch<\/strong><\/td>\n<td>+ \u00dap b\u00e1t v\u00e0 l\u1ea5y b\u00e1t d\u1ec5 d\u00e0ng<\/p>\n<p>+ M\u00e0u s\u1eafc hi\u1ec7n \u0111\u1ea1i<\/p>\n<p>+ Gi\u00fap ng\u01b0\u1eddi gi\u00e0 v\u00e0 tr\u1ebb em s\u1eed d\u1ee5ng d\u1ec5 d\u00e0ng<\/td>\n<\/tr>\n<tr>\n<td><strong>Ch\u1ea5t li\u1ec7u<\/strong><\/td>\n<td>Inox sus304<\/td>\n<\/tr>\n<tr>\n<td><strong>M\u00e0u s\u1eafc<\/strong><\/td>\n<td>\u0110en<\/td>\n<\/tr>\n<tr>\n<td><strong>K\u00edch th\u01b0\u1edbc<\/strong><\/td>\n<td>+ GP1- 70BD: 665*300*\u2265650<\/p>\n<p>+ GP1- 80BD: 765*300*\u2265650<\/p>\n<p>+ GP1- 90BD: 865*300*\u2265650<\/td>\n<\/tr>\n<tr>\n<td><strong>B\u1ea3o h\u00e0nh s\u1ea3n ph\u1ea9m<\/strong><\/td>\n<td>24 th\u00e1ng<\/td>\n<\/tr>\n<tr>\n<td><strong>Nh\u1eadp kh\u1ea9u<\/strong><\/td>\n<td>GROB VI\u1ec6T NAM<\/td>\n<\/tr>\n<tr>\n<td><strong>Th\u01b0\u01a1ng Hi\u1ec7u<\/strong><\/td>\n<td>GROB<\/td>\n<\/tr>\n<\/tbody>\n<\/table>\n","protected":false},"excerpt":{"rendered":"<h1 class=\"title-product\">GI\u00c1 B\u00c1T N\u00c2NG H\u1ea0 \u0110I\u1ec6N INOX SUS304<\/h1>\n<div class=\"title\">M\u00d4 T\u1ea2 S\u1ea2N PH\u1ea8M<\/div>\n<div class=\"rte\">\n<p>TH\u00d4NG TIN S\u1ea2N PH\u1ea8M<\/p>\n<p>&#8211; Model: Gi\u00e1\u00a0b\u00e1t n\u00e2ng h\u1ea1 c\u1ea3m \u1ee9ng ch\u1ea1m<\/p>\n<p>&#8211; Ch\u1ea5t li\u1ec7u: INOX SUS304<\/p>\n<p>&#8211; M\u00e0u s\u1eafc: \u0110en<\/p>\n<p>&#8211; B\u1ea3o h\u00e0nh s\u1ea3n ph\u1ea9m 24 th\u00e1ng, inox Sus304 b\u1ea3o h\u00e0nh hoen g\u1ec9 v\u0129nh vi\u1ec5n<\/p>\n<\/div>\n","protected":false},"featured_media":1015,"comment_status":"open","ping_status":"closed","template":"","meta":{"_eb_attr":""},"product_cat":[251,308],"product_tag":[309],"_links":{"self":[{"href":"https:\/\/tannoithat.com\/index.php\/wp-json\/wp\/v2\/product\/1014"}],"collection":[{"href":"https:\/\/tannoithat.com\/index.php\/wp-json\/wp\/v2\/product"}],"about":[{"href":"https:\/\/tannoithat.com\/index.php\/wp-json\/wp\/v2\/types\/product"}],"replies":[{"embeddable":true,"href":"https:\/\/tannoithat.com\/index.php\/wp-json\/wp\/v2\/comments?post=1014"}],"wp:featuredmedia":[{"embeddable":true,"href":"https:\/\/tannoithat.com\/index.php\/wp-json\/wp\/v2\/media\/1015"}],"wp:attachment":[{"href":"https:\/\/tannoithat.com\/index.php\/wp-json\/wp\/v2\/media?parent=1014"}],"wp:term":[{"taxonomy":"product_cat","embeddable":true,"href":"https:\/\/tannoithat.com\/index.php\/wp-json\/wp\/v2\/product_cat?post=1014"},{"taxonomy":"product_tag","embeddable":true,"href":"https:\/\/tannoithat.com\/index.php\/wp-json\/wp\/v2\/product_tag?post=1014"}],"curies":[{"name":"wp","href":"https:\/\/api.w.org\/{rel}","templated":true}]}}