{"id":1241,"date":"2024-05-17T14:54:35","date_gmt":"2024-05-17T07:54:35","guid":{"rendered":"https:\/\/tannoithat.com\/?post_type=product&#038;p=1241"},"modified":"2024-05-17T15:02:35","modified_gmt":"2024-05-17T08:02:35","slug":"bep-tu-bosch-hmh-pid675dc1e","status":"publish","type":"product","link":"https:\/\/tannoithat.com\/index.php\/product\/bep-tu-bosch-hmh-pid675dc1e\/","title":{"rendered":"B\u1ebfp t\u1eeb Bosch HMH.PID675DC1E"},"content":{"rendered":"\n\n<div class=\"kk-star-ratings kksr-auto kksr-align-left kksr-valign-top\"\n    data-payload='{&quot;align&quot;:&quot;left&quot;,&quot;id&quot;:&quot;1241&quot;,&quot;slug&quot;:&quot;default&quot;,&quot;valign&quot;:&quot;top&quot;,&quot;ignore&quot;:&quot;&quot;,&quot;reference&quot;:&quot;auto&quot;,&quot;class&quot;:&quot;&quot;,&quot;count&quot;:&quot;1&quot;,&quot;legendonly&quot;:&quot;&quot;,&quot;readonly&quot;:&quot;&quot;,&quot;score&quot;:&quot;5&quot;,&quot;starsonly&quot;:&quot;&quot;,&quot;best&quot;:&quot;5&quot;,&quot;gap&quot;:&quot;5&quot;,&quot;greet&quot;:&quot;Rate this product&quot;,&quot;legend&quot;:&quot;5\\\/5 - (1 b\u00ecnh ch\u1ecdn)&quot;,&quot;size&quot;:&quot;24&quot;,&quot;title&quot;:&quot;B\u1ebfp t\u1eeb Bosch HMH.PID675DC1E&quot;,&quot;width&quot;:&quot;142.5&quot;,&quot;_legend&quot;:&quot;{score}\\\/{best} - ({count} {votes})&quot;,&quot;font_factor&quot;:&quot;1.25&quot;}'>\n            \n<div class=\"kksr-stars\">\n    \n<div class=\"kksr-stars-inactive\">\n            <div class=\"kksr-star\" data-star=\"1\" style=\"padding-right: 5px\">\n            \n\n<div class=\"kksr-icon\" style=\"width: 24px; height: 24px;\"><\/div>\n        <\/div>\n            <div class=\"kksr-star\" data-star=\"2\" style=\"padding-right: 5px\">\n            \n\n<div class=\"kksr-icon\" style=\"width: 24px; height: 24px;\"><\/div>\n        <\/div>\n            <div class=\"kksr-star\" data-star=\"3\" style=\"padding-right: 5px\">\n            \n\n<div class=\"kksr-icon\" style=\"width: 24px; height: 24px;\"><\/div>\n        <\/div>\n            <div class=\"kksr-star\" data-star=\"4\" style=\"padding-right: 5px\">\n            \n\n<div class=\"kksr-icon\" style=\"width: 24px; height: 24px;\"><\/div>\n        <\/div>\n            <div class=\"kksr-star\" data-star=\"5\" style=\"padding-right: 5px\">\n            \n\n<div class=\"kksr-icon\" style=\"width: 24px; height: 24px;\"><\/div>\n        <\/div>\n    <\/div>\n    \n<div class=\"kksr-stars-active\" style=\"width: 142.5px;\">\n            <div class=\"kksr-star\" style=\"padding-right: 5px\">\n            \n\n<div class=\"kksr-icon\" style=\"width: 24px; height: 24px;\"><\/div>\n        <\/div>\n            <div class=\"kksr-star\" style=\"padding-right: 5px\">\n            \n\n<div class=\"kksr-icon\" style=\"width: 24px; height: 24px;\"><\/div>\n        <\/div>\n            <div class=\"kksr-star\" style=\"padding-right: 5px\">\n            \n\n<div class=\"kksr-icon\" style=\"width: 24px; height: 24px;\"><\/div>\n        <\/div>\n            <div class=\"kksr-star\" style=\"padding-right: 5px\">\n            \n\n<div class=\"kksr-icon\" style=\"width: 24px; height: 24px;\"><\/div>\n        <\/div>\n            <div class=\"kksr-star\" style=\"padding-right: 5px\">\n            \n\n<div class=\"kksr-icon\" style=\"width: 24px; height: 24px;\"><\/div>\n        <\/div>\n    <\/div>\n<\/div>\n                \n\n<div class=\"kksr-legend\" style=\"font-size: 19.2px;\">\n            5\/5 - (1 b\u00ecnh ch\u1ecdn)    <\/div>\n    <\/div>\n<h1><strong><a href=\"https:\/\/tannoithat.com\/index.php\/product\/may-rua-bat-eurosun-sms81eu19es\/\">B\u1ebfp t\u1eeb<\/a>\u00a0Bosch HMH.PID675DC1E<\/strong><\/h1>\n<p>l\u00e0 s\u1ea3n ph\u1ea9m mang phong c\u00e1ch thi\u1ebft k\u1ebf m\u00e0u \u0111en hi\u1ec7n \u0111\u1ea1i, \u0111\u01b0\u1ee3c s\u1ea3n xu\u1ea5t tr\u00ean n\u1ec1n t\u1ea3ng c\u00f4ng ngh\u1ec7 ti\u00ean ti\u1ebfn c\u1ee7a \u0110\u1ee9c. B\u1ebfp t\u1eeb Bosch c\u00f3 m\u00e0n h\u00ecnh hi\u1ec3n th\u1ecb LCD, n\u00fat \u0111i\u1ec1u khi\u1ec3n c\u1ea3m \u1ee9ng, ch\u1ebf \u0111\u1ed9 ng\u1eaft nhi\u1ec7t khi qu\u00e1 n\u00f3ng, m\u1eb7t b\u1ebfp \u0111\u01b0\u1ee3c l\u00e0m t\u1eeb ch\u1ea5t li\u1ec7u k\u00ednh ch\u1ecbu l\u1ef1c, ch\u1ecbu nhi\u1ec7t m\u00e0u \u0111en sang tr\u1ecdng.<\/p>\n<div id=\"attachment_1242\" style=\"width: 810px\" class=\"wp-caption alignleft\"><img fetchpriority=\"high\" decoding=\"async\" aria-describedby=\"caption-attachment-1242\" class=\"size-full wp-image-1242\" src=\"https:\/\/tannoithat.com\/wp-content\/uploads\/2024\/05\/Bep-tu-Bosch-PID675DC1E2.jpg\" alt=\"B\u1ebfp t\u1eeb Bosch HMH.PID675DC1E\" width=\"800\" height=\"800\" srcset=\"https:\/\/tannoithat.com\/wp-content\/uploads\/2024\/05\/Bep-tu-Bosch-PID675DC1E2.jpg 800w, https:\/\/tannoithat.com\/wp-content\/uploads\/2024\/05\/Bep-tu-Bosch-PID675DC1E2-300x300.jpg 300w, https:\/\/tannoithat.com\/wp-content\/uploads\/2024\/05\/Bep-tu-Bosch-PID675DC1E2-150x150.jpg 150w, https:\/\/tannoithat.com\/wp-content\/uploads\/2024\/05\/Bep-tu-Bosch-PID675DC1E2-768x768.jpg 768w, https:\/\/tannoithat.com\/wp-content\/uploads\/2024\/05\/Bep-tu-Bosch-PID675DC1E2-600x600.jpg 600w, https:\/\/tannoithat.com\/wp-content\/uploads\/2024\/05\/Bep-tu-Bosch-PID675DC1E2-100x100.jpg 100w\" sizes=\"(max-width: 800px) 100vw, 800px\" \/><p id=\"caption-attachment-1242\" class=\"wp-caption-text\"><span style=\"font-size: 18pt; font-family: arial, helvetica, sans-serif;\">B\u1ebfp t\u1eeb Bosch HMH.PID675DC1E<strong>Th\u00f4ng s\u1ed1 n\u1ed5i tr\u1ed9i c\u1ee7a b\u1ebfp t\u1eeb Bosch HMH.PID675DC1E:<\/strong><\/span><br \/><span style=\"font-size: 18pt; font-family: arial, helvetica, sans-serif;\">\u00a0S\u1ed1 v\u00f9ng n\u1ea5u: 3<\/span><br \/><span style=\"font-size: 18pt; font-family: arial, helvetica, sans-serif;\">\u00a0B\u1ec1 m\u1eb7t: M\u1eb7t k\u00ednh \u0111\u1eb7c bi\u1ec7t m\u00e0u \u0111en, c\u01b0\u1eddng l\u1ef1c<\/span><br \/><span style=\"font-size: 18pt; font-family: arial, helvetica, sans-serif;\">\u00a017 m\u1ee9c nhi\u1ec7t cho m\u1ed7i v\u00f9ng n\u1ea5u<\/span><br \/><span style=\"font-size: 18pt; font-family: arial, helvetica, sans-serif;\">\u00a09 ch\u01b0\u01a1ng tr\u00ecnh n\u1ea5u \u0103n \u0111\u01b0\u1ee3c c\u00e0i \u0111\u1eb7t s\u1eb5n<\/span><br \/><span style=\"font-size: 18pt; font-family: arial, helvetica, sans-serif;\">\u00a04 m\u1ee9c h\u1ed7 tr\u1ee3 chi\u00ean, x\u00e0o, r\u00e1n<\/span><br \/><span style=\"font-size: 18pt; font-family: arial, helvetica, sans-serif;\">\u00a0C\u1ea3m bi\u1ebfn \u00e2m thanh, ch\u1ed1ng tr\u00e0n, ch\u1ed1ng ch\u00e1y<\/span><br \/><span style=\"font-size: 18pt; font-family: arial, helvetica, sans-serif;\">\u00a0Kh\u00f3a tr\u1ebb em an to\u00e0n &amp; H\u1ec7 th\u1ed1ng t\u1ef1 \u0111\u1ed9ng ng\u1eaft<\/span><br \/><span style=\"font-size: 18pt; font-family: arial, helvetica, sans-serif;\">\u00a0Tr\u00e1i: 2.2\/2.6\/3.3kW v\u1edbi m\u1ee9c \u0111i\u1ec7n \u00e1p 3.3\/3.4\/3.6\/4.6kW (\u00d8210\/260\/320mm)<\/span><br \/><span style=\"font-size: 18pt; font-family: arial, helvetica, sans-serif;\">\u00a0Ph\u1ea3i sau: 1.4kW v\u1edbi m\u1ee9c \u0111i\u1ec7n \u00e1p 1.8kW (\u00d8145mm)<\/span><br \/><span style=\"font-size: 18pt; font-family: arial, helvetica, sans-serif;\">\u00a0Ph\u1ea3i tr\u01b0\u1edbc: 1.8kW v\u1edbi m\u1ee9c \u0111i\u1ec7n \u00e1p 2.5kW (\u00d8180mm)<\/span><br \/><span style=\"font-size: 18pt; font-family: arial, helvetica, sans-serif;\">\u00a0K\u00edch th\u01b0\u1edbc : 51 x 606 x 527 mm<\/span><br \/><span style=\"font-size: 18pt; font-family: arial, helvetica, sans-serif;\">\u00a0Xu\u1ea5t x\u1ee9 t\u1eeb T\u00e2y Ban Nha<\/span><br \/><span style=\"font-size: 18pt; font-family: arial, helvetica, sans-serif;\"><strong>\u0110\u1eb6C \u0110I\u1ec2M N\u1ed4I B\u1eacT<\/strong><\/span><br \/><span style=\"font-size: 18pt; font-family: arial, helvetica, sans-serif;\">C\u00f4ng ngh\u1ec7 c\u1ea3m \u1ee9ng<\/span><br \/><span style=\"font-size: 18pt; font-family: arial, helvetica, sans-serif;\">C\u00f4ng ngh\u1ec7 c\u1ea3m \u1ee9ng c\u1ee7a B\u1ebfp t\u1eeb BOSCH PID675DC1E|Serie 8\u00a0\u0111\u01b0\u1ee3c c\u1ea3i ti\u1ebfn l\u00e0m cho vi\u1ec7c n\u1ea5u \u0103n tr\u1edf n\u00ean nhanh ch\u00f3ng, s\u1ea1ch s\u1ebd v\u00e0 an to\u00e0n. C\u00f4ng ngh\u1ec7 c\u1ea3m \u1ee9ng chuy\u1ec3n \u0111\u1ed5i d\u00f2ng \u0111i\u1ec7n th\u00f4ng th\u01b0\u1eddng sang d\u00f2ng \u0111i\u1ec7n Fuco t\u1eeb tr\u01b0\u1eddng \u0111\u1ec3 l\u00e0m n\u00f3ng \u0111\u00e1y n\u1ed3i. B\u1eb1ng c\u00e1ch s\u1eed d\u1ee5ng n\u0103ng l\u01b0\u1ee3ng \u0111i\u1ec7n thay v\u00ec c\u00e1c lo\u1ea1i kh\u00ed, b\u1ebfp s\u1ebd kh\u00f4ng ph\u00e1t kh\u00ed th\u1ea3i \u0111\u1ed9c h\u1ea1i trong qu\u00e1 tr\u00ecnh ho\u1ea1t \u0111\u1ed9ng, l\u00e0m cho nh\u00e0 b\u1ebfp c\u1ee7a b\u1ea1n trong l\u00e0nh v\u00e0 an to\u00e0n h\u01a1n.<\/span><br \/><span style=\"font-size: 18pt; font-family: arial, helvetica, sans-serif;\">Ch\u1ee9c n\u0103ng Sprint<\/span><br \/><span style=\"font-size: 18pt; font-family: arial, helvetica, sans-serif;\">Ch\u1ee9c n\u0103ng Sprint trong B\u1ebfp t\u1eeb BOSCH PID675DC1E|Serie 8 \u0111\u01b0\u1ee3c t\u00edch h\u1ee3p \u1edf c\u00e1c v\u00f9ng n\u1ea5u gi\u00fap gi\u1ea3m th\u1eddi gian l\u00e0m n\u00f3ng n\u01b0\u1edbc ho\u1eb7c c\u00e1c lo\u1ea1i ch\u1ea5t l\u1ecfng kh\u00e1c l\u00ean t\u1edbi 50%.<\/span><br \/><span style=\"font-size: 18pt; font-family: arial, helvetica, sans-serif;\">\u0110i\u1ec1u khi\u1ec3n DirectSelect<\/span><br \/><span style=\"font-size: 18pt; font-family: arial, helvetica, sans-serif;\">\u0110i\u1ec1u khi\u1ec3n DirectSelect trang b\u1ecb tr\u00ean B\u1ebfp t\u1eeb BOSCH PID675DC1E|Serie 8 gi\u00fap b\u1ea1n ch\u1ecdn m\u1ee9c n\u0103ng l\u01b0\u1ee3ng d\u1ec5 d\u00e0ng ch\u1ec9 b\u1eb1ng 1 l\u1ea7n ch\u1ea1m thay b\u1eb1ng vi\u1ec7c nh\u1ea5n t\u0103ng ho\u1eb7c gi\u1ea3m nhi\u1ec1u l\u1ea7n. D\u1ea3i nhi\u1ec7t \u0111\u01b0\u1ee3c m\u1edf r\u1ed9ng b\u1eb1ng c\u00e1c gi\u00e1 tr\u1ecb trung gian t\u1ea1o th\u00e0nh 17 m\u1ee9c nhi\u1ec7t.<\/span><br \/><span style=\"font-size: 18pt; font-family: arial, helvetica, sans-serif;\">M\u1eb7t k\u00ednh Schott Ceran<\/span><br \/><span style=\"font-size: 18pt; font-family: arial, helvetica, sans-serif;\"><a href=\"https:\/\/www.facebook.com\/nguyenvantandt789\" target=\"_blank\" rel=\"noopener\">B\u1ebfp t\u1eeb BOSCH<\/a>\u00a0PID675DC1E|Serie 8 \u0111\u01b0\u1ee3c thi\u1ebft k\u1ebf v\u1edbi m\u1eb7t k\u00ednh Schott Ceran cao c\u1ea5p d\u1ec5 d\u00e0ng lau ch\u00f9i v\u00e0 l\u00e0m s\u1ea1ch, ch\u1ecbu \u0111\u01b0\u1ee3c nh\u1eefng c\u00fa s\u1ed1c nhi\u1ec7t l\u00ean t\u1edbi 750 \u0111\u1ed9 C, kh\u00f4ng ch\u1ee9a kim lo\u1ea1i \u0111\u1ed9c h\u1ea1i nh\u01b0 Asen hay Antimon.<\/span><br \/><span style=\"font-size: 18pt; font-family: arial, helvetica, sans-serif;\">Ch\u1ee9c n\u0103ng TemperatureControl<\/span><br \/><span style=\"font-size: 18pt; font-family: arial, helvetica, sans-serif;\">Ch\u1ee9c n\u0103ng TemperatureControl \u0111\u01b0\u1ee3c trang b\u1ecb trong B\u1ebfp t\u1eeb BOSCH PID675DC1E|Serie 8 cho ki\u1ec3m so\u00e1t nhi\u1ec7t \u0111\u1ed9 d\u1ea7u \u0111a c\u1ea5p \u0111\u1ed9 gi\u00fap b\u1ea1n ch\u1ecdn \u0111\u01b0\u1ee3c m\u1ee9c \u0111\u1ed9 mong mu\u1ed1n v\u00e0 \u0111un n\u00f3ng ch\u1ea3o d\u1ea7u \u0111\u1ebfn nhi\u1ec7t \u0111\u1ed9 ho\u00e0n h\u1ea3o \u0111\u1ec3 ch\u1ebf bi\u1ebfn m\u00f3n \u0103n v\u1edbi b\u1ebfp t\u1eeb Bosch.<\/span><br \/><span style=\"font-size: 18pt; font-family: arial, helvetica, sans-serif;\">C\u1ea3nh b\u00e1o nhi\u1ec7t d\u01b0<\/span><br \/><span style=\"font-size: 18pt; font-family: arial, helvetica, sans-serif;\">\u0110\u1ec3 t\u0103ng t\u00ednh an to\u00e0n cho vi\u1ec7c s\u1eed d\u1ee5ng B\u1ebfp t\u1eeb BOSCH PID675DC1E|Serie 8 \u0111\u01b0\u1ee3c trang b\u1ecb ch\u1ec9 b\u00e1o nhi\u1ec7t d\u01b0 c\u00f3 2 giai \u0111o\u1ea1n, gi\u00fap c\u1ea3nh b\u00e1o cho b\u1ea1n tr\u1ea1ng th\u00e1i c\u1ee7a b\u1ebfp khi b\u1ebfp \u0111\u00e3 t\u1eaft nh\u01b0ng m\u1eb7t b\u1ebfp v\u1eabn n\u00f3ng. Tr\u1ea1ng th\u00e1i hi\u1ec7n t\u1ea1i c\u1ee7a c\u00e1c m\u1eb7t b\u1ebfp \u0111\u01b0\u1ee3c bi\u1ec3u th\u1ecb b\u1eb1ng c\u00e1c k\u00fd hi\u1ec7u \u0111\u01b0\u1ee3c \u0111\u00e1nh d\u1ea5u m\u00e0u \u0111\u1ecf: \u201cH\u201d l\u1edbn c\u00f3 ngh\u0129a l\u00e0 nhi\u1ec7t \u0111\u1ed9 v\u00f9ng n\u1ea5u v\u1eabn c\u00f2n tr\u00ean 60\u00b0C (h\u1eefu \u00edch \u0111\u1ec3 ti\u1ebfp t\u1ee5c n\u1ea5u th\u1ee9c \u0103n ho\u1eb7c gi\u1eef \u1ea5m) v\u00e0 \u201ch\u201d nh\u1ecf \u2013 nhi\u1ec7t \u0111\u1ed9 c\u1ee7a v\u00f9ng n\u1ea5u \u0111\u00e3 h\u1ea1 xu\u1ed1ng d\u01b0\u1edbi 60\u00b0C.<\/span><br \/><span style=\"font-size: 18pt; font-family: arial, helvetica, sans-serif;\">Kh\u00f3a tr\u1ebb em<\/span><br \/><span style=\"font-size: 18pt; font-family: arial, helvetica, sans-serif;\">Kh\u00f3a tr\u1ebb em \u0111\u01b0\u1ee3c trang b\u1ecb trong B\u1ebfp t\u1eeb BOSCH PID675DC1E|Serie 8\u00a0 \u0111\u01b0\u1ee3c k\u00edch ho\u1ea1t s\u1ebd v\u00f4 hi\u1ec7u h\u00f3a b\u1ea3ng \u0111i\u1ec1u khi\u1ec3n. \u0110i\u1ec1u n\u00e0y ng\u0103n kh\u00f4ng cho ch\u01b0\u01a1ng tr\u00ecnh b\u1ecb thay \u0111\u1ed5i t\u00ecnh c\u1edd khi thi\u1ebft b\u1ecb \u0111ang ho\u1ea1t \u0111\u1ed9ng, \u0111\u1ea3m b\u1ea3o an to\u00e0n, ng\u0103n ng\u1eeba th\u01b0\u01a1ng t\u00edch g\u00e2y ra b\u1edfi h\u01a1i n\u00f3ng, nh\u1ea5t l\u00e0 \u0111\u1ed1i v\u1edbi nh\u1eefng gia \u0111\u00ecnh c\u00f3 tr\u1ebb nh\u1ecf.<\/span><br \/><span style=\"font-size: 18pt; font-family: arial, helvetica, sans-serif;\">L\u1eadp tr\u00ecnh th\u1eddi gian n\u1ea5u \u0103n<\/span><br \/><span style=\"font-size: 18pt; font-family: arial, helvetica, sans-serif;\">V\u1edbi t\u00ednh n\u0103ng l\u1eadp tr\u00ecnh th\u1eddi gian n\u1ea5u \u0103n \u0111\u01b0\u1ee3c thi\u1ebft l\u1eadp v\u1edbi B\u1ebfp t\u1eeb BOSCH PID675DC1E|Serie 8, b\u1ea1n c\u00f3 th\u1ec3 l\u1eadp tr\u00ecnh th\u1eddi gian n\u1ea5u \u0103n cho t\u1eebng khu v\u1ef1c, k\u1ebft th\u00fac th\u1eddi gian n\u1ea5u \u0111\u00e3 \u0111\u01b0\u1ee3c c\u00e0i \u0111\u1eb7t, thi\u1ebft b\u1ecb s\u1ebd ph\u00e1t m\u1ed9t t\u00edn hi\u1ec7u b\u1eb1ng \u00e2m thanh \u0111\u1ec3 nh\u1eafc nh\u1edf b\u1ea1n.<\/span><br \/><span style=\"font-size: 18pt; font-family: arial, helvetica, sans-serif;\">Ch\u1ee9c n\u0103ng kh\u00f3a t\u1ea1m th\u1eddi<\/span><br \/><span style=\"font-size: 18pt; font-family: arial, helvetica, sans-serif;\">Ch\u1ee9c n\u0103ng kh\u00f3a t\u1ea1m th\u1eddi \u0111\u01b0\u1ee3c trang b\u1ecb trong B\u1ebfp t\u1eeb BOSCH PID675DC1E|Serie 8 d\u1ec5 d\u00e0ng cho b\u1ea1n trong vi\u1ec7c l\u00e0m s\u1ea1ch b\u1ec1 m\u1eb7t b\u1ea3ng \u0111i\u1ec1u khi\u1ec3n ngay c\u1ea3 trong khi \u0111ang \u0111un n\u1ea5u m\u00e0 kh\u00f4ng l\u00e0m thay \u0111\u1ed5i b\u1ea5t k\u1ef3 c\u00e0i \u0111\u1eb7t n\u00e0o. Ch\u1ee9c n\u0103ng n\u00e0y \u0111\u01b0\u1ee3c k\u00edch ho\u1ea1t, n\u00f3 s\u1ebd kh\u00f3a t\u1ea1m th\u1eddi b\u1ea3ng \u0111i\u1ec1u khi\u1ec3n trong 30 gi\u00e2y \u0111\u1ec3 tr\u00e1nh c\u00e1c thay \u0111\u1ed5i ng\u1eabu nhi\u00eau. B\u1eb1ng c\u00e1ch n\u00e0y, b\u1ea1n c\u00f3 th\u1ec3 lo\u1ea1i b\u1ecf c\u00e1c t\u1ea1p ch\u1ea5t v\u00e0 v\u1ec7 sinh b\u1ea3ng \u0111i\u1ec1u khi\u1ec3n m\u00e0 kh\u00f4ng c\u1ea7n thi\u1ebft l\u1eadp l\u1ea1i c\u00e1c th\u00f4ng s\u1ed1 c\u1ea7n thi\u1ebft.<\/span><br \/><span style=\"font-size: 18pt; font-family: arial, helvetica, sans-serif;\">Ch\u1ee9c n\u0103ng gi\u1eef \u1ea5m<\/span><br \/><span style=\"font-size: 18pt; font-family: arial, helvetica, sans-serif;\">B\u1ebfp t\u1eeb BOSCH PID675DC1E|Serie 8 \u0111\u01b0\u1ee3c trang b\u1ecb ch\u1ee9c n\u0103ng gi\u1eef \u1ea5m v\u1edbi t\u00e1c d\u1ee5ng ch\u00ednh l\u00e0 \u0111\u1ec3 gi\u1eef \u1ea5m th\u1ee9c \u0103n trong tr\u01b0\u1eddng h\u1ee3p b\u1ea1n \u0111\u00e3 ch\u1ebf bi\u1ebfn m\u00f3n \u0103n xong nh\u01b0ng ch\u01b0a mu\u1ed1n th\u01b0\u1edfng th\u1ee9c lu\u00f4n<\/span><br \/><span style=\"font-size: 18pt; font-family: arial, helvetica, sans-serif;\">Thi\u1ebft k\u1ebf<\/span><br \/><span style=\"font-size: 18pt; font-family: arial, helvetica, sans-serif;\">Thi\u1ebft k\u1ebf c\u1ee7a B\u1ebfp t\u1eeb BOSCH PID675DC1E|Serie 8 c\u00f3 thi\u1ebft k\u1ebf v\u00e1t c\u00e1c m\u1eb7t v\u00e0 bo c\u1ea1nh b\u00ean b\u1eb1ng th\u00e9p kh\u00f4ng g\u1ec9 \u0111em l\u1ea1i v\u1ebb \u0111\u1eb9p hi\u1ec7n \u0111\u1ea1i, trang nh\u00e3 cho b\u1ebfp.<\/span><\/p><\/div>\n<h3 class=\"h3-title-sb-ct\">Th\u00f4ng s\u1ed1 k\u1ef9 thu\u1eadt<\/h3>\n<div class=\"table-responsive\">\n<table border=\"1\" cellspacing=\"0\" cellpadding=\"0\" align=\"justify\">\n<tbody>\n<tr>\n<td>\u00a0M\u00e3 s\u1ea3n ph\u1ea9m<\/td>\n<td><strong>Bosch HMH.PID675DC1E<\/strong><\/td>\n<\/tr>\n<tr>\n<td>Ki\u1ec3u d\u00e1ng<\/td>\n<td>B\u1ebfp t\u1eeb l\u1eafp \u0111\u1eb7t \u00e2m<\/td>\n<\/tr>\n<tr>\n<td>Lo\u1ea1i s\u1ea3n ph\u1ea9m<\/td>\n<td>B\u1ebfp t\u1eeb Bosch<\/td>\n<\/tr>\n<tr>\n<td>S\u1ed1 b\u1ebfp n\u1ea5u<\/td>\n<td>03<\/td>\n<\/tr>\n<tr>\n<td>M\u1eb7t b\u1ebfp<\/td>\n<td>Schott Ceranz<\/td>\n<\/tr>\n<tr>\n<td>B\u1ea3ng \u0111i\u1ec1u khi\u1ec3n<\/td>\n<td>Touch control<\/td>\n<\/tr>\n<tr>\n<td>M\u1ee9c c\u00f4ng su\u1ea5t<\/td>\n<td>17 m\u1ee9c<\/td>\n<\/tr>\n<tr>\n<td>Ch\u1ee9c n\u0103ng Booster<\/td>\n<td>C\u00f3<\/td>\n<\/tr>\n<tr>\n<td>Ch\u1ebf \u0111\u1ed9 h\u1eb9n gi\u1edd<\/td>\n<td>C\u00f3<\/td>\n<\/tr>\n<tr>\n<td>Ch\u1ebf \u0111\u1ed9 b\u00e1o \u0111\u1ed9ng b\u1eb1ng \u00e2m thanh<\/td>\n<td>C\u00f3<\/td>\n<\/tr>\n<tr>\n<td>H\u1ec7 th\u1ed1ng kho\u00e1 an to\u00e0n<\/td>\n<td>C\u00f3<\/td>\n<\/tr>\n<tr>\n<td>Ch\u1ebf \u0111\u1ed9 c\u1ea3nh b\u1ea3o nhi\u1ec7t d\u01b0<\/td>\n<td>C\u00f3<\/td>\n<\/tr>\n<tr>\n<td>Ch\u1ea5t li\u1ec7u\/m\u00e0u s\u1eafc<\/td>\n<td>K\u00ednh \u0111en<\/td>\n<\/tr>\n<tr>\n<td>C\u00f4ng su\u1ea5t (kW)<\/td>\n<td>3.3kW+2.2kW+1.4kW<\/td>\n<\/tr>\n<tr>\n<td>Ngu\u1ed3n \u0111i\u1ec7n<\/td>\n<td>220V<\/td>\n<\/tr>\n<tr>\n<td>K\u00edch th\u01b0\u1edbc b\u1ec1 m\u1eb7t \u00a0(CxRxS)<\/td>\n<td>51x606x527mm<\/td>\n<\/tr>\n<tr>\n<td>K\u00edch th\u01b0\u1edbc kho\u00e9t \u0111\u00e1 (CxRxS)<\/td>\n<td>51\u00d7560\u00d7490-500mm<\/td>\n<\/tr>\n<\/tbody>\n<\/table>\n<\/div>\n","protected":false},"excerpt":{"rendered":"<p>Ki\u1ec3u d\u00e1ng: B\u1ebfp t\u1eeb l\u1eafp \u0111\u1eb7t \u00e2m<\/p>\n<p>Lo\u1ea1i s\u1ea3n ph\u1ea9m : B\u1ebfp t\u1eeb Bosch<\/p>\n<p>S\u1ed1 b\u1ebfp n\u1ea5u : 3<\/p>\n<p>M\u1eb7t b\u1ebfp : Schott Ceranz<\/p>\n<p>C\u00f4ng su\u1ea5t (kW): 3.3kW+2.2kW+1.4kW<\/p>\n<p>Ngu\u1ed3n \u0111i\u1ec7n :220V<\/p>\n<p>&nbsp;<\/p>\n","protected":false},"featured_media":1242,"comment_status":"open","ping_status":"closed","template":"","meta":{"_eb_attr":""},"product_cat":[249,124,86],"product_tag":[322],"_links":{"self":[{"href":"https:\/\/tannoithat.com\/index.php\/wp-json\/wp\/v2\/product\/1241"}],"collection":[{"href":"https:\/\/tannoithat.com\/index.php\/wp-json\/wp\/v2\/product"}],"about":[{"href":"https:\/\/tannoithat.com\/index.php\/wp-json\/wp\/v2\/types\/product"}],"replies":[{"embeddable":true,"href":"https:\/\/tannoithat.com\/index.php\/wp-json\/wp\/v2\/comments?post=1241"}],"wp:featuredmedia":[{"embeddable":true,"href":"https:\/\/tannoithat.com\/index.php\/wp-json\/wp\/v2\/media\/1242"}],"wp:attachment":[{"href":"https:\/\/tannoithat.com\/index.php\/wp-json\/wp\/v2\/media?parent=1241"}],"wp:term":[{"taxonomy":"product_cat","embeddable":true,"href":"https:\/\/tannoithat.com\/index.php\/wp-json\/wp\/v2\/product_cat?post=1241"},{"taxonomy":"product_tag","embeddable":true,"href":"https:\/\/tannoithat.com\/index.php\/wp-json\/wp\/v2\/product_tag?post=1241"}],"curies":[{"name":"wp","href":"https:\/\/api.w.org\/{rel}","templated":true}]}}