{"id":1244,"date":"2024-05-17T15:09:01","date_gmt":"2024-05-17T08:09:01","guid":{"rendered":"https:\/\/tannoithat.com\/?post_type=product&#038;p=1244"},"modified":"2024-05-17T15:09:01","modified_gmt":"2024-05-17T08:09:01","slug":"bep-tu-bosch-hmh-pid775dc1e","status":"publish","type":"product","link":"https:\/\/tannoithat.com\/index.php\/product\/bep-tu-bosch-hmh-pid775dc1e\/","title":{"rendered":"B\u1ebfp t\u1eeb Bosch HMH.PID775DC1E"},"content":{"rendered":"\n\n<div class=\"kk-star-ratings kksr-auto kksr-align-left kksr-valign-top\"\n    data-payload='{&quot;align&quot;:&quot;left&quot;,&quot;id&quot;:&quot;1244&quot;,&quot;slug&quot;:&quot;default&quot;,&quot;valign&quot;:&quot;top&quot;,&quot;ignore&quot;:&quot;&quot;,&quot;reference&quot;:&quot;auto&quot;,&quot;class&quot;:&quot;&quot;,&quot;count&quot;:&quot;0&quot;,&quot;legendonly&quot;:&quot;&quot;,&quot;readonly&quot;:&quot;&quot;,&quot;score&quot;:&quot;0&quot;,&quot;starsonly&quot;:&quot;&quot;,&quot;best&quot;:&quot;5&quot;,&quot;gap&quot;:&quot;5&quot;,&quot;greet&quot;:&quot;Rate this product&quot;,&quot;legend&quot;:&quot;0\\\/5 - (0 b\u00ecnh ch\u1ecdn)&quot;,&quot;size&quot;:&quot;24&quot;,&quot;title&quot;:&quot;B\u1ebfp t\u1eeb Bosch HMH.PID775DC1E&quot;,&quot;width&quot;:&quot;0&quot;,&quot;_legend&quot;:&quot;{score}\\\/{best} - ({count} {votes})&quot;,&quot;font_factor&quot;:&quot;1.25&quot;}'>\n            \n<div class=\"kksr-stars\">\n    \n<div class=\"kksr-stars-inactive\">\n            <div class=\"kksr-star\" data-star=\"1\" style=\"padding-right: 5px\">\n            \n\n<div class=\"kksr-icon\" style=\"width: 24px; height: 24px;\"><\/div>\n        <\/div>\n            <div class=\"kksr-star\" data-star=\"2\" style=\"padding-right: 5px\">\n            \n\n<div class=\"kksr-icon\" style=\"width: 24px; height: 24px;\"><\/div>\n        <\/div>\n            <div class=\"kksr-star\" data-star=\"3\" style=\"padding-right: 5px\">\n            \n\n<div class=\"kksr-icon\" style=\"width: 24px; height: 24px;\"><\/div>\n        <\/div>\n            <div class=\"kksr-star\" data-star=\"4\" style=\"padding-right: 5px\">\n            \n\n<div class=\"kksr-icon\" style=\"width: 24px; height: 24px;\"><\/div>\n        <\/div>\n            <div class=\"kksr-star\" data-star=\"5\" style=\"padding-right: 5px\">\n            \n\n<div class=\"kksr-icon\" style=\"width: 24px; height: 24px;\"><\/div>\n        <\/div>\n    <\/div>\n    \n<div class=\"kksr-stars-active\" style=\"width: 0px;\">\n            <div class=\"kksr-star\" style=\"padding-right: 5px\">\n            \n\n<div class=\"kksr-icon\" style=\"width: 24px; height: 24px;\"><\/div>\n        <\/div>\n            <div class=\"kksr-star\" style=\"padding-right: 5px\">\n            \n\n<div class=\"kksr-icon\" style=\"width: 24px; height: 24px;\"><\/div>\n        <\/div>\n            <div class=\"kksr-star\" style=\"padding-right: 5px\">\n            \n\n<div class=\"kksr-icon\" style=\"width: 24px; height: 24px;\"><\/div>\n        <\/div>\n            <div class=\"kksr-star\" style=\"padding-right: 5px\">\n            \n\n<div class=\"kksr-icon\" style=\"width: 24px; height: 24px;\"><\/div>\n        <\/div>\n            <div class=\"kksr-star\" style=\"padding-right: 5px\">\n            \n\n<div class=\"kksr-icon\" style=\"width: 24px; height: 24px;\"><\/div>\n        <\/div>\n    <\/div>\n<\/div>\n                \n\n<div class=\"kksr-legend\" style=\"font-size: 19.2px;\">\n            <span class=\"kksr-muted\">Rate this product<\/span>\n    <\/div>\n    <\/div>\n<h1><a href=\"https:\/\/tannoithat.com\/index.php\/product\/bep-tu-bosch-hmh-pid675dc1e\/?preview=true#comments\">B\u1ebfp t\u1eeb Bosch<\/a>\u00a0HMH.PID775DC1E<\/h1>\n<p>Nh\u1eadp kh\u1ea9u ch\u00ednh h\u00e3ng T\u00e2y Ban Nha l\u00e0 d\u00f2ng s\u1ea3n ph\u1ea9m thi\u1ebft k\u1ebf 3 v\u00f9ng n\u1ea5u linh ho\u1ea1t ti\u1ec7n d\u1ee5ng ph\u00f9 h\u1ee3p cho nh\u1eefng gia \u0111\u00ecnh t\u1eeb 4 &#8211; 6 ng\u01b0\u1eddi th\u01b0\u1eddng xuy\u00ean n\u1ea5u \u0103n. HMH.PID775DC1E l\u00e0 th\u00e0nh t\u1ef1u c\u1ee7a t\u1eadp \u0111o\u00e0n Bosch s\u1ed1 1 t\u1ea1i \u0110\u1ee9c.<\/p>\n<h3><strong>1, Bosch\u00a0HMH.PID775DC1E\u00a0\u0111\u01b0\u1ee3c thi\u1ebft k\u1ebf v\u1edbi nhi\u1ec1u \u0111\u1eb7c \u0111i\u1ec3m n\u1ed5i b\u1eadt<\/strong><\/h3>\n<p><strong>B\u1ebfp t\u1eeb<\/strong>\u00a0<strong>Bosch HMH.PID775DC1E\u00a0<\/strong>t\u1ea1o \u1ea5n t\u01b0\u1ee3ng v\u1edbi ki\u1ec3u d\u00e1ng b\u0103\u0301t m\u0103\u0301t, 4<strong>\u00a0v\u00f9ng n\u1ea5u t\u1eeb ph\u00e2n b\u1ed1 khoa h\u1ecdc<\/strong>, k\u00edch c\u1ee1 \u0111a d\u1ea1ng ph\u00f9 h\u1ee3p v\u1edbi nhi\u1ec1u k\u00edch th\u01b0\u1edbc n\u1ed3i. V\u00f9ng n\u1ea5u l\u1edbn ( 28 cm) \u0111\u01b0\u1ee3c ph\u00e2n b\u1ed1 \u1edf gi\u1eefa, \u0111\u1ea3m b\u1ea3o t\u00ednh ti\u1ec7n d\u1ee5ng trong n\u1ea5u \u0103n.<\/p>\n<div id=\"attachment_1245\" style=\"width: 510px\" class=\"wp-caption alignnone\"><img fetchpriority=\"high\" decoding=\"async\" aria-describedby=\"caption-attachment-1245\" class=\"size-full wp-image-1245\" src=\"https:\/\/tannoithat.com\/wp-content\/uploads\/2024\/05\/large_bep-tu-bosch-pid775dc1e.jpg\" alt=\"B\u1ebfp t\u1eeb Bosch HMH.PID775DC1E\" width=\"500\" height=\"500\" srcset=\"https:\/\/tannoithat.com\/wp-content\/uploads\/2024\/05\/large_bep-tu-bosch-pid775dc1e.jpg 500w, https:\/\/tannoithat.com\/wp-content\/uploads\/2024\/05\/large_bep-tu-bosch-pid775dc1e-300x300.jpg 300w, https:\/\/tannoithat.com\/wp-content\/uploads\/2024\/05\/large_bep-tu-bosch-pid775dc1e-150x150.jpg 150w, https:\/\/tannoithat.com\/wp-content\/uploads\/2024\/05\/large_bep-tu-bosch-pid775dc1e-100x100.jpg 100w\" sizes=\"(max-width: 500px) 100vw, 500px\" \/><p id=\"caption-attachment-1245\" class=\"wp-caption-text\">B\u1ebfp t\u1eeb Bosch HMH.PID775DC1E<\/p><\/div>\n<p>S\u1ed1 b\u1ebfp n\u1ea5u: 03 t\u1eeb<\/p>\n<p>M\u00e0u s\u1eafc: K\u00ednh \u0111en<\/p>\n<p>K\u00edch th\u01b0\u1edbc b\u1ec1 m\u1eb7t \u00a0(CxRxS)<\/p>\n<p>51 x 710 x 527 mm<\/p>\n<p>K\u00edch th\u01b0\u1edbc kho\u00e9t \u0111\u00e1 (CxRxS)<\/p>\n<p>51 x 560\u00a0x 490-500 mm<\/p>\n<p><strong>B\u1ebfp t\u1eeb Bosch HMH.PID775DC1E\u00a0<\/strong>\u0111\u01b0\u1ee3c trang b\u1ecb<strong>\u00a0<\/strong>b\u1ea3ng \u0111i\u1ec1u khi\u1ec3n\u00a0<strong>DirectSelect<\/strong>\u00a0hi\u1ec7n \u0111\u1ea1i, c\u00f3 th\u1ec3 d\u1ec5 d\u00e0ng ch\u1ecdn c\u00e1c v\u00f9ng n\u1ea5u ri\u00eang v\u1edbi c\u00e1c ch\u1ee9c n\u0103ng n\u1ea5u th\u00edch h\u1ee3p cho t\u1eebng m\u00f3n, r\u1ea5t ti\u1ec7n \u00edch khi \u0111un n\u1ea5u c\u00e1c m\u00f3n kh\u00e1c nhau.<\/p>\n<p>H\u1ec7 th\u1ed1ng c\u1ea3m \u1ee9ng nhanh nh\u1ea1y, thao t\u00e1c ch\u00ednh x\u00e1c ngay c\u1ea3 khi tay \u01b0\u1edbt, d\u1ec5 d\u00e0ng \u0111i\u1ec1u khi\u1ec3n b\u1ebfp ch\u1ec9 c\u1ea7n m\u1ed9t c\u00e1i ch\u1ea1m nh\u1eb9, linh ho\u1ea1t trong s\u1eed d\u1ee5ng.<\/p>\n<h3><strong>2, B\u1ebfp t\u1eeb Bosch s\u1edf h\u1eefu nh\u1eefng T\u00ednh n\u0103ng\u00a0 hi\u1ec7n \u0111\u1ea1i<\/strong><\/h3>\n<p>Thu\u1ed9c d\u00f2ng<strong>\u00a0<\/strong>b\u1ebfp t\u1eeb cao c\u1ea5p, linh ki\u1ec7n c\u1ea5u th\u00e0nh l\u00ean\u00a0<strong><a href=\"https:\/\/www.facebook.com\/nguyenvantandt789\" target=\"_blank\" rel=\"noopener\">B\u1ebfp t\u1eeb Bosch<\/a>\u00a0HMH.PID775DC1E<\/strong>\u00a0\u0111\u1ec1u l\u00e0 h\u00e0ng ch\u00ednh h\u00e3ng, \u0111\u1ea1t chu\u1ea9n v\u1ec1 ch\u1ea5t l\u01b0\u1ee3ng.<\/p>\n<p><img decoding=\"async\" class=\"alignnone size-full wp-image-1247\" src=\"https:\/\/tannoithat.com\/wp-content\/uploads\/2024\/05\/anh2-bep-tu-Bosch-PID651DC5E.jpg\" alt=\"\" width=\"600\" height=\"338\" srcset=\"https:\/\/tannoithat.com\/wp-content\/uploads\/2024\/05\/anh2-bep-tu-Bosch-PID651DC5E.jpg 600w, https:\/\/tannoithat.com\/wp-content\/uploads\/2024\/05\/anh2-bep-tu-Bosch-PID651DC5E-300x169.jpg 300w\" sizes=\"(max-width: 600px) 100vw, 600px\" \/><\/p>\n<ul>\n<li><em><strong>\u0110un n\u1ea5u nhanh, hi\u1ec7u su\u1ea5t l\u00e0m vi\u1ec7c cao:<\/strong><\/em><br \/>\nB\u1ebfp c\u00f3 c\u00f4ng su\u1ea5t n\u1ea5u l\u00ean \u0111\u1ebfn 6000 &#8211; 7500 W,\u00a0<strong>ch\u1ee9c n\u0103ng Sprint\u00a0<\/strong>gi\u1ea3m th\u1eddi gian l\u00e0m n\u00f3ng, n\u1ea5u n\u01b0\u1edbng nhanh g\u1ecdn v\u00e0 ti\u1ec7n d\u1ee5ng h\u01a1n.\u00a0<strong>B\u1ebfp t\u1eeb Bosch HMH.PID775DC1E<\/strong>\u00a0c\u00f3 kh\u1ea3 n\u0103ng nh\u1eadn di\u1ec7n \u0111\u00e1y n\u1ed3i, gi\u00fap l\u01b0\u1ee3ng nhi\u1ec7t t\u1eadp trung v\u00e0o v\u00f9ng n\u1ea5u, tr\u00e1nh th\u1ea5t tho\u00e1t nhi\u1ec7t ra m\u00f4i tr\u01b0\u1eddng ngo\u00e0i, t\u0103ng hi\u1ec7u su\u1ea5t n\u1ea5u n\u01b0\u1edbng v\u00e0 ti\u1ebft ki\u1ec7m \u0111i\u1ec7n n\u0103ng.<\/li>\n<li><em>\u0110i\u1ec1u khi\u1ec3n c\u1ea3m \u1ee9ng si\u00eau nh\u1ea1y, 17 m\u1ee9c c\u00f4ng su\u1ea5t n\u1ea5u ph\u00f9 h\u1ee3p v\u1edbi t\u1eebng ph\u01b0\u01a1ng th\u1ee9c ch\u1ebf bi\u1ebfn, \u0111\u1ea3m b\u1ea3o m\u00f3n n\u1ea5u lu\u00f4n th\u01a1m ngon.<\/em><\/li>\n<li><em>B\u00ean c\u1ea1nh \u0111\u00f3, s\u1ea3n ph\u1ea9m c\u00f2n \u0111\u01b0\u1ee3c trang b\u1ecb ch\u1ee9c n\u0103ng h\u1eb9n gi\u1edd hi\u1ec7n \u0111\u1ea1i, kh\u00f4ng c\u1ea7n \u0111\u1ee9ng b\u00ean b\u1ebfp qu\u00e1 l\u00e2u, ch\u1ec9 c\u1ea7n h\u1eb9n th\u1eddi gian th\u00edch h\u1ee3p cho t\u1eebng m\u00f3n n\u1ea5u, b\u1ebfp s\u1ebd ho\u1ea1t \u0111\u1ed9ng theo th\u1eddi gian \u0111\u00e3 h\u1eb9n, l\u00e0m ch\u00edn th\u1ef1c ph\u1ea9m v\u00e0 t\u1ef1 t\u1eaft khi qu\u00e1 tr\u00ecnh h\u1eb9n k\u1ebft th\u00fac, h\u1ed7 tr\u1ee3 t\u1ed1i \u0111a cho ng\u01b0\u1eddi n\u1ed9i tr\u1ee3.<\/em><\/li>\n<\/ul>\n<h3><strong>B\u00ea\u0301p t\u01b0\u0300 HMH.PID775DC1E v\u01a1\u0301i \u0111\u1ed9 b\u1ec1n cao<\/strong><\/h3>\n<p><a href=\"https:\/\/tannoithat.com\/index.php\/product\/bep-tu-bosch-hmh-pid675dc1e\/?preview=true#comments\"><strong>B\u1ebfp t\u1eeb<\/strong><\/a>\u00a0Bosch HMH.PID775DC1E s\u1eed d\u1ee5ng m\u1eb7t k\u00ednh<strong>\u00a0Schott Ceran<\/strong>\u00a0c\u1ee7a\u00a0<strong>\u0110\u1ee9c<\/strong>, c\u00f3 kh\u1ea3 n\u0103ng ch\u1ecbu nhi\u1ec7t, ch\u1ecbu s\u1ed1c nhi\u1ec7t l\u00ean \u0111\u1ebfn 800 \u0111\u1ed9c C v\u00e0 ch\u1ecbu l\u1ef1c t\u1ed1t, kh\u00f4ng tr\u1ea7y x\u01b0\u1edbc, d\u1ec5 d\u00e0ng v\u1ec7 sinh.<\/p>\n<ul>\n<li>Th\u00e2n b\u1ebfp \u0111\u01b0\u1ee3c l\u00e0m b\u1eb1ng ch\u1ea5t li\u1ec7u th\u00e9p kh\u00f4ng g\u1ec9, th\u00edch h\u1ee3p v\u1edbi \u0111i\u1ec1u ki\u1ec7n th\u1eddi ti\u1ebft n\u00f3ng \u1ea5m c\u1ee7a Vi\u1ec7t Nam.<\/li>\n<li>Qu\u1ea1t t\u1ea3n nhi\u1ec7t r\u1ed9ng cho hi\u1ec7u qu\u1ea3 l\u00e0m m\u00e1t linh ki\u1ec7n t\u1ed1t h\u01a1n, b\u1ed9 t\u1ea3n nhi\u1ec7t cao c\u1ea5p gi\u00fap b\u1ebfp ho\u1ea1t \u0111\u1ed9ng \u1ed5n \u0111\u1ecbnh, l\u00e2u b\u1ec1n.<\/li>\n<li><img decoding=\"async\" class=\"alignnone size-full wp-image-1248\" src=\"https:\/\/tannoithat.com\/wp-content\/uploads\/2024\/05\/MCSA00893236_527722_5_CMG633BS1_def6411.jpg\" alt=\"\" width=\"900\" height=\"900\" srcset=\"https:\/\/tannoithat.com\/wp-content\/uploads\/2024\/05\/MCSA00893236_527722_5_CMG633BS1_def6411.jpg 900w, https:\/\/tannoithat.com\/wp-content\/uploads\/2024\/05\/MCSA00893236_527722_5_CMG633BS1_def6411-300x300.jpg 300w, https:\/\/tannoithat.com\/wp-content\/uploads\/2024\/05\/MCSA00893236_527722_5_CMG633BS1_def6411-150x150.jpg 150w, https:\/\/tannoithat.com\/wp-content\/uploads\/2024\/05\/MCSA00893236_527722_5_CMG633BS1_def6411-768x768.jpg 768w, https:\/\/tannoithat.com\/wp-content\/uploads\/2024\/05\/MCSA00893236_527722_5_CMG633BS1_def6411-600x600.jpg 600w, https:\/\/tannoithat.com\/wp-content\/uploads\/2024\/05\/MCSA00893236_527722_5_CMG633BS1_def6411-100x100.jpg 100w\" sizes=\"(max-width: 900px) 100vw, 900px\" \/><\/li>\n<li>\n<h3 class=\"h3-title-sb-ct\">Th\u00f4ng s\u1ed1 k\u1ef9 thu\u1eadt<\/h3>\n<div class=\"table-responsive\">\n<div><\/div>\n<table border=\"1\" cellspacing=\"0\" cellpadding=\"0\">\n<tbody>\n<tr>\n<td>M\u00e3 s\u1ea3n ph\u1ea9m<\/td>\n<td><strong>Bosch HMH.PID775DC1E<\/strong><\/td>\n<\/tr>\n<tr>\n<td>Xu\u1ea5t x\u1ee9<\/td>\n<td>Bosch &#8211; Spain<\/td>\n<\/tr>\n<tr>\n<td>Lo\u1ea1i s\u1ea3n ph\u1ea9m<\/td>\n<td><strong><a href=\"https:\/\/tannoithat.com\/index.php\/product\/bep-tu-bosch-hmh-pid675dc1e\/?preview=true#comments\">B\u1ebfp t\u1eeb Bosch<\/a><\/strong><\/td>\n<\/tr>\n<tr>\n<td>S\u1ed1 b\u1ebfp n\u1ea5u<\/td>\n<td>03 t\u1eeb<\/td>\n<\/tr>\n<tr>\n<td>M\u1eb7t b\u1ebfp<\/td>\n<td>Schott Ceran<\/td>\n<\/tr>\n<tr>\n<td>B\u1ea3ng \u0111i\u1ec1u khi\u1ec3n<\/td>\n<td>Touch control<\/td>\n<\/tr>\n<tr>\n<td>M\u1ee9c c\u00f4ng su\u1ea5t<\/td>\n<td>17 m\u1ee9c<\/td>\n<\/tr>\n<tr>\n<td>Ch\u1ee9c n\u0103ng Booster<\/td>\n<td>C\u00f3<\/td>\n<\/tr>\n<tr>\n<td>Ch\u1ebf \u0111\u1ed9 h\u1eb9n gi\u1edd<\/td>\n<td>C\u00f3<\/td>\n<\/tr>\n<tr>\n<td>Ch\u1ebf \u0111\u1ed9 b\u00e1o \u0111\u1ed9ng b\u1eb1ng \u00e2m thanh<\/td>\n<td>C\u00f3<\/td>\n<\/tr>\n<tr>\n<td>H\u1ec7 th\u1ed1ng kho\u00e1 an to\u00e0n<\/td>\n<td>C\u00f3<\/td>\n<\/tr>\n<tr>\n<td>Ch\u1ebf \u0111\u1ed9 c\u1ea3nh b\u1ea3o nhi\u1ec7t d\u01b0<\/td>\n<td>C\u00f3<\/td>\n<\/tr>\n<tr>\n<td>Ch\u1ea5t li\u1ec7u\/m\u00e0u s\u1eafc<\/td>\n<td>K\u00ednh \u0111en<\/td>\n<\/tr>\n<tr>\n<td>C\u00f4ng su\u1ea5t (kW)<\/td>\n<td>2.2\/2.6\/3.3kW+1.4kW+1.8kW<\/td>\n<\/tr>\n<tr>\n<td>Ngu\u1ed3n \u0111i\u1ec7n<\/td>\n<td>220V<\/td>\n<\/tr>\n<tr>\n<td>K\u00edch th\u01b0\u1edbc b\u1ec1 m\u1eb7t \u00a0(CxRxS)<\/td>\n<td>51 x 710 x 527 mm<\/td>\n<\/tr>\n<tr>\n<td>K\u00edch th\u01b0\u1edbc kho\u00e9t \u0111\u00e1 (CxRxS)<\/td>\n<td>51 x 560\u00a0x 490-500 mm<\/td>\n<\/tr>\n<\/tbody>\n<\/table>\n<\/div>\n<\/li>\n<\/ul>\n","protected":false},"excerpt":{"rendered":"<p>M\u00e3 s\u1ea3n ph\u1ea9m: <strong>Bosch HMH.PID775DC1E<\/strong><\/p>\n<p>Xu\u1ea5t x\u1ee9 : Bosch &#8211; Spain<\/p>\n<p>S\u1ed1 b\u1ebfp n\u1ea5u : 03 t\u1eeb<\/p>\n<p>C\u00f4ng su\u1ea5t (kW): 2.2\/2.6\/3.3kW+1.4kW+1.8kW<\/p>\n<p>Ngu\u1ed3n \u0111i\u1ec7n: 220V<\/p>\n","protected":false},"featured_media":1245,"comment_status":"open","ping_status":"closed","template":"","meta":{"_eb_attr":""},"product_cat":[249,124,86],"product_tag":[323],"_links":{"self":[{"href":"https:\/\/tannoithat.com\/index.php\/wp-json\/wp\/v2\/product\/1244"}],"collection":[{"href":"https:\/\/tannoithat.com\/index.php\/wp-json\/wp\/v2\/product"}],"about":[{"href":"https:\/\/tannoithat.com\/index.php\/wp-json\/wp\/v2\/types\/product"}],"replies":[{"embeddable":true,"href":"https:\/\/tannoithat.com\/index.php\/wp-json\/wp\/v2\/comments?post=1244"}],"wp:featuredmedia":[{"embeddable":true,"href":"https:\/\/tannoithat.com\/index.php\/wp-json\/wp\/v2\/media\/1245"}],"wp:attachment":[{"href":"https:\/\/tannoithat.com\/index.php\/wp-json\/wp\/v2\/media?parent=1244"}],"wp:term":[{"taxonomy":"product_cat","embeddable":true,"href":"https:\/\/tannoithat.com\/index.php\/wp-json\/wp\/v2\/product_cat?post=1244"},{"taxonomy":"product_tag","embeddable":true,"href":"https:\/\/tannoithat.com\/index.php\/wp-json\/wp\/v2\/product_tag?post=1244"}],"curies":[{"name":"wp","href":"https:\/\/api.w.org\/{rel}","templated":true}]}}