{"id":312,"date":"2023-12-25T08:48:38","date_gmt":"2023-12-25T01:48:38","guid":{"rendered":"https:\/\/tannoithat.com\/?post_type=product&#038;p=312"},"modified":"2024-01-22T14:13:14","modified_gmt":"2024-01-22T07:13:14","slug":"may-hut-mui-canzy-cz-c516i-am-tu","status":"publish","type":"product","link":"https:\/\/tannoithat.com\/index.php\/product\/may-hut-mui-canzy-cz-c516i-am-tu\/","title":{"rendered":"M\u00e1y H\u00fat M\u00f9i Canzy CZ C516I \u00c2m T\u1ee7"},"content":{"rendered":"\n\n<div class=\"kk-star-ratings kksr-auto kksr-align-left kksr-valign-top\"\n    data-payload='{&quot;align&quot;:&quot;left&quot;,&quot;id&quot;:&quot;312&quot;,&quot;slug&quot;:&quot;default&quot;,&quot;valign&quot;:&quot;top&quot;,&quot;ignore&quot;:&quot;&quot;,&quot;reference&quot;:&quot;auto&quot;,&quot;class&quot;:&quot;&quot;,&quot;count&quot;:&quot;0&quot;,&quot;legendonly&quot;:&quot;&quot;,&quot;readonly&quot;:&quot;&quot;,&quot;score&quot;:&quot;0&quot;,&quot;starsonly&quot;:&quot;&quot;,&quot;best&quot;:&quot;5&quot;,&quot;gap&quot;:&quot;5&quot;,&quot;greet&quot;:&quot;Rate this product&quot;,&quot;legend&quot;:&quot;0\\\/5 - (0 b\u00ecnh ch\u1ecdn)&quot;,&quot;size&quot;:&quot;24&quot;,&quot;title&quot;:&quot;M\u00e1y H\u00fat M\u00f9i Canzy CZ C516I \u00c2m T\u1ee7&quot;,&quot;width&quot;:&quot;0&quot;,&quot;_legend&quot;:&quot;{score}\\\/{best} - ({count} {votes})&quot;,&quot;font_factor&quot;:&quot;1.25&quot;}'>\n            \n<div class=\"kksr-stars\">\n    \n<div class=\"kksr-stars-inactive\">\n            <div class=\"kksr-star\" data-star=\"1\" style=\"padding-right: 5px\">\n            \n\n<div class=\"kksr-icon\" style=\"width: 24px; height: 24px;\"><\/div>\n        <\/div>\n            <div class=\"kksr-star\" data-star=\"2\" style=\"padding-right: 5px\">\n            \n\n<div class=\"kksr-icon\" style=\"width: 24px; height: 24px;\"><\/div>\n        <\/div>\n            <div class=\"kksr-star\" data-star=\"3\" style=\"padding-right: 5px\">\n            \n\n<div class=\"kksr-icon\" style=\"width: 24px; height: 24px;\"><\/div>\n        <\/div>\n            <div class=\"kksr-star\" data-star=\"4\" style=\"padding-right: 5px\">\n            \n\n<div class=\"kksr-icon\" style=\"width: 24px; height: 24px;\"><\/div>\n        <\/div>\n            <div class=\"kksr-star\" data-star=\"5\" style=\"padding-right: 5px\">\n            \n\n<div class=\"kksr-icon\" style=\"width: 24px; height: 24px;\"><\/div>\n        <\/div>\n    <\/div>\n    \n<div class=\"kksr-stars-active\" style=\"width: 0px;\">\n            <div class=\"kksr-star\" style=\"padding-right: 5px\">\n            \n\n<div class=\"kksr-icon\" style=\"width: 24px; height: 24px;\"><\/div>\n        <\/div>\n            <div class=\"kksr-star\" style=\"padding-right: 5px\">\n            \n\n<div class=\"kksr-icon\" style=\"width: 24px; height: 24px;\"><\/div>\n        <\/div>\n            <div class=\"kksr-star\" style=\"padding-right: 5px\">\n            \n\n<div class=\"kksr-icon\" style=\"width: 24px; height: 24px;\"><\/div>\n        <\/div>\n            <div class=\"kksr-star\" style=\"padding-right: 5px\">\n            \n\n<div class=\"kksr-icon\" style=\"width: 24px; height: 24px;\"><\/div>\n        <\/div>\n            <div class=\"kksr-star\" style=\"padding-right: 5px\">\n            \n\n<div class=\"kksr-icon\" style=\"width: 24px; height: 24px;\"><\/div>\n        <\/div>\n    <\/div>\n<\/div>\n                \n\n<div class=\"kksr-legend\" style=\"font-size: 19.2px;\">\n            <span class=\"kksr-muted\">Rate this product<\/span>\n    <\/div>\n    <\/div>\n<h1><a href=\"https:\/\/www.facebook.com\/tannoithat.tnt\" target=\"_blank\" rel=\"noopener\">M\u00e1y H\u00fat M\u00f9i Canzy CZ C516I \u00c2m T\u1ee7<\/a><\/h1>\n<p><a href=\"http:\/\/tannoithat.com\" target=\"_blank\" rel=\"noopener\"><strong>M\u00e1y h\u00fat m\u00f9i CANZY<\/strong><\/a><strong>\u00a0CZ-516I\u00a0<\/strong>\u0111\u01b0\u1ee3c thi\u1ebft k\u1ebf sang tr\u1ecdng hi\u1ec7n \u0111\u1ea1i v\u1edbi t\u00ednh th\u1ea9m m\u0129 cao ph\u00f9 h\u1ee3p v\u1edbi m\u1ecdi kh\u00f4ng gian nh\u00e0 b\u1ebfp.<\/p>\n<p>\u0110\u1eb7c bi\u1ec7t s\u1ea3n ph\u1ea9m m\u00e1y h\u00fat m\u00f9i Canzy c\u00f2n c\u00f3 kh\u1ea3 n\u0103ng h\u00fat m\u00f9i nhanh ch\u00f3ng c\u00f9ng nhi\u1ec1u t\u00ednh n\u0103ng th\u00f4ng minh ch\u1eafc ch\u1eafn s\u1ebd \u0111en \u0111\u1ebfn nhi\u1ec1u l\u1ee3i \u00edch thi\u1ebft th\u1ef1c v\u00e0 l\u00e0m h\u00e0i l\u00f2ng m\u1ecdi kh\u00e1ch h\u00e0ng<\/p>\n<div id=\"attachment_313\" style=\"width: 938px\" class=\"wp-caption alignright\"><img fetchpriority=\"high\" decoding=\"async\" aria-describedby=\"caption-attachment-313\" class=\"wp-image-313 size-full\" src=\"https:\/\/tannoithat.com\/wp-content\/uploads\/2023\/12\/canzy-cz-c516i.jpg\" alt=\"M\u00e1y H\u00fat M\u00f9i Canzy CZ C516I\" width=\"928\" height=\"535\" srcset=\"https:\/\/tannoithat.com\/wp-content\/uploads\/2023\/12\/canzy-cz-c516i.jpg 928w, https:\/\/tannoithat.com\/wp-content\/uploads\/2023\/12\/canzy-cz-c516i-300x173.jpg 300w, https:\/\/tannoithat.com\/wp-content\/uploads\/2023\/12\/canzy-cz-c516i-768x443.jpg 768w, https:\/\/tannoithat.com\/wp-content\/uploads\/2023\/12\/canzy-cz-c516i-600x346.jpg 600w\" sizes=\"(max-width: 928px) 100vw, 928px\" \/><p id=\"caption-attachment-313\" class=\"wp-caption-text\">M\u00e1y H\u00fat M\u00f9i Canzy CZ C516I<\/p><\/div>\n<h2 id=\"tinh-nang-may-hut-mui-am-tu-cz-516i\" class=\"heading\"><a href=\"https:\/\/tannoithat.com\/index.php\/product-category\/thiet-bi-nha-bep-2\/thiet-bi-nha-bep\/chau-rua\/\"><strong>T\u00ednh n\u0103ng m\u00e1y h\u00fat m\u00f9i \u00e2m t\u1ee7\u00a0CZ-516I<\/strong><\/a><\/h2>\n<div class=\"group w-full text-gray-800 dark:text-gray-100 border-b border-black\/10 dark:border-gray-900\/50 bg-gray-50 dark:bg-[#444654] sm:AIPRM__conversation__response\">\n<div class=\"flex p-4 gap-4 text-base md:gap-6 md:max-w-2xl lg:max-w-[38rem] xl:max-w-3xl md:py-6 lg:px-0 m-auto\">\n<div class=\"relative flex w-[calc(100%-50px)] flex-col gap-1 md:gap-3 lg:w-[calc(100%-115px)]\">\n<div class=\"flex flex-grow flex-col gap-3\">\n<div class=\"flex flex-col items-start gap-4 whitespace-pre-wrap break-words\">\n<div class=\"markdown prose w-full break-words dark:prose-invert light AIPRM__conversation__response\">\n<ul>\n<li>M\u00e1y h\u00fat m\u00f9i Canzy CZ-516I\u00a0l\u00e0 m\u1ed9t thi\u1ebft b\u1ecb h\u00fat m\u00f9i \u0111a n\u0103ng \u0111\u01b0\u1ee3c thi\u1ebft k\u1ebf \u0111\u1eb7c bi\u1ec7t \u0111\u1ec3 l\u1eafp \u0111\u1eb7t \u00e2m t\u1ee7 trong kh\u00f4ng gian nh\u00e0 b\u1ebfp. V\u1edbi thi\u1ebft k\u1ebf tinh t\u1ebf v\u00e0 ti\u1ec7n \u00edch, m\u00e1y h\u00fat m\u00f9i Canzy CZ-516I l\u00e0 l\u1ef1a ch\u1ecdn ho\u00e0n h\u1ea3o cho c\u00e1c c\u0103n b\u1ebfp nh\u1ecf g\u1ecdn v\u00e0 hi\u1ec7n \u0111\u1ea1i.<\/li>\n<li>M\u1ed9t trong nh\u1eefng t\u00ednh n\u0103ng n\u1ed5i b\u1eadt c\u1ee7a m\u00e1y h\u00fat m\u00f9i Canzy CZ-516I l\u00e0 \u0111\u00e8n Halogen si\u00eau s\u00e1ng. \u0110\u00e8n n\u00e0y t\u1ea1o ra \u00e1nh s\u00e1ng m\u1ea1nh m\u1ebd v\u00e0 r\u00f5 r\u00e0ng, gi\u00fap b\u1ea1n nh\u00ecn th\u1ea5y r\u00f5 r\u00e0ng c\u00e1c b\u1ed9 ph\u1eadn n\u1ea5u n\u01b0\u1edbng v\u00e0 l\u00e0m vi\u1ec7c trong kh\u00f4ng gian nh\u00e0 b\u1ebfp. \u0110i\u1ec1u n\u00e0y gi\u00fap b\u1ea1n n\u1ea5u \u0103n v\u00e0 l\u00e0m vi\u1ec7c d\u1ec5 d\u00e0ng h\u01a1n, \u0111\u1ed3ng th\u1eddi mang \u0111\u1ebfn m\u1ed9t kh\u00f4ng gian l\u00e0m vi\u1ec7c tho\u00e1ng \u0111\u00e3ng v\u00e0 s\u00e1ng s\u1ee7a.<\/li>\n<li>M\u00e1y h\u00fat m\u00f9i Canzy CZ-516I\u00a0c\u00f3 \u0111i\u1ec1u khi\u1ec3n c\u01a1 r\u00fat tr\u01b0\u1ee3t 2 c\u1ea5p \u0111\u1ed9, cho ph\u00e9p b\u1ea1n d\u1ec5 d\u00e0ng \u0111i\u1ec1u ch\u1ec9nh c\u00f4ng su\u1ea5t h\u00fat ph\u00f9 h\u1ee3p v\u1edbi m\u1ee9c \u0111\u1ed9 m\u00f9i h\u01b0\u01a1ng v\u00e0 kh\u00f3i trong kh\u00f4ng gian nh\u00e0 b\u1ebfp. B\u1ea1n c\u00f3 th\u1ec3 linh ho\u1ea1t ch\u1ecdn l\u1ef1a gi\u1eefa hai c\u1ea5p \u0111\u1ed9 kh\u00e1c nhau t\u00f9y thu\u1ed9c v\u00e0o nhu c\u1ea7u s\u1eed d\u1ee5ng c\u1ee7a m\u00ecnh. \u0110i\u1ec1u khi\u1ec3n c\u01a1 r\u00fat tr\u01b0\u1ee3t c\u0169ng r\u1ea5t d\u1ec5 s\u1eed d\u1ee5ng, \u0111\u1ea3m b\u1ea3o t\u00ednh ti\u1ec7n l\u1ee3i v\u00e0 linh ho\u1ea1t khi \u0111i\u1ec1u ch\u1ec9nh m\u00e1y h\u00fat m\u00f9i.<\/li>\n<li>M\u00e1y h\u00fat m\u00f9i Canzy CZ-516I\u00a0\u0111\u01b0\u1ee3c thi\u1ebft k\u1ebf v\u1edbi kh\u1ea3 n\u0103ng k\u00e9o ra v\u00e0 b\u1eadt, \u0111\u00f3ng v\u00e0o v\u00e0 t\u1eaft, gi\u00fap b\u1ea1n ti\u1ebft ki\u1ec7m kh\u00f4ng gian v\u00e0 gi\u1eef cho kh\u00f4ng gian nh\u00e0 b\u1ebfp lu\u00f4n g\u1ecdn g\u00e0ng v\u00e0 s\u1ea1ch s\u1ebd. Khi kh\u00f4ng s\u1eed d\u1ee5ng, b\u1ea1n c\u00f3 th\u1ec3 \u0111\u00f3ng m\u00e1y h\u00fat m\u00f9i v\u00e0o trong t\u1ee7 b\u1ebfp, ti\u1ebft ki\u1ec7m di\u1ec7n t\u00edch v\u00e0 t\u1ea1o s\u1ef1 th\u1ea9m m\u1ef9 cho kh\u00f4ng gian.<\/li>\n<li>L\u01b0\u1edbi l\u1ecdc m\u1ee1 c\u1ee7a\u00a0m\u00e1y h\u00fat m\u00f9i Canzy CZ-516I\u00a0\u0111\u01b0\u1ee3c l\u00e0m b\u1eb1ng nh\u00f4m 5 l\u1edbp, gi\u00fap h\u1ea5p th\u1ee5 m\u1ee1 v\u00e0 b\u1ee5i hi\u1ec7u qu\u1ea3. V\u1edbi c\u1ea5u tr\u00fac l\u01b0\u1edbi l\u1ecdc ch\u1eafc ch\u1eafn v\u00e0 kh\u1ea3 n\u0103ng h\u1ea5p th\u1ee5 cao, n\u00f3 gi\u00fap lo\u1ea1i b\u1ecf c\u00e1c h\u1ea1t m\u1ee1 v\u00e0 b\u1ee5i m\u1ed9t c\u00e1ch hi\u1ec7u qu\u1ea3 t\u1eeb kh\u00f4ng gian nh\u00e0 b\u1ebfp, \u0111\u1ea3m b\u1ea3o kh\u00f4ng gian lu\u00f4n s\u1ea1ch s\u1ebd v\u00e0 tho\u00e1ng \u0111\u00e3ng.<\/li>\n<li>M\u00e1y h\u00fat m\u00f9i Canzy CZ-516I\u00a0cung c\u1ea5p hai ch\u1ebf \u0111\u1ed9 ho\u1ea1t \u0111\u1ed9ng kh\u00e1c nhau: h\u00fat \u0111\u1ea9y ra ngo\u00e0i ho\u1eb7c kh\u1eed m\u00f9i b\u1eb1ng than ho\u1ea1t t\u00ednh. Ch\u1ebf \u0111\u1ed9 h\u00fat \u0111\u1ea9y ra ngo\u00e0i s\u1eed d\u1ee5ng h\u1ec7 th\u1ed1ng \u1ed1ng d\u1eabn kh\u00f4ng kh\u00ed \u0111\u1ec3 \u0111\u1ea9y m\u00f9i h\u01b0\u01a1ng v\u00e0 kh\u00f3i ra kh\u1ecfi kh\u00f4ng gian nh\u00e0 b\u1ebfp, \u0111\u1ea3m b\u1ea3o kh\u00f4ng kh\u00ed trong l\u00e0nh v\u00e0 kh\u00f4ng c\u00f3 m\u00f9i kh\u00f3 ch\u1ecbu. Trong khi \u0111\u00f3, ch\u1ebf \u0111\u1ed9 kh\u1eed m\u00f9i b\u1eb1ng than ho\u1ea1t t\u00ednh s\u1eed d\u1ee5ng than ho\u1ea1t t\u00ednh \u0111\u1ec3 lo\u1ea1i b\u1ecf m\u00f9i h\u01b0\u01a1ng v\u00e0 t\u00e1i t\u1ea1o kh\u00f4ng kh\u00ed trong l\u00e0nh trong kh\u00f4ng gian nh\u00e0 b\u1ebfp. \u0110i\u1ec1u n\u00e0y gi\u00fap b\u1ea1n c\u00f3 s\u1ef1 l\u1ef1a ch\u1ecdn linh ho\u1ea1t \u0111\u1ec3 t\u1ea1o ra m\u00f4i tr\u01b0\u1eddng l\u00e0m vi\u1ec7c tho\u1ea3i m\u00e1i v\u00e0 d\u1ec5 ch\u1ecbu.<\/li>\n<li>\n<h2 id=\"thong-so-ky-thuat-hut-mui-canzy-cz-516i\" class=\"heading\"><strong>Th\u00f4ng s\u1ed1 k\u1ef9 thu\u1eadt h\u00fat m\u00f9i Canzy CZ-516I<\/strong><\/h2>\n<ul>\n<li>Ch\u1ea5t li\u1ec7u: Inox<\/li>\n<li>\u0110\u1ed9ng c\u01a1: Turbin \u0111\u00f4i<\/li>\n<li>L\u1ef1c h\u00fat: 750(m3\/h)<\/li>\n<li>\u0110\u1ed9 \u1ed3n: &lt; 48dbA<\/li>\n<li>\u1ed0ng tho\u00e1t: 120mm<\/li>\n<li>K\u00edch th\u01b0\u1edbc: 600mm<\/li>\n<\/ul>\n<\/li>\n<\/ul>\n<p><img decoding=\"async\" class=\"alignnone wp-image-314 size-full\" src=\"https:\/\/tannoithat.com\/wp-content\/uploads\/2023\/12\/ban-ve-kt-cz-c516i.jpg\" alt=\"\" width=\"635\" height=\"356\" srcset=\"https:\/\/tannoithat.com\/wp-content\/uploads\/2023\/12\/ban-ve-kt-cz-c516i.jpg 635w, https:\/\/tannoithat.com\/wp-content\/uploads\/2023\/12\/ban-ve-kt-cz-c516i-300x168.jpg 300w, https:\/\/tannoithat.com\/wp-content\/uploads\/2023\/12\/ban-ve-kt-cz-c516i-600x336.jpg 600w\" sizes=\"(max-width: 635px) 100vw, 635px\" \/><\/p>\n<\/div>\n<\/div>\n<\/div>\n<\/div>\n<\/div>\n<\/div>\n<p>&nbsp;<\/p>\n","protected":false},"excerpt":{"rendered":"<p>M\u00e1y H\u00fat M\u00f9i Canzy CZ C516I \u00c2m T\u1ee7<\/p>\n<p><span class=\"d-inline-block sku fs-14\">M\u00e3 s\u1ea3n ph\u1ea9m: CZ C516I<\/span>\u00a0|\u00a0<span class=\"d-inline-block trademark fs-14\">Th\u01b0\u01a1ng hi\u1ec7u:\u00a0<a class=\"d-inline-block smooth\" title=\"CANZY\" href=\"http:\/\/tannoithat.com\">CANZY<\/a><\/span><\/p>\n<div class=\"action_comment d-flex align-items-center mt-2 fs-14\"><a id=\"comment\" class=\"comment_now me-lg-3 me-2\" title=\"M\u1eddi b\u1ea1n vi\u1ebft b\u00ecnh lu\u1eadn\" href=\"http:\/\/tannoithat.com\">M\u1eddi b\u1ea1n vi\u1ebft b\u00ecnh lu\u1eadn<\/a><\/div>\n<div class=\"box_short_content position-relative\">\n<div class=\"s-content description_content mt-2 fs-16 max_content__mobile\">\n<ul>\n<li>M\u00e3 s\u1ea3n ph\u1ea9m:\u00a0<strong>CZ C516I<\/strong><\/li>\n<li>M\u00e1y h\u00fat m\u00f9i \u00e2m t\u1ee7<\/li>\n<li>\u0110\u00e8n Halogen si\u00eau s\u00e1ng<\/li>\n<li>\u0110i\u1ec1u khi\u1ec3n c\u01a1 r\u00fat tr\u01b0\u1ee3t 2 c\u1ea5p \u0111\u1ed9<\/li>\n<li>M\u00e1y k\u00e9o ra b\u1eadt, \u0111\u00f3ng v\u00e0o t\u1eaft<\/li>\n<li>L\u01b0\u1edbi l\u1ecdc m\u1ee1 b\u1eb1ng nh\u00f4m 5 l\u1edbp<\/li>\n<li>Ch\u1ebf \u0111\u1ed9 h\u00fat \u0111\u1ea9y ra ngo\u00e0i ho\u1eb7c kh\u1eed m\u00f9i b\u1eb1ng than ho\u1ea1t t\u00ednh<\/li>\n<li>Ch\u1ea5t li\u1ec7u: Inox<\/li>\n<li>\u0110\u1ed9ng c\u01a1: Turbin \u0111\u00f4i<\/li>\n<li>L\u1ef1c h\u00fat: 750(m3\/h)<\/li>\n<li>\u0110\u1ed9 \u1ed3n: &lt; 48dbA<\/li>\n<li>\u1ed0ng tho\u00e1t: 120mm<\/li>\n<li>K\u00edch th\u01b0\u1edbc: 600\/700mm<\/li>\n<\/ul>\n<\/div>\n<\/div>\n","protected":false},"featured_media":313,"comment_status":"open","ping_status":"closed","template":"","meta":{"_eb_attr":""},"product_cat":[128,86,249],"product_tag":[133,132],"_links":{"self":[{"href":"https:\/\/tannoithat.com\/index.php\/wp-json\/wp\/v2\/product\/312"}],"collection":[{"href":"https:\/\/tannoithat.com\/index.php\/wp-json\/wp\/v2\/product"}],"about":[{"href":"https:\/\/tannoithat.com\/index.php\/wp-json\/wp\/v2\/types\/product"}],"replies":[{"embeddable":true,"href":"https:\/\/tannoithat.com\/index.php\/wp-json\/wp\/v2\/comments?post=312"}],"wp:featuredmedia":[{"embeddable":true,"href":"https:\/\/tannoithat.com\/index.php\/wp-json\/wp\/v2\/media\/313"}],"wp:attachment":[{"href":"https:\/\/tannoithat.com\/index.php\/wp-json\/wp\/v2\/media?parent=312"}],"wp:term":[{"taxonomy":"product_cat","embeddable":true,"href":"https:\/\/tannoithat.com\/index.php\/wp-json\/wp\/v2\/product_cat?post=312"},{"taxonomy":"product_tag","embeddable":true,"href":"https:\/\/tannoithat.com\/index.php\/wp-json\/wp\/v2\/product_tag?post=312"}],"curies":[{"name":"wp","href":"https:\/\/api.w.org\/{rel}","templated":true}]}}