{"id":318,"date":"2023-12-25T09:04:50","date_gmt":"2023-12-25T02:04:50","guid":{"rendered":"https:\/\/tannoithat.com\/?post_type=product&#038;p=318"},"modified":"2024-01-21T10:19:17","modified_gmt":"2024-01-21T03:19:17","slug":"hut-mui-toa-ngang-canzy-cz-ts700ss","status":"publish","type":"product","link":"https:\/\/tannoithat.com\/index.php\/product\/hut-mui-toa-ngang-canzy-cz-ts700ss\/","title":{"rendered":"H\u00fat M\u00f9i Toa Ngang Canzy CZ-TS700SS"},"content":{"rendered":"\n\n<div class=\"kk-star-ratings kksr-auto kksr-align-left kksr-valign-top\"\n    data-payload='{&quot;align&quot;:&quot;left&quot;,&quot;id&quot;:&quot;318&quot;,&quot;slug&quot;:&quot;default&quot;,&quot;valign&quot;:&quot;top&quot;,&quot;ignore&quot;:&quot;&quot;,&quot;reference&quot;:&quot;auto&quot;,&quot;class&quot;:&quot;&quot;,&quot;count&quot;:&quot;0&quot;,&quot;legendonly&quot;:&quot;&quot;,&quot;readonly&quot;:&quot;&quot;,&quot;score&quot;:&quot;0&quot;,&quot;starsonly&quot;:&quot;&quot;,&quot;best&quot;:&quot;5&quot;,&quot;gap&quot;:&quot;5&quot;,&quot;greet&quot;:&quot;Rate this product&quot;,&quot;legend&quot;:&quot;0\\\/5 - (0 b\u00ecnh ch\u1ecdn)&quot;,&quot;size&quot;:&quot;24&quot;,&quot;title&quot;:&quot;H\u00fat M\u00f9i Toa Ngang Canzy CZ-TS700SS&quot;,&quot;width&quot;:&quot;0&quot;,&quot;_legend&quot;:&quot;{score}\\\/{best} - ({count} {votes})&quot;,&quot;font_factor&quot;:&quot;1.25&quot;}'>\n            \n<div class=\"kksr-stars\">\n    \n<div class=\"kksr-stars-inactive\">\n            <div class=\"kksr-star\" data-star=\"1\" style=\"padding-right: 5px\">\n            \n\n<div class=\"kksr-icon\" style=\"width: 24px; height: 24px;\"><\/div>\n        <\/div>\n            <div class=\"kksr-star\" data-star=\"2\" style=\"padding-right: 5px\">\n            \n\n<div class=\"kksr-icon\" style=\"width: 24px; height: 24px;\"><\/div>\n        <\/div>\n            <div class=\"kksr-star\" data-star=\"3\" style=\"padding-right: 5px\">\n            \n\n<div class=\"kksr-icon\" style=\"width: 24px; height: 24px;\"><\/div>\n        <\/div>\n            <div class=\"kksr-star\" data-star=\"4\" style=\"padding-right: 5px\">\n            \n\n<div class=\"kksr-icon\" style=\"width: 24px; height: 24px;\"><\/div>\n        <\/div>\n            <div class=\"kksr-star\" data-star=\"5\" style=\"padding-right: 5px\">\n            \n\n<div class=\"kksr-icon\" style=\"width: 24px; height: 24px;\"><\/div>\n        <\/div>\n    <\/div>\n    \n<div class=\"kksr-stars-active\" style=\"width: 0px;\">\n            <div class=\"kksr-star\" style=\"padding-right: 5px\">\n            \n\n<div class=\"kksr-icon\" style=\"width: 24px; height: 24px;\"><\/div>\n        <\/div>\n            <div class=\"kksr-star\" style=\"padding-right: 5px\">\n            \n\n<div class=\"kksr-icon\" style=\"width: 24px; height: 24px;\"><\/div>\n        <\/div>\n            <div class=\"kksr-star\" style=\"padding-right: 5px\">\n            \n\n<div class=\"kksr-icon\" style=\"width: 24px; height: 24px;\"><\/div>\n        <\/div>\n            <div class=\"kksr-star\" style=\"padding-right: 5px\">\n            \n\n<div class=\"kksr-icon\" style=\"width: 24px; height: 24px;\"><\/div>\n        <\/div>\n            <div class=\"kksr-star\" style=\"padding-right: 5px\">\n            \n\n<div class=\"kksr-icon\" style=\"width: 24px; height: 24px;\"><\/div>\n        <\/div>\n    <\/div>\n<\/div>\n                \n\n<div class=\"kksr-legend\" style=\"font-size: 19.2px;\">\n            <span class=\"kksr-muted\">Rate this product<\/span>\n    <\/div>\n    <\/div>\n<h1><a href=\"https:\/\/tannoithat.com\/index.php\/product-category\/thiet-bi-nha-bep-2\/thiet-bi-nha-bep\/may-hut-mui\/\">T\u00ednh n\u0103ng s\u1ea3n ph\u1ea9m H\u00fat M\u00f9i Toa Ngang Canzy CZ-TS700SS<\/a><\/h1>\n<div id=\"attachment_319\" style=\"width: 592px\" class=\"wp-caption alignnone\"><img fetchpriority=\"high\" decoding=\"async\" aria-describedby=\"caption-attachment-319\" class=\"wp-image-319 size-full\" src=\"https:\/\/tannoithat.com\/wp-content\/uploads\/2023\/12\/z4914094172955-fcc7c8b097c5159d89aa5ec0b6021411.webp\" alt=\"H\u00fat M\u00f9i Toa Ngang Canzy CZ-TS700SS\" width=\"582\" height=\"429\" srcset=\"https:\/\/tannoithat.com\/wp-content\/uploads\/2023\/12\/z4914094172955-fcc7c8b097c5159d89aa5ec0b6021411.webp 582w, https:\/\/tannoithat.com\/wp-content\/uploads\/2023\/12\/z4914094172955-fcc7c8b097c5159d89aa5ec0b6021411-300x221.webp 300w\" sizes=\"(max-width: 582px) 100vw, 582px\" \/><p id=\"caption-attachment-319\" class=\"wp-caption-text\"><a href=\"https:\/\/www.facebook.com\/noithatbeptnt\" target=\"_blank\" rel=\"noopener\">H\u00fat M\u00f9i Toa Ngang Canzy CZ-TS700SS<\/a><\/p><\/div>\n<p>\u2022M\u00e1y h\u00fat\u00a0m\u00f9i\u00a0ch\u1eef T<br \/>\n\u2022\u0110\u00e8n\u00a0Led\u00a0d\u1ea3i\u00a0quoanh\u00a0m\u00e1y\u00a0si\u00eau\u00a0s\u00e1ng,\u00a0thi\u1ebft\u00a0di\u1ec7n\u00a0h\u00fat r\u1ed9ng,<br \/>\nhi\u1ec7u\u00a0qu\u1ea3\u00a0h\u00fat\u00a0cao<br \/>\n\u2022\u0110i\u1ec1u\u00a0khi\u1ec3n\u00a0c\u1ea3m\u00a0\u1ee9ng\u00a0sang\u00a0tr\u1ecdng<br \/>\n\u2022L\u01b0\u1edbi\u00a0l\u1ecdc\u00a0m\u1ee1 b\u1eb1ng Inox thanh,\u00a0l\u1eaby c\u00e0i ch\u1ed1ng ch\u00e1y<br \/>\n\u2022Ch\u1ebf\u00a0\u0111\u1ed9 h\u00fat \u0111\u1ea9y ra ngo\u00e0i ho\u1eb7c kh\u1eed m\u00f9i b\u1eb1ng than\u00a0ho\u1ea1t<br \/>\nt\u00ednh<br \/>\n\u2022Ch\u1ee9c n\u0103ng h\u1eb9n gi\u1edd\u00a0 t\u1eaft m\u00e1y Timer,ch\u1ee9c n\u0103ng Booster<br \/>\nh\u00fat si\u00eau m\u1ea1nh<br \/>\n\u2022Ch\u1ee9c n\u0103ng t\u1ef1 \u0111\u1ed9ng l\u1ecdc kh\u00f4ng\u00a0 kh\u00ed (bi\u1ec3u t\u01b0\u1ee3ng\u00a0ECO)\u00a01<br \/>\nti\u1ebfng\u00a01 l\u1ea7n, m\u1ed7i\u00a0l\u1ea7n\u00a0 5 ph\u00fat v\u00e0 ch\u1ee9c n\u0103ng\u00a0 c\u1ea3nh b\u00e1o v\u1ec7 sinh<br \/>\nb\u1ed9 l\u1ecdc\u00a0 d\u1ea7u m\u1ee1<br \/>\nTh\u00f4ng s\u1ed1 k\u1ef9 thu\u1eadt<br \/>\n\u2022Ch\u1ea5t li\u1ec7u: k\u00ednh bo vi\u1ec1n\u00a0b\u1eaft\u00a0 m\u1eaft,th\u00e2n Inox<br \/>\n\u0111en<br \/>\n\u2022Motor BLDC ( c\u00f4ng ngh\u1ec7 kh\u00f4ng ch\u1ed5i<br \/>\nthan) Gi\u00fap s\u1ea3n ph\u1ea9m ho\u1ea1t \u0111\u1ed9ng \u00eam \u00e1i<br \/>\nv\u00e0 hi\u1ec7u n\u0103ng cao<\/p>\n<p>\u2022L\u1ef1c\u00a0\u00a0h\u00fat: 1400(m3\/h)<br \/>\n\u2022\u0110\u1ed9\u00a0\u00a0\u1ed3n: &lt;45dbA<br \/>\n\u2022\u1ed0ng\u00a0\u00a0tho\u00e1t:150mm<br \/>\n\u2022K\u00edch\u00a0\u00a0th\u01b0\u1edbc: 700mm<\/p>\n<p><img decoding=\"async\" class=\"alignnone size-medium wp-image-320\" src=\"https:\/\/tannoithat.com\/wp-content\/uploads\/2023\/12\/z4914094170402-fe97a52fcf60c0c6974fe9aeb208c872-300x151.webp\" alt=\"\" width=\"300\" height=\"151\" srcset=\"https:\/\/tannoithat.com\/wp-content\/uploads\/2023\/12\/z4914094170402-fe97a52fcf60c0c6974fe9aeb208c872-300x151.webp 300w, https:\/\/tannoithat.com\/wp-content\/uploads\/2023\/12\/z4914094170402-fe97a52fcf60c0c6974fe9aeb208c872-768x387.webp 768w, https:\/\/tannoithat.com\/wp-content\/uploads\/2023\/12\/z4914094170402-fe97a52fcf60c0c6974fe9aeb208c872-600x303.webp 600w, https:\/\/tannoithat.com\/wp-content\/uploads\/2023\/12\/z4914094170402-fe97a52fcf60c0c6974fe9aeb208c872.webp 898w\" sizes=\"(max-width: 300px) 100vw, 300px\" \/><\/p>\n","protected":false},"excerpt":{"rendered":"<div>H\u00fat M\u00f9i Toa Ngang Canzy CZ-TS700SS<\/div>\n<div class=\"vat_enable \">*\u00a0<em>Gi\u00e1 s\u1ea3n ph\u1ea9m ch\u01b0a bao g\u1ed3m VAT<\/em><\/div>\n<ul class=\"product-info\">\n<li class=\"product_sku\">M\u00e3 s\u1ea3n ph\u1ea9m:\u00a0<span class=\"sku_item f-normal\">CZ-TS700SS<\/span><\/li>\n<li class=\"product-inventory\">T\u00ecnh tr\u1ea1ng:\u00a0<span class=\"quantity_item f-normal\">C\u00f2n h\u00e0ng<\/span><\/li>\n<li class=\"product-type\">Lo\u1ea1i s\u1ea3n ph\u1ea9m:\u00a0<span class=\"type_item f-normal\">M\u00e1y h\u00fat m\u00f9i toa ngang<\/span><\/li>\n<li class=\"product-vendor\">H\u00e3ng s\u1ea3n xu\u1ea5t:\u00a0<span class=\"vendor_item f-normal\">Canzy<\/span><\/li>\n<li>Xu\u1ea5t X\u1ee9: CANZY<\/li>\n<li>B\u1ea3o h\u00e0nh: 3\u00a0N\u0103m Ch\u00ednh H\u00e3ng<\/li>\n<\/ul>\n<p>&nbsp;<\/p>\n","protected":false},"featured_media":319,"comment_status":"open","ping_status":"closed","template":"","meta":{"_eb_attr":""},"product_cat":[128,86,249],"product_tag":[135],"_links":{"self":[{"href":"https:\/\/tannoithat.com\/index.php\/wp-json\/wp\/v2\/product\/318"}],"collection":[{"href":"https:\/\/tannoithat.com\/index.php\/wp-json\/wp\/v2\/product"}],"about":[{"href":"https:\/\/tannoithat.com\/index.php\/wp-json\/wp\/v2\/types\/product"}],"replies":[{"embeddable":true,"href":"https:\/\/tannoithat.com\/index.php\/wp-json\/wp\/v2\/comments?post=318"}],"wp:featuredmedia":[{"embeddable":true,"href":"https:\/\/tannoithat.com\/index.php\/wp-json\/wp\/v2\/media\/319"}],"wp:attachment":[{"href":"https:\/\/tannoithat.com\/index.php\/wp-json\/wp\/v2\/media?parent=318"}],"wp:term":[{"taxonomy":"product_cat","embeddable":true,"href":"https:\/\/tannoithat.com\/index.php\/wp-json\/wp\/v2\/product_cat?post=318"},{"taxonomy":"product_tag","embeddable":true,"href":"https:\/\/tannoithat.com\/index.php\/wp-json\/wp\/v2\/product_tag?post=318"}],"curies":[{"name":"wp","href":"https:\/\/api.w.org\/{rel}","templated":true}]}}