{"id":321,"date":"2023-12-25T09:12:47","date_gmt":"2023-12-25T02:12:47","guid":{"rendered":"https:\/\/tannoithat.com\/?post_type=product&#038;p=321"},"modified":"2024-01-21T10:21:10","modified_gmt":"2024-01-21T03:21:10","slug":"may-hut-mui-canzy-cz-kt70","status":"publish","type":"product","link":"https:\/\/tannoithat.com\/index.php\/product\/may-hut-mui-canzy-cz-kt70\/","title":{"rendered":"M\u00e1y h\u00fat m\u00f9i Canzy CZ KT70"},"content":{"rendered":"\n\n<div class=\"kk-star-ratings kksr-auto kksr-align-left kksr-valign-top\"\n    data-payload='{&quot;align&quot;:&quot;left&quot;,&quot;id&quot;:&quot;321&quot;,&quot;slug&quot;:&quot;default&quot;,&quot;valign&quot;:&quot;top&quot;,&quot;ignore&quot;:&quot;&quot;,&quot;reference&quot;:&quot;auto&quot;,&quot;class&quot;:&quot;&quot;,&quot;count&quot;:&quot;0&quot;,&quot;legendonly&quot;:&quot;&quot;,&quot;readonly&quot;:&quot;&quot;,&quot;score&quot;:&quot;0&quot;,&quot;starsonly&quot;:&quot;&quot;,&quot;best&quot;:&quot;5&quot;,&quot;gap&quot;:&quot;5&quot;,&quot;greet&quot;:&quot;Rate this product&quot;,&quot;legend&quot;:&quot;0\\\/5 - (0 b\u00ecnh ch\u1ecdn)&quot;,&quot;size&quot;:&quot;24&quot;,&quot;title&quot;:&quot;M\u00e1y h\u00fat m\u00f9i Canzy CZ KT70&quot;,&quot;width&quot;:&quot;0&quot;,&quot;_legend&quot;:&quot;{score}\\\/{best} - ({count} {votes})&quot;,&quot;font_factor&quot;:&quot;1.25&quot;}'>\n            \n<div class=\"kksr-stars\">\n    \n<div class=\"kksr-stars-inactive\">\n            <div class=\"kksr-star\" data-star=\"1\" style=\"padding-right: 5px\">\n            \n\n<div class=\"kksr-icon\" style=\"width: 24px; height: 24px;\"><\/div>\n        <\/div>\n            <div class=\"kksr-star\" data-star=\"2\" style=\"padding-right: 5px\">\n            \n\n<div class=\"kksr-icon\" style=\"width: 24px; height: 24px;\"><\/div>\n        <\/div>\n            <div class=\"kksr-star\" data-star=\"3\" style=\"padding-right: 5px\">\n            \n\n<div class=\"kksr-icon\" style=\"width: 24px; height: 24px;\"><\/div>\n        <\/div>\n            <div class=\"kksr-star\" data-star=\"4\" style=\"padding-right: 5px\">\n            \n\n<div class=\"kksr-icon\" style=\"width: 24px; height: 24px;\"><\/div>\n        <\/div>\n            <div class=\"kksr-star\" data-star=\"5\" style=\"padding-right: 5px\">\n            \n\n<div class=\"kksr-icon\" style=\"width: 24px; height: 24px;\"><\/div>\n        <\/div>\n    <\/div>\n    \n<div class=\"kksr-stars-active\" style=\"width: 0px;\">\n            <div class=\"kksr-star\" style=\"padding-right: 5px\">\n            \n\n<div class=\"kksr-icon\" style=\"width: 24px; height: 24px;\"><\/div>\n        <\/div>\n            <div class=\"kksr-star\" style=\"padding-right: 5px\">\n            \n\n<div class=\"kksr-icon\" style=\"width: 24px; height: 24px;\"><\/div>\n        <\/div>\n            <div class=\"kksr-star\" style=\"padding-right: 5px\">\n            \n\n<div class=\"kksr-icon\" style=\"width: 24px; height: 24px;\"><\/div>\n        <\/div>\n            <div class=\"kksr-star\" style=\"padding-right: 5px\">\n            \n\n<div class=\"kksr-icon\" style=\"width: 24px; height: 24px;\"><\/div>\n        <\/div>\n            <div class=\"kksr-star\" style=\"padding-right: 5px\">\n            \n\n<div class=\"kksr-icon\" style=\"width: 24px; height: 24px;\"><\/div>\n        <\/div>\n    <\/div>\n<\/div>\n                \n\n<div class=\"kksr-legend\" style=\"font-size: 19.2px;\">\n            <span class=\"kksr-muted\">Rate this product<\/span>\n    <\/div>\n    <\/div>\n<h1><a href=\"https:\/\/tannoithat.com\/index.php\/product-category\/thiet-bi-nha-bep-2\/thiet-bi-nha-bep\/may-hut-mui\/\">M\u00c1Y H\u00daT M\u00d9I CANZY CZ KT70<\/a><\/h1>\n<p>S\u1ede H\u1eeeU THI\u1ebeT K\u1ebe HI\u1ec6N \u0110\u1ea0I, SANG TR\u1eccNG. \u0110\u1ed8NG C\u01a0 TUA BIN \u0110\u00d4I M\u1ea0NH M\u1ebc, H\u00daT KH\u1eec M\u00d9I HI\u1ec6U QU\u1ea2. B\u1ea2NG \u0110I\u1ec0U KHI\u1ec2N PH\u00cdM C\u01a0 SI\u00caU NH\u1ea0Y, AN TO\u00c0N, B\u1ec0N B\u1ec8 V\u00c0 TI\u1ebeT KI\u1ec6M \u0110I\u1ec6N N\u0102NG. C\u00d9NG B\u00c1CH H\u00d3A B\u1ebeP T\u00ccM HI\u1ec2U K\u1ef8 H\u01a0N V\u1ec0 S\u1ea2N PH\u1ea8M N\u00c0Y.<\/p>\n<p><a href=\"https:\/\/www.youtube.com\/watch?v=SKo8YMBRpto&amp;t=172s\" target=\"_blank\" rel=\"noopener\"><strong>M\u00e1y h\u00fat m\u00f9i Canzy CZ KT70<\/strong><\/a>\u00a0c\u00f3 k\u00edch th\u01b0\u1edbc\u00a0<strong>70cm<\/strong>, th\u00e2n m\u00e1y \u0111\u01b0\u1ee3c l\u00e0m b\u1eb1ng inox cao c\u1ea5p, s\u00e1ng b\u00f3ng. Ch\u1ea5t li\u1ec7u n\u00e0y d\u1ec5 d\u00e0ng v\u1ec7 sinh sau m\u1ed9t th\u1eddi gian d\u00e0i s\u1eed d\u1ee5ng, \u0111\u1ed3ng th\u1eddi gi\u00fap n\u00e2ng cao tu\u1ed5i th\u1ecd c\u1ee7a s\u1ea3n ph\u1ea9m.<\/p>\n<div id=\"attachment_322\" style=\"width: 782px\" class=\"wp-caption alignnone\"><img fetchpriority=\"high\" decoding=\"async\" aria-describedby=\"caption-attachment-322\" class=\"wp-image-322 size-full\" src=\"https:\/\/tannoithat.com\/wp-content\/uploads\/2023\/12\/Hut-mui-Canzy-CZ-KT70.jpg\" alt=\"M\u00e1y h\u00fat m\u00f9i Canzy CZ KT70\" width=\"772\" height=\"826\" srcset=\"https:\/\/tannoithat.com\/wp-content\/uploads\/2023\/12\/Hut-mui-Canzy-CZ-KT70.jpg 772w, https:\/\/tannoithat.com\/wp-content\/uploads\/2023\/12\/Hut-mui-Canzy-CZ-KT70-280x300.jpg 280w, https:\/\/tannoithat.com\/wp-content\/uploads\/2023\/12\/Hut-mui-Canzy-CZ-KT70-768x822.jpg 768w, https:\/\/tannoithat.com\/wp-content\/uploads\/2023\/12\/Hut-mui-Canzy-CZ-KT70-600x642.jpg 600w\" sizes=\"(max-width: 772px) 100vw, 772px\" \/><p id=\"caption-attachment-322\" class=\"wp-caption-text\">h\u00fat m\u00f9i Canzy CZ KT7<\/p><\/div>\n<h3>C\u00d4NG SU\u1ea4T H\u00daT KH\u1eceE, \u0110\u1ed8NG C\u01a0 TURBIN \u0110\u00d4I M\u00e1y h\u00fat m\u00f9i Canzy CZ KT70<\/h3>\n<p><strong>M\u00e1y h\u00fat m\u00f9i kh\u00f3i\u00a0Canzy CZ KT70<\/strong>\u00a0\u0111\u01b0\u1ee3c trang b\u1ecb \u0111\u1ed9ng c\u01a1 tua bin \u0111\u00f4i nh\u1eb1m t\u1ea1o ra m\u1ed9t c\u00f4ng su\u1ea5t h\u00fat l\u1edbn nh\u1ea5t. C\u00f4ng su\u1ea5t h\u00fat c\u1ef1c m\u1ea1nh\u00a0<strong>1400m3\/h<\/strong>\u00a0gi\u00fap h\u00fat h\u1ebft c\u00e1c m\u00f9i th\u1ee9c \u0103n l\u00e0m s\u1ea1ch kh\u00f4ng kh\u00ed mang l\u1ea1i cho c\u0103n b\u1ebfp lu\u00f4n th\u00f4ng tho\u00e1ng.<\/p>\n<p>M\u00e1y h\u00fat m\u00f9i ho\u1ea1t \u0111\u1ed9ng d\u1ef1a tr\u00ean nguy\u00ean t\u1eafc c\u1ee7a qu\u1ea1t th\u00f4ng gi\u00f3 k\u1ebft h\u1ee3p v\u1edbi c\u00e1c m\u00e0ng l\u1ecdc. M\u00e1y th\u01b0\u1eddng bao g\u1ed3m c\u00e1c b\u1ed9 ph\u1eadn c\u01a1 b\u1ea3n nh\u01b0: l\u1edbp toa inox b\u00ean ngo\u00e0i, h\u1ec7 th\u1ed1ng d\u1eabn kh\u00ed, l\u01b0\u1edbi l\u1ecdc, qu\u1ea1t h\u00fat, \u0111\u00e8n chi\u1ebfu s\u00e1ng, \u0111\u00e8n b\u00e1o hi\u1ec7u m\u1ee9c \u0111\u1ed9 b\u00e1m b\u1ea9n v\u00e0 b\u1ea3ng \u0111i\u1ec1u khi\u1ec3n t\u1ed1c \u0111\u1ed9 h\u00fat.<\/p>\n<p>C\u00e1c lo\u1ea1i kh\u00ed \u0111\u1ed9c h\u1ea1i v\u00e0 m\u00f9i kh\u00f3 ch\u1ecbu s\u1ebd \u0111\u01b0\u1ee3c h\u00fat l\u00ean b\u1eb1ng turbin (ho\u1eb7c \u0111\u1ed9ng c\u01a1 moter) v\u00e0 chuy\u1ec3n ra ngo\u00e0i, c\u00f2n b\u1ee5i b\u1ea9n v\u00e0 c\u00e1c h\u1ea1t d\u1ea7u m\u1ee1 s\u1ebd b\u00e1m l\u1ea1i l\u1edbp m\u00e0ng l\u1ecdc, c\u00f3 th\u1ec3 d\u1ec5 d\u00e0ng th\u00e1o ra \u0111\u1ec3 v\u1ec7 sinh v\u00e0 thay m\u1edbi thi\u1ebft b\u1ecb.<\/p>\n<h3>KH\u1eec M\u00d9I B\u1eb0NG THAN HO\u1ea0T T\u00cdNH V\u00c0 \u1ed0NG THO\u00c1T RA NGO\u00c0I D150 M\u00e1y h\u00fat m\u00f9i Canzy CZ KT70<\/h3>\n<p>M\u00e1y h\u00fat m\u00f9i\u00a0<strong>Canzy CZ KT70<\/strong>\u00a0s\u1eed d\u1ee5ng ph\u01b0\u01a1ng ph\u00e1p h\u00fat m\u00f9i tr\u1ef1c ti\u1ebfp t\u1ee9c m\u00f9i \u0111\u01b0\u1ee3c \u0111\u1ea9y ra ngo\u00e0i theo \u0111\u01b0\u1eddng \u1ed1ng tho\u00e1t D150. \u0110\u1ed3ng th\u1eddi ch\u1ee9c n\u0103ng kh\u1eed m\u00f9i b\u1eb1ng than ho\u1ea1t t\u00ednh s\u1ebd gi\u00fap cho kh\u00f4ng kh\u00ed trong ph\u00f2ng b\u1ebfp lu\u00f4n s\u1ea1ch s\u1ebd . C\u00e1ch th\u1ee9c n\u00e0y s\u1ebd gi\u00fap m\u00e1y c\u00f3 hi\u1ec7u qu\u1ea3 t\u1edbi 100% v\u00e0 m\u00f9i s\u1ebd \u0111\u01b0\u1ee3c \u0111\u1ea9y ho\u00e0n to\u00e0n ra ngo\u00e0i tr\u1eddi.<\/p>\n<p>Ti\u1ebft ki\u1ec7m \u0111i\u1ec7n n\u0103ng v\u00e0 \u0111\u1ed9 \u1ed3n kh\u00f4ng l\u1edbn: \u0110\u1ed9 \u1ed3n t\u1ed1i \u0111a c\u1ee7a m\u00e1y r\u1ea5t nh\u1ecf( nh\u1ecf h\u01a1n 48Db), m\u00e1y \u00eam kh\u00f4ng \u1ea3nh h\u01b0\u1edfng \u0111\u1ebfn sinh ho\u1ea1t gia \u0111\u00ecnh b\u1ea1n . T\u1ed5ng \u0111i\u1ec7n n\u0103ng ti\u00eau thu \u0111i\u1ec7n c\u1ee7a m\u00e1y khi\u1ebfn b\u1ea1n ph\u1ea3i ng\u1ea1c nhi\u00ean v\u00ec 6 \u0111\u1ebfn 7 ti\u1ebfng \u0111\u1ed3ng h\u1ed3 ho\u1ea1t \u0111\u1ed9ng c\u1ee7a m\u00e1y m\u1edbi h\u1ebft c\u00f3 1 s\u1ed1 \u0111i\u1ec7n c\u1ee7a b\u1ea1n.<\/p>\n<div id=\"attachment_323\" style=\"width: 970px\" class=\"wp-caption alignnone\"><img decoding=\"async\" aria-describedby=\"caption-attachment-323\" class=\"wp-image-323 size-full\" src=\"https:\/\/tannoithat.com\/wp-content\/uploads\/2023\/12\/May-hut-mui-Canzy-CZ-KT70-chinh-hang.jpg\" alt=\"M\u00e1y h\u00fat m\u00f9i Canzy CZ KT70\" width=\"960\" height=\"685\" srcset=\"https:\/\/tannoithat.com\/wp-content\/uploads\/2023\/12\/May-hut-mui-Canzy-CZ-KT70-chinh-hang.jpg 960w, https:\/\/tannoithat.com\/wp-content\/uploads\/2023\/12\/May-hut-mui-Canzy-CZ-KT70-chinh-hang-300x214.jpg 300w, https:\/\/tannoithat.com\/wp-content\/uploads\/2023\/12\/May-hut-mui-Canzy-CZ-KT70-chinh-hang-768x548.jpg 768w, https:\/\/tannoithat.com\/wp-content\/uploads\/2023\/12\/May-hut-mui-Canzy-CZ-KT70-chinh-hang-600x428.jpg 600w\" sizes=\"(max-width: 960px) 100vw, 960px\" \/><p id=\"caption-attachment-323\" class=\"wp-caption-text\">M\u00e1y h\u00fat m\u00f9i Canzy CZ KT70<\/p><\/div>\n<h3>B\u1ea2NG \u0110I\u1ec0U KHI\u1ec2N C\u1ea2M \u1ee8NG HI\u1ec6N \u0110\u1ea0I M\u00e1y h\u00fat m\u00f9i Canzy CZ KT70<\/h3>\n<p>Ng\u01b0\u1eddi d\u00f9ng d\u1ec5 d\u00e0ng thao t\u00e1c v\u1edbi ph\u00edm c\u1ea3m \u1ee9ng 3 c\u1ea5p \u0111\u1ed9. T\u00ednh n\u0103ng v\u1eaby tay \u0111i\u1ec1u khi\u1ec3n th\u00f4ng minh.\u00a0 Ngo\u00e0i ra, h\u1ec7 th\u1ed1ng \u0111\u00e8n chi\u1ebfu s\u00e1ng led gi\u00fap b\u00e0 n\u1ed9i tr\u1ee3 d\u1ec5 d\u00e0ng quan s\u00e1t \u0111\u1ed3 \u0103n khi n\u1ea5u v\u00ec \u00e1nh s\u00e1ng b\u00ean ngo\u00e0i kh\u00f4ng th\u1ec3 chi\u1ebfu s\u00e1ng r\u00f5 khu \u0111un n\u1ea5u<\/p>\n<h3>TH\u00d4NG S\u1ed0 K\u1ef8 THU\u1eacT M\u00e1y h\u00fat m\u00f9i Canzy CZ KT70<\/h3>\n<ul>\n<li>Ki\u1ec3u d\u00e1ng : ch\u1eef T<\/li>\n<li>\u0110\u00e8n led si\u00eau s\u00e1ng<\/li>\n<li>\u0110i\u1ec1u khi\u1ec3n c\u1ea3m \u1ee9ng \u1ea9n sang tr\u1ecdng<\/li>\n<li>T\u00ednh n\u0103ng v\u1eaby tay th\u00f4ng minh<\/li>\n<li>T\u00ednh n\u0103ng h\u1eb9n gi\u1edd<\/li>\n<li>L\u01b0\u1edbi l\u1ecdc m\u1ee1 b\u1eb1ng in thanh, l\u1eaby c\u00e0i ch\u1ed1ng ch\u00e1y<\/li>\n<li>C\u1ed1c h\u1ee9ng m\u1ee1 th\u1eeba ti\u1ec7n d\u1ee5ng<\/li>\n<li>Ti\u1ebft di\u1ec7n h\u00fat d\u1ee5ng, hi\u1ec7u qu\u1ea3 h\u00fat cao<\/li>\n<li>Ch\u1ebf \u0111\u1ed9 h\u00fat \u0111\u1ea9y ra ngo\u00e0i ho\u1eb7c kh\u1eed m\u00f9i b\u1eb1ng than ho\u1ea1t t\u00ednh<\/li>\n<li>Ch\u1ea5t li\u1ec7u : K\u00ednh, Inox<\/li>\n<li>L\u1ef1c h\u00fat : 1400m3\/h<\/li>\n<li>\u0110\u1ed9 \u1ed3n : &lt;45dbA<\/li>\n<li>\u1ed0ng tho\u00e1t : 150mm<\/li>\n<li>K\u00edch th\u01b0\u1edbc : 700mm<\/li>\n<li>B\u1ea3o h\u00e0nh : 3 n\u0103m<\/li>\n<\/ul>\n<h3>K\u00edch th\u01b0\u1edbc m\u00e1y h\u00fat m\u00f9i Canzy CZ KT70<\/h3>\n<div id=\"attachment_324\" style=\"width: 688px\" class=\"wp-caption alignnone\"><img decoding=\"async\" aria-describedby=\"caption-attachment-324\" class=\"size-full wp-image-324\" src=\"https:\/\/tannoithat.com\/wp-content\/uploads\/2023\/12\/kich-thuoc-May-hut-mui-Canzy-CZ-KT70.jpg\" alt=\"\" width=\"678\" height=\"745\" srcset=\"https:\/\/tannoithat.com\/wp-content\/uploads\/2023\/12\/kich-thuoc-May-hut-mui-Canzy-CZ-KT70.jpg 678w, https:\/\/tannoithat.com\/wp-content\/uploads\/2023\/12\/kich-thuoc-May-hut-mui-Canzy-CZ-KT70-273x300.jpg 273w, https:\/\/tannoithat.com\/wp-content\/uploads\/2023\/12\/kich-thuoc-May-hut-mui-Canzy-CZ-KT70-600x659.jpg 600w\" sizes=\"(max-width: 678px) 100vw, 678px\" \/><p id=\"caption-attachment-324\" class=\"wp-caption-text\">k\u00edch th\u01b0\u1edbc M\u00e1y h\u00fat m\u00f9i Canzy CZ KT70<\/p><\/div>\n","protected":false},"excerpt":{"rendered":"<p><span style=\"vertical-align: inherit;\"><span style=\"vertical-align: inherit;\">M\u00e1y h\u00fat m\u00f9i Canzy CZ KT70<\/span><\/span><\/p>\n<ul>\n<li><span style=\"vertical-align: inherit;\"><span style=\"vertical-align: inherit;\">L\u1ef1c h\u00fat : 1400m3\/h<\/span><\/span><\/li>\n<li><span style=\"vertical-align: inherit;\"><span style=\"vertical-align: inherit;\">\u0110\u1ed9 \u1ed3n : &lt;45dbA<\/span><\/span><\/li>\n<li><span style=\"vertical-align: inherit;\"><span style=\"vertical-align: inherit;\">\u1ed0ng tho\u00e1t : 150mm<\/span><\/span><\/li>\n<li><span style=\"vertical-align: inherit;\"><span style=\"vertical-align: inherit;\">K\u00edch th\u01b0\u1edbc : 700mm<\/span><\/span><\/li>\n<li><span style=\"vertical-align: inherit;\"><span style=\"vertical-align: inherit;\">B\u1ea3o h\u00e0nh : 3 n\u0103m<\/span><\/span><\/li>\n<\/ul>\n<p>&nbsp;<\/p>\n","protected":false},"featured_media":325,"comment_status":"open","ping_status":"closed","template":"","meta":{"_eb_attr":""},"product_cat":[128,86,249],"product_tag":[136],"_links":{"self":[{"href":"https:\/\/tannoithat.com\/index.php\/wp-json\/wp\/v2\/product\/321"}],"collection":[{"href":"https:\/\/tannoithat.com\/index.php\/wp-json\/wp\/v2\/product"}],"about":[{"href":"https:\/\/tannoithat.com\/index.php\/wp-json\/wp\/v2\/types\/product"}],"replies":[{"embeddable":true,"href":"https:\/\/tannoithat.com\/index.php\/wp-json\/wp\/v2\/comments?post=321"}],"wp:featuredmedia":[{"embeddable":true,"href":"https:\/\/tannoithat.com\/index.php\/wp-json\/wp\/v2\/media\/325"}],"wp:attachment":[{"href":"https:\/\/tannoithat.com\/index.php\/wp-json\/wp\/v2\/media?parent=321"}],"wp:term":[{"taxonomy":"product_cat","embeddable":true,"href":"https:\/\/tannoithat.com\/index.php\/wp-json\/wp\/v2\/product_cat?post=321"},{"taxonomy":"product_tag","embeddable":true,"href":"https:\/\/tannoithat.com\/index.php\/wp-json\/wp\/v2\/product_tag?post=321"}],"curies":[{"name":"wp","href":"https:\/\/api.w.org\/{rel}","templated":true}]}}