{"id":326,"date":"2023-12-25T09:17:26","date_gmt":"2023-12-25T02:17:26","guid":{"rendered":"https:\/\/tannoithat.com\/?post_type=product&#038;p=326"},"modified":"2024-01-21T10:24:02","modified_gmt":"2024-01-21T03:24:02","slug":"may-hut-mui-canzy-cz-db70q","status":"publish","type":"product","link":"https:\/\/tannoithat.com\/index.php\/product\/may-hut-mui-canzy-cz-db70q\/","title":{"rendered":"M\u00c1Y H\u00daT M\u00d9I CANZY CZ DB70Q"},"content":{"rendered":"\n\n<div class=\"kk-star-ratings kksr-auto kksr-align-left kksr-valign-top\"\n    data-payload='{&quot;align&quot;:&quot;left&quot;,&quot;id&quot;:&quot;326&quot;,&quot;slug&quot;:&quot;default&quot;,&quot;valign&quot;:&quot;top&quot;,&quot;ignore&quot;:&quot;&quot;,&quot;reference&quot;:&quot;auto&quot;,&quot;class&quot;:&quot;&quot;,&quot;count&quot;:&quot;0&quot;,&quot;legendonly&quot;:&quot;&quot;,&quot;readonly&quot;:&quot;&quot;,&quot;score&quot;:&quot;0&quot;,&quot;starsonly&quot;:&quot;&quot;,&quot;best&quot;:&quot;5&quot;,&quot;gap&quot;:&quot;5&quot;,&quot;greet&quot;:&quot;Rate this product&quot;,&quot;legend&quot;:&quot;0\\\/5 - (0 b\u00ecnh ch\u1ecdn)&quot;,&quot;size&quot;:&quot;24&quot;,&quot;title&quot;:&quot;M\u00c1Y H\u00daT M\u00d9I CANZY CZ DB70Q&quot;,&quot;width&quot;:&quot;0&quot;,&quot;_legend&quot;:&quot;{score}\\\/{best} - ({count} {votes})&quot;,&quot;font_factor&quot;:&quot;1.25&quot;}'>\n            \n<div class=\"kksr-stars\">\n    \n<div class=\"kksr-stars-inactive\">\n            <div class=\"kksr-star\" data-star=\"1\" style=\"padding-right: 5px\">\n            \n\n<div class=\"kksr-icon\" style=\"width: 24px; height: 24px;\"><\/div>\n        <\/div>\n            <div class=\"kksr-star\" data-star=\"2\" style=\"padding-right: 5px\">\n            \n\n<div class=\"kksr-icon\" style=\"width: 24px; height: 24px;\"><\/div>\n        <\/div>\n            <div class=\"kksr-star\" data-star=\"3\" style=\"padding-right: 5px\">\n            \n\n<div class=\"kksr-icon\" style=\"width: 24px; height: 24px;\"><\/div>\n        <\/div>\n            <div class=\"kksr-star\" data-star=\"4\" style=\"padding-right: 5px\">\n            \n\n<div class=\"kksr-icon\" style=\"width: 24px; height: 24px;\"><\/div>\n        <\/div>\n            <div class=\"kksr-star\" data-star=\"5\" style=\"padding-right: 5px\">\n            \n\n<div class=\"kksr-icon\" style=\"width: 24px; height: 24px;\"><\/div>\n        <\/div>\n    <\/div>\n    \n<div class=\"kksr-stars-active\" style=\"width: 0px;\">\n            <div class=\"kksr-star\" style=\"padding-right: 5px\">\n            \n\n<div class=\"kksr-icon\" style=\"width: 24px; height: 24px;\"><\/div>\n        <\/div>\n            <div class=\"kksr-star\" style=\"padding-right: 5px\">\n            \n\n<div class=\"kksr-icon\" style=\"width: 24px; height: 24px;\"><\/div>\n        <\/div>\n            <div class=\"kksr-star\" style=\"padding-right: 5px\">\n            \n\n<div class=\"kksr-icon\" style=\"width: 24px; height: 24px;\"><\/div>\n        <\/div>\n            <div class=\"kksr-star\" style=\"padding-right: 5px\">\n            \n\n<div class=\"kksr-icon\" style=\"width: 24px; height: 24px;\"><\/div>\n        <\/div>\n            <div class=\"kksr-star\" style=\"padding-right: 5px\">\n            \n\n<div class=\"kksr-icon\" style=\"width: 24px; height: 24px;\"><\/div>\n        <\/div>\n    <\/div>\n<\/div>\n                \n\n<div class=\"kksr-legend\" style=\"font-size: 19.2px;\">\n            <span class=\"kksr-muted\">Rate this product<\/span>\n    <\/div>\n    <\/div>\n<h1><a href=\"https:\/\/tannoithat.com\/index.php\/product-category\/thiet-bi-nha-bep-2\/thiet-bi-nha-bep\/may-hut-mui\/\">M\u00c1Y H\u00daT M\u00d9I CANZY CZ DB70Q\u00a0<\/a><\/h1>\n<p>\u0111\u01b0\u1ee3c thi\u1ebft k\u1ebf sang tr\u1ecdng hi\u1ec7n \u0111\u1ea1i v\u1edbi t\u00ednh th\u1ea9m m\u0129 cao ph\u00f9 h\u1ee3p v\u1edbi m\u1ecdi kh\u00f4ng gian nh\u00e0 b\u1ebfp.<\/p>\n<p>\u0110\u1eb7c bi\u1ec7t s\u1ea3n ph\u1ea9m m\u00e1y h\u00fat m\u00f9i Canzy c\u00f2n c\u00f3 kh\u1ea3 n\u0103ng h\u00fat m\u00f9i nhanh ch\u00f3ng c\u00f9ng nhi\u1ec1u t\u00ednh n\u0103ng th\u00f4ng minh ch\u1eafc ch\u1eafn s\u1ebd \u0111em \u0111\u1ebfn nhi\u1ec1u l\u1ee3i \u00edch thi\u1ebft th\u1ef1c v\u00e0 l\u00e0m h\u00e0i l\u00f2ng m\u1ecdi kh\u00e1ch h\u00e0ng.<\/p>\n<p><img fetchpriority=\"high\" decoding=\"async\" class=\"alignnone size-full wp-image-327\" src=\"https:\/\/tannoithat.com\/wp-content\/uploads\/2023\/12\/db70q.png\" alt=\"\" width=\"906\" height=\"1472\" srcset=\"https:\/\/tannoithat.com\/wp-content\/uploads\/2023\/12\/db70q.png 906w, https:\/\/tannoithat.com\/wp-content\/uploads\/2023\/12\/db70q-185x300.png 185w, https:\/\/tannoithat.com\/wp-content\/uploads\/2023\/12\/db70q-630x1024.png 630w, https:\/\/tannoithat.com\/wp-content\/uploads\/2023\/12\/db70q-768x1248.png 768w, https:\/\/tannoithat.com\/wp-content\/uploads\/2023\/12\/db70q-600x975.png 600w\" sizes=\"(max-width: 906px) 100vw, 906px\" \/><\/p>\n<h4 class=\"heading\"><b><a href=\"https:\/\/www.facebook.com\/noithatbeptnt\" target=\"_blank\" rel=\"noopener\">T\u00cdNH N\u0102NG S\u1ea2N PH\u1ea8M: M\u00c1Y H\u00daT M\u00d9I CANZY CZ DB70Q<\/a> <\/b><\/h4>\n<h4 class=\"heading\">M\u00e1y h\u00fat m\u00f9i CZ DB70Q l\u00e0 m\u1ed9t s\u1ea3n ph\u1ea9m m\u00e1y h\u00fat m\u00f9i cao c\u1ea5p, mang \u0111\u1ebfn kh\u00f4ng ch\u1ec9 hi\u1ec7u su\u1ea5t h\u00fat m\u1ea1nh m\u1ebd m\u00e0 c\u00f2n t\u00edch h\u1ee3p nhi\u1ec1u t\u00ednh n\u0103ng th\u00f4ng minh v\u00e0 ti\u1ec7n \u00edch, t\u1ea1o ra m\u1ed9t kh\u00f4ng gian nh\u00e0 b\u1ebfp tho\u00e1ng \u0111\u00e3ng, s\u1ea1ch s\u1ebd v\u00e0 ti\u1ec7n nghi.<\/h4>\n<ul>\n<li>\n<h5>Thi\u1ebft k\u1ebf k\u00ednh cong tinh t\u1ebf c\u1ee7a m\u00e1y h\u00fat m\u00f9i CZ DB70Q t\u1ea1o n\u00ean m\u1ed9t v\u1ebb \u0111\u1eb9p hi\u1ec7n \u0111\u1ea1i v\u00e0 sang tr\u1ecdng cho kh\u00f4ng gian nh\u00e0 b\u1ebfp. V\u1edbi b\u1ec1 m\u1eb7t k\u00ednh b\u00f3ng lo\u00e1ng, s\u1ea3n ph\u1ea9m n\u00e0y kh\u00f4ng ch\u1ec9 d\u1ec5 d\u00e0ng lau ch\u00f9i m\u00e0 c\u00f2n mang l\u1ea1i s\u1ef1 tinh t\u1ebf v\u00e0 th\u1ea9m m\u1ef9 cho kh\u00f4ng gian trang tr\u00ed n\u1ed9i th\u1ea5t.<\/h5>\n<\/li>\n<li>\n<h5>S\u1ea3n ph\u1ea9m \u0111\u01b0\u1ee3c trang b\u1ecb \u0111\u00e8n LED si\u00eau s\u00e1ng, gi\u00fap chi\u1ebfu s\u00e1ng r\u00f5 r\u00e0ng v\u00e0 ti\u1ebft ki\u1ec7m \u0111i\u1ec7n n\u0103ng. \u0110\u00e8n LED kh\u00f4ng ch\u1ec9 l\u00e0 ngu\u1ed3n s\u00e1ng h\u1eefu \u00edch trong qu\u00e1 tr\u00ecnh n\u1ea5u n\u01b0\u1edbng m\u00e0 c\u00f2n t\u1ea1o \u0111i\u1ec3m nh\u1ea5n th\u1ea9m m\u1ef9 cho m\u00e1y h\u00fat m\u00f9i CZ DB70Q.<\/h5>\n<\/li>\n<li>\n<h5>Vi\u1ec7c \u0111i\u1ec1u khi\u1ec3n m\u00e1y h\u00fat m\u00f9i CZ DB70Q r\u1ea5t d\u1ec5 d\u00e0ng nh\u1edd v\u00e0o c\u00f4ng ngh\u1ec7 \u0111i\u1ec1u khi\u1ec3n c\u1ea3m \u1ee9ng. B\u1ea1n c\u00f3 th\u1ec3 thao t\u00e1c ch\u1ec9 b\u1eb1ng m\u1ed9t ch\u1ea1m nh\u1eb9 l\u00ean m\u00e0n h\u00ecnh \u0111i\u1ec1u khi\u1ec3n, \u0111i\u1ec1u ch\u1ec9nh m\u1ee9c c\u00f4ng su\u1ea5t, ch\u1ebf \u0111\u1ed9 ho\u1ea1t \u0111\u1ed9ng v\u00e0 th\u1eddi gian h\u1eb9n gi\u1edd.<\/h5>\n<\/li>\n<li>\n<h5>M\u1ed9t t\u00ednh n\u0103ng \u0111\u00e1ng ch\u00fa \u00fd c\u1ee7a m\u00e1y h\u00fat m\u00f9i CZ DB70Q l\u00e0 ch\u1ebf \u0111\u1ed9 \u0111i\u1ec1u khi\u1ec3n c\u1ea3m \u1ee9ng v\u1eaby tay m\u1ee9c c\u00f4ng su\u1ea5t th\u00f4ng minh. B\u1eb1ng c\u00e1ch v\u1eaby tay tr\u01b0\u1edbc m\u00e1y, b\u1ea1n c\u00f3 th\u1ec3 \u0111i\u1ec1u ch\u1ec9nh m\u1ee9c c\u00f4ng su\u1ea5t h\u00fat m\u00f9i m\u1ed9t c\u00e1ch d\u1ec5 d\u00e0ng v\u00e0 nhanh ch\u00f3ng, t\u00f9y thu\u1ed9c v\u00e0o nhu c\u1ea7u s\u1eed d\u1ee5ng.<\/h5>\n<\/li>\n<li>\n<h5>Ngo\u00e0i ra, m\u00e1y h\u00fat m\u00f9i CZ DB70Q c\u00f2n \u0111\u01b0\u1ee3c trang b\u1ecb t\u00ednh n\u0103ng h\u1eb9n gi\u1edd th\u00f4ng minh. B\u1ea1n c\u00f3 th\u1ec3 thi\u1ebft l\u1eadp th\u1eddi gian ho\u1ea1t \u0111\u1ed9ng c\u1ee7a m\u00e1y \u0111\u1ec3 n\u00f3 t\u1ef1 \u0111\u1ed9ng t\u1eaft sau m\u1ed9t kho\u1ea3ng th\u1eddi gian nh\u1ea5t \u0111\u1ecbnh. \u0110i\u1ec1u n\u00e0y kh\u00f4ng ch\u1ec9 gi\u00fap b\u1ea1n ti\u1ebft ki\u1ec7m \u0111i\u1ec7n n\u0103ng m\u00e0 c\u00f2n mang l\u1ea1i s\u1ef1 ti\u1ec7n l\u1ee3i v\u00e0 linh ho\u1ea1t trong vi\u1ec7c qu\u1ea3n l\u00fd th\u1eddi gian n\u1ea5u n\u01b0\u1edbng.<\/h5>\n<\/li>\n<li>\n<h5>M\u00e1y h\u00fat m\u00f9i CZ DB70Q c\u00f2n \u0111\u01b0\u1ee3c trang b\u1ecb l\u01b0\u1edbi l\u1ecdc m\u1ee1 b\u1eb1ng inox thanh d\u1ec5 d\u00e0ng v\u1ec7 sinh. L\u01b0\u1edbi l\u1ecdc m\u1ee1 ch\u1ea5t l\u01b0\u1ee3ng cao gi\u00fap gi\u1eef cho m\u00e1y lu\u00f4n s\u1ea1ch s\u1ebd v\u00e0 hi\u1ec7u qu\u1ea3 trong vi\u1ec7c lo\u1ea1i b\u1ecf m\u00f9i h\u00f4i v\u00e0 d\u1ea7u m\u1ee1 t\u1eeb qu\u00e1 tr\u00ecnh n\u1ea5u n\u01b0\u1edbng. B\u1ea1n c\u00f3 th\u1ec3 th\u00e1o l\u01b0\u1edbi l\u1ecdc ra v\u00e0 l\u00e0m s\u1ea1ch d\u1ec5 d\u00e0ng, gi\u00fap duy tr\u00ec hi\u1ec7u su\u1ea5t ho\u1ea1t \u0111\u1ed9ng t\u1ed1t c\u1ee7a m\u00e1y trong th\u1eddi gian d\u00e0i.<\/h5>\n<\/li>\n<li>\n<h5>S\u1ea3n ph\u1ea9m c\u00f2n h\u1ed7 tr\u1ee3 hai ch\u1ebf \u0111\u1ed9 ho\u1ea1t \u0111\u1ed9ng l\u00e0 h\u00fat \u0111\u1ea9y ra ngo\u00e0i v\u00e0 kh\u1eed m\u00f9i b\u1eb1ng than ho\u1ea1t t\u00ednh. B\u1ea1n c\u00f3 th\u1ec3 l\u1ef1a ch\u1ecdn ch\u1ebf \u0111\u1ed9 ph\u00f9 h\u1ee3p v\u1edbi c\u1ea5u tr\u00fac v\u00e0 y\u00eau c\u1ea7u c\u1ee7a nh\u00e0 b\u1ebfp \u0111\u1ec3 \u0111\u1ea3m b\u1ea3o kh\u00f4ng gian trong l\u00e0nh v\u00e0 tho\u00e1ng \u0111\u00e3ng.<\/h5>\n<\/li>\n<li>\n<h5>T\u1ed5ng k\u1ebft l\u1ea1i, m\u00e1y h\u00fat m\u00f9i CZ DB70Q l\u00e0 m\u1ed9t s\u1ea3n ph\u1ea9m mang \u0111\u1ebfn nhi\u1ec1u t\u00ednh n\u0103ng th\u00f4ng minh, hi\u1ec7u su\u1ea5t h\u00fat m\u1ea1nh m\u1ebd v\u00e0 thi\u1ebft k\u1ebf tinh t\u1ebf. V\u1edbi s\u1ef1 k\u1ebft h\u1ee3p ho\u00e0n h\u1ea3o gi\u1eefa c\u00f4ng ngh\u1ec7 ti\u00ean ti\u1ebfn v\u00e0 th\u1ea9m m\u1ef9 cao, m\u00e1y h\u00fat m\u00f9i CZ DB70Q l\u00e0 s\u1ef1 l\u1ef1a ch\u1ecdn ho\u00e0n h\u1ea3o \u0111\u1ec3 t\u1ea1o n\u00ean kh\u00f4ng gian nh\u00e0 b\u1ebfp \u0111\u1eb9p m\u1eaft v\u00e0 tho\u00e1ng \u0111\u00e3ng.<\/h5>\n<\/li>\n<\/ul>\n<h4 class=\"heading\"><b>TH\u00d4NG S\u1ed0 K\u1ef8 THU\u1eacT:M\u00c1Y H\u00daT M\u00d9I CANZY CZ DB70Q\u00a0<\/b><\/h4>\n<ul>\n<li>\n<h5>Ch\u1ea5t li\u1ec7u: K\u00ednh, Inox<\/h5>\n<\/li>\n<li>\n<h5>L\u1ef1c h\u00fat: 1200(m3\/h)<\/h5>\n<\/li>\n<li>\n<h5>\u0110\u1ed9 \u1ed3n: &lt; 45dbA<\/h5>\n<\/li>\n<li>\n<h5>\u1ed0ng tho\u00e1t: 150mm<\/h5>\n<\/li>\n<li>\n<h5>K\u00edch th\u01b0\u1edbc: 700mm<\/h5>\n<\/li>\n<\/ul>\n<div id=\"attachment_328\" style=\"width: 896px\" class=\"wp-caption alignnone\"><img decoding=\"async\" aria-describedby=\"caption-attachment-328\" class=\"wp-image-328 size-full\" src=\"https:\/\/tannoithat.com\/wp-content\/uploads\/2023\/12\/Screenshot-2023-06-13-161233-1.png\" alt=\"M\u00c1Y H\u00daT M\u00d9I CANZY CZ DB70Q\" width=\"886\" height=\"702\" srcset=\"https:\/\/tannoithat.com\/wp-content\/uploads\/2023\/12\/Screenshot-2023-06-13-161233-1.png 886w, https:\/\/tannoithat.com\/wp-content\/uploads\/2023\/12\/Screenshot-2023-06-13-161233-1-300x238.png 300w, https:\/\/tannoithat.com\/wp-content\/uploads\/2023\/12\/Screenshot-2023-06-13-161233-1-768x609.png 768w, https:\/\/tannoithat.com\/wp-content\/uploads\/2023\/12\/Screenshot-2023-06-13-161233-1-600x475.png 600w\" sizes=\"(max-width: 886px) 100vw, 886px\" \/><p id=\"caption-attachment-328\" class=\"wp-caption-text\">M\u00c1Y H\u00daT M\u00d9I CANZY CZ DB70Q<\/p><\/div>\n<p>&nbsp;<\/p>\n","protected":false},"excerpt":{"rendered":"<p>M\u00c1Y H\u00daT M\u00d9I CANZY CZ DB70Q<\/p>\n<ul>\n<li>M\u00e1y h\u00fat m\u00f9i k\u00ednh cong<\/li>\n<li>C\u00f4ng su\u1ea5t:\u00a0<strong>1200m3\/h<\/strong><\/li>\n<li>K\u00edch th\u01b0\u1edbc: 70cm<\/li>\n<li>\u0110\u1ed3 \u1ed3n: &lt;45Db<\/li>\n<li>\u0110i\u1ec1u khi\u1ec3n c\u1ea3m \u1ee9ng, c\u1ea3m bi\u1ebfn v\u1eaby tay<\/li>\n<li><strong>T\u00ednh n\u0103ng h\u1eb9n gi\u1edd th\u00f4ng minh<\/strong><\/li>\n<li>L\u01b0\u1edbi l\u1ecdc m\u1ee1 b\u1eb1ng inox thanh d\u1ec5 v\u1ec7 sinh<\/li>\n<li>Xu\u1ea5t x\u1ee9: PRC<\/li>\n<li>B\u1ea3o h\u00e0nh: 3 n\u0103m ch\u00ednh h\u00e3ng<\/li>\n<\/ul>\n","protected":false},"featured_media":329,"comment_status":"open","ping_status":"closed","template":"","meta":{"_eb_attr":""},"product_cat":[128,86,249],"product_tag":[139,138,137],"_links":{"self":[{"href":"https:\/\/tannoithat.com\/index.php\/wp-json\/wp\/v2\/product\/326"}],"collection":[{"href":"https:\/\/tannoithat.com\/index.php\/wp-json\/wp\/v2\/product"}],"about":[{"href":"https:\/\/tannoithat.com\/index.php\/wp-json\/wp\/v2\/types\/product"}],"replies":[{"embeddable":true,"href":"https:\/\/tannoithat.com\/index.php\/wp-json\/wp\/v2\/comments?post=326"}],"wp:featuredmedia":[{"embeddable":true,"href":"https:\/\/tannoithat.com\/index.php\/wp-json\/wp\/v2\/media\/329"}],"wp:attachment":[{"href":"https:\/\/tannoithat.com\/index.php\/wp-json\/wp\/v2\/media?parent=326"}],"wp:term":[{"taxonomy":"product_cat","embeddable":true,"href":"https:\/\/tannoithat.com\/index.php\/wp-json\/wp\/v2\/product_cat?post=326"},{"taxonomy":"product_tag","embeddable":true,"href":"https:\/\/tannoithat.com\/index.php\/wp-json\/wp\/v2\/product_tag?post=326"}],"curies":[{"name":"wp","href":"https:\/\/api.w.org\/{rel}","templated":true}]}}