{"id":330,"date":"2023-12-25T09:27:23","date_gmt":"2023-12-25T02:27:23","guid":{"rendered":"https:\/\/tannoithat.com\/?post_type=product&#038;p=330"},"modified":"2024-01-21T10:26:50","modified_gmt":"2024-01-21T03:26:50","slug":"may-hut-mui-canzy-cz-sb07e","status":"publish","type":"product","link":"https:\/\/tannoithat.com\/index.php\/product\/may-hut-mui-canzy-cz-sb07e\/","title":{"rendered":"M\u00c1Y H\u00daT M\u00d9I CANZY CZ SB07E"},"content":{"rendered":"\n\n<div class=\"kk-star-ratings kksr-auto kksr-align-left kksr-valign-top\"\n    data-payload='{&quot;align&quot;:&quot;left&quot;,&quot;id&quot;:&quot;330&quot;,&quot;slug&quot;:&quot;default&quot;,&quot;valign&quot;:&quot;top&quot;,&quot;ignore&quot;:&quot;&quot;,&quot;reference&quot;:&quot;auto&quot;,&quot;class&quot;:&quot;&quot;,&quot;count&quot;:&quot;0&quot;,&quot;legendonly&quot;:&quot;&quot;,&quot;readonly&quot;:&quot;&quot;,&quot;score&quot;:&quot;0&quot;,&quot;starsonly&quot;:&quot;&quot;,&quot;best&quot;:&quot;5&quot;,&quot;gap&quot;:&quot;5&quot;,&quot;greet&quot;:&quot;Rate this product&quot;,&quot;legend&quot;:&quot;0\\\/5 - (0 b\u00ecnh ch\u1ecdn)&quot;,&quot;size&quot;:&quot;24&quot;,&quot;title&quot;:&quot;M\u00c1Y H\u00daT M\u00d9I CANZY CZ SB07E&quot;,&quot;width&quot;:&quot;0&quot;,&quot;_legend&quot;:&quot;{score}\\\/{best} - ({count} {votes})&quot;,&quot;font_factor&quot;:&quot;1.25&quot;}'>\n            \n<div class=\"kksr-stars\">\n    \n<div class=\"kksr-stars-inactive\">\n            <div class=\"kksr-star\" data-star=\"1\" style=\"padding-right: 5px\">\n            \n\n<div class=\"kksr-icon\" style=\"width: 24px; height: 24px;\"><\/div>\n        <\/div>\n            <div class=\"kksr-star\" data-star=\"2\" style=\"padding-right: 5px\">\n            \n\n<div class=\"kksr-icon\" style=\"width: 24px; height: 24px;\"><\/div>\n        <\/div>\n            <div class=\"kksr-star\" data-star=\"3\" style=\"padding-right: 5px\">\n            \n\n<div class=\"kksr-icon\" style=\"width: 24px; height: 24px;\"><\/div>\n        <\/div>\n            <div class=\"kksr-star\" data-star=\"4\" style=\"padding-right: 5px\">\n            \n\n<div class=\"kksr-icon\" style=\"width: 24px; height: 24px;\"><\/div>\n        <\/div>\n            <div class=\"kksr-star\" data-star=\"5\" style=\"padding-right: 5px\">\n            \n\n<div class=\"kksr-icon\" style=\"width: 24px; height: 24px;\"><\/div>\n        <\/div>\n    <\/div>\n    \n<div class=\"kksr-stars-active\" style=\"width: 0px;\">\n            <div class=\"kksr-star\" style=\"padding-right: 5px\">\n            \n\n<div class=\"kksr-icon\" style=\"width: 24px; height: 24px;\"><\/div>\n        <\/div>\n            <div class=\"kksr-star\" style=\"padding-right: 5px\">\n            \n\n<div class=\"kksr-icon\" style=\"width: 24px; height: 24px;\"><\/div>\n        <\/div>\n            <div class=\"kksr-star\" style=\"padding-right: 5px\">\n            \n\n<div class=\"kksr-icon\" style=\"width: 24px; height: 24px;\"><\/div>\n        <\/div>\n            <div class=\"kksr-star\" style=\"padding-right: 5px\">\n            \n\n<div class=\"kksr-icon\" style=\"width: 24px; height: 24px;\"><\/div>\n        <\/div>\n            <div class=\"kksr-star\" style=\"padding-right: 5px\">\n            \n\n<div class=\"kksr-icon\" style=\"width: 24px; height: 24px;\"><\/div>\n        <\/div>\n    <\/div>\n<\/div>\n                \n\n<div class=\"kksr-legend\" style=\"font-size: 19.2px;\">\n            <span class=\"kksr-muted\">Rate this product<\/span>\n    <\/div>\n    <\/div>\n<h1><strong>\u0110\u1eb6C \u0110I\u1ec2M N\u1ed4I B\u1eacT C\u1ee6A\u00a0<a href=\"https:\/\/www.youtube.com\/watch?v=C0r2RXSLtHE&amp;t=208s\" target=\"_blank\" rel=\"noopener\">M\u00c1Y H\u00daT M\u00d9I CANZY CZ \u2013 SB07E<\/a>\u00a0TH\u1ebe H\u1ec6 M\u1edaI C\u1ea2I TI\u1ebeN CH\u1ea4T L\u01af\u1ee2NG \u0110\u1ed8NG C\u01a0 TI\u1ebeT KI\u1ec6M \u0110I\u1ec6N<\/strong><\/h1>\n<p><strong>M\u00e1y h\u00fat m\u00f9i\u00a0<a href=\"https:\/\/www.youtube.com\/watch?v=C0r2RXSLtHE&amp;t=208s\" target=\"_blank\" rel=\"noopener\">Canzy CZ \u2013 SB07E<\/a><\/strong>\u00a0l\u00e0 d\u00f2ng m\u00e1y h\u00fat m\u00f9i d\u1ea1ng k\u00ednh cong hi\u1ec7n \u0111\u1ea1i \u0111\u01b0\u1ee3c s\u1ea3n xu\u1ea5t tr\u00ean c\u00f4ng ngh\u1ec7 cao. \u0110i\u1ec3m c\u1ed9ng v\u01b0\u1ee3t tr\u1ed9i h\u01a1n h\u1eb3n c\u1ee7a s\u1ea3n ph\u1ea9m l\u00e0 c\u00f4ng su\u1ea5t h\u00fat m\u1ea1nh m\u1ebd gi\u00fap lo\u1ea1i b\u1ecf nhanh ch\u00f3ng c\u00e1c ch\u1ea5t th\u1ea3i kh\u00f3 ch\u1ecbu<a href=\"http:\/\/homeboss.vn\/\" target=\"_blank\" rel=\"noopener\">,<\/a>\u00a0thay v\u00e0o \u0111\u00f3 l\u00e0 kh\u00f4ng gian tho\u00e1ng m\u00e1t<a href=\"http:\/\/homeboss.vn\/\" target=\"_blank\" rel=\"noopener\">,<\/a>\u00a0trong l\u00e0nh b\u1ea3o v\u1ec7 t\u1ed1t nh\u1ea5t cho s\u1ee9c kh\u1ecfe c\u1ee7a ng\u01b0\u1eddi d\u00f9ng.\u0111\u1ed9ng c\u01a1\u00a0 tinh ch\u1ec9nh ti\u1ebft ki\u1ec7m \u0111i\u1ec7n h\u01a1n , b\u1ec1n h\u01a1n ,l\u1ef1c h\u00fat kh\u1ecfe h\u01a1n , \u0111\u1ed9 \u1ed3n th\u1ea5p h\u01a1n<\/p>\n<div style=\"width: 670px\" class=\"wp-caption alignnone\"><img fetchpriority=\"high\" decoding=\"async\" class=\"wp-image-331 size-full\" src=\"https:\/\/tannoithat.com\/wp-content\/uploads\/2023\/12\/cz-3670.jpg\" alt=\"M\u00c1Y H\u00daT M\u00d9I CANZY CZ \u2013 SB07E\" width=\"660\" height=\"440\" srcset=\"https:\/\/tannoithat.com\/wp-content\/uploads\/2023\/12\/cz-3670.jpg 660w, https:\/\/tannoithat.com\/wp-content\/uploads\/2023\/12\/cz-3670-300x200.jpg 300w, https:\/\/tannoithat.com\/wp-content\/uploads\/2023\/12\/cz-3670-600x400.jpg 600w\" sizes=\"(max-width: 660px) 100vw, 660px\" \/><p class=\"wp-caption-text\">M\u00c1Y H\u00daT M\u00d9I CANZY CZ \u2013 SB07E<\/p><\/div>\n<p>&nbsp;<\/p>\n<h2><a href=\"https:\/\/www.facebook.com\/noithatbeptnt\" target=\"_blank\" rel=\"noopener\"><strong>M\u00f4 t\u1ea3 s\u1ea3n ph\u1ea9m M\u00c1Y H\u00daT M\u00d9I CANZY CZ SB07E<\/strong><\/a><\/h2>\n<p>B\u00ean c\u1ea1nh y\u1ebfu t\u1ed1 th\u1ea9m m\u1ef9,<a href=\"http:\/\/tannoithat.com\"><strong>\u00a0Canzy CZ \u2013 sb07e<\/strong><strong>\u00a0<\/strong><\/a>c\u00f2n \u0111\u01b0\u1ee3c trang b\u1ecb c\u00f4ng su\u1ea5t l\u00e0m vi\u1ec7c m\u1ea1nh m\u1ebd. \u0110\u1ed9ng c\u01a1 tuabin \u0111\u00f4i si\u00eau b\u1ec1n nh\u1eb1m t\u1ea1o ra m\u1ed9t c\u00f4ng su\u1ea5t h\u00fat l\u1edbn nh\u1ea5t<a href=\"http:\/\/homeboss.vn\/\" target=\"_blank\" rel=\"noopener\">.<\/a>\u00a0C\u00f4ng su\u1ea5t \u0111\u1ed9ng c\u01a1\u00a0<strong>195W<\/strong>, c\u00f4ng su\u1ea5t h\u00fat c\u1ef1c m\u1ea1nh\u00a0<strong>1200m3\/h<\/strong>\u00a0gi\u00fap h\u00fat h\u1ebft c\u00e1c m\u00f9i th\u1ee9c \u0103n l\u00e0m s\u1ea1ch kh\u00f4ng kh\u00ed mang l\u1ea1i cho c\u0103n b\u1ebfp lu\u00f4n th\u00f4ng tho\u00e1ng<a href=\"http:\/\/homeboss.vn\/\" target=\"_blank\" rel=\"noopener\">.<\/a>\u00a0So v\u1edbi c\u00e1c d\u00f2ng h\u00fat m\u00f9i c\u00f3 m\u1eb7t tr\u00ean th\u1ecb tr\u01b0\u1eddng,\u00a0<a href=\"https:\/\/tannoithat.com\/index.php\/product-category\/thiet-bi-nha-bep\/\"><b>Canzy<\/b><\/a>\u00a0t\u1ef1 h\u00e0o mang \u0111\u1ebfn c\u00f4ng ngh\u1ec7 \u0111\u1ed9t ph\u00e1 gi\u1ea3m thi\u1ec3u t\u1ed1i \u0111a \u0111\u1ed9 \u1ed3n v\u00e0 c\u00f4ng su\u1ea5t h\u00fat c\u1ef1c m\u1ea1nh, l\u00e0m s\u1ea1ch kh\u00f4ng kh\u00ed m\u1ed9t c\u00e1ch nhanh ch\u00f3ng<a href=\"http:\/\/homeboss.vn\/\" target=\"_blank\" rel=\"noopener\">,<\/a>\u00a0lo\u1ea1i b\u1ecf m\u00f9i h\u00f4i, d\u1ea7u m\u1ee1<a href=\"http:\/\/homeboss.vn\/\" target=\"_blank\" rel=\"noopener\">,<\/a>\u00a0kh\u00f3i t\u1ea1o ra trong qu\u00e1 tr\u00ecnh n\u1ea5u n\u01b0\u1edbng.<\/p>\n<h3><strong>T\u00ednh n\u0103ng s\u1ea3n ph\u1ea9m M\u00c1Y H\u00daT M\u00d9I CANZY CZ SB07E<\/strong><\/h3>\n<p>S\u1ef1 ti\u1ec7n l\u1ee3i c\u1ee7a h\u00fat m\u00f9i\u00a0<a href=\"https:\/\/tannoithat.com\/index.php\/anh\/\"><strong>Canzy CZ \u2013 SB07E<\/strong><\/a>\u00a0c\u00f2n \u0111\u1ebfn t\u1eeb t\u00ednh n\u0103ng \u0111i\u1ec1u ch\u1ec9nh c\u00f4ng su\u1ea5t h\u00fat linh ho\u1ea1t, v\u1edbi\u00a0<strong>3<\/strong>\u00a0m\u1ee9c c\u00f4ng su\u1ea5t h\u00fat gi\u00fap m\u00e1y ho\u1ea1t \u0111\u1ed9ng hi\u1ec7u qu\u1ea3 trong m\u1ecdi tr\u01b0\u1eddng h\u1ee3p. Kh\u00f4ng kh\u00ed trong nh\u00e0 b\u1ebfp lu\u00f4n \u0111\u01b0\u1ee3c gi\u1eef trong l\u00e0nh, t\u1ea1o c\u1ea3m gi\u00e1c tho\u1ea3i m\u00e1i trong m\u1ed7i l\u1ea7n v\u00e0o b\u1ebfp. Ng\u01b0\u1eddi s\u1eed d\u1ee5ng th\u01b0\u1eddng lo l\u1eafng \u0111\u1ebfn vi\u1ec7c h\u00fat m\u00f9i g\u00e2y ti\u1ebfng \u1ed3n trong qu\u00e1 tr\u00ecnh ho\u1ea1t \u0111\u1ed9ng. Nh\u01b0ng v\u1edbi<a href=\"https:\/\/tannoithat.com\/index.php\/anh\/\">\u00a0h\u00fat m\u00f9i Canzy CZ \u2013 SB07E<\/a>\u00a0th\u00ec kh\u00e1c, m\u1ee9c \u0111\u1ed9 \u1ed3n \u0111\u01b0\u1ee3c \u0111\u1ec3 \u1edf m\u1ee9c cho ph\u00e9p nh\u1ecf h\u01a1n\u00a0<strong>45 dB<\/strong>. Khi d\u00f9ng h\u00fat m\u00f9i \u00eam nh\u1eb9<a href=\"http:\/\/homeboss.vn\/\" target=\"_blank\" rel=\"noopener\">,<\/a>\u00a0kh\u00f4ng \u1ea3nh h\u01b0\u1edfng \u0111\u1ebfn nh\u1eefng sinh ho\u1ea1t h\u00e0ng ng\u00e0y c\u1ee7a c\u1ea3 gia \u0111\u00ecnh.<\/p>\n<p>\u0110\u00e8n Led chi\u1ebfu s\u00e1ng cung c\u1ea5p \u0111\u1ee7 \u00e1nh s\u00e1ng khi n\u1ea5u n\u01b0\u1edbng, ti\u1ebft ki\u1ec7m n\u0103ng l\u01b0\u1ee3ng nh\u01b0ng v\u1eabn mang \u0111\u1ebfn hi\u1ec7u qu\u1ea3 cao.<\/p>\n<p><strong>L\u01b0u \u00fd khi s\u1eed d\u1ee5ng:M\u00c1Y H\u00daT M\u00d9I CANZY CZ SB07E<\/strong><\/p>\n<p>\u0110\u1ec3 n\u00e2ng cao hi\u1ec7u su\u1ea5t h\u00fat c\u1ee7a m\u00e1y h\u00fat m\u00f9i khi s\u1eed d\u1ee5ng b\u1ea1n c\u1ea7n l\u01b0u \u00fd nh\u1eefng \u0111i\u1ec1u sau \u0111\u00e2y:<\/p>\n<p>\u0110\u1ed1i v\u1edbi nh\u1eefng chi\u1ebfc m\u00e1y h\u00fat m\u00f9i s\u1eed d\u1ee5ng than ho\u1ea1t t\u00ednh, b\u1ea1n n\u00ean thay than t\u1eeb 6 th\u00e1ng \u0111\u1ebfn 1 n\u0103m m\u1ed9t l\u1ea7n \u0111\u1ec3 \u0111\u1ea3m b\u1ea3o hi\u1ec7u qu\u1ea3 kh\u1eed m\u00f9i.<\/p>\n<p>Lu\u00f4n lau ch\u00f9i m\u00e1y b\u1eb1ng gi\u1ebb m\u1ec1m, c\u00f3 ch\u1ea5t t\u1ea9y r\u1eeda.<\/p>\n<p>Kh\u00f4ng s\u1eed d\u1ee5ng m\u00e1y khi ngu\u1ed3n \u0111i\u1ec7n ch\u1eadp ch\u1eddn.<\/p>\n<p>\u0110\u1ec3 tr\u00e1nh g\u00e2y h\u1ea1n \u0111\u1ebfn \u0111\u1ed9ng c\u01a1 b\u00ean trong m\u00e1y b\u1ea1n kh\u00f4ng n\u00ean \u0111\u1ec3 n\u01b0\u1edbc ho\u1eb7c v\u1eadt\u00a0c\u1ee9ng l\u1ecdt v\u00e0o trong m\u00e1y.<\/p>\n<p>\u0110\u1eb7c bi\u1ec7t \u0111\u1ec3 ti\u1ebft ki\u1ec7m \u0111i\u1ec7n v\u00e0 t\u0103ng tu\u1ed5i th\u1ecd cho m\u00e1y h\u01a1n h\u1ebft b\u1ea1n n\u00ean s\u1eed d\u1ee5ng \u0111\u00fang t\u1ed1c \u0111\u1ed9 c\u1ee7a m\u00e1y, kh\u00f4ng n\u00ean l\u1ea1m d\u1ee5ng t\u1ed1c \u0111\u1ed9 cao nh\u1ea5t t\u1ee9c \u0111\u1ed1i v\u1edbi nh\u1eefng m\u00f3n \u0103n kh\u00f4ng ch\u1ee9a d\u1ea7u m\u1ee1 nh\u01b0 c\u00e1c m\u00f3n lu\u1ed9c b\u1ea1n ch\u1ec9 c\u1ea7n \u0111\u1ec3 m\u00e1y \u1edf m\u1ee9c c\u00f4ng su\u1ea5t th\u1ea5p, v\u1edbi nh\u1eefng m\u00f3n ch\u1ee9a nhi\u1ec1u d\u1ea7u m\u1ee1 nh\u01b0 : chi\u00ean, x\u00e0o , r\u00e1n ho\u1eb7c nh\u1eefng m\u00f3n n\u1eb7ng m\u00f9i nh\u01b0 gi\u1ea3 c\u00e0y th\u00ec b\u1ea1n m\u1edbi c\u1ea7n s\u1eed d\u1ee5ng m\u00e1y h\u00fat m\u00f9i \u1edf c\u1ea5p \u0111\u1ed9 cao.<\/p>\n<p>T\u1ea7m 2 th\u00e1ng b\u1ea1n n\u00ean v\u1ec7 sinh l\u01b0\u1edbi l\u1ecdc 1 l\u1ea7n. N\u00ean b\u1ea3o d\u01b0\u1ee1ng m\u00e1y 12 th\u00e1ng 1 l\u1ea7n c\u0169ng l\u00e0 c\u00e1ch \u0111\u1ec3 m\u00e1y ho\u1ea1t \u0111\u1ed9ng t\u1ed1t h\u01a1n.<\/p>\n<h4><strong><a href=\"https:\/\/tannoithat.com\/index.php\/video\/\">M\u00e1y h\u00fat m\u00f9i Canzy CZ \u2013 SB07E\u00a0<\/a>c\u00f3 nh\u1eefng t\u00ednh n\u0103ng sau:<\/strong><u><\/u><\/h4>\n<p><em>M\u00e1y h\u00fat m\u00f9i Canzy<\/em><em>\u00a0d\u1ea1ng k\u00ednh cong 70cm<\/em><br \/>\nXu\u1ea5t x\u1ee9: Ch\u00ednh h\u00e3ng<br \/>\nPh\u00edm \u0111i\u1ec1u khi\u1ec3n n\u00fat b\u1ea5m c\u01a1 3 t\u1ed1c \u0111\u1ed9<br \/>\nC\u00f4ng su\u1ea5t d\u1ed9ng c\u01a1 195W<br \/>\nC\u00f4ng su\u1ea5t hut 1200m\u00b3\/h<br \/>\n\u0110\u1ed9 \u1ed3n &lt;45dB<br \/>\n\u0110\u00e8n led chi\u1ebfu s\u00e1ng<br \/>\n\u0110\u1ed9ng c\u01a1 tuabin si\u00eau b\u1ec1n<br \/>\nL\u01b0\u1edbi l\u1ecdc b\u1eb1ng Aluminim 5 l\u1edbp c\u00f3 th\u1ec3 th\u00e1o r\u1eddi<br \/>\nCh\u1ea5t li\u1ec7u th\u00e2n m\u00e1y : Inox cao c\u1ea5p v\u00e0 k\u00ednh c\u01b0\u1eddng l\u1ef1c<br \/>\nT\u00ednh n\u0103ng l\u1ecdc kh\u00f4ng kh\u00ed<br \/>\nOption: l\u1ecdc than ho\u1ea1t t\u00ednh<br \/>\nK\u00edch th\u01b0\u1edbc \u1ed1ng d\u1eabn 150mm<br \/>\nK\u00edch th\u01b0\u1edbc m\u00e1y h\u00fat m\u00f9i (d\u00e0i x s\u00e2u x cao) : W700 x D500 x H(500-880) mm<\/p>\n<h4><strong>K\u1ebft c\u1ea5u s\u1ea3n ph\u1ea9m c\u1ee7a\u00a0<\/strong><strong>m\u00e1y\u00a0<a href=\"http:\/\/homeboss.vn\/san-pham\/may-hut-mui-canzy-cz-sb07e\" target=\"_blank\" rel=\"noopener\">h\u00fat m\u00f9<\/a>i\u00a0<a href=\"https:\/\/tannoithat.com\/index.php\/product\/may-hut-mui-canzy-cz-kt70\/\">Canzy CZ \u2013 SB07E<\/a><\/strong><\/h4>\n<p><strong>Thi\u1ebft k\u1ebf m\u1eb7t k\u00ednh<\/strong>:\u00a0 M\u1eb7t k\u00ednh c\u01b0\u1eddng l\u1ef1c s\u00e1ng b\u00f3ng, si\u00eau b\u1ec1n, ch\u1ed1ng x\u01b0\u1edbc, ch\u1ecbu \u0111\u01b0\u1ee3c nhi\u1ec7t \u0111\u1ed9 cao.<\/p>\n<p><strong>M\u00e0n h\u00ecnh \u0111i\u1ec1u khi\u1ec3n<\/strong>\u00a0ph\u00edm b\u1ea5m c\u01a1<\/p>\n<p><strong>L\u01b0\u1edbi l\u1ecdc:\u00a0<\/strong>\u00a02 l\u01b0\u1edbi l\u1ecdc d\u1ea7u m\u1ee1 b\u1eb1ng Aluminum. L\u01b0\u1edbi l\u1ecdc carbon ho\u1ea1t t\u00ednh<\/p>\n<p><strong>K\u1ebft c\u1ea5u th\u00e2n v\u1ecf<\/strong>: Inox cao c\u1ea5p s\u00e1ng b\u00f3ng, ch\u1ed1ng d\u00f2 \u0111i\u1ec7n, an to\u00e0n tuy\u1ec7t \u0111\u1ed1i trong m\u00f4i tr\u01b0\u1eddng n\u00f3ng \u1ea9m<\/p>\n<p><strong>M\u00e0u s\u1eafc:<\/strong>\u00a0 B\u1ea1c<\/p>\n<h4><strong>Th\u00f4ng s\u1ed1 k\u1ef9 thu\u1eadt c\u1ee7a\u00a0<\/strong><a href=\"https:\/\/tannoithat.com\/index.php\/2023\/12\/24\/review-tu-bep-acrylic-sau-khi-hoan-thanh-cong-trinh-tai-nam-dinh\/\"><strong>m\u00e1y h\u00fat m\u00f9i Canzy CZ \u2013 SB07E<\/strong><\/a><\/h4>\n<ul>\n<li>Ngu\u1ed3n \u0111i\u1ec7n: 220V\/50Hz<\/li>\n<li>C\u00f4ng su\u1ea5t \u0111\u1ecbnh m\u1ee9c: 195W<\/li>\n<li>T\u1ed1c \u0111\u1ed9 h\u00fat: 1200m3\/h<\/li>\n<li>\u0110\u1ed9 \u1ed3n d\u01b0\u1edbi 45db<\/li>\n<li>C\u00f4ng su\u1ea5t \u0111\u00e8n LED: 2 x 1.5W<\/li>\n<li>K\u00edch th\u01b0\u1edbc s\u1ea3n ph\u1ea9m: W700 x D500 x H(500-880) mm<\/li>\n<li>K\u00edch th\u01b0\u1edbc \u1ed1ng kh\u00f3i: W290 x D270mm<\/li>\n<\/ul>\n<h4><strong>K\u00edch th\u01b0\u1edbc l\u1eafp \u0111\u1eb7t c\u1ee7a\u00a0<\/strong><strong>m\u00e1y h\u00fat m\u00f9i\u00a0<a href=\"http:\/\/tannoithat.com\">Canzy CZ \u2013 SB07E<\/a><\/strong><\/h4>\n<p><img decoding=\"async\" class=\"alignnone wp-image-332 size-full\" src=\"https:\/\/tannoithat.com\/wp-content\/uploads\/2023\/12\/Screenshot_12.png\" alt=\"\" width=\"578\" height=\"385\" srcset=\"https:\/\/tannoithat.com\/wp-content\/uploads\/2023\/12\/Screenshot_12.png 578w, https:\/\/tannoithat.com\/wp-content\/uploads\/2023\/12\/Screenshot_12-300x200.png 300w\" sizes=\"(max-width: 578px) 100vw, 578px\" \/><\/p>\n","protected":false},"excerpt":{"rendered":"<p><span style=\"color: #ff0000;\"><a style=\"color: #ff0000;\" href=\"https:\/\/tannoithat.com\/index.php\/product-category\/thiet-bi-nha-bep-2\/thiet-bi-nha-bep\/may-hut-mui\/\">M\u00c1Y H\u00daT M\u00d9I CANZY CZ SB07E<\/a><\/span><\/p>\n<ul>\n<li>M\u00e1y h\u00fat m\u00f9i k\u00ednh cong<\/li>\n<li>C\u00f4ng su\u1ea5t:\u00a0<strong>1.200m3\/h<\/strong><\/li>\n<li>\u0110\u1ed9 \u1ed3n: &lt;<strong>45dbA<\/strong><\/li>\n<li>\u0110i\u1ec1u khi\u1ec3n ph\u00edm b\u1ea5m<\/li>\n<li>T\u00ednh n\u0103ng h\u1eb9n gi\u1edd, c\u1ed1c l\u1ecdc m\u1ee1<\/li>\n<li>L\u01b0\u1edbi l\u1ecdc: Thanh inox d\u1ec5 d\u00e0ng v\u1ec7 sinh<\/li>\n<li>B\u1ea3o h\u00e0nh: 3 n\u0103m ch\u00ednh h\u00e3ng t\u1ea1i nh\u00e0Th\u01b0\u01a1ng hi\u1ec7u:\u00a0 \u00a0 \u00a0 \u00a0 \u00a0 \u00a0 \u00a0 \u00a0 \u00a0 \u00a0 \u00a0 \u00a0 \u00a0\u00a0<strong>\u00a0Canzy<\/strong>Xu\u1ea5t x\u1ee9:\u00a0 \u00a0 \u00a0 \u00a0 \u00a0 \u00a0 \u00a0 \u00a0 \u00a0 \u00a0 \u00a0 \u00a0 \u00a0 \u00a0 \u00a0 \u00a0 \u00a0\u00a0<strong>\u00a0 Ch\u00ednh h\u00e3ng<\/strong>C\u00f4ng su\u1ea5t h\u00fat:\u00a0 \u00a0 \u00a0 \u00a0 \u00a0 \u00a0 \u00a0 \u00a0 \u00a0 \u00a0 \u00a0\u00a0<strong>\u00a0 \u00a01200 m\u00b3\/h<\/strong>\n<p>K\u00edch th\u01b0\u1edbc:\u00a0 \u00a0 \u00a0 \u00a0 \u00a0 \u00a0 \u00a0 \u00a0 \u00a0 \u00a0 \u00a0 \u00a0 \u00a0 \u00a0 \u00a0\u00a0<strong>\u00a0700 mm<\/strong><\/p>\n<p>\u0110\u1ed9 \u1ed3n:\u00a0 \u00a0 \u00a0 \u00a0 \u00a0 \u00a0 \u00a0 \u00a0 \u00a0 \u00a0 \u00a0 \u00a0 \u00a0 \u00a0 \u00a0 \u00a0 \u00a0 \u00a0 \u00a0 \u00a0\u00a0<strong>45 Db<\/strong><\/p>\n<p>C\u1ea5p \u0111\u1ed9 h\u00fat:\u00a0 \u00a0 \u00a0 \u00a0 \u00a0 \u00a0 \u00a0 \u00a0 \u00a0 \u00a0 \u00a0 \u00a0 \u00a0 \u00a0 \u00a0\u00a0<strong>\u00a03\u00a0c\u1ea5p<\/strong><\/p>\n<p>B\u1ea3o h\u00e0nh:\u00a0 \u00a0 \u00a0 \u00a0 \u00a0 \u00a0 \u00a0 \u00a0 \u00a0 \u00a0 \u00a0 \u00a0 \u00a0 \u00a0 \u00a0 \u00a0 \u00a0<strong>\u00a03 n\u0103m<\/strong><\/li>\n<\/ul>\n","protected":false},"featured_media":331,"comment_status":"open","ping_status":"closed","template":"","meta":{"_eb_attr":""},"product_cat":[128,86,249],"product_tag":[140],"_links":{"self":[{"href":"https:\/\/tannoithat.com\/index.php\/wp-json\/wp\/v2\/product\/330"}],"collection":[{"href":"https:\/\/tannoithat.com\/index.php\/wp-json\/wp\/v2\/product"}],"about":[{"href":"https:\/\/tannoithat.com\/index.php\/wp-json\/wp\/v2\/types\/product"}],"replies":[{"embeddable":true,"href":"https:\/\/tannoithat.com\/index.php\/wp-json\/wp\/v2\/comments?post=330"}],"wp:featuredmedia":[{"embeddable":true,"href":"https:\/\/tannoithat.com\/index.php\/wp-json\/wp\/v2\/media\/331"}],"wp:attachment":[{"href":"https:\/\/tannoithat.com\/index.php\/wp-json\/wp\/v2\/media?parent=330"}],"wp:term":[{"taxonomy":"product_cat","embeddable":true,"href":"https:\/\/tannoithat.com\/index.php\/wp-json\/wp\/v2\/product_cat?post=330"},{"taxonomy":"product_tag","embeddable":true,"href":"https:\/\/tannoithat.com\/index.php\/wp-json\/wp\/v2\/product_tag?post=330"}],"curies":[{"name":"wp","href":"https:\/\/api.w.org\/{rel}","templated":true}]}}