{"id":349,"date":"2023-12-25T10:09:13","date_gmt":"2023-12-25T03:09:13","guid":{"rendered":"https:\/\/tannoithat.com\/?post_type=product&#038;p=349"},"modified":"2024-01-21T10:35:15","modified_gmt":"2024-01-21T03:35:15","slug":"bep-tu-doi-lorca-lci-899-plus","status":"publish","type":"product","link":"https:\/\/tannoithat.com\/index.php\/product\/bep-tu-doi-lorca-lci-899-plus\/","title":{"rendered":"B\u1ebfp t\u1eeb \u0111\u00f4i Lorca LCI-899 PLUS"},"content":{"rendered":"\n\n<div class=\"kk-star-ratings kksr-auto kksr-align-left kksr-valign-top\"\n    data-payload='{&quot;align&quot;:&quot;left&quot;,&quot;id&quot;:&quot;349&quot;,&quot;slug&quot;:&quot;default&quot;,&quot;valign&quot;:&quot;top&quot;,&quot;ignore&quot;:&quot;&quot;,&quot;reference&quot;:&quot;auto&quot;,&quot;class&quot;:&quot;&quot;,&quot;count&quot;:&quot;0&quot;,&quot;legendonly&quot;:&quot;&quot;,&quot;readonly&quot;:&quot;&quot;,&quot;score&quot;:&quot;0&quot;,&quot;starsonly&quot;:&quot;&quot;,&quot;best&quot;:&quot;5&quot;,&quot;gap&quot;:&quot;5&quot;,&quot;greet&quot;:&quot;Rate this product&quot;,&quot;legend&quot;:&quot;0\\\/5 - (0 b\u00ecnh ch\u1ecdn)&quot;,&quot;size&quot;:&quot;24&quot;,&quot;title&quot;:&quot;B\u1ebfp t\u1eeb \u0111\u00f4i Lorca LCI-899 PLUS&quot;,&quot;width&quot;:&quot;0&quot;,&quot;_legend&quot;:&quot;{score}\\\/{best} - ({count} {votes})&quot;,&quot;font_factor&quot;:&quot;1.25&quot;}'>\n            \n<div class=\"kksr-stars\">\n    \n<div class=\"kksr-stars-inactive\">\n            <div class=\"kksr-star\" data-star=\"1\" style=\"padding-right: 5px\">\n            \n\n<div class=\"kksr-icon\" style=\"width: 24px; height: 24px;\"><\/div>\n        <\/div>\n            <div class=\"kksr-star\" data-star=\"2\" style=\"padding-right: 5px\">\n            \n\n<div class=\"kksr-icon\" style=\"width: 24px; height: 24px;\"><\/div>\n        <\/div>\n            <div class=\"kksr-star\" data-star=\"3\" style=\"padding-right: 5px\">\n            \n\n<div class=\"kksr-icon\" style=\"width: 24px; height: 24px;\"><\/div>\n        <\/div>\n            <div class=\"kksr-star\" data-star=\"4\" style=\"padding-right: 5px\">\n            \n\n<div class=\"kksr-icon\" style=\"width: 24px; height: 24px;\"><\/div>\n        <\/div>\n            <div class=\"kksr-star\" data-star=\"5\" style=\"padding-right: 5px\">\n            \n\n<div class=\"kksr-icon\" style=\"width: 24px; height: 24px;\"><\/div>\n        <\/div>\n    <\/div>\n    \n<div class=\"kksr-stars-active\" style=\"width: 0px;\">\n            <div class=\"kksr-star\" style=\"padding-right: 5px\">\n            \n\n<div class=\"kksr-icon\" style=\"width: 24px; height: 24px;\"><\/div>\n        <\/div>\n            <div class=\"kksr-star\" style=\"padding-right: 5px\">\n            \n\n<div class=\"kksr-icon\" style=\"width: 24px; height: 24px;\"><\/div>\n        <\/div>\n            <div class=\"kksr-star\" style=\"padding-right: 5px\">\n            \n\n<div class=\"kksr-icon\" style=\"width: 24px; height: 24px;\"><\/div>\n        <\/div>\n            <div class=\"kksr-star\" style=\"padding-right: 5px\">\n            \n\n<div class=\"kksr-icon\" style=\"width: 24px; height: 24px;\"><\/div>\n        <\/div>\n            <div class=\"kksr-star\" style=\"padding-right: 5px\">\n            \n\n<div class=\"kksr-icon\" style=\"width: 24px; height: 24px;\"><\/div>\n        <\/div>\n    <\/div>\n<\/div>\n                \n\n<div class=\"kksr-legend\" style=\"font-size: 19.2px;\">\n            <span class=\"kksr-muted\">Rate this product<\/span>\n    <\/div>\n    <\/div>\n<h2><a href=\"https:\/\/tannoithat.com\/index.php\/product-category\/thiet-bi-nha-bep-2\/thiet-bi-nha-bep\/may-hut-mui\/\">B\u1ebfp t\u1eeb \u0111\u00f4i Lorca LCI-899 PLUS<\/a><\/h2>\n<p><span style=\"color: #ffff00;\">B\u1ebeP T\u1eea LORCA LCI-899 PLUS | LINH KI\u1ec6N E.G.O NH\u1eacP KH\u1ea8U T\u1eea CHLB \u0110\u1ee8C | THI\u1ebeT K\u1ebe SANG TR\u1eccNG | H\u1ec6 \u0110I\u1ec0U KHI\u1ec2N C\u1ea2M \u1ee8NG SLIDER CONTROL SI\u00caU NH\u1ea0Y | AN TO\u00c0N, B\u1ec0N B\u1ec8 V\u00c0 TI\u1ebeT KI\u1ec6M \u0110I\u1ec6N N\u0102NG<\/span><\/p>\n<p><a href=\"https:\/\/tannoithat.com\/index.php\/product\/bep-tu-canzy-cz-ic388i\/\">B\u1ebfp t\u1eeb Lorca LCI-899 Plus<\/a>\u00a0s\u1eed d\u1ee5ng m\u1eb7t k\u00ednh\u00a0<strong>Euro Platinum<\/strong>\u00a0c\u00f3 kh\u1ea3 n\u0103ng ch\u1ecbu nhi\u1ec7t l\u00ean \u0111\u1ebfn 1000\u00b0C, kh\u00e1ng s\u1ed1c 750\u00b0C. B\u1ec1 m\u1eb7t k\u00ednh ch\u1ecbu n\u00f3ng l\u1ea1nh c\u0169ng nh\u01b0 s\u1ef1 thay \u0111\u1ed5i \u0111\u1ed9t ng\u1ed9t c\u1ee7a nhi\u1ec7t \u0111\u1ed9. \u0110\u1ed9 gi\u00e3n n\u1edf v\u00ec nhi\u1ec7t th\u1ea5p n\u00ean b\u1ebfp ho\u1ea1t \u0111\u1ed9ng r\u1ea5t hi\u1ec7u qu\u1ea3 v\u00e0 c\u00e1ch nhi\u1ec7t.\u00a0M\u1eb7t b\u1ebfp t\u1ea3n nhi\u1ec7t nhanh v\u00e0 \u0111\u01b0\u1ee3c c\u00e1ch \u0111i\u1ec7n an to\u00e0n v\u1edbi c\u00e1c linh ki\u1ec7n \u0111i\u1ec7n t\u1eed b\u00ean trong th\u00e2n. B\u1ea1n c\u00f3 th\u1ec3 y\u00ean t\u00e2m s\u1eed d\u1ee5ng m\u00e0 kh\u00f4ng lo b\u1ecb b\u1ecfng hay \u0111i\u1ec7n gi\u1eadt.<\/p>\n<p>\u0110\u00e2y l\u00e0 m\u1eb7t k\u00ednh chuy\u00ean d\u1ee5ng d\u00e0nh cho b\u1ebfp \u0111i\u1ec7n t\u1eeb, l\u00e0 m\u1ed9t lo\u1ea1i k\u00ednh c\u00f3 ch\u1ea5t l\u01b0\u1ee3ng cao, r\u1ea5t c\u1ee9ng, b\u1ec1n v\u00e0 c\u00f3 nhi\u1ec1u \u0111\u1eb7c \u0111i\u1ec3m n\u1ed5i tr\u1ed9i nh\u01b0: kh\u1ea3 n\u0103ng ch\u1ecbu nhi\u1ec7t, kh\u1ea3 n\u0103ng ch\u1ed1ng tr\u1ea7y x\u01b0\u1edbc v\u00e0 ch\u1ed1ng va \u0111\u1eadp &#8230;. M\u1eb7t k\u00ednh g\u1ed3m c\u00e1c th\u1ea5u k\u00ednh h\u1ed9i t\u1ee5, truy\u1ec1n nhi\u1ec7t t\u1eeb b\u1ebfp l\u00ean \u0111\u00e1y n\u1ed3i theo ph\u01b0\u01a1ng th\u1eb3ng \u0111\u1ee9ng, kh\u00f4ng th\u1ea5t tho\u00e1t nhi\u1ec7t ra m\u00f4i tr\u01b0\u1eddng. M\u1eb7t k\u00ednh m\u00e0u x\u00e1m li\u1ec1n nguy\u00ean kh\u1ed1i, an to\u00e0n, th\u1ea9m m\u1ef9 v\u00e0 ti\u1ec7n trong vi\u1ec7c v\u1ec7 sinh, lau ch\u00f9i.<\/p>\n<p>&nbsp;<\/p>\n<div id=\"attachment_350\" style=\"width: 2010px\" class=\"wp-caption alignnone\"><img fetchpriority=\"high\" decoding=\"async\" aria-describedby=\"caption-attachment-350\" class=\"size-full wp-image-350\" src=\"https:\/\/tannoithat.com\/wp-content\/uploads\/2023\/12\/bang-dieu-khien-bep-tu-lorca-lci-809p.jpg\" alt=\"Ph\u1ed1i c\u1ea3nh - B\u1ebfp t\u1eeb Lorca LCI-899 Plus\" width=\"2000\" height=\"1359\" srcset=\"https:\/\/tannoithat.com\/wp-content\/uploads\/2023\/12\/bang-dieu-khien-bep-tu-lorca-lci-809p.jpg 2000w, https:\/\/tannoithat.com\/wp-content\/uploads\/2023\/12\/bang-dieu-khien-bep-tu-lorca-lci-809p-300x204.jpg 300w, https:\/\/tannoithat.com\/wp-content\/uploads\/2023\/12\/bang-dieu-khien-bep-tu-lorca-lci-809p-1024x696.jpg 1024w, https:\/\/tannoithat.com\/wp-content\/uploads\/2023\/12\/bang-dieu-khien-bep-tu-lorca-lci-809p-768x522.jpg 768w, https:\/\/tannoithat.com\/wp-content\/uploads\/2023\/12\/bang-dieu-khien-bep-tu-lorca-lci-809p-1536x1044.jpg 1536w, https:\/\/tannoithat.com\/wp-content\/uploads\/2023\/12\/bang-dieu-khien-bep-tu-lorca-lci-809p-600x408.jpg 600w\" sizes=\"(max-width: 2000px) 100vw, 2000px\" \/><p id=\"caption-attachment-350\" class=\"wp-caption-text\"><span style=\"color: #ff0000;\">Ph\u1ed1i c\u1ea3nh &#8211; B\u1ebfp t\u1eeb Lorca LCI-899 Plus<\/span><\/p><\/div>\n<p>B\u1ebfp t\u1eeb\u00a0<a href=\"https:\/\/tannoithat.com\/index.php\/product\/may-hut-mui-canzy-cz-mlh670\/\">Lorca LCI-899 Plus<\/a>\u00a0g\u1ed3m 2 v\u00f9ng n\u1ea5u v\u1edbi t\u1ed5ng c\u00f4ng su\u1ea5t\u00a0<strong>3700W.<\/strong>\u00a0V\u00f9ng n\u1ea5u tr\u00e1i v\u1edbi c\u00f4ng su\u1ea5t l\u00e0\u00a0<strong>2300W<\/strong>\u00a0khi k\u00edch ho\u1ea1t t\u00ednh n\u0103ng n\u1ea5u si\u00eau nhanh Booster c\u00f4ng su\u1ea5t l\u00ean t\u1edbi<strong>\u00a03000W<\/strong>.\u00a0V\u00f9ng n\u1ea5u ph\u1ea3i v\u1edbi c\u00f4ng su\u1ea5t l\u00e0\u00a0<strong>2300W<\/strong>\u00a0khi k\u00edch ho\u1ea1t t\u00ednh n\u0103ng n\u1ea5u si\u00eau nhanh Booster c\u00f4ng su\u1ea5t l\u00ean t\u1edbi<strong>\u00a03000W<\/strong>. Ch\u1ee9c n\u0103ng\u00a0<strong>Booster<\/strong>\u00a0n\u1ea5u si\u00eau nhanh, tuy nhi\u00ean th\u1eddi gian t\u1ed1i \u0111a m\u1eb7c \u0111\u1ecbnh d\u00f9ng ch\u1ee9c n\u0103ng n\u00e0y l\u00e0 10 ph\u00fat\/l\u1ea7n tr\u00e1nh qu\u00e1 t\u1ea3i<\/p>\n<p>B\u1ebfp t\u1eeb\u00a0<a href=\"http:\/\/tannoithat.com\">Lorca LCI-899 Plus<\/a>\u00a0\u0111\u01b0\u1ee3c trang b\u1ecb\u00a0v\u1edbi c\u00f4ng ngh\u1ec7\u00a0<strong>B4 Smart\u00a0Inverter<\/strong>\u00a0th\u00f4ng minh v\u01b0\u1ee3t tr\u1ed9i gi\u00fap l\u00e0m gi\u1ea3m l\u01b0\u1ee3ng ti\u00eau th\u1ee5 \u0111i\u1ec7n c\u1ee7a c\u00e1c s\u1ea3n ph\u1ea9m c\u00f3 s\u1eed d\u1ee5ng l\u00f5i t\u1eeb\u00a0c\u1ee7a b\u1ebfp t\u1eeb. Ngo\u00e0i ra c\u00f4ng ngh\u1ec7\u00a0<strong>B4 Smart\u00a0Inverter<\/strong>\u00a0c\u00f2n\u00a0gi\u00fap b\u1ebfp t\u1eeb \u0111i\u1ec1u ch\u1ec9nh m\u1ee9c c\u00f4ng su\u1ea5t ph\u00f9 h\u1ee3p \u0111\u1ec3 kh\u00f4ng l\u00e0m ti\u00eau th\u1ee5 nhi\u1ec1u \u0111i\u1ec7n n\u0103ng. B\u1ebfp t\u1eeb Lorca\u00a0<a href=\"https:\/\/tannoithat.com\/index.php\/anh\/\">LCI-899 Plus<\/a><strong>\u00a0<\/strong>v\u1edbi c\u1ea3m bi\u1ebfn th\u00f4ng minh s\u1ebd c\u1ed1 \u0111\u1ecbnh c\u00f4ng su\u1ea5t ti\u00eau th\u1ee5 \u0111i\u1ec7n khi \u0111un n\u1ea5u, kh\u00f4ng b\u1eadt t\u1eaft li\u00ean t\u1ee5c nh\u01b0 c\u00e1c b\u1ebfp t\u1eeb th\u00f4ng th\u01b0\u1eddng kh\u00e1c (t\u1ef1 \u0111\u1ed9ng \u0111i\u1ec1u ch\u1ec9nh li\u00ean t\u1ee5c \u0111\u1ec3 \u0111\u1ea3m b\u1ea3o m\u1ee9c nhi\u1ec7t t\u01b0\u01a1ng \u0111\u01b0\u01a1ng b\u1eb1ng v\u1edbi con s\u1ed1 hi\u1ec3n th\u1ecb tr\u00ean b\u00e0n \u0111i\u1ec1u khi\u1ec3n).<\/p>\n<p><a href=\"https:\/\/tannoithat.com\/index.php\/product\/may-hut-mui-canzy-cz-sb07e-cong-suat-1-200m3-h\/\">B\u1ebfp t\u1eeb Lorca LCI-899 Plus<\/a>\u00a0kh\u00f4ng s\u1eed d\u1ee5ng l\u1eeda \u0111\u1ec3 l\u00e0m ch\u00edn th\u1ee9c \u0103n v\u00e0 d\u00f9ng n\u0103ng l\u01b0\u1ee3ng c\u1ea3m \u1ee9ng t\u1eeb, v\u00ec th\u1ebf hi\u1ec7u su\u1ea5t n\u1ea5u \u0111\u1ea1t t\u1edbi 90%, trong khi b\u1ebfp gas ch\u1ec9 \u0111\u1ea1t kho\u1ea3ng 50%. B\u1edfi v\u1eady, s\u1eed d\u1ee5ng b\u1ebfp t\u1eeb n\u00e0y kh\u00f4ng nh\u1eefng gi\u00fap b\u1ea1n ti\u1ebft ki\u1ec7m th\u1eddi gian n\u1ea5u m\u1ed9t n\u1eeda m\u00e0 c\u00f2n ti\u1ebft ki\u1ec7m \u0111i\u1ec7n n\u0103ng, ti\u1ebft ki\u1ec7m chi ph\u00ed h\u00e0ng th\u00e1ng cho gia \u0111\u00ecnh. \u01afu \u0111i\u1ec3m n\u1ed5i b\u1eadt c\u1ee7a b\u1ebfp t\u1eeb l\u00e0 kh\u1ea3 n\u0103ng \u0111un n\u1ea5u c\u1ef1c nhanh v\u1edbi nguy\u00ean l\u00fd ho\u1ea1t \u0111\u1ed9ng c\u1ee7a s\u00f3ng t\u1eeb t\u00e1c \u0111\u1ed9ng vu\u00f4ng g\u00f3c v\u1edbi \u0111\u00e1y n\u1ed3i gi\u00fap ti\u1ebft ki\u1ec7m th\u1eddi gian \u0111un n\u1ea5u \u0111\u1ebfn t\u1ed1i \u0111a.<\/p>\n<p>B\u1ebfp t\u1eeb\u00a0<a href=\"https:\/\/www.youtube.com\/watch?v=C0r2RXSLtHE&amp;t=208s\" target=\"_blank\" rel=\"noopener\">Lorca LCI-899 Plus<\/a>\u00a0\u0111\u01b0\u1ee3c t\u00edch h\u1ee3p ch\u1ee9c n\u0103ng t\u1ef1 nh\u1eadn di\u1ec7n v\u00f9ng n\u1ea5u, khi ta \u0111\u1eb7t n\u1ed3i l\u00ean 1 trong 2 v\u00f9ng n\u1ea5u sau \u0111\u00f3 \u1ea5n n\u00fat kh\u1edfi \u0111\u1ed9ng b\u1ebfp sau th\u1eddi gian 1-2 gi\u00e2y b\u1ebfp s\u1ebd t\u1ef1 \u0111\u1ed9ng t\u00ecm v\u00f9ng n\u1ea5u \u0111\u00e3 c\u00f3 n\u1ed3i, ta ch\u1ec9 vi\u1ec7c \u0111i\u1ec1u ch\u1ec9nh m\u1ee9c c\u00f4ng su\u1ea5t to nh\u1ecf theo \u00fd mu\u1ed1n m\u00e0 kh\u00f4ng ph\u1ea3i thao t\u00e1c ch\u1ecdn v\u00f9ng n\u1ea5u nh\u01b0 b\u1ebfp th\u00f4ng th\u01b0\u1eddng.\u00a0C\u00f4ng ngh\u1ec7\u00a0<strong>B4 Smart\u00a0Inverter<\/strong>\u00a0c\u1ee7a t\u1eadp \u0111o\u00e0n\u00a0<strong>E.G.O<\/strong>\u00a0\u0111\u01b0\u1ee3c \u00e1p d\u1ee5ng tr\u00ean b\u1ebfp t\u1eeb\u00a0Lorca\u00a0<a href=\"https:\/\/tannoithat.com\/index.php\/product\/may-hut-mui-canzy-cz-mlh670\/\">LCI-899 Plus<\/a>\u00a0c\u00f3 kh\u1ea3 n\u0103ng ph\u1ea3n \u1ee9ng thay \u0111\u1ed5i c\u00f4ng su\u1ea5t theo \u0111i\u1ec1u khi\u1ec3n ngay t\u1ee9c th\u00ec, khi ng\u01b0\u1eddi d\u00f9ng \u0111i\u1ec1u ch\u1ec9nh t\u0103ng gi\u1ea3m nhi\u1ec7t \u0111\u1ed9 \u0111un n\u1ea5u, b\u1ebfp \u0111i\u1ec1u ch\u1ec9nh thay \u0111\u1ed5i t\u1ee9c th\u00ec v\u1ec1 m\u1ee9c nhi\u1ec7t \u0111\u1ed9 mong mu\u1ed1n.<\/p>\n<p>B\u1ebfp t\u1eeb Lorca\u00a0<a href=\"https:\/\/tannoithat.com\/index.php\/product\/bep-tu-canzy-cz-ic388i\/\">LCI-899 Plus<\/a>\u00a0s\u1eed d\u1ee5ng b\u1ea3ng \u0111i\u1ec1u khi\u1ec3n c\u1ea3m \u1ee9ng d\u1ea1ng\u00a0<strong>Slider Control<\/strong>\u00a0hi\u1ec7n \u0111\u1ea1i v\u1edbi 9 c\u1ea5p \u0111\u1ed9 c\u00f4ng su\u1ea5t nhi\u1ec7t \u0111\u1ed9 kh\u00e1c nhau, \u0111i\u1ec1u khi\u1ec3n d\u1ec5 d\u00e0ng b\u1eb1ng m\u1ed9t ng\u00f3n tay, m\u1ecdi ch\u01b0\u01a1ng tr\u00ecnh n\u1ea5u \u0111\u1ec1u \u0111\u01b0\u1ee3c hi\u1ec3n th\u1ecb qua \u0111\u00e8n Led s\u1eafc n\u00e9t \u0111\u1ec3 b\u1ea1n \u0111i\u1ec1u ch\u1ec9nh cho ph\u00f9 h\u1ee3p v\u1edbi c\u00e1c m\u00f3n \u0103n. B\u1ebfp c\u00f2n \u0111\u01b0\u1ee3c trang b\u1ecb th\u00eam c\u00e1c t\u00ednh n\u0103ng th\u00f4ng minh nh\u01b0: t\u1ea1m d\u1eebng, h\u00e2m n\u00f3ng v\u00e0 n\u1ea5u th\u00f4ng minh<\/p>\n<p><strong>Ch\u1ee9c n\u0103ng t\u1ea1m d\u1eebng v\u00e0 ghi nh\u1edb ch\u01b0\u01a1ng tr\u00ecnh &#8211; Pause &amp; Recall:<\/strong>\u00a0T\u1ea1m d\u1eebng b\u1ebfp khi \u0111ang \u0111un n\u1ea5u, sau \u0111\u00f3 ta ti\u1ebfp t\u1ee5c \u0111un n\u1ea5u tr\u1edf l\u1ea1i b\u1eb1ng vi\u1ec7c nh\u1ea5n v\u00e0o thanh tr\u01b0\u1ee3t Slider ho\u1eb7c ph\u00edm Pause, b\u1ebfp s\u1ebd ho\u1ea1t \u0111\u1ed9ng tr\u1edf l\u1ea1i \u0111\u00fang c\u00e0i \u0111\u1eb7t tr\u01b0\u1edbc \u0111\u00f3 khi \u0111\u01b0\u1ee3c kh\u1edfi ch\u1ea1y tr\u1edf l\u1ea1i.<\/p>\n<p><strong>T\u00ednh n\u0103ng h\u00e2m n\u00f3ng, \u1ee7 \u1ea5m, r\u00e3 \u0111\u00f4ng th\u1ee9c \u0103n linh ho\u1ea1t &#8211;\u00a0Warming:<\/strong>\u00a0Ch\u1ee9c n\u0103ng \u1ee7 \u1ea5m \u0111\u01b0\u1ee3c l\u1eadp tr\u00ecnh gi\u1eef m\u1ee9c nhi\u1ec7t \u0111\u1ed9 \u1ed5n \u0111\u1ecbnh\u00a0gi\u00fap ch\u00fang ta duy tr\u00ec nhi\u1ec7t cho th\u1ee9c \u0103n lu\u00f4n n\u00f3ng, \u1ea5m m\u00e0 kh\u00f4ng b\u1ecb ngu\u1ed9i \u0111i ph\u1ea3i \u0111un l\u1ea1i nhi\u1ec1u l\u1ea7n l\u00e0m gi\u1ea3m dinh d\u01b0\u1ee1ng trong th\u1ee9c \u0103n, \u0111\u1eb7c bi\u1ec7t v\u1ec1 m\u00f9a \u0111\u00f4ng th\u1eddi ti\u1ebft l\u1ea1nh gi\u00e1.<\/p>\n<p><strong>T\u00ednh n\u0103ng n\u1ea5u th\u00f4ng minh &#8211;\u00a0Heat up time Automatic:<\/strong>\u00a0\u0110\u00e2y l\u00e0 m\u1ed9t t\u00ednh n\u0103ng ninh h\u1ea7m t\u1ef1 \u0111\u1ed9ng\u00a0\u0111\u01b0\u1ee3c t\u00edch h\u1ee3p gi\u00fap b\u1ebfp t\u1ef1 \u0111\u1ed9ng n\u00e2ng c\u00f4ng su\u1ea5t \u0111un n\u1ea5u l\u00ean m\u1ee9c cao nh\u1ea5t (2300W)\u00a0trong kho\u1ea3ng th\u1eddi gian 3 \u0111\u1ebfn 5 ph\u00fat, sau \u0111\u00f3 b\u1ebfp t\u1ef1 \u0111\u1ed9ng chuy\u1ec3n v\u1ec1 ninh h\u1ea7m \u1edf m\u1ee9c c\u00f4ng su\u1ea5t th\u1ea5p h\u01a1n m\u00e0 b\u1ea1n \u0111\u00e3 ch\u1ecdn tr\u01b0\u1edbc \u0111\u00f3.\u00a0V\u1edbi t\u00ednh n\u0103ng n\u00e0y r\u1ea5t ti\u1ec7n d\u1ee5ng khi b\u1ea1n ch\u1ebf bi\u1ebfn c\u00e1c m\u00f3n ninh ho\u1eb7c h\u1ea7m trong c\u00e1c b\u1eefa \u0103n h\u00e0ng ng\u00e0y. B\u1ea1n s\u1ebd ho\u00e0n to\u00e0n r\u1ea3nh tay v\u00ec t\u00ednh n\u0103ng n\u00e0y \u0111\u01b0\u1ee3c th\u1ef1c hi\u1ec7n ch\u1ec9 b\u1eb1ng 1 ph\u00edm \u1ea5n tr\u00ean b\u1ebfp.<\/p>\n<p><strong>C\u00f4ng ngh\u1ec7 s\u00f4i l\u0103n t\u0103n \u1edf m\u1ee9c c\u00f4ng su\u1ea5t th\u1ea5p:<\/strong>\u00a0B\u1ebfp t\u1eeb\u00a0Lorca\u00a0<a href=\"http:\/\/tannoithat.com\">LCI-899 Plus<\/a>\u00a0\u0111\u01b0\u1ee3c \u1ee9ng d\u1ee5ng c\u00f4ng ngh\u1ec7\u00a0<strong>Inverter<\/strong>\u00a0n\u00ean ho\u1ea1t \u0111\u1ed9ng li\u00ean t\u1ee5c \u1edf m\u1ecdi m\u1ee9c c\u00f4ng su\u1ea5t l\u1edbn hay nh\u1ecf. N\u01b0\u1edbc s\u00f4i l\u0103n t\u0103n, liu diu, li\u00ean t\u1ee5c nh\u01b0 b\u1ebfp gas v\u00e0 \u0111i\u1ec1u ch\u1ec9nh \u0111\u01b0\u1ee3c nhi\u1ec7t theo \u00fd mu\u1ed1n v\u1edbi c\u00e1c m\u00f3n \u0103n nh\u01b0: chi\u00ean, r\u00e1n, h\u1ea7m, ninh, n\u1ea5u n\u00ean r\u1ea5t ti\u1ebft ki\u1ec7m \u0111i\u1ec7n thay th\u1ebf ho\u00e0n h\u1ea3o b\u1ebfp gas.<\/p>\n<p>Ph\u1ea7n th\u00e2n v\u1ecf c\u1ee7a\u00a0b\u1ebfp t\u1eeb\u00a0<a href=\"https:\/\/tannoithat.com\/index.php\/product\/may-hut-mui-canzy-cz-sb07e-cong-suat-1-200m3-h\/\">Lorca LCI-899 Plus<\/a>\u00a0s\u1eed d\u1ee5ng ch\u1ea5t li\u1ec7u th\u00e9p ch\u1ed1ng r\u1ec9. \u0110\u00e2y l\u00e0 ch\u1ea5t li\u1ec7u c\u00f3 kh\u1ea3 n\u0103ng ch\u1ed1ng l\u1ea1i qu\u00e1 tr\u00ecnh oxi h\u00f3a v\u00e0 r\u00f2 r\u1ec9 \u0111i\u1ec7n n\u00ean r\u1ea5t an to\u00e0n cho ng\u01b0\u1eddi s\u1eed d\u1ee5ng v\u00e0 th\u00edch h\u1ee3p v\u1edbi kh\u00ed h\u1eadu nhi\u1ec7t \u0111\u1edbi gi\u00f3 m\u00f9a t\u1ea1i Vi\u1ec7t Nam.<\/p>\n<div id=\"attachment_351\" style=\"width: 1755px\" class=\"wp-caption alignnone\"><img decoding=\"async\" aria-describedby=\"caption-attachment-351\" class=\"wp-image-351 size-full\" src=\"https:\/\/tannoithat.com\/wp-content\/uploads\/2023\/12\/bep-tu-lorca-lci-809p-1.jpg\" alt=\"B\u1ebfp t\u1eeb \u0111\u00f4i Lorca LCI-899 PLUS\" width=\"1745\" height=\"996\" srcset=\"https:\/\/tannoithat.com\/wp-content\/uploads\/2023\/12\/bep-tu-lorca-lci-809p-1.jpg 1745w, https:\/\/tannoithat.com\/wp-content\/uploads\/2023\/12\/bep-tu-lorca-lci-809p-1-300x171.jpg 300w, https:\/\/tannoithat.com\/wp-content\/uploads\/2023\/12\/bep-tu-lorca-lci-809p-1-1024x584.jpg 1024w, https:\/\/tannoithat.com\/wp-content\/uploads\/2023\/12\/bep-tu-lorca-lci-809p-1-768x438.jpg 768w, https:\/\/tannoithat.com\/wp-content\/uploads\/2023\/12\/bep-tu-lorca-lci-809p-1-1536x877.jpg 1536w, https:\/\/tannoithat.com\/wp-content\/uploads\/2023\/12\/bep-tu-lorca-lci-809p-1-600x342.jpg 600w\" sizes=\"(max-width: 1745px) 100vw, 1745px\" \/><p id=\"caption-attachment-351\" class=\"wp-caption-text\">B\u1ebfp t\u1eeb \u0111\u00f4i Lorca LCI-899 PLUS<\/p><\/div>\n<h2><a href=\"https:\/\/www.facebook.com\/noithatbeptnt\" target=\"_blank\" rel=\"noopener\"><span style=\"color: #ff0000;\">TH\u00d4NG TIN CHI TI\u1ebeT S\u1ea2N PH\u1ea8M<\/span><\/a><\/h2>\n<h3><span style=\"color: #00ff00;\">T\u00ednh n\u0103ng s\u1ea3n ph\u1ea9m<\/span><\/h3>\n<ul>\n<li>M\u1eb7t k\u00ednh\u00a0<strong>Euro Platinum in ch\u1ea5m bi<\/strong>\u00a0v\u00e1t 4 c\u1ea1nh,\u00a0bo vi\u1ec1n kim lo\u1ea1i cao c\u1ea5p<\/li>\n<li>S\u1eed d\u1ee5ng\u00a0<strong>100%\u00a0linh ki\u1ec7n E.G.O\u00a0&#8211;\u00a0Made in Germany<\/strong><\/li>\n<li>T\u00ednh n\u0103ng n\u1ea5u th\u00f4ng minh\u00a0<strong>Heat up time Automatic<\/strong><\/li>\n<li>T\u00ednh n\u0103ng h\u00e2m n\u00f3ng\u00a0<strong>Warming<\/strong><\/li>\n<li>Ch\u1ee9c n\u0103ng t\u1ea1m d\u1eebng\u00a0<strong>Pause<\/strong><\/li>\n<li>T\u00ednh n\u0103ng t\u1ef1 \u0111\u1ed9ng nh\u1eadn n\u1ed3i<\/li>\n<li>B\u00e0n ph\u00edm \u0111i\u1ec1u khi\u1ec3n tr\u01b0\u1ee3t\u00a0<strong>Slider Control<\/strong>, 9 m\u1ee9c c\u00f4ng su\u1ea5t +<strong>\u00a0Booster<\/strong><\/li>\n<li>H\u1eb9n gi\u1edd \u0111\u1ed9c l\u1eadp cho t\u1eebng v\u00f9ng n\u1ea5u, th\u1eddi gian h\u1eb9n \u0111\u1ebfn\u00a0<strong>9 gi\u1edd\u00a059 ph\u00fat<\/strong><\/li>\n<li>C\u00f4ng ngh\u1ec7\u00a0<strong>B4 Smart Inverter<\/strong>\u00a0ti\u1ebft ki\u1ec7m 35% \u0111i\u1ec7n n\u0103ng<\/li>\n<li>T\u00edch h\u1ee3p c\u00f4ng ngh\u1ec7 s\u00f4i l\u0103n t\u0103n, liu riu \u1edf m\u1ee9c c\u00f4ng su\u1ea5t th\u1ea5p<\/li>\n<\/ul>\n<h3><span style=\"color: #00ff00;\">T\u00ednh n\u0103ng an to\u00e0n<\/span><\/h3>\n<ul>\n<li>C\u1ea3nh b\u00e1o nhi\u1ec7t d\u01b0 v\u00f9ng n\u1ea5u\u00a0<strong>Residual heat<\/strong><\/li>\n<li>T\u1ef1 \u0111\u1ed9ng t\u1eaft b\u1ebfp khi kh\u00f4ng c\u00f3 n\u1ed3i (<strong>Pot detection<\/strong>)<\/li>\n<li>T\u1ef1 \u0111\u1ed9ng t\u1eaft b\u1ebfp khi \u0111\u1ec3 qu\u00ean\u00a0<strong>Automatic switching off<\/strong><\/li>\n<li>H\u1ec7 th\u1ed1ng b\u1ea3o v\u1ec7 an to\u00e0n qu\u00e1 nhi\u1ec7t, qu\u00e1 \u00e1p<\/li>\n<li>T\u00ednh n\u0103ng ch\u1ed1ng tr\u00e0n b\u00e0n ph\u00edm\u00a0<strong>Overflood Protection<\/strong><\/li>\n<li>Kh\u00f3a an to\u00e0n tr\u1ebb em<strong>\u00a0Child Lock<\/strong><\/li>\n<\/ul>\n<h3><span style=\"color: #00ff00;\">Th\u00f4ng s\u1ed1 k\u1ef9 thu\u1eadt<\/span><\/h3>\n<ul>\n<li>\u0110i\u1ec7n \u00e1p: 220-240V\/50Hz<\/li>\n<li>T\u1ed5ng c\u00f4ng su\u1ea5t: 3700W<\/li>\n<li>Ph\u1ea3i: \u00d8230mm &#8211; 2300W &#8211;<strong>\u00a0<\/strong>Booster 3000W<\/li>\n<li>Tr\u00e1i: \u00d8230mm &#8211; 2300W &#8211;\u00a0Booster 3000W<\/li>\n<li>K\u00edch th\u01b0\u1edbc m\u1eb7t k\u00ednh: R750 x S450 xC 60 (mm)<\/li>\n<li>K\u00edch th\u01b0\u1edbc kho\u00e9t \u0111\u00e1: R685\u00a0x S385 (mm)<\/li>\n<\/ul>\n<h2><span style=\"color: #ff0000;\">K\u00cdCH TH\u01af\u1edaC L\u1eaeP \u0110\u1eb6T S\u1ea2N PH\u1ea8M<\/span><\/h2>\n<p><img decoding=\"async\" class=\"alignnone size-full wp-image-352\" src=\"https:\/\/tannoithat.com\/wp-content\/uploads\/2023\/12\/kich-thuoc-bep-tu-lorca-lci-809-plus.jpg\" alt=\"\" width=\"773\" height=\"628\" srcset=\"https:\/\/tannoithat.com\/wp-content\/uploads\/2023\/12\/kich-thuoc-bep-tu-lorca-lci-809-plus.jpg 773w, https:\/\/tannoithat.com\/wp-content\/uploads\/2023\/12\/kich-thuoc-bep-tu-lorca-lci-809-plus-300x244.jpg 300w, https:\/\/tannoithat.com\/wp-content\/uploads\/2023\/12\/kich-thuoc-bep-tu-lorca-lci-809-plus-768x624.jpg 768w, https:\/\/tannoithat.com\/wp-content\/uploads\/2023\/12\/kich-thuoc-bep-tu-lorca-lci-809-plus-600x487.jpg 600w\" sizes=\"(max-width: 773px) 100vw, 773px\" \/><\/p>\n","protected":false},"excerpt":{"rendered":"<table class=\"aligncenter\" style=\"width: 58.0019%; height: 825px;\" border=\"1\" width=\"60%\">\n<tbody>\n<tr>\n<td width=\"31%\">T\u00ean s\u1ea3n ph\u1ea9m<\/td>\n<td width=\"94%\"><strong>B\u1ebfp t\u1eeb LCI-899 PLUS<\/strong><\/td>\n<\/tr>\n<tr>\n<td width=\"31%\">\u00a0Th\u01b0\u01a1ng hi\u1ec7u<\/td>\n<td width=\"94%\"><strong>Lorca<\/strong><\/td>\n<\/tr>\n<tr>\n<td width=\"31%\">\u00a0Xu\u1ea5t x\u1ee9<\/td>\n<td width=\"94%\"><strong>L\u1eafp r\u00e1p v\u00e0 \u0111\u00f3ng g\u00f3i t\u1ea1i Vi\u1ec7t Nam<\/strong><\/td>\n<\/tr>\n<tr>\n<td width=\"31%\">\u00a0Nh\u00e0 s\u1ea3n xu\u1ea5t<\/td>\n<td width=\"94%\"><strong>E.G.O<\/strong>\u00a0<strong>ELEKTRO GERAETE, GERMANY<\/strong><\/p>\n<p>&nbsp;<\/td>\n<\/tr>\n<tr>\n<td width=\"31%\">\u00a0M\u1eb7t k\u00ednh<\/td>\n<td width=\"94%\"><strong>EURO PLATINUM bo vi\u1ec1n kim lo\u1ea1i v\u00e1t c\u1ea1nh<\/strong><\/td>\n<\/tr>\n<tr>\n<td width=\"31%\">\u00a0S\u1ed1 v\u00f9ng n\u1ea5u<\/td>\n<td width=\"94%\"><strong>02<\/strong><\/td>\n<\/tr>\n<tr>\n<td width=\"31%\">\u00a0Ti\u00eau chu\u1ea9n k\u1ef9 thu\u1eadt an to\u00e0n<\/td>\n<td width=\"94%\"><strong>VDE ,EMC, QCVN9<\/strong><\/td>\n<\/tr>\n<tr>\n<td width=\"31%\">\u00a0B\u1ea3ng \u0111i\u1ec1u khi\u1ec3n<\/td>\n<td width=\"94%\"><strong>C\u1ea3m \u1ee9ng Slider 9 m\u1ee9c c\u00f4ng su\u1ea5t<\/strong><\/td>\n<\/tr>\n<tr>\n<td width=\"31%\">\u00a0Ch\u1ee9c n\u0103ng Inverter<\/td>\n<td width=\"94%\"><strong>C\u00f4ng ngh\u1ec7 bi\u1ebfn t\u1ea7n Inverter \u0111un liu riu c\u00f4ng su\u1ea5t th\u1ea5p<\/strong><\/td>\n<\/tr>\n<tr>\n<td width=\"31%\">\u00a0Ch\u1ee9c n\u0103ng t\u1ef1 nh\u1eadn di\u1ec7n\u00a0 v\u00f9ng n\u1ea5u<\/td>\n<td width=\"94%\">C\u00f3<\/td>\n<\/tr>\n<tr>\n<td width=\"31%\">\u00a0Ch\u1ee9c n\u0103ng H\u1eb9n gi\u1edd<\/td>\n<td width=\"94%\"><strong>H\u1eb9n gi\u1edd \u0111\u1ed9c l\u1eadp t\u1eebng v\u00f9ng n\u1ea5u 99 ph\u00fat<\/strong><\/td>\n<\/tr>\n<tr>\n<td width=\"31%\">\u00a0Ch\u1ee9c n\u0103ng H\u00e2m n\u00f3ng<\/td>\n<td width=\"94%\"><strong>Warm bi\u1ebfn t\u1ea7n<\/strong><\/td>\n<\/tr>\n<tr>\n<td width=\"31%\">\u00a0Ch\u1ee9c n\u0103ng T\u1ea1m d\u1eebng<\/td>\n<td width=\"94%\">C\u00f3<\/td>\n<\/tr>\n<tr>\n<td width=\"31%\">\u00a0Kh\u00f3a tr\u1ebb em<\/td>\n<td width=\"94%\">C\u00f3<\/td>\n<\/tr>\n<tr>\n<td width=\"31%\">\u00a0Ch\u1ed1ng tr\u00e0o n\u01b0\u1edbc<\/td>\n<td width=\"94%\">C\u00f3<\/td>\n<\/tr>\n<tr>\n<td>\u00a0Ch\u1ed1ng ch\u00e1y<\/td>\n<td>C\u00f3<\/td>\n<\/tr>\n<tr>\n<td width=\"31%\">\u00a0Ch\u1ee9c n\u0103ng b\u1ea3o v\u1ec7 qu\u00e1 nhi\u1ec7t<\/td>\n<td width=\"94%\">C\u00f3<\/td>\n<\/tr>\n<tr>\n<td width=\"31%\">\u00a0C\u1ea3nh b\u00e1o nhi\u1ec7t d\u01b0<\/td>\n<td width=\"94%\">C\u00f3<\/td>\n<\/tr>\n<tr>\n<td width=\"31%\">\u00a0Lo\u1ea1i n\u1ed3i th\u00edch h\u1ee3p<\/td>\n<td width=\"94%\"><strong>C\u00e1c lo\u1ea1i n\u1ed3i ch\u1ea3o c\u00f3 \u0111\u00e1y nhi\u1ec5m t\u1eeb<\/strong><\/td>\n<\/tr>\n<tr>\n<td width=\"31%\">\u00a0Ch\u1ea5t li\u1ec7u m\u00e2m t\u1eeb<\/td>\n<td width=\"94%\"><strong>\u0110\u1ed3ng<\/strong><\/td>\n<\/tr>\n<tr>\n<td width=\"31%\">\u00a0Chia s\u1ebb c\u00f4ng su\u1ea5t<\/td>\n<td width=\"94%\"><strong>3700W<\/strong><\/td>\n<\/tr>\n<tr>\n<td width=\"31%\">\u00a0C\u00f4ng su\u1ea5t l\u00f2 tr\u00e1i<\/td>\n<td width=\"94%\"><strong>2300W-Booster 3000W<\/strong><\/td>\n<\/tr>\n<tr>\n<td width=\"31%\">\u00a0C\u00f4ng su\u1ea5t l\u00f2 ph\u1ea3i<\/td>\n<td width=\"94%\"><strong>2300W-Booster 3000W<\/strong><\/td>\n<\/tr>\n<tr>\n<td width=\"31%\">\u00a0\u0110i\u1ec7n \u00e1p<\/td>\n<td width=\"94%\">220-240V \/ 50Hz<\/td>\n<\/tr>\n<tr>\n<td width=\"31%\">\u00a0K\u00edch th\u01b0\u1edbc s\u1ea3n ph\u1ea9m<\/td>\n<td width=\"94%\">750x450x60 mm<\/td>\n<\/tr>\n<tr>\n<td width=\"31%\">\u00a0K\u00edch th\u01b0\u1edbc c\u1eaft \u0111\u00e1<\/td>\n<td width=\"94%\">685\u00d7385 mm<\/td>\n<\/tr>\n<\/tbody>\n<\/table>\n","protected":false},"featured_media":353,"comment_status":"open","ping_status":"closed","template":"","meta":{"_eb_attr":""},"product_cat":[124,86,249],"product_tag":[144],"_links":{"self":[{"href":"https:\/\/tannoithat.com\/index.php\/wp-json\/wp\/v2\/product\/349"}],"collection":[{"href":"https:\/\/tannoithat.com\/index.php\/wp-json\/wp\/v2\/product"}],"about":[{"href":"https:\/\/tannoithat.com\/index.php\/wp-json\/wp\/v2\/types\/product"}],"replies":[{"embeddable":true,"href":"https:\/\/tannoithat.com\/index.php\/wp-json\/wp\/v2\/comments?post=349"}],"wp:featuredmedia":[{"embeddable":true,"href":"https:\/\/tannoithat.com\/index.php\/wp-json\/wp\/v2\/media\/353"}],"wp:attachment":[{"href":"https:\/\/tannoithat.com\/index.php\/wp-json\/wp\/v2\/media?parent=349"}],"wp:term":[{"taxonomy":"product_cat","embeddable":true,"href":"https:\/\/tannoithat.com\/index.php\/wp-json\/wp\/v2\/product_cat?post=349"},{"taxonomy":"product_tag","embeddable":true,"href":"https:\/\/tannoithat.com\/index.php\/wp-json\/wp\/v2\/product_tag?post=349"}],"curies":[{"name":"wp","href":"https:\/\/api.w.org\/{rel}","templated":true}]}}