{"id":354,"date":"2023-12-25T10:21:05","date_gmt":"2023-12-25T03:21:05","guid":{"rendered":"https:\/\/tannoithat.com\/?post_type=product&#038;p=354"},"modified":"2024-01-21T10:37:22","modified_gmt":"2024-01-21T03:37:22","slug":"bep-tu-doi-lorca-lci-888s","status":"publish","type":"product","link":"https:\/\/tannoithat.com\/index.php\/product\/bep-tu-doi-lorca-lci-888s\/","title":{"rendered":"B\u1ebfp t\u1eeb \u0111\u00f4i Lorca LCI 888S"},"content":{"rendered":"\n\n<div class=\"kk-star-ratings kksr-auto kksr-align-left kksr-valign-top\"\n    data-payload='{&quot;align&quot;:&quot;left&quot;,&quot;id&quot;:&quot;354&quot;,&quot;slug&quot;:&quot;default&quot;,&quot;valign&quot;:&quot;top&quot;,&quot;ignore&quot;:&quot;&quot;,&quot;reference&quot;:&quot;auto&quot;,&quot;class&quot;:&quot;&quot;,&quot;count&quot;:&quot;0&quot;,&quot;legendonly&quot;:&quot;&quot;,&quot;readonly&quot;:&quot;&quot;,&quot;score&quot;:&quot;0&quot;,&quot;starsonly&quot;:&quot;&quot;,&quot;best&quot;:&quot;5&quot;,&quot;gap&quot;:&quot;5&quot;,&quot;greet&quot;:&quot;Rate this product&quot;,&quot;legend&quot;:&quot;0\\\/5 - (0 b\u00ecnh ch\u1ecdn)&quot;,&quot;size&quot;:&quot;24&quot;,&quot;title&quot;:&quot;B\u1ebfp t\u1eeb \u0111\u00f4i Lorca LCI 888S&quot;,&quot;width&quot;:&quot;0&quot;,&quot;_legend&quot;:&quot;{score}\\\/{best} - ({count} {votes})&quot;,&quot;font_factor&quot;:&quot;1.25&quot;}'>\n            \n<div class=\"kksr-stars\">\n    \n<div class=\"kksr-stars-inactive\">\n            <div class=\"kksr-star\" data-star=\"1\" style=\"padding-right: 5px\">\n            \n\n<div class=\"kksr-icon\" style=\"width: 24px; height: 24px;\"><\/div>\n        <\/div>\n            <div class=\"kksr-star\" data-star=\"2\" style=\"padding-right: 5px\">\n            \n\n<div class=\"kksr-icon\" style=\"width: 24px; height: 24px;\"><\/div>\n        <\/div>\n            <div class=\"kksr-star\" data-star=\"3\" style=\"padding-right: 5px\">\n            \n\n<div class=\"kksr-icon\" style=\"width: 24px; height: 24px;\"><\/div>\n        <\/div>\n            <div class=\"kksr-star\" data-star=\"4\" style=\"padding-right: 5px\">\n            \n\n<div class=\"kksr-icon\" style=\"width: 24px; height: 24px;\"><\/div>\n        <\/div>\n            <div class=\"kksr-star\" data-star=\"5\" style=\"padding-right: 5px\">\n            \n\n<div class=\"kksr-icon\" style=\"width: 24px; height: 24px;\"><\/div>\n        <\/div>\n    <\/div>\n    \n<div class=\"kksr-stars-active\" style=\"width: 0px;\">\n            <div class=\"kksr-star\" style=\"padding-right: 5px\">\n            \n\n<div class=\"kksr-icon\" style=\"width: 24px; height: 24px;\"><\/div>\n        <\/div>\n            <div class=\"kksr-star\" style=\"padding-right: 5px\">\n            \n\n<div class=\"kksr-icon\" style=\"width: 24px; height: 24px;\"><\/div>\n        <\/div>\n            <div class=\"kksr-star\" style=\"padding-right: 5px\">\n            \n\n<div class=\"kksr-icon\" style=\"width: 24px; height: 24px;\"><\/div>\n        <\/div>\n            <div class=\"kksr-star\" style=\"padding-right: 5px\">\n            \n\n<div class=\"kksr-icon\" style=\"width: 24px; height: 24px;\"><\/div>\n        <\/div>\n            <div class=\"kksr-star\" style=\"padding-right: 5px\">\n            \n\n<div class=\"kksr-icon\" style=\"width: 24px; height: 24px;\"><\/div>\n        <\/div>\n    <\/div>\n<\/div>\n                \n\n<div class=\"kksr-legend\" style=\"font-size: 19.2px;\">\n            <span class=\"kksr-muted\">Rate this product<\/span>\n    <\/div>\n    <\/div>\n<h1><a href=\"https:\/\/tannoithat.com\/index.php\/product-category\/thiet-bi-nha-bep-2\/thiet-bi-nha-bep\/may-hut-mui\/\"><strong>B\u1ebfp t\u1eeb \u0111\u00f4i Lorca LCI 888S<\/strong><\/a><\/h1>\n<p><span style=\"color: #ff0000;\"><strong>T\u00cdNH N\u0102NG S\u1ea2N PH\u1ea8M B\u1ebfp t\u1eeb \u0111\u00f4i Lorca LCI 888S<\/strong><\/span><\/p>\n<ul>\n<li>M\u1eb7t k\u00ednh Kanger ch\u1ecbu l\u1ef1c ch\u1ecbu nhi\u1ec7t v\u00e1t c\u1ea1nh<\/li>\n<li>Bo vi\u1ec1n cao c\u1ea5p 4 c\u1ea1nh<\/li>\n<li>Hi\u1ec3n th\u1ecb t\u00edn hi\u1ec7u led \u0111i\u1ec7n t\u1eed<\/li>\n<li>B\u00e0n ph\u00edm \u0111i\u1ec1u khi\u1ec3n tr\u01b0\u1ee3t Slider 10 m\u1ee9c c\u00f4ng su\u1ea5t + booster<\/li>\n<li>H\u1eb9n gi\u1edd \u0111\u1ed9c l\u1eadp cho t\u1eebng v\u00f9ng n\u1ea5u l\u00ean \u0111\u1ebfn 99 ph\u00fat<\/li>\n<li>C\u00f4ng ngh\u1ec7 Inverter h\u00e2m n\u00f3ng<\/li>\n<li>C\u00f4ng ngh\u1ec7 Inverter ti\u1ebft ki\u1ec7m 35% \u0111i\u1ec7n n\u0103ng<\/li>\n<\/ul>\n<p><img fetchpriority=\"high\" decoding=\"async\" class=\"alignnone size-full wp-image-355\" src=\"https:\/\/tannoithat.com\/wp-content\/uploads\/2023\/12\/upweb1-30.jpg\" alt=\"\" width=\"1920\" height=\"1440\" srcset=\"https:\/\/tannoithat.com\/wp-content\/uploads\/2023\/12\/upweb1-30.jpg 1920w, https:\/\/tannoithat.com\/wp-content\/uploads\/2023\/12\/upweb1-30-300x225.jpg 300w, https:\/\/tannoithat.com\/wp-content\/uploads\/2023\/12\/upweb1-30-1024x768.jpg 1024w, https:\/\/tannoithat.com\/wp-content\/uploads\/2023\/12\/upweb1-30-768x576.jpg 768w, https:\/\/tannoithat.com\/wp-content\/uploads\/2023\/12\/upweb1-30-1536x1152.jpg 1536w, https:\/\/tannoithat.com\/wp-content\/uploads\/2023\/12\/upweb1-30-600x450.jpg 600w\" sizes=\"(max-width: 1920px) 100vw, 1920px\" \/><\/p>\n<h2><span style=\"color: #ff0000;\"><strong>T\u00cdNH N\u0102NG AN TO\u00c0N B\u1ebfp t\u1eeb \u0111\u00f4i Lorca LCI 888S<\/strong><\/span><\/h2>\n<ul>\n<li>T\u1ef1 \u0111\u1ed9ng t\u1eaft b\u1ebfp sau 10 gi\u00e2y khi b\u1ecb n\u01b0\u1edbc tr\u00e0n m\u1eb7t k\u00ednh Overflood Protection<\/li>\n<li>C\u1ea3nh b\u00e1o nhi\u1ec7t d\u01b0 v\u00f9ng n\u1ea5u Residual heat<\/li>\n<li>Kho\u00e1 an to\u00e0n tr\u1ebb em Child lock<\/li>\n<li>H\u1ec7 th\u1ed1ng b\u1ea3o v\u1ec7 an to\u00e0n qu\u00e1 nhi\u1ec7t, qu\u00e1 \u00e1p<\/li>\n<li>T\u1ef1 \u0111\u1ed9ng t\u1eaft b\u1ebfp khi kh\u00f4ng c\u00f3 n\u1ed3i (Pot detection)<\/li>\n<li>T\u1ef1 \u0111\u1ed9ng t\u1eaft b\u1ebfp khi \u0111\u1ec3 qu\u00ean Automatic switching off<\/li>\n<\/ul>\n<div id=\"attachment_356\" style=\"width: 1930px\" class=\"wp-caption alignnone\"><img decoding=\"async\" aria-describedby=\"caption-attachment-356\" class=\"wp-image-356 size-full\" src=\"https:\/\/tannoithat.com\/wp-content\/uploads\/2023\/12\/upweb2-29.jpg\" alt=\"B\u1ebfp t\u1eeb \u0111\u00f4i Lorca LCI 888S\" width=\"1920\" height=\"1440\" srcset=\"https:\/\/tannoithat.com\/wp-content\/uploads\/2023\/12\/upweb2-29.jpg 1920w, https:\/\/tannoithat.com\/wp-content\/uploads\/2023\/12\/upweb2-29-300x225.jpg 300w, https:\/\/tannoithat.com\/wp-content\/uploads\/2023\/12\/upweb2-29-1024x768.jpg 1024w, https:\/\/tannoithat.com\/wp-content\/uploads\/2023\/12\/upweb2-29-768x576.jpg 768w, https:\/\/tannoithat.com\/wp-content\/uploads\/2023\/12\/upweb2-29-1536x1152.jpg 1536w, https:\/\/tannoithat.com\/wp-content\/uploads\/2023\/12\/upweb2-29-600x450.jpg 600w\" sizes=\"(max-width: 1920px) 100vw, 1920px\" \/><p id=\"caption-attachment-356\" class=\"wp-caption-text\">B\u1ebfp t\u1eeb \u0111\u00f4i Lorca LCI 888S<\/p><\/div>\n<h3><a href=\"https:\/\/www.facebook.com\/noithatbeptnt\" target=\"_blank\" rel=\"noopener\"><span style=\"color: #ff0000;\"><strong>TH\u00d4NG S\u1ed0 K\u1ef8 THU\u1eacT B\u1ebfp t\u1eeb \u0111\u00f4i Lorca LCI 888S<\/strong><\/span><\/a><\/h3>\n<ul>\n<li>C\u00f4ng su\u1ea5t l\u00f2 tr\u00e1i: 2000W, booster: 2400W<\/li>\n<li>C\u00f4ng su\u1ea5t l\u00f2 ph\u1ea3i: 2000W, booster: 2400W<\/li>\n<li>Voltage(V) Frequency (Hz): 220-240\/50<\/li>\n<li>K\u00edch th\u01b0\u1edbc b\u1ec1 m\u1eb7t: 730\u00d7420 mm<\/li>\n<li>K\u00edch th\u01b0\u1edbc kho\u00e9t \u0111\u00e1: 670x400mm<\/li>\n<li>Xu\u1ea5t x\u1ee9: Malaysia<\/li>\n<\/ul>\n<h4><span style=\"color: #ff0000;\"><strong>XU\u1ea4T X\u1ee8 \u2013 B\u1ea2O H\u00c0NH B\u1ebfp t\u1eeb \u0111\u00f4i Lorca LCI 888S<\/strong><\/span><\/h4>\n<ul>\n<li>H\u00e3ng s\u1ea3n xu\u1ea5t: Lorca T\u00e2y Ban Nha<\/li>\n<li>Xu\u1ea5t x\u1ee9: Malaysia<\/li>\n<li>B\u1ea3o h\u00e0nh: 3 n\u0103m ch\u00ednh h\u00e3ng<\/li>\n<\/ul>\n<p>&nbsp;<\/p>\n","protected":false},"excerpt":{"rendered":"<h1><a href=\"https:\/\/www.facebook.com\/noithatbeptnt\"><span style=\"color: #00ff00;\"> B\u1ebfp t\u1eeb \u0111\u00f4i Lorca LCI 888S<\/span><\/a><\/h1>\n<p><span style=\"color: #00ff00;\">T\u00ean s\u1ea3n ph\u1ea9m: <strong>B\u1ebfp t\u1eeb LCI-888S<\/strong><\/span><\/p>\n<p><span style=\"color: #00ff00;\">\u00a0Th\u01b0\u01a1ng hi\u1ec7u: <strong>Lorca<\/strong><\/span><\/p>\n<p><span style=\"color: #00ff00;\">Xu\u1ea5t x\u1ee9 : <strong>Malaysia<\/strong><\/span><\/p>\n<p><span style=\"color: #00ff00;\">Ch\u1ee9c n\u0103ng Inverter : <strong>C\u00f4ng ngh\u1ec7 Smart Inverter \u0111un liu riu v\u1edbi c\u00f4ng su\u1ea5t th\u1ea5p<\/strong><\/span><\/p>\n<p><span style=\"color: #00ff00;\">Ch\u1ee9c n\u0103ng t\u1ef1 nh\u1eadn di\u1ec7n\u00a0 v\u00f9ng n\u1ea5u : co\u0301<\/span><\/p>\n<p><span style=\"color: #00ff00;\">Ch\u1ee9c n\u0103ng H\u00e2m n\u00f3ng: <b>Warm: 65, 75, 85\u00b0C<\/b><\/span><\/p>\n<p><span style=\"color: #00ff00;\">\u00a0Ch\u1ea5t li\u1ec7u m\u00e2m t\u1eeb: <strong>\u0110\u1ed3ng<\/strong><\/span><\/p>\n<p><span style=\"color: #00ff00;\">C\u00f4ng su\u1ea5t l\u00f2 tr\u00e1i : <strong>2000W-Booster 2400W<\/strong><\/span><\/p>\n<p><span style=\"color: #00ff00;\">C\u00f4ng su\u1ea5t l\u00f2 ph\u1ea3i: <strong>2000W-Booster 2400W<\/strong><\/span><\/p>\n","protected":false},"featured_media":355,"comment_status":"open","ping_status":"closed","template":"","meta":{"_eb_attr":""},"product_cat":[124,86,249],"product_tag":[145],"_links":{"self":[{"href":"https:\/\/tannoithat.com\/index.php\/wp-json\/wp\/v2\/product\/354"}],"collection":[{"href":"https:\/\/tannoithat.com\/index.php\/wp-json\/wp\/v2\/product"}],"about":[{"href":"https:\/\/tannoithat.com\/index.php\/wp-json\/wp\/v2\/types\/product"}],"replies":[{"embeddable":true,"href":"https:\/\/tannoithat.com\/index.php\/wp-json\/wp\/v2\/comments?post=354"}],"wp:featuredmedia":[{"embeddable":true,"href":"https:\/\/tannoithat.com\/index.php\/wp-json\/wp\/v2\/media\/355"}],"wp:attachment":[{"href":"https:\/\/tannoithat.com\/index.php\/wp-json\/wp\/v2\/media?parent=354"}],"wp:term":[{"taxonomy":"product_cat","embeddable":true,"href":"https:\/\/tannoithat.com\/index.php\/wp-json\/wp\/v2\/product_cat?post=354"},{"taxonomy":"product_tag","embeddable":true,"href":"https:\/\/tannoithat.com\/index.php\/wp-json\/wp\/v2\/product_tag?post=354"}],"curies":[{"name":"wp","href":"https:\/\/api.w.org\/{rel}","templated":true}]}}