{"id":357,"date":"2023-12-25T10:41:35","date_gmt":"2023-12-25T03:41:35","guid":{"rendered":"https:\/\/tannoithat.com\/?post_type=product&#038;p=357"},"modified":"2024-05-16T15:43:15","modified_gmt":"2024-05-16T08:43:15","slug":"bep-2-tu-lorca-1008pro","status":"publish","type":"product","link":"https:\/\/tannoithat.com\/index.php\/product\/bep-2-tu-lorca-1008pro\/","title":{"rendered":"B\u1ebfp 2 t\u1eeb Lorca 1008pro"},"content":{"rendered":"\n\n<div class=\"kk-star-ratings kksr-auto kksr-align-left kksr-valign-top\"\n    data-payload='{&quot;align&quot;:&quot;left&quot;,&quot;id&quot;:&quot;357&quot;,&quot;slug&quot;:&quot;default&quot;,&quot;valign&quot;:&quot;top&quot;,&quot;ignore&quot;:&quot;&quot;,&quot;reference&quot;:&quot;auto&quot;,&quot;class&quot;:&quot;&quot;,&quot;count&quot;:&quot;2&quot;,&quot;legendonly&quot;:&quot;&quot;,&quot;readonly&quot;:&quot;&quot;,&quot;score&quot;:&quot;4.5&quot;,&quot;starsonly&quot;:&quot;&quot;,&quot;best&quot;:&quot;5&quot;,&quot;gap&quot;:&quot;5&quot;,&quot;greet&quot;:&quot;Rate this product&quot;,&quot;legend&quot;:&quot;4.5\\\/5 - (2 b\u00ecnh ch\u1ecdn)&quot;,&quot;size&quot;:&quot;24&quot;,&quot;title&quot;:&quot;B\u1ebfp 2 t\u1eeb Lorca 1008pro&quot;,&quot;width&quot;:&quot;128&quot;,&quot;_legend&quot;:&quot;{score}\\\/{best} - ({count} {votes})&quot;,&quot;font_factor&quot;:&quot;1.25&quot;}'>\n            \n<div class=\"kksr-stars\">\n    \n<div class=\"kksr-stars-inactive\">\n            <div class=\"kksr-star\" data-star=\"1\" style=\"padding-right: 5px\">\n            \n\n<div class=\"kksr-icon\" style=\"width: 24px; height: 24px;\"><\/div>\n        <\/div>\n            <div class=\"kksr-star\" data-star=\"2\" style=\"padding-right: 5px\">\n            \n\n<div class=\"kksr-icon\" style=\"width: 24px; height: 24px;\"><\/div>\n        <\/div>\n            <div class=\"kksr-star\" data-star=\"3\" style=\"padding-right: 5px\">\n            \n\n<div class=\"kksr-icon\" style=\"width: 24px; height: 24px;\"><\/div>\n        <\/div>\n            <div class=\"kksr-star\" data-star=\"4\" style=\"padding-right: 5px\">\n            \n\n<div class=\"kksr-icon\" style=\"width: 24px; height: 24px;\"><\/div>\n        <\/div>\n            <div class=\"kksr-star\" data-star=\"5\" style=\"padding-right: 5px\">\n            \n\n<div class=\"kksr-icon\" style=\"width: 24px; height: 24px;\"><\/div>\n        <\/div>\n    <\/div>\n    \n<div class=\"kksr-stars-active\" style=\"width: 128px;\">\n            <div class=\"kksr-star\" style=\"padding-right: 5px\">\n            \n\n<div class=\"kksr-icon\" style=\"width: 24px; height: 24px;\"><\/div>\n        <\/div>\n            <div class=\"kksr-star\" style=\"padding-right: 5px\">\n            \n\n<div class=\"kksr-icon\" style=\"width: 24px; height: 24px;\"><\/div>\n        <\/div>\n            <div class=\"kksr-star\" style=\"padding-right: 5px\">\n            \n\n<div class=\"kksr-icon\" style=\"width: 24px; height: 24px;\"><\/div>\n        <\/div>\n            <div class=\"kksr-star\" style=\"padding-right: 5px\">\n            \n\n<div class=\"kksr-icon\" style=\"width: 24px; height: 24px;\"><\/div>\n        <\/div>\n            <div class=\"kksr-star\" style=\"padding-right: 5px\">\n            \n\n<div class=\"kksr-icon\" style=\"width: 24px; height: 24px;\"><\/div>\n        <\/div>\n    <\/div>\n<\/div>\n                \n\n<div class=\"kksr-legend\" style=\"font-size: 19.2px;\">\n            4.5\/5 - (2 b\u00ecnh ch\u1ecdn)    <\/div>\n    <\/div>\n<h1><a href=\"https:\/\/tannoithat.com\/index.php\/product-category\/thiet-bi-nha-bep-2\/thiet-bi-nha-bep\/may-hut-mui\/\">B\u1ebfp 2 t\u1eeb Lorca 1008pro<\/a><\/h1>\n<div id=\"input_line_0\"><span id=\"input_part_0\" class=\"\" style=\"color: #ff0000;\" data-mention=\"T\u00cdNH N\u0102NG S\u1ea2N PH\u1ea8M\">T\u00cdNH N\u0102NG S\u1ea2N PH\u1ea8M B\u1ebfp 2 t\u1eeb Lorca 1008pro<\/span><\/div>\n<div id=\"input_line_2\"><span id=\"input_part_0\" class=\"\" data-mention=\"M\u1eb7t k\u00ednh Kanger ch\u1ecbu l\u1ef1c ch\u1ecbu nhi\u1ec7t\">M\u1eb7t k\u00ednh <\/span>EURO bo vi\u1ec1n\u00a0cao c\u1ea5p\u200b,<span class=\"\" data-mention=\"M\u1eb7t k\u00ednh Kanger ch\u1ecbu l\u1ef1c ch\u1ecbu nhi\u1ec7t\"> ch\u1ecbu l\u1ef1c, ch\u1ecbu nhi\u1ec7t<\/span><\/div>\n<div id=\"input_line_3\"><span id=\"input_part_0\" class=\"\" data-mention=\"B\u1ee5ng b\u1ebfp b\u1eb1ng k\u1ebdm tr\u00e1ng ki\u1ec1m (zinc) ch\u1ed1ng g\u1ec9\">B\u1ee5ng b\u1ebfp b\u1eb1ng k\u1ebdm tr\u00e1ng ki\u1ec1m (zinc) ch\u1ed1ng g\u1ec9<\/span><\/div>\n<div id=\"input_line_4\"><span id=\"input_part_0\" class=\"\" data-mention=\"B\u00e0n ph\u00edm \u0111i\u1ec1u khi\u1ec3n tr\u01b0\u1ee3t Slider 9 m\u1ee9c c\u00f4ng su\u1ea5t\">B\u00e0n ph\u00edm \u0111i\u1ec1u khi\u1ec3n tr\u01b0\u1ee3t Slider 9 m\u1ee9c c\u00f4ng su\u1ea5t<\/span><\/div>\n<div id=\"input_line_5\"><span id=\"input_part_0\" class=\"\" data-mention=\"Ch\u1ee9c n\u0103ng booster n\u1ea5u si\u00eau nhanh\">Ch\u1ee9c n\u0103ng booster n\u1ea5u si\u00eau nhanh<\/span><\/div>\n<div id=\"input_line_6\"><span id=\"input_part_0\" class=\"\" data-mention=\"Ch\u1ee9c n\u0103ng gi\u1eef \u1ea5m warming 3 m\u1ee9c\">Ch\u1ee9c n\u0103ng gi\u1eef \u1ea5m warming 3 m\u1ee9c<\/span><\/div>\n<div id=\"input_line_7\"><span id=\"input_part_0\" class=\"\" data-mention=\"Ch\u1ee9c n\u0103ng h\u1eb9n gi\u1edd t\u1eaft th\u00f4ng minh.\">Ch\u1ee9c n\u0103ng h\u1eb9n gi\u1edd t\u1eaft th\u00f4ng minh.<\/span><\/div>\n<div id=\"input_line_8\"><span id=\"input_part_0\" class=\"\" data-mention=\"T\u00ednh n\u0103ng t\u1ef1 nh\u1eadn n\u1ed3i\">T\u00ednh n\u0103ng t\u1ef1 nh\u1eadn n\u1ed3i<\/span><\/div>\n<div id=\"input_line_9\"><span id=\"input_part_0\" class=\"\" data-mention=\"C\u00f4ng ngh\u1ec7 Inverter ti\u1ebft ki\u1ec7m 35% \u0111i\u1ec7n n\u0103ng\">C\u00f4ng ngh\u1ec7 Inverter ti\u1ebft ki\u1ec7m 35% \u0111i\u1ec7n n\u0103ng<\/span><\/div>\n<div id=\"input_line_10\"><span id=\"input_part_0\" class=\"\" data-mention=\"S\u1eed d\u1ee5ng Chip Siemens IGBT 20A\">S\u1eed d\u1ee5ng Chip Siemens IGBT 20A<\/span><\/div>\n<div>\n<div id=\"attachment_358\" style=\"width: 1290px\" class=\"wp-caption alignnone\"><img fetchpriority=\"high\" decoding=\"async\" aria-describedby=\"caption-attachment-358\" class=\"wp-image-358 size-full\" src=\"https:\/\/tannoithat.com\/wp-content\/uploads\/2023\/12\/z4863975398485_e61fe54d99f4b2a549660e140b075207.jpg\" alt=\"B\u1ebfp 2 t\u1eeb Lorca 1008pro\" width=\"1280\" height=\"606\" srcset=\"https:\/\/tannoithat.com\/wp-content\/uploads\/2023\/12\/z4863975398485_e61fe54d99f4b2a549660e140b075207.jpg 1280w, https:\/\/tannoithat.com\/wp-content\/uploads\/2023\/12\/z4863975398485_e61fe54d99f4b2a549660e140b075207-300x142.jpg 300w, https:\/\/tannoithat.com\/wp-content\/uploads\/2023\/12\/z4863975398485_e61fe54d99f4b2a549660e140b075207-1024x485.jpg 1024w, https:\/\/tannoithat.com\/wp-content\/uploads\/2023\/12\/z4863975398485_e61fe54d99f4b2a549660e140b075207-768x364.jpg 768w, https:\/\/tannoithat.com\/wp-content\/uploads\/2023\/12\/z4863975398485_e61fe54d99f4b2a549660e140b075207-600x284.jpg 600w\" sizes=\"(max-width: 1280px) 100vw, 1280px\" \/><p id=\"caption-attachment-358\" class=\"wp-caption-text\">B\u1ebfp 2 t\u1eeb Lorca 1008pro<\/p><\/div>\n<\/div>\n<div>\n<h2 id=\"input_line_0\"><a href=\"https:\/\/www.facebook.com\/noithatbeptnt\" target=\"_blank\" rel=\"noopener\"><span id=\"input_part_0\" class=\"\" style=\"color: #ff0000;\" data-mention=\"T\u00cdNH N\u0102NG AN TO\u00c0N\">T\u00cdNH N\u0102NG AN TO\u00c0N B\u1ebfp 2 t\u1eeb Lorca 1008pro<\/span><\/a><\/h2>\n<div id=\"input_line_2\"><span id=\"input_part_0\" class=\"\" data-mention=\"T\u1ef1 \u0111\u1ed9ng t\u1eaft b\u1ebfp sau 10 gi\u00e2y khi b\u1ecb n\u01b0\u1edbc tr\u00e0n m\u1eb7t k\u00ednh Overflood Protection\">T\u1ef1 \u0111\u1ed9ng t\u1eaft b\u1ebfp sau 10 gi\u00e2y khi b\u1ecb n\u01b0\u1edbc tr\u00e0n m\u1eb7t k\u00ednh Overflood Protection<\/span><\/div>\n<div id=\"input_line_4\"><span id=\"input_part_0\" class=\"\" data-mention=\"C\u1ea3nh b\u00e1o nhi\u1ec7t d\u01b0 v\u00f9ng n\u1ea5u Residual heat\">C\u1ea3nh b\u00e1o nhi\u1ec7t d\u01b0 v\u00f9ng n\u1ea5u Residual heat<\/span><\/div>\n<div id=\"input_line_6\"><span id=\"input_part_0\" class=\"\" data-mention=\"Kho\u00e1 an to\u00e0n tr\u1ebb em Child lock\">Kho\u00e1 an to\u00e0n tr\u1ebb em Child lock<\/span><\/div>\n<div id=\"input_line_8\"><span id=\"input_part_0\" class=\"\" data-mention=\"H\u1ec7 th\u1ed1ng b\u1ea3o v\u1ec7 an to\u00e0n qu\u00e1 nhi\u1ec7t, qu\u00e1 \u00e1p\">H\u1ec7 th\u1ed1ng b\u1ea3o v\u1ec7 an to\u00e0n qu\u00e1 nhi\u1ec7t, qu\u00e1 \u00e1p<\/span><\/div>\n<div id=\"input_line_10\"><span id=\"input_part_0\" class=\"\" data-mention=\"T\u1ef1 t\u1eaft b\u1ebfp khi kh\u00f4ng c\u00f3 n\u1ed3i (Pot ditection)\">T\u1ef1 t\u1eaft b\u1ebfp khi kh\u00f4ng c\u00f3 n\u1ed3i (Pot ditection)<\/span><\/div>\n<div id=\"input_line_12\"><span id=\"input_part_0\" class=\"\" data-mention=\"T\u1ef1 \u0111\u1ed9ng t\u1eaft b\u1ebfp khi \u0111\u1ec3 qu\u00ean Automatic switching off\">T\u1ef1 \u0111\u1ed9ng t\u1eaft b\u1ebfp khi \u0111\u1ec3 qu\u00ean Automatic switching off<\/span><\/div>\n<div>\n<div id=\"attachment_359\" style=\"width: 1290px\" class=\"wp-caption alignnone\"><img decoding=\"async\" aria-describedby=\"caption-attachment-359\" class=\"wp-image-359 size-full\" src=\"https:\/\/tannoithat.com\/wp-content\/uploads\/2023\/12\/z4863975414533_bfc747231571cdc72dc8ef8379ed8dc7-rotated.jpg\" alt=\"B\u1ebfp 2 t\u1eeb Lorca 1008pro\" width=\"1280\" height=\"592\" srcset=\"https:\/\/tannoithat.com\/wp-content\/uploads\/2023\/12\/z4863975414533_bfc747231571cdc72dc8ef8379ed8dc7-rotated.jpg 1280w, https:\/\/tannoithat.com\/wp-content\/uploads\/2023\/12\/z4863975414533_bfc747231571cdc72dc8ef8379ed8dc7-300x139.jpg 300w, https:\/\/tannoithat.com\/wp-content\/uploads\/2023\/12\/z4863975414533_bfc747231571cdc72dc8ef8379ed8dc7-1024x474.jpg 1024w, https:\/\/tannoithat.com\/wp-content\/uploads\/2023\/12\/z4863975414533_bfc747231571cdc72dc8ef8379ed8dc7-768x355.jpg 768w, https:\/\/tannoithat.com\/wp-content\/uploads\/2023\/12\/z4863975414533_bfc747231571cdc72dc8ef8379ed8dc7-600x278.jpg 600w\" sizes=\"(max-width: 1280px) 100vw, 1280px\" \/><p id=\"caption-attachment-359\" class=\"wp-caption-text\">B\u1ebfp 2 t\u1eeb Lorca 1008pro<\/p><\/div>\n<\/div>\n<div>\n<h3 id=\"input_line_14\"><span id=\"input_part_0\" class=\"\" style=\"color: #ff0000;\" data-mention=\"TH\u00d4NG S\u1ed0 K\u1ef8 THU\u1eacT\">TH\u00d4NG S\u1ed0 K\u1ef8 THU\u1eacT B\u1ebfp 2 t\u1eeb Lorca 1008pro<\/span><\/h3>\n<div id=\"input_line_16\"><span id=\"input_part_0\" class=\"\" data-mention=\"C\u00f4ng su\u1ea5t l\u00f2 tr\u00e1i: 2000W, booster: 2400W\">C\u00f4ng su\u1ea5t l\u00f2 tr\u00e1i: 2000W, booster: 2400W<\/span><\/div>\n<div id=\"input_line_18\"><span id=\"input_part_0\" class=\"\" data-mention=\"C\u00f4ng su\u1ea5t l\u00f2 ph\u1ea3i: 2000W, booster: 2400W\">C\u00f4ng su\u1ea5t l\u00f2 ph\u1ea3i: 2000W, booster: 2400W<\/span><\/div>\n<div id=\"input_line_20\"><span id=\"input_part_0\" class=\"\" data-mention=\"Voltage(V) Frequency (Hz): 220-240\/50\">Voltage(V) Frequency (Hz): 220-240\/50<\/span><\/div>\n<div id=\"input_line_22\"><span id=\"input_part_0\" class=\"\" data-mention=\"K\u00edch th\u01b0\u1edbc b\u1ec1 m\u1eb7t: 730\u00d7420 mm\">K\u00edch th\u01b0\u1edbc b\u1ec1 m\u1eb7t: 730\u00d7420 mm<\/span><\/div>\n<div id=\"input_line_24\"><span id=\"input_part_0\" class=\"\" data-mention=\"K\u00edch th\u01b0\u1edbc kho\u00e9t \u0111\u00e1: 675x395mm\">K\u00edch th\u01b0\u1edbc kho\u00e9t \u0111\u00e1: 675x395mm<\/span><\/div>\n<div><\/div>\n<\/div>\n<\/div>\n","protected":false},"excerpt":{"rendered":"<h1><a href=\"https:\/\/tannoithat.com\/index.php\/product-category\/thiet-bi-nha-bep-2\/thiet-bi-nha-bep\/may-hut-mui\/\">B\u1ebfp 2 t\u1eeb Lorca 1008pro<\/a><\/h1>\n<div id=\"input_line_0\"><span style=\"color: #00ff00;\"><strong><span id=\"input_part_0\" class=\"\" data-mention=\"B\u1ebfp t\u1eeb \u0111\u00f4i Lorca TA 1008 VN\">B\u1ebfp t\u1eeb \u0111\u00f4i Lorca TA 1008 p<\/span>ro<\/strong><\/span><\/div>\n<div id=\"input_line_1\"><span style=\"color: #00ff00;\"><strong><span id=\"input_part_0\" class=\"\" data-mention=\"Xu\u1ea5t x\u1ee9: Trung Qu\u1ed1c\">Xu\u1ea5t x\u1ee9: Vi<\/span>\u1ec7t\u00a0Nam<\/strong><\/span><\/div>\n<div id=\"input_line_2\"><span style=\"color: #00ff00;\"><strong><span id=\"input_part_0\" class=\"\" data-mention=\"B\u1ea3o H\u00e0nh: 36 Th\u00e1ng\">B\u1ea3o H\u00e0nh: 36 Th\u00e1ng &#8211; L<\/span>\u1ed7i\u00a01\u00a0\u0111\u1ed5i 1 trong v\u00f2ng 1 th\u00e1ng<\/strong><\/span><\/div>\n","protected":false},"featured_media":360,"comment_status":"open","ping_status":"closed","template":"","meta":{"_eb_attr":""},"product_cat":[124,86,249],"product_tag":[146],"_links":{"self":[{"href":"https:\/\/tannoithat.com\/index.php\/wp-json\/wp\/v2\/product\/357"}],"collection":[{"href":"https:\/\/tannoithat.com\/index.php\/wp-json\/wp\/v2\/product"}],"about":[{"href":"https:\/\/tannoithat.com\/index.php\/wp-json\/wp\/v2\/types\/product"}],"replies":[{"embeddable":true,"href":"https:\/\/tannoithat.com\/index.php\/wp-json\/wp\/v2\/comments?post=357"}],"wp:featuredmedia":[{"embeddable":true,"href":"https:\/\/tannoithat.com\/index.php\/wp-json\/wp\/v2\/media\/360"}],"wp:attachment":[{"href":"https:\/\/tannoithat.com\/index.php\/wp-json\/wp\/v2\/media?parent=357"}],"wp:term":[{"taxonomy":"product_cat","embeddable":true,"href":"https:\/\/tannoithat.com\/index.php\/wp-json\/wp\/v2\/product_cat?post=357"},{"taxonomy":"product_tag","embeddable":true,"href":"https:\/\/tannoithat.com\/index.php\/wp-json\/wp\/v2\/product_tag?post=357"}],"curies":[{"name":"wp","href":"https:\/\/api.w.org\/{rel}","templated":true}]}}