{"id":363,"date":"2023-12-25T10:54:21","date_gmt":"2023-12-25T03:54:21","guid":{"rendered":"https:\/\/tannoithat.com\/?post_type=product&#038;p=363"},"modified":"2024-01-21T10:55:43","modified_gmt":"2024-01-21T03:55:43","slug":"bep-dien-tu-doi-lci-886-pro","status":"publish","type":"product","link":"https:\/\/tannoithat.com\/index.php\/product\/bep-dien-tu-doi-lci-886-pro\/","title":{"rendered":"B\u1ebfp \u0111i\u1ec7n t\u1eeb \u0111\u00f4i \u2013 LCI-886 PRO"},"content":{"rendered":"\n\n<div class=\"kk-star-ratings kksr-auto kksr-align-left kksr-valign-top\"\n    data-payload='{&quot;align&quot;:&quot;left&quot;,&quot;id&quot;:&quot;363&quot;,&quot;slug&quot;:&quot;default&quot;,&quot;valign&quot;:&quot;top&quot;,&quot;ignore&quot;:&quot;&quot;,&quot;reference&quot;:&quot;auto&quot;,&quot;class&quot;:&quot;&quot;,&quot;count&quot;:&quot;0&quot;,&quot;legendonly&quot;:&quot;&quot;,&quot;readonly&quot;:&quot;&quot;,&quot;score&quot;:&quot;0&quot;,&quot;starsonly&quot;:&quot;&quot;,&quot;best&quot;:&quot;5&quot;,&quot;gap&quot;:&quot;5&quot;,&quot;greet&quot;:&quot;Rate this product&quot;,&quot;legend&quot;:&quot;0\\\/5 - (0 b\u00ecnh ch\u1ecdn)&quot;,&quot;size&quot;:&quot;24&quot;,&quot;title&quot;:&quot;B\u1ebfp \u0111i\u1ec7n t\u1eeb \u0111\u00f4i \u2013 LCI-886 PRO&quot;,&quot;width&quot;:&quot;0&quot;,&quot;_legend&quot;:&quot;{score}\\\/{best} - ({count} {votes})&quot;,&quot;font_factor&quot;:&quot;1.25&quot;}'>\n            \n<div class=\"kksr-stars\">\n    \n<div class=\"kksr-stars-inactive\">\n            <div class=\"kksr-star\" data-star=\"1\" style=\"padding-right: 5px\">\n            \n\n<div class=\"kksr-icon\" style=\"width: 24px; height: 24px;\"><\/div>\n        <\/div>\n            <div class=\"kksr-star\" data-star=\"2\" style=\"padding-right: 5px\">\n            \n\n<div class=\"kksr-icon\" style=\"width: 24px; height: 24px;\"><\/div>\n        <\/div>\n            <div class=\"kksr-star\" data-star=\"3\" style=\"padding-right: 5px\">\n            \n\n<div class=\"kksr-icon\" style=\"width: 24px; height: 24px;\"><\/div>\n        <\/div>\n            <div class=\"kksr-star\" data-star=\"4\" style=\"padding-right: 5px\">\n            \n\n<div class=\"kksr-icon\" style=\"width: 24px; height: 24px;\"><\/div>\n        <\/div>\n            <div class=\"kksr-star\" data-star=\"5\" style=\"padding-right: 5px\">\n            \n\n<div class=\"kksr-icon\" style=\"width: 24px; height: 24px;\"><\/div>\n        <\/div>\n    <\/div>\n    \n<div class=\"kksr-stars-active\" style=\"width: 0px;\">\n            <div class=\"kksr-star\" style=\"padding-right: 5px\">\n            \n\n<div class=\"kksr-icon\" style=\"width: 24px; height: 24px;\"><\/div>\n        <\/div>\n            <div class=\"kksr-star\" style=\"padding-right: 5px\">\n            \n\n<div class=\"kksr-icon\" style=\"width: 24px; height: 24px;\"><\/div>\n        <\/div>\n            <div class=\"kksr-star\" style=\"padding-right: 5px\">\n            \n\n<div class=\"kksr-icon\" style=\"width: 24px; height: 24px;\"><\/div>\n        <\/div>\n            <div class=\"kksr-star\" style=\"padding-right: 5px\">\n            \n\n<div class=\"kksr-icon\" style=\"width: 24px; height: 24px;\"><\/div>\n        <\/div>\n            <div class=\"kksr-star\" style=\"padding-right: 5px\">\n            \n\n<div class=\"kksr-icon\" style=\"width: 24px; height: 24px;\"><\/div>\n        <\/div>\n    <\/div>\n<\/div>\n                \n\n<div class=\"kksr-legend\" style=\"font-size: 19.2px;\">\n            <span class=\"kksr-muted\">Rate this product<\/span>\n    <\/div>\n    <\/div>\n<h1><a href=\"https:\/\/tannoithat.com\/index.php\/product-category\/thiet-bi-nha-bep-2\/thiet-bi-nha-bep\/may-hut-mui\/\">B\u1ebfp \u0111i\u1ec7n t\u1eeb \u0111\u00f4i \u2013 LCI-886 PRO<\/a><\/h1>\n<p>B\u1ebfp \u0111i\u1ec7n t\u1eeb \u0111\u00f4i <span style=\"color: #ff0000;\"><b>Lorca LCI 886 PRO<\/b><\/span>\u00a0s\u1eed d\u1ee5ng m\u1eb7t k\u00ednh Euro Platinum, ch\u1ecbu nhi\u1ec7t, v\u00e1t 4 c\u1ea1nh, bo vi\u1ec1n kim lo\u1ea1i cao c\u1ea5p gi\u00fap t\u0103ng v\u1ebb \u0111\u1eb9p cho gian b\u1ebfp c\u1ee7a gia \u0111\u00ecnh b\u1ea1n.<\/p>\n<p>B\u1ebfp c\u00f3 2 v\u00f9ng n\u1ea5u v\u1edbi t\u1ed5ng c\u00f4ng su\u1ea5t 4800W n\u00ean c\u00e1c m\u00f3n \u0103n \u0111\u01b0\u1ee3c n\u1ea5u ch\u00edn nhanh h\u01a1n, ti\u1ebft ki\u1ec7m th\u1eddi gian v\u00e0o b\u1ebfp cho ch\u1ecb em n\u1ed9i tr\u1ee3.<\/p>\n<p>&nbsp;<\/p>\n<p>M\u1ed9t trong nh\u1eefng \u0111i\u1ec3m thu h\u00fat c\u1ee7a b\u1ebfp \u0111i\u1ec7n t\u1eeb\u00a0<span style=\"color: #ff0000;\"><b>Lorca LCI 886 PRO<\/b><\/span>\u00a0l\u00e0 h\u1ec7 th\u1ed1ng t\u00ednh n\u0103ng an to\u00e0n hi\u1ec7n \u0111\u1ea1i:<\/p>\n<p>Ch\u1ee9c n\u0103ng kh\u00f3a tr\u1ebb em\u00a0<strong>Child Lock<\/strong>: Nh\u1ea5n v\u00e0 gi\u1eef ph\u00edm kh\u00f3a trong v\u00f2ng 3 gi\u00e2y \u0111\u1ec3 k\u00edch ho\u1ea1t kh\u00f3a tr\u1ebb em, c\u00e1c ph\u00edm kh\u00e1c s\u1ebd kh\u00f4ng s\u1eed d\u1ee5ng \u0111\u01b0\u1ee3c (tr\u1eeb ph\u00edm ngu\u1ed3n), \u0111\u1ec3 m\u1edf kh\u00f3a nh\u1ea5n v\u00e0 gi\u1eef ph\u00edm kh\u00f3a 3 gi\u00e2y \u0111\u1ec3 m\u1edf l\u1ea1i. Ch\u1ee9c n\u0103ng n\u00e0y \u0111\u1ec3 b\u1ea3o v\u1ec7 ho\u1ea1t \u0111\u1ed9ng c\u1ee7a b\u1ebfp tr\u01b0\u1edbc c\u00e1c ho\u1ea1t \u0111\u1ed9ng v\u00f4 t\u00ecnh b\u1ea5m ph\u00edm c\u1ee7a tr\u1ebb em trong qu\u00e1 tr\u00ecnh n\u1ea5u.<\/p>\n<p>Ch\u1ee9c n\u0103ng ch\u1ed1ng tr\u00e0o n\u01b0\u1edbc\u00a0<span style=\"color: #ff0000;\"><strong>Water overflow<\/strong><\/span>: Khi c\u00f3 n\u01b0\u1edbc s\u00f4i v\u00f4 t\u00ecnh tr\u00e0n trong khi n\u1ea5u, n\u01b0\u1edbc tr\u00e0n \u0111\u1ebfn khu v\u1ef1c b\u00e0n ph\u00edm \u0111i\u1ec1u khi\u1ec3n, sau kho\u1ea3ng 3-5 gi\u00e2y b\u1ebfp s\u1ebd t\u1ef1 \u0111\u1ed9ng ng\u1eebng ho\u1ea1t \u0111\u1ed9ng \u0111\u1ec3 \u0111\u1ea3m b\u1ea3o an to\u00e0n.<\/p>\n<p>Ch\u1ee9c n\u0103ng t\u1ef1 \u0111\u1ed9ng t\u1eaft b\u1ebfp khi kh\u00f4ng c\u00f3 n\u1ed3i\u00a0<span style=\"color: #ff0000;\"><strong>Pot detection<\/strong><\/span>: Trong qu\u00e1 tr\u00ecnh \u0111un n\u1ea5u, n\u1ebfu n\u1ed3i b\u1ecb nh\u1ea5c ra kh\u1ecfi v\u00f9ng n\u1ea5u c\u1ee7a b\u1ebfp th\u00ec b\u1ebfp c\u0169ng s\u1ebd t\u1ef1 ng\u1eaft c\u00f4ng su\u1ea5t v\u00e0 kh\u00f4ng \u0111un n\u1ea5u cho v\u00f9ng n\u1ea5u \u0111\u00f3, m\u00e0n h\u00ecnh hi\u1ec3n th\u1ecb ch\u1eef U \u0111\u1ec3 c\u1ea3nh b\u00e1o cho ng\u01b0\u1eddi d\u00f9ng.<\/p>\n<p>B\u1ea3o v\u1ec7 qu\u00e1 nhi\u1ec7t (c\u1ea3m bi\u1ebfn nhi\u1ec7t \u0111\u1ed9 t\u00edch h\u1ee3p trong t\u1eebng v\u00f9ng n\u1ea5u): B\u1ebfp \u0111i\u1ec7n t\u1eeb Lorca LCI-886 PRO \u0111\u01b0\u1ee3c thi\u1ebft k\u1ebf c\u1ea3m bi\u1ebfn nhi\u1ec7t \u0111\u1ed9 d\u01b0\u1edbi m\u1ed7i v\u00f9ng n\u1ea5u, khi c\u00f3 hi\u1ec7n t\u01b0\u1ee3ng qu\u00e1 nhi\u1ec7t ( n\u1ed3i \u0111un b\u1ecb c\u1ea1n, ch\u00e1y,.. ) b\u1ebfp s\u1ebd ch\u1ee7 \u0111\u1ed9ng ng\u1eaft c\u00f4ng su\u1ea5t \u0111\u1ec3 \u0111\u1ea3m b\u1ea3o an to\u00e0n cho thi\u1ebft b\u1ecb c\u0169ng nh\u01b0 \u0111\u1ea3m b\u1ea3o kh\u00f4ng s\u1ef1 c\u1ed1 \u0111\u00e1ng ti\u1ebfc x\u1ea3y ra.<\/p>\n<p>Ch\u1ec9 b\u00e1o nhi\u1ec7t d\u01b0 \u201cH\u201d\u00a0<strong><span style=\"color: #ff0000;\">Residual heat<\/span>\u00a0<\/strong>\u0111\u01b0\u1ee3c hi\u1ec3n th\u1ecb cho t\u1eebng v\u00f9ng n\u1ea5u c\u00f2n n\u00f3ng: B\u1ebfp s\u1ebd c\u1ea3nh b\u00e1o b\u1eb1ng ch\u1eef \u201cH\u201d nh\u1ea5p nh\u00e1y khi v\u00f9ng n\u1ea5u c\u00f2n n\u00f3ng nhi\u1ec7t \u0111\u1ed9 tr\u00ean 60\u00baC sau khi \u0111un, ch\u1eef \u201cH\u201d s\u1ebd t\u1ef1 m\u1ea5t \u0111i khi m\u1eb7t b\u1ebfp \u0111\u00e3 \u0111\u01b0\u1ee3c gi\u1ea3m xu\u1ed1ng d\u01b0\u1edbi 60\u00baC kh\u00f4ng c\u00f2n nguy hi\u1ec3m.<\/p>\n<p>T\u00ednh n\u0103ng t\u1ef1 \u0111\u1ed9ng t\u1eaft b\u1ebfp khi \u0111\u1ec3 qu\u00ean\u00a0<span style=\"color: #ff0000;\"><strong>Automatic switching off<\/strong><\/span>: Khi b\u1ea1n kh\u00f4ng \u0111\u1eb7t n\u1ed3i ch\u1ea3o l\u00ean b\u1ebfp trong kho\u1ea3ng th\u1eddi gian nh\u1ea5t \u0111\u1ecbnh kho\u1ea3ng t\u1eeb 3 \u2013 5 gi\u00e2y b\u1ebfp s\u1ebd ph\u00e1t c\u1ea3nh b\u00e1o tr\u00ean m\u00e0n h\u00ecnh \u0111i\u1ec1u khi\u1ec3n.<\/p>\n<div id=\"attachment_364\" style=\"width: 1810px\" class=\"wp-caption alignnone\"><img fetchpriority=\"high\" decoding=\"async\" aria-describedby=\"caption-attachment-364\" class=\"wp-image-364 size-full\" src=\"https:\/\/tannoithat.com\/wp-content\/uploads\/2023\/12\/lci-886-pro-23.jpg\" alt=\"B\u1ebfp \u0111i\u1ec7n t\u1eeb \u0111\u00f4i \u2013 LCI-886 PRO\" width=\"1800\" height=\"1800\" srcset=\"https:\/\/tannoithat.com\/wp-content\/uploads\/2023\/12\/lci-886-pro-23.jpg 1800w, https:\/\/tannoithat.com\/wp-content\/uploads\/2023\/12\/lci-886-pro-23-300x300.jpg 300w, https:\/\/tannoithat.com\/wp-content\/uploads\/2023\/12\/lci-886-pro-23-1024x1024.jpg 1024w, https:\/\/tannoithat.com\/wp-content\/uploads\/2023\/12\/lci-886-pro-23-150x150.jpg 150w, https:\/\/tannoithat.com\/wp-content\/uploads\/2023\/12\/lci-886-pro-23-768x768.jpg 768w, https:\/\/tannoithat.com\/wp-content\/uploads\/2023\/12\/lci-886-pro-23-1536x1536.jpg 1536w, https:\/\/tannoithat.com\/wp-content\/uploads\/2023\/12\/lci-886-pro-23-600x600.jpg 600w, https:\/\/tannoithat.com\/wp-content\/uploads\/2023\/12\/lci-886-pro-23-100x100.jpg 100w\" sizes=\"(max-width: 1800px) 100vw, 1800px\" \/><p id=\"caption-attachment-364\" class=\"wp-caption-text\">B\u1ebfp \u0111i\u1ec7n t\u1eeb \u0111\u00f4i \u2013 LCI-886 PRO<\/p><\/div>\n<h2><a href=\"https:\/\/www.facebook.com\/noithatbeptnt\" target=\"_blank\" rel=\"noopener\"><span style=\"color: #00ff00;\">T\u00cdNH N\u0102NG S\u1ea2N PH\u1ea8M B\u1ebfp \u0111i\u1ec7n t\u1eeb \u0111\u00f4i \u2013 LCI-886 PRO<\/span><\/a><br \/>\nM\u1eb7t k\u00ednh EURO PLATINUM tr\u00e1ng g\u01b0\u01a1ng bo vi\u1ec1n kim lo\u1ea1i,v\u00e1t c\u1ea1nh<br \/>\nB\u1ee5ng b\u1ebfp l\u00e0m b\u1eb1ng Inox ch\u1ed1ng g\u1ec9<br \/>\nCh\u1ee9c n\u0103ng h\u00e2m n\u00f3ng Inverter nhi\u1ec1u m\u1ee9c, Chi\u00ean x\u00e0o<br \/>\nT\u00ednh n\u0103ng t\u1ef1 \u0111\u1ed9ng nh\u1eadn n\u1ed3i<br \/>\nB\u00e0n ph\u00edm ki\u1ec3u tr\u01b0\u1ee3t Slider nhi\u1ec1u m\u1ee9c + booster<br \/>\nH\u1eb9n gi\u1edd \u0111\u1ed9c l\u1eadp cho t\u1eebng v\u00f9ng n\u1ea5u l\u00ean \u0111\u1ebfn 99 ph\u00fat<br \/>\nC\u00f4ng ngh\u1ec7 Inverter ti\u1ebft ki\u1ec7m 35% \u0111i\u1ec7n n\u0103ng<\/h2>\n<h3><span style=\"color: #00ff00;\">T\u00cdNH N\u0102NG AN TO\u00c0N B\u1ebfp \u0111i\u1ec7n t\u1eeb \u0111\u00f4i \u2013 LCI-886 PRO<\/span><br \/>\nC\u1ea3nh b\u00e1o nhi\u1ec7t d\u01b0 v\u00f9ng n\u1ea5u (Residual heat)<br \/>\nT\u1ef1 \u0111\u1ed9ng t\u1eaft b\u1ebfp khi kh\u00f4ng c\u00f3 n\u1ed3i (Pot Detection)<br \/>\nT\u1ef1 \u0111\u1ed9ng t\u1eaft b\u1ebfp khi \u0111\u1ec3 qu\u00ean Auto Switching Off<br \/>\nH\u1ec7 th\u1ed1ng b\u1ea3o v\u1ec7 an to\u00e0n qu\u00e1 nhi\u1ec7t, qu\u00e1 \u00e1p<br \/>\nCh\u1ee9c n\u0103ng t\u1ea1m d\u1eebng Pause<br \/>\nT\u00ednh n\u0103ng b\u1ea3o v\u1ec7 ch\u1ed1ng tr\u00e0n b\u00e0n ph\u00edm Overflood Protection<br \/>\nKh\u00f3a an to\u00e0n tr\u1ebb em Child Lock<\/h3>\n<h4><span style=\"color: #00ff00;\">TH\u00d4NG S\u1ed0 K\u1ef8 THU\u1eacT B\u1ebfp \u0111i\u1ec7n t\u1eeb \u0111\u00f4i \u2013 LCI-886 PRO<\/span><br \/>\n\u0110i\u1ec7n \u00e1p 220-240V \/ 50Hz<br \/>\nTr\u00e1i: 2000W, booster 2400W<br \/>\nPh\u1ea3i: 2000W, booster 2400W<br \/>\nK\u00edch th\u01b0\u1edbc: 730&#215;420 mm<br \/>\nK\u00edch th\u01b0\u1edbc kho\u00e9t \u0111\u00e1: 675&#215;395 mm<\/h4>\n","protected":false},"excerpt":{"rendered":"<h1><a href=\"https:\/\/tannoithat.com\/index.php\/product-category\/thiet-bi-nha-bep-2\/thiet-bi-nha-bep\/may-hut-mui\/\">B\u1ebfp \u0111i\u1ec7n t\u1eeb \u0111\u00f4i \u2013 LCI-886 PRO<\/a><\/h1>\n<p><span style=\"color: #00ff00;\">Th\u01b0\u01a1ng hi\u1ec7u : <strong>Lorca<\/strong><\/span><\/p>\n<p><span style=\"color: #00ff00;\">Xu\u1ea5t x\u1ee9: <strong>Malaysia<\/strong><\/span><\/p>\n<p><span style=\"color: #00ff00;\">\u00a0Ch\u1ee9c n\u0103ng Inverter : <strong>Ch\u1ee9c n\u0103ng bi\u1ebfn t\u1ea7n Smart Inverter liu riu v\u1edbi c\u00f4ng su\u1ea5t th\u1ea5p<\/strong><\/span><\/p>\n<p><span style=\"color: #00ff00;\">Ch\u1ee9c n\u0103ng H\u1eb9n gi\u1edd: H\u1eb9n gi\u1edd \u0111\u1ed9c l\u1eadp t\u1eebng v\u00f9ng n\u1ea5u\u00a0<strong>99 ph\u00fat<\/strong><\/span><\/p>\n<p><span style=\"color: #00ff00;\">\u00a0Ch\u1ee9c n\u0103ng H\u00e2m n\u00f3ng: <strong>Warm 65, 75, 85\u00b0C<\/strong><\/span><\/p>\n<p><span style=\"color: #00ff00;\">Ch\u1ea5t li\u1ec7u m\u00e2m t\u1eeb: <strong>\u0110\u1ed3ng<\/strong><\/span><\/p>\n<p>&nbsp;<\/p>\n","protected":false},"featured_media":364,"comment_status":"open","ping_status":"closed","template":"","meta":{"_eb_attr":""},"product_cat":[124,86,249],"product_tag":[155],"_links":{"self":[{"href":"https:\/\/tannoithat.com\/index.php\/wp-json\/wp\/v2\/product\/363"}],"collection":[{"href":"https:\/\/tannoithat.com\/index.php\/wp-json\/wp\/v2\/product"}],"about":[{"href":"https:\/\/tannoithat.com\/index.php\/wp-json\/wp\/v2\/types\/product"}],"replies":[{"embeddable":true,"href":"https:\/\/tannoithat.com\/index.php\/wp-json\/wp\/v2\/comments?post=363"}],"wp:featuredmedia":[{"embeddable":true,"href":"https:\/\/tannoithat.com\/index.php\/wp-json\/wp\/v2\/media\/364"}],"wp:attachment":[{"href":"https:\/\/tannoithat.com\/index.php\/wp-json\/wp\/v2\/media?parent=363"}],"wp:term":[{"taxonomy":"product_cat","embeddable":true,"href":"https:\/\/tannoithat.com\/index.php\/wp-json\/wp\/v2\/product_cat?post=363"},{"taxonomy":"product_tag","embeddable":true,"href":"https:\/\/tannoithat.com\/index.php\/wp-json\/wp\/v2\/product_tag?post=363"}],"curies":[{"name":"wp","href":"https:\/\/api.w.org\/{rel}","templated":true}]}}