{"id":366,"date":"2023-12-25T11:02:59","date_gmt":"2023-12-25T04:02:59","guid":{"rendered":"https:\/\/tannoithat.com\/?post_type=product&#038;p=366"},"modified":"2024-01-21T10:51:58","modified_gmt":"2024-01-21T03:51:58","slug":"bep-tu-doi-lorca-lci-809","status":"publish","type":"product","link":"https:\/\/tannoithat.com\/index.php\/product\/bep-tu-doi-lorca-lci-809\/","title":{"rendered":"B\u1ebfp t\u1eeb \u0111\u00f4i Lorca LCI-809"},"content":{"rendered":"\n\n<div class=\"kk-star-ratings kksr-auto kksr-align-left kksr-valign-top\"\n    data-payload='{&quot;align&quot;:&quot;left&quot;,&quot;id&quot;:&quot;366&quot;,&quot;slug&quot;:&quot;default&quot;,&quot;valign&quot;:&quot;top&quot;,&quot;ignore&quot;:&quot;&quot;,&quot;reference&quot;:&quot;auto&quot;,&quot;class&quot;:&quot;&quot;,&quot;count&quot;:&quot;0&quot;,&quot;legendonly&quot;:&quot;&quot;,&quot;readonly&quot;:&quot;&quot;,&quot;score&quot;:&quot;0&quot;,&quot;starsonly&quot;:&quot;&quot;,&quot;best&quot;:&quot;5&quot;,&quot;gap&quot;:&quot;5&quot;,&quot;greet&quot;:&quot;Rate this product&quot;,&quot;legend&quot;:&quot;0\\\/5 - (0 b\u00ecnh ch\u1ecdn)&quot;,&quot;size&quot;:&quot;24&quot;,&quot;title&quot;:&quot;B\u1ebfp t\u1eeb \u0111\u00f4i Lorca LCI-809&quot;,&quot;width&quot;:&quot;0&quot;,&quot;_legend&quot;:&quot;{score}\\\/{best} - ({count} {votes})&quot;,&quot;font_factor&quot;:&quot;1.25&quot;}'>\n            \n<div class=\"kksr-stars\">\n    \n<div class=\"kksr-stars-inactive\">\n            <div class=\"kksr-star\" data-star=\"1\" style=\"padding-right: 5px\">\n            \n\n<div class=\"kksr-icon\" style=\"width: 24px; height: 24px;\"><\/div>\n        <\/div>\n            <div class=\"kksr-star\" data-star=\"2\" style=\"padding-right: 5px\">\n            \n\n<div class=\"kksr-icon\" style=\"width: 24px; height: 24px;\"><\/div>\n        <\/div>\n            <div class=\"kksr-star\" data-star=\"3\" style=\"padding-right: 5px\">\n            \n\n<div class=\"kksr-icon\" style=\"width: 24px; height: 24px;\"><\/div>\n        <\/div>\n            <div class=\"kksr-star\" data-star=\"4\" style=\"padding-right: 5px\">\n            \n\n<div class=\"kksr-icon\" style=\"width: 24px; height: 24px;\"><\/div>\n        <\/div>\n            <div class=\"kksr-star\" data-star=\"5\" style=\"padding-right: 5px\">\n            \n\n<div class=\"kksr-icon\" style=\"width: 24px; height: 24px;\"><\/div>\n        <\/div>\n    <\/div>\n    \n<div class=\"kksr-stars-active\" style=\"width: 0px;\">\n            <div class=\"kksr-star\" style=\"padding-right: 5px\">\n            \n\n<div class=\"kksr-icon\" style=\"width: 24px; height: 24px;\"><\/div>\n        <\/div>\n            <div class=\"kksr-star\" style=\"padding-right: 5px\">\n            \n\n<div class=\"kksr-icon\" style=\"width: 24px; height: 24px;\"><\/div>\n        <\/div>\n            <div class=\"kksr-star\" style=\"padding-right: 5px\">\n            \n\n<div class=\"kksr-icon\" style=\"width: 24px; height: 24px;\"><\/div>\n        <\/div>\n            <div class=\"kksr-star\" style=\"padding-right: 5px\">\n            \n\n<div class=\"kksr-icon\" style=\"width: 24px; height: 24px;\"><\/div>\n        <\/div>\n            <div class=\"kksr-star\" style=\"padding-right: 5px\">\n            \n\n<div class=\"kksr-icon\" style=\"width: 24px; height: 24px;\"><\/div>\n        <\/div>\n    <\/div>\n<\/div>\n                \n\n<div class=\"kksr-legend\" style=\"font-size: 19.2px;\">\n            <span class=\"kksr-muted\">Rate this product<\/span>\n    <\/div>\n    <\/div>\n<h1><a href=\"https:\/\/tannoithat.com\/index.php\/product-category\/thiet-bi-nha-bep-2\/thiet-bi-nha-bep\/may-hut-mui\/\">B\u1ebfp t\u1eeb \u0111\u00f4i Lorca LCI-809<\/a><\/h1>\n<p><a href=\"https:\/\/www.facebook.com\/noithatbeptnt\" target=\"_blank\" rel=\"noopener\"><span style=\"color: #ff0000;\"><b>B\u1ebfp t\u1eeb \u0111\u00f4i LCI 809<\/b><\/span><\/a>\u00a0\u0111\u01b0\u1ee3c nhi\u1ec1u ng\u01b0\u1eddi d\u00f9ng \u01b0a chu\u1ed9ng b\u1edfi t\u00ednh n\u0103ng linh ho\u1ea1t, b\u1ec1n b\u1ec9 v\u00e0 ti\u1ebft ki\u1ec7m \u0111i\u1ec7n n\u0103ng. S\u1edf h\u1eefu 2 v\u00f9ng n\u1ea5u r\u1ed9ng r\u00e3i thi\u1ebft k\u1ebf theo phong c\u00e1ch ch\u00e2u \u00c2u, phong c\u00e1ch b\u1ebfp hi\u1ec7n \u0111\u1ea1i, tinh t\u1ebf, gi\u00fap kh\u00f4ng gian b\u1ebfp \u0111\u1eb9p h\u01a1n v\u00e0 ti\u1ec7n l\u1ee3i s\u1eed d\u1ee5ng.<\/p>\n<p><img fetchpriority=\"high\" decoding=\"async\" class=\"alignnone size-full wp-image-367\" src=\"https:\/\/tannoithat.com\/wp-content\/uploads\/2023\/12\/lci-886-pro-23-1.jpg\" alt=\"\" width=\"1920\" height=\"1440\" srcset=\"https:\/\/tannoithat.com\/wp-content\/uploads\/2023\/12\/lci-886-pro-23-1.jpg 1920w, https:\/\/tannoithat.com\/wp-content\/uploads\/2023\/12\/lci-886-pro-23-1-300x225.jpg 300w, https:\/\/tannoithat.com\/wp-content\/uploads\/2023\/12\/lci-886-pro-23-1-1024x768.jpg 1024w, https:\/\/tannoithat.com\/wp-content\/uploads\/2023\/12\/lci-886-pro-23-1-768x576.jpg 768w, https:\/\/tannoithat.com\/wp-content\/uploads\/2023\/12\/lci-886-pro-23-1-1536x1152.jpg 1536w, https:\/\/tannoithat.com\/wp-content\/uploads\/2023\/12\/lci-886-pro-23-1-600x450.jpg 600w\" sizes=\"(max-width: 1920px) 100vw, 1920px\" \/><\/p>\n<p>T\u00ednh n\u0103ng c\u1ea3nh b\u00e1o nhi\u1ec7t d\u01b0 v\u00f9ng n\u1ea5u\u00a0<span style=\"color: #ff0000;\"><b>Residual heat<\/b><\/span>\u00a0s\u1ebd th\u00f4ng b\u00e1o cho b\u1ea1n bi\u1ebft v\u00f9ng n\u1ea5u n\u00e0o c\u00f2n n\u00f3ng tr\u00ean 65 \u0111\u1ed9 C v\u00e0 v\u00f9ng n\u1ea5u n\u00e0o \u0111\u00e3 ngu\u1ed9i h\u01a1n 65 \u0111\u1ed9 C \u0111\u1ec3 b\u1ea1n c\u00f3 th\u1ec3 v\u1ec7 sinh b\u1ebfp v\u00e0 kh\u00f4ng tr\u00e1nh t\u00ecnh tr\u1ea1ng b\u1ecb b\u1ecfng.<\/p>\n<p>T\u00ednh n\u0103ng t\u1ef1 \u0111\u1ed9ng t\u1eaft b\u1ebfp khi \u0111\u1ec3 qu\u00ean\u00a0<span style=\"color: #ff0000;\"><b>Automatic switching off<\/b><\/span>: Khi kh\u00f4ng \u0111\u1eb7t n\u1ed3i ch\u1ea3o l\u00ean b\u1ebfp trong kho\u1ea3ng th\u1eddi gian nh\u1ea5t \u0111\u1ecbnh kho\u1ea3ng t\u1eeb 3 \u2013 10 gi\u00e2y b\u1ebfp s\u1ebd ph\u00e1t c\u1ea3nh b\u00e1o tr\u00ean m\u00e0n h\u00ecnh \u0111i\u1ec1u khi\u1ec3n.<\/p>\n<p>H\u1ec7 th\u1ed1ng b\u1ea3o v\u1ec7 an to\u00e0n qu\u00e1 nhi\u1ec7t, qu\u00e1 \u00e1p: Khi c\u00f3 hi\u1ec7n t\u01b0\u1ee3ng qu\u00e1 nhi\u1ec7t (n\u1ed3i \u0111un b\u1ecb c\u1ea1n, ch\u00e1y,..) b\u1ebfp s\u1ebd ch\u1ee7 \u0111\u1ed9ng ng\u1eaft c\u00f4ng su\u1ea5t \u0111\u1ec3 \u0111\u1ea3m b\u1ea3o an to\u00e0n cho thi\u1ebft b\u1ecb c\u0169ng nh\u01b0 \u0111\u1ea3m b\u1ea3o kh\u00f4ng s\u1ef1 c\u1ed1 \u0111\u00e1ng ti\u1ebfc x\u1ea3y ra.<\/p>\n<p>T\u00ednh n\u0103ng ch\u1ed1ng tr\u00e0n b\u00e0n ph\u00edm\u00a0<span style=\"color: #ff0000;\"><b>Overflood Protection<\/b>:<\/span> Khi c\u00f3 n\u01b0\u1edbc s\u00f4i v\u00f4 t\u00ecnh tr\u00e0n trong khi n\u1ea5u, n\u01b0\u1edbc tr\u00e0n \u0111\u1ebfn khu v\u1ef1c b\u00e0n ph\u00edm \u0111i\u1ec1u khi\u1ec3n, sau kho\u1ea3ng 3-10 gi\u00e2y b\u1ebfp s\u1ebd t\u1ef1 \u0111\u1ed9ng ng\u1eebng ho\u1ea1t \u0111\u1ed9ng \u0111\u1ec3 \u0111\u1ea3m b\u1ea3o an to\u00e0n.<\/p>\n<p>Kh\u00f3a an to\u00e0n tr\u1ebb em\u00a0<span style=\"color: #ff0000;\"><b>Child Lock<\/b><\/span>: Khi k\u00edch ho\u1ea1t kh\u00f3a tr\u1ebb em, c\u00e1c ph\u00edm kh\u00e1c s\u1ebd kh\u00f4ng s\u1eed d\u1ee5ng \u0111\u01b0\u1ee3c (tr\u1eeb ph\u00edm ngu\u1ed3n). Ch\u1ee9c n\u0103ng n\u00e0y \u0111\u1ec3 b\u1ea3o v\u1ec7 ho\u1ea1t \u0111\u1ed9ng c\u1ee7a b\u1ebfp tr\u01b0\u1edbc c\u00e1c ho\u1ea1t \u0111\u1ed9ng v\u00f4 t\u00ecnh b\u1ea5m ph\u00edm c\u1ee7a tr\u1ebb em trong qu\u00e1 tr\u00ecnh n\u1ea5u.<\/p>\n<p>Ch\u1ee9c n\u0103ng t\u1ef1 \u0111\u1ed9ng t\u1eaft b\u1ebfp khi kh\u00f4ng c\u00f3 n\u1ed3i<span style=\"color: #ff0000;\">\u00a0<b>Pot detection<\/b><\/span>: Trong qu\u00e1 tr\u00ecnh \u0111un n\u1ea5u, n\u1ebfu n\u1ed3i b\u1ecb nh\u1ea5c ra kh\u1ecfi v\u00f9ng n\u1ea5u c\u1ee7a b\u1ebfp th\u00ec b\u1ebfp c\u0169ng s\u1ebd t\u1ef1 ng\u1eaft c\u00f4ng su\u1ea5t v\u00e0 kh\u00f4ng \u0111un n\u1ea5u cho v\u00f9ng n\u1ea5u \u0111\u00f3.<\/p>\n<div id=\"attachment_368\" style=\"width: 1930px\" class=\"wp-caption alignnone\"><img decoding=\"async\" aria-describedby=\"caption-attachment-368\" class=\"wp-image-368 size-full\" src=\"https:\/\/tannoithat.com\/wp-content\/uploads\/2023\/12\/upweb2-6.jpg\" alt=\"B\u1ebfp t\u1eeb \u0111\u00f4i Lorca LCI-809\" width=\"1920\" height=\"1440\" srcset=\"https:\/\/tannoithat.com\/wp-content\/uploads\/2023\/12\/upweb2-6.jpg 1920w, https:\/\/tannoithat.com\/wp-content\/uploads\/2023\/12\/upweb2-6-300x225.jpg 300w, https:\/\/tannoithat.com\/wp-content\/uploads\/2023\/12\/upweb2-6-1024x768.jpg 1024w, https:\/\/tannoithat.com\/wp-content\/uploads\/2023\/12\/upweb2-6-768x576.jpg 768w, https:\/\/tannoithat.com\/wp-content\/uploads\/2023\/12\/upweb2-6-1536x1152.jpg 1536w, https:\/\/tannoithat.com\/wp-content\/uploads\/2023\/12\/upweb2-6-600x450.jpg 600w\" sizes=\"(max-width: 1920px) 100vw, 1920px\" \/><p id=\"caption-attachment-368\" class=\"wp-caption-text\">B\u1ebfp t\u1eeb \u0111\u00f4i Lorca LCI-809<\/p><\/div>\n<h2><span style=\"color: #ff0000;\"><strong>TH\u00d4NG S\u1ed0 K\u1ef8 THU\u1eacT B\u1ebfp t\u1eeb \u0111\u00f4i Lorca LCI-809<\/strong><\/span><\/h2>\n<p>\u0110i\u1ec7n \u00e1p 220V \/ 50 Hz<\/p>\n<p>Ph\u1ea3i: \u00d8230mm \/2300W,\u00a0<strong>booster 3700W<\/strong><\/p>\n<p>Tr\u00e1i: \u00d8230mm \/2300W,\u00a0<strong>booster 3700W<\/strong><\/p>\n<p>K\u00edch th\u01b0\u1edbc (d\u00e0i x r\u1ed9ng x cao): 750x450x60 mm<\/p>\n<p>K\u00edch th\u01b0\u1edbc kho\u00e9t \u0111\u00e1: 685\u00a0x 385mm<\/p>\n<p>&nbsp;<\/p>\n","protected":false},"excerpt":{"rendered":"<h1><a href=\"https:\/\/www.facebook.com\/noithatbeptnt\">B\u1ebfp t\u1eeb \u0111\u00f4i Lorca LCI-809<\/a><\/h1>\n<p><span style=\"color: #00ff00;\">T\u00ean s\u1ea3n ph\u1ea9m : <strong>B\u1ebfp t\u1eeb LCI-809<\/strong><\/span><\/p>\n<p><span style=\"color: #00ff00;\">Th\u01b0\u01a1ng hi\u1ec7u: <strong>Lorca<\/strong><\/span><\/p>\n<p><span style=\"color: #00ff00;\">Xu\u1ea5t x\u1ee9: <strong>\u0110\u1ee9c<\/strong><\/span><\/p>\n<p><span style=\"color: #00ff00;\">Ch\u1ee9c n\u0103ng H\u00e2m n\u00f3ng: <strong>Warm: 65, 75, 85\u00b0C<\/strong><\/span><\/p>\n<p>&nbsp;<\/p>\n","protected":false},"featured_media":367,"comment_status":"open","ping_status":"closed","template":"","meta":{"_eb_attr":""},"product_cat":[124,86,249],"product_tag":[156],"_links":{"self":[{"href":"https:\/\/tannoithat.com\/index.php\/wp-json\/wp\/v2\/product\/366"}],"collection":[{"href":"https:\/\/tannoithat.com\/index.php\/wp-json\/wp\/v2\/product"}],"about":[{"href":"https:\/\/tannoithat.com\/index.php\/wp-json\/wp\/v2\/types\/product"}],"replies":[{"embeddable":true,"href":"https:\/\/tannoithat.com\/index.php\/wp-json\/wp\/v2\/comments?post=366"}],"wp:featuredmedia":[{"embeddable":true,"href":"https:\/\/tannoithat.com\/index.php\/wp-json\/wp\/v2\/media\/367"}],"wp:attachment":[{"href":"https:\/\/tannoithat.com\/index.php\/wp-json\/wp\/v2\/media?parent=366"}],"wp:term":[{"taxonomy":"product_cat","embeddable":true,"href":"https:\/\/tannoithat.com\/index.php\/wp-json\/wp\/v2\/product_cat?post=366"},{"taxonomy":"product_tag","embeddable":true,"href":"https:\/\/tannoithat.com\/index.php\/wp-json\/wp\/v2\/product_tag?post=366"}],"curies":[{"name":"wp","href":"https:\/\/api.w.org\/{rel}","templated":true}]}}