{"id":369,"date":"2023-12-25T11:08:28","date_gmt":"2023-12-25T04:08:28","guid":{"rendered":"https:\/\/tannoithat.com\/?post_type=product&#038;p=369"},"modified":"2024-01-21T10:58:24","modified_gmt":"2024-01-21T03:58:24","slug":"lo-vi-song-lorca-ta-908","status":"publish","type":"product","link":"https:\/\/tannoithat.com\/index.php\/product\/lo-vi-song-lorca-ta-908\/","title":{"rendered":"L\u00f2 vi s\u00f3ng Lorca TA 908"},"content":{"rendered":"\n\n<div class=\"kk-star-ratings kksr-auto kksr-align-left kksr-valign-top\"\n    data-payload='{&quot;align&quot;:&quot;left&quot;,&quot;id&quot;:&quot;369&quot;,&quot;slug&quot;:&quot;default&quot;,&quot;valign&quot;:&quot;top&quot;,&quot;ignore&quot;:&quot;&quot;,&quot;reference&quot;:&quot;auto&quot;,&quot;class&quot;:&quot;&quot;,&quot;count&quot;:&quot;0&quot;,&quot;legendonly&quot;:&quot;&quot;,&quot;readonly&quot;:&quot;&quot;,&quot;score&quot;:&quot;0&quot;,&quot;starsonly&quot;:&quot;&quot;,&quot;best&quot;:&quot;5&quot;,&quot;gap&quot;:&quot;5&quot;,&quot;greet&quot;:&quot;Rate this product&quot;,&quot;legend&quot;:&quot;0\\\/5 - (0 b\u00ecnh ch\u1ecdn)&quot;,&quot;size&quot;:&quot;24&quot;,&quot;title&quot;:&quot;L\u00f2 vi s\u00f3ng Lorca TA 908&quot;,&quot;width&quot;:&quot;0&quot;,&quot;_legend&quot;:&quot;{score}\\\/{best} - ({count} {votes})&quot;,&quot;font_factor&quot;:&quot;1.25&quot;}'>\n            \n<div class=\"kksr-stars\">\n    \n<div class=\"kksr-stars-inactive\">\n            <div class=\"kksr-star\" data-star=\"1\" style=\"padding-right: 5px\">\n            \n\n<div class=\"kksr-icon\" style=\"width: 24px; height: 24px;\"><\/div>\n        <\/div>\n            <div class=\"kksr-star\" data-star=\"2\" style=\"padding-right: 5px\">\n            \n\n<div class=\"kksr-icon\" style=\"width: 24px; height: 24px;\"><\/div>\n        <\/div>\n            <div class=\"kksr-star\" data-star=\"3\" style=\"padding-right: 5px\">\n            \n\n<div class=\"kksr-icon\" style=\"width: 24px; height: 24px;\"><\/div>\n        <\/div>\n            <div class=\"kksr-star\" data-star=\"4\" style=\"padding-right: 5px\">\n            \n\n<div class=\"kksr-icon\" style=\"width: 24px; height: 24px;\"><\/div>\n        <\/div>\n            <div class=\"kksr-star\" data-star=\"5\" style=\"padding-right: 5px\">\n            \n\n<div class=\"kksr-icon\" style=\"width: 24px; height: 24px;\"><\/div>\n        <\/div>\n    <\/div>\n    \n<div class=\"kksr-stars-active\" style=\"width: 0px;\">\n            <div class=\"kksr-star\" style=\"padding-right: 5px\">\n            \n\n<div class=\"kksr-icon\" style=\"width: 24px; height: 24px;\"><\/div>\n        <\/div>\n            <div class=\"kksr-star\" style=\"padding-right: 5px\">\n            \n\n<div class=\"kksr-icon\" style=\"width: 24px; height: 24px;\"><\/div>\n        <\/div>\n            <div class=\"kksr-star\" style=\"padding-right: 5px\">\n            \n\n<div class=\"kksr-icon\" style=\"width: 24px; height: 24px;\"><\/div>\n        <\/div>\n            <div class=\"kksr-star\" style=\"padding-right: 5px\">\n            \n\n<div class=\"kksr-icon\" style=\"width: 24px; height: 24px;\"><\/div>\n        <\/div>\n            <div class=\"kksr-star\" style=\"padding-right: 5px\">\n            \n\n<div class=\"kksr-icon\" style=\"width: 24px; height: 24px;\"><\/div>\n        <\/div>\n    <\/div>\n<\/div>\n                \n\n<div class=\"kksr-legend\" style=\"font-size: 19.2px;\">\n            <span class=\"kksr-muted\">Rate this product<\/span>\n    <\/div>\n    <\/div>\n<h1><a href=\"https:\/\/tannoithat.com\/index.php\/product-category\/thiet-bi-nha-bep-2\/thiet-bi-nha-bep\/may-hut-mui\/\">L\u00f2 vi s\u00f3ng Lorca TA 908<\/a><\/h1>\n<p><span style=\"color: #ff0000;\"><b>L\u00f2 vi s\u00f3ng k\u1ebft h\u1ee3p n\u01b0\u1edbng Lorca TA 908<\/b>\u00a0<\/span>c\u00f3 dung t\u00edch t\u1edbi\u00a0<b>24 l\u00edt<\/b>\u00a0gi\u00fap b\u1ea1n tho\u1ea3i m\u00e1i ch\u1ebf bi\u1ebfn kh\u1ed1i l\u01b0\u1ee3ng th\u1ee9c \u0103n l\u1edbn cho c\u1ea3 gia \u0111\u00ecnh. L\u00f2 c\u00f3 ki\u1ec3u d\u00e1ng hi\u1ec7n \u0111\u1ea1i, l\u1eafp \u0111\u1eb7t \u00e2m t\u1ee7 gi\u00fap ti\u1ebft ki\u1ec7m kh\u00f4ng gian.<\/p>\n<div id=\"attachment_371\" style=\"width: 1930px\" class=\"wp-caption alignnone\"><img fetchpriority=\"high\" decoding=\"async\" aria-describedby=\"caption-attachment-371\" class=\"wp-image-371 size-full\" src=\"https:\/\/tannoithat.com\/wp-content\/uploads\/2023\/12\/upweb1-23.jpg\" alt=\"L\u00f2 vi s\u00f3ng Lorca TA 908\" width=\"1920\" height=\"1440\" srcset=\"https:\/\/tannoithat.com\/wp-content\/uploads\/2023\/12\/upweb1-23.jpg 1920w, https:\/\/tannoithat.com\/wp-content\/uploads\/2023\/12\/upweb1-23-300x225.jpg 300w, https:\/\/tannoithat.com\/wp-content\/uploads\/2023\/12\/upweb1-23-1024x768.jpg 1024w, https:\/\/tannoithat.com\/wp-content\/uploads\/2023\/12\/upweb1-23-768x576.jpg 768w, https:\/\/tannoithat.com\/wp-content\/uploads\/2023\/12\/upweb1-23-1536x1152.jpg 1536w, https:\/\/tannoithat.com\/wp-content\/uploads\/2023\/12\/upweb1-23-600x450.jpg 600w\" sizes=\"(max-width: 1920px) 100vw, 1920px\" \/><p id=\"caption-attachment-371\" class=\"wp-caption-text\">L\u00f2 vi s\u00f3ng Lorca TA 908<\/p><\/div>\n<p><strong><span style=\"color: #ff0000;\">Lorca TA 908<\/span><\/strong> l\u00e0 s\u1ef1 k\u1ebft h\u1ee3p ho\u00e0n h\u1ea3o gi\u1eefa l\u00f2 n\u01b0\u1edbng v\u00e0 l\u00f2 vi s\u00f3ng s\u1ebd gi\u00fap b\u1ea1n ch\u1ebf bi\u1ebfn \u0111\u01b0\u1ee3c nhi\u1ec1u lo\u1ea1i th\u1ee9c \u0103n h\u01a1n ch\u1ec9 v\u1edbi 1 thi\u1ebft b\u1ecb. L\u00f2 c\u00f2n c\u00f3 ch\u1ee9c n\u0103ng r\u00e3 \u0111\u00f4ng, h\u00e2m n\u00f3ng t\u1ef1 \u0111\u1ed9ng \u0111i\u1ec1u ch\u1ec9nh. V\u1edbi kh\u1ea3 n\u0103ng l\u00e0m n\u00f3ng nhanh ch\u00f3ng v\u1edbi c\u00f4ng su\u1ea5t ti\u00eau th\u1ee5 m\u1ea1nh m\u1ebd \u0111\u1ebfn\u00a0<span style=\"color: #ff0000;\"><b>800W<\/b><\/span>\u00a0m\u00f3n \u0103n s\u1ebd \u0111\u01b0\u1ee3c n\u00f3ng l\u00ean nhanh ch\u00f3ng, r\u00fat g\u1ecdn th\u1eddi gian ch\u1edd \u0111\u1ee3i c\u1ee7a b\u1ea1n h\u01a1n.<\/p>\n<p>C\u1eeda l\u00f2 \u0111\u01b0\u1ee3c trang b\u1ecb l\u1edbp k\u00ednh si\u00eau b\u1ec1n gi\u00fap tr\u00e1nh \u0111\u01b0\u1ee3c th\u1ea5t tho\u00e1t nhi\u1ec7t gi\u00fap ti\u1ebft ki\u1ec7m \u0111\u01b0\u1ee3c t\u1ed1i \u0111a n\u0103ng l\u01b0\u1ee3ng.<\/p>\n<p>L\u1edbp v\u1ecf c\u1ee7a l\u00f2 b\u1eb1ng v\u1eadt li\u1ec7u inox to\u00e0n ph\u1ea7n ch\u1eafc ch\u1eafn v\u00e0 b\u1ec1n b\u1ec9 theo th\u1eddi gian, bu\u1ed3ng n\u1ea5u b\u1eb1ng th\u00e9p kh\u00f4ng g\u1ec9 kh\u00f4ng s\u1ea3n sinh ch\u1ea5t \u0111\u1ed9c h\u1ea1i n\u00ean r\u1ea5t an to\u00e0n cho s\u1ee9c kh\u1ecfe ng\u01b0\u1eddi s\u1eed d\u1ee5ng.<\/p>\n<p>L\u00f2 vi s\u00f3ng<span style=\"color: #ff0000;\"> Lorca TA 908<\/span> \u0111i\u1ec1u khi\u1ec3n\u00a0<span style=\"color: #ff0000;\"><b>5 m\u1ee9c t\u1ed1c \u0111\u1ed9<\/b><\/span>\u00a0d\u1ec5 d\u00e0ng v\u1edbi b\u1ea3ng \u0111i\u1ec1u khi\u1ec3n c\u1ea3m \u1ee9ng d\u1ec5 s\u1eed d\u1ee5ng c\u00f9ng m\u00e0n h\u00ecnh hi\u1ec3n th\u1ecb \u0111i\u1ec7n t\u1eed gi\u00fap b\u1ea1n d\u1ec5 d\u00e0ng quan s\u00e1t qu\u00e1 tr\u00ecnh ho\u1ea1t \u0111\u1ed9ng c\u1ee7a s\u1ea3n ph\u1ea9m. \u0110\u1eb7c bi\u1ec7t, l\u00f2 vi s\u00f3ng c\u00f2n trang b\u1ecb h\u1ec7 th\u1ed1ng kh\u00f3a tr\u1ebb em an to\u00e0n gi\u00fap b\u1ea1n y\u00ean t\u00e2m h\u01a1n khi c\u00f3 con nh\u1ecf.<\/p>\n<h2><a href=\"https:\/\/www.facebook.com\/noithatbeptnt\" target=\"_blank\" rel=\"noopener\"><strong><span style=\"color: #ff0000;\">Th\u00f4ng tin chi ti\u1ebft s\u1ea3n ph\u1ea9m: L\u00f2 vi s\u00f3ng Lorca TA 908<\/span><\/strong><\/a><\/h2>\n<ul>\n<li>L\u00f2\u00a0Vi s\u00f3ng k\u1ebft h\u1ee3p l\u00f2 n\u01b0\u1edbng 2 trong 1 n\u00ean \u0111\u01b0\u1ee3c trang b\u1ecb th\u00eam gi\u00e1 n\u01b0\u1edbng l\u00e0m b\u1eb1ng inox 304.<\/li>\n<li>12 ch\u1ee9c n\u0103ng: C\u00e0i \u0111\u1eb7t th\u1eddi gian, Ch\u1ebf \u0111\u1ed9 n\u1ea5u b\u1eb1ng vi s\u00f3ng, N\u01b0\u1edbng ho\u1eb7c n\u1ea5u k\u1ebft h\u1ee3p, Kh\u1edfi \u0111\u1ed9ng nhanh, r\u00e3 \u0111\u00f4ng theo tr\u1ecdng l\u01b0\u1ee3ng, r\u00e3 \u0111\u00f4ng theo th\u1eddi gian, \u0111\u1eb7t th\u1eddi gian n\u1ea5u, Menu t\u1ef1 \u0111\u1ed9ng, n\u1ea5u nhi\u1ec1u ph\u1ea7n, ch\u1ee9c n\u0103ng th\u00f4ng tin, ch\u1ee9c n\u0103ng tu\u1ef3 ch\u1ec9nh, ch\u1ee9c n\u0103ng kh\u00f3a tr\u1ebb em.<\/li>\n<li>\u0110i\u1ec1u khi\u1ec3n k\u1ef9 thu\u1eadt s\u1ed1 Digital k\u1ebft h\u1ee3p n\u00fam v\u1eb7n v\u00e0 n\u00fat b\u1ea5m ph\u00edm c\u01a1 hi\u1ec3n th\u1ecb led<\/li>\n<li>10 c\u00f4ng th\u1ee9c n\u1ea5u \u0103n t\u1ef1 \u0111\u1ed9ng \u0111\u01b0\u1ee3c l\u1eadp tr\u00ecnh s\u1eb5n<\/li>\n<li>N\u00fat b\u1ea5m m\u1edf nh\u1ea5n c\u01a1<\/li>\n<li>L\u1ef1a ch\u1ecdn h\u1eb9n gi\u1edd 60 ph\u00fat. Ch\u1ebf \u0111\u1ed9 t\u0103ng th\u00eam 30 gi\u00e2y.<\/li>\n<li>N\u1ea5u si\u00eau nhanh: Si\u00eau nhanh 30S<\/li>\n<li>Ki\u1ec3u d\u00e1ng hi\u1ec7n \u0111\u1ea1i, m\u00e0u \u0111en sang tr\u1ecdng<\/li>\n<li>Vi s\u00f3ng 5 c\u1ea5p \u0111\u1ed9<\/li>\n<li>Khoang l\u00f2 ch\u1ea5t li\u1ec7u th\u00e9p kh\u00f4ng g\u1ec9<\/li>\n<li>\u0110\u00e8n trong l\u00f2: Halogen\/Led<\/li>\n<li>\u0110\u0129a xoay thu\u1ef7 tinh ch\u1ecbu nhi\u1ec7t, \u0111\u01b0\u1eddng k\u00ednh 315mm, l\u00e0m cho th\u1ee9c \u0103n ch\u00edn \u0111\u1ec1u<\/li>\n<\/ul>\n<p><img decoding=\"async\" class=\"alignnone size-full wp-image-372\" src=\"https:\/\/tannoithat.com\/wp-content\/uploads\/2023\/12\/upweb2-22.jpg\" alt=\"\" width=\"1920\" height=\"1440\" srcset=\"https:\/\/tannoithat.com\/wp-content\/uploads\/2023\/12\/upweb2-22.jpg 1920w, https:\/\/tannoithat.com\/wp-content\/uploads\/2023\/12\/upweb2-22-300x225.jpg 300w, https:\/\/tannoithat.com\/wp-content\/uploads\/2023\/12\/upweb2-22-1024x768.jpg 1024w, https:\/\/tannoithat.com\/wp-content\/uploads\/2023\/12\/upweb2-22-768x576.jpg 768w, https:\/\/tannoithat.com\/wp-content\/uploads\/2023\/12\/upweb2-22-1536x1152.jpg 1536w, https:\/\/tannoithat.com\/wp-content\/uploads\/2023\/12\/upweb2-22-600x450.jpg 600w\" sizes=\"(max-width: 1920px) 100vw, 1920px\" \/><\/p>\n<h3><strong>\u00a0<span style=\"color: #ff0000;\">T\u00cdNH N\u0102NG AN TO\u00c0N L\u00f2 vi s\u00f3ng Lorca TA 908<\/span><\/strong><\/h3>\n<ul>\n<li>Kh\u00f3a an to\u00e0n tr\u1ebb em<\/li>\n<li>C\u1eeda k\u00ednh, ch\u1ecbu nhi\u1ec7t cao ch\u1ed1ng tia UV<\/li>\n<\/ul>\n<h4><strong>\u00a0<span style=\"color: #ff0000;\">TH\u00d4NG S\u1ed0 K\u1ef8 THU\u1eacT L\u00f2 vi s\u00f3ng Lorca TA 908<\/span><\/strong><\/h4>\n<ul>\n<li>Dung t\u00edch 25 l\u00edt<\/li>\n<li>C\u00f4ng su\u1ea5t 800W<\/li>\n<li>K\u00edch th\u01b0\u1edbc: 594x459x388mm<\/li>\n<\/ul>\n","protected":false},"excerpt":{"rendered":"<table border=\"1\">\n<tbody>\n<tr>\n<td><span style=\"color: #00ff00;\">T\u00ean s\u1ea3n ph\u1ea9m<\/span><\/td>\n<td><span style=\"color: #00ff00;\"><strong>L\u00f2 vi s\u00f3ng LORCA TA-908<\/strong><\/span><\/td>\n<\/tr>\n<tr>\n<td><span style=\"color: #00ff00;\">Th\u01b0\u01a1ng hi\u1ec7u<\/span><\/td>\n<td><span style=\"color: #00ff00;\"><strong>LORCA<\/strong><\/span><\/td>\n<\/tr>\n<tr>\n<td><span style=\"color: #00ff00;\">M\u00e0u s\u1eafc<\/span><\/td>\n<td><span style=\"color: #00ff00;\"><strong>\u0110en<\/strong><\/span><\/td>\n<\/tr>\n<tr>\n<td><span style=\"color: #00ff00;\">Xu\u1ea5t x\u1ee9<\/span><\/td>\n<td><span style=\"color: #00ff00;\">Malaysia<\/span><\/td>\n<\/tr>\n<tr>\n<td><span style=\"color: #00ff00;\">Nh\u00e0 s\u1ea3n xu\u1ea5t<\/span><\/td>\n<td><span style=\"color: #00ff00;\">HIGH ACE INDUSTRIES SDN BHD<\/span><\/td>\n<\/tr>\n<tr>\n<td><span style=\"color: #00ff00;\">Dung t\u00edch<\/span><\/td>\n<td><span style=\"color: #00ff00;\">25L<\/span><\/td>\n<\/tr>\n<tr>\n<td><span style=\"color: #00ff00;\">Khoang l\u00f2<\/span><\/td>\n<td><span style=\"color: #00ff00;\">Ch\u1ea5t li\u1ec7u th\u00e9p kh\u00f4ng g\u1ec9<\/span><\/td>\n<\/tr>\n<tr>\n<td><span style=\"color: #00ff00;\">\u0110i\u1ec1u khi\u1ec3n<\/span><\/td>\n<td><span style=\"color: #00ff00;\">\u0110i\u1ec1u khi\u1ec3n n\u00fam v\u1eb7n \u00e2m, m\u00e0n h\u00ecnh LED<\/span><\/td>\n<\/tr>\n<tr>\n<td><span style=\"color: #00ff00;\">R\u00e3 \u0111\u00f4ng th\u1ef1c ph\u1ea9m<\/span><\/td>\n<td><span style=\"color: #00ff00;\">Hai lo\u1ea1i r\u00e3 \u0111\u00f4ng: r\u00e3 \u0111\u00f4ng theo tr\u1ecdng l\u01b0\u1ee3ng v\u00e0 r\u00e3 \u0111\u00f4ng theo th\u1eddi gian<\/span><\/td>\n<\/tr>\n<tr>\n<td><span style=\"color: #00ff00;\">H\u00e2m n\u00f3ng<\/span><\/td>\n<td><span style=\"color: #00ff00;\">C\u00f3<\/span><\/td>\n<\/tr>\n<tr>\n<td><span style=\"color: #00ff00;\">N\u01b0\u1edbng<\/span><\/td>\n<td><span style=\"color: #00ff00;\">C\u00f3<\/span><\/td>\n<\/tr>\n<tr>\n<td><span style=\"color: #00ff00;\">Ch\u1ee9c n\u0103ng gi\u00e3 \u0111\u00f4ng k\u1ebft h\u1ee3p n\u1ea5u<\/span><\/td>\n<td><span style=\"color: #00ff00;\">C\u00f3<\/span><\/td>\n<\/tr>\n<tr>\n<td><span style=\"color: #00ff00;\">H\u1eb9n gi\u1edd<\/span><\/td>\n<td><span style=\"color: #00ff00;\">C\u00f3<\/span><\/td>\n<\/tr>\n<tr>\n<td><span style=\"color: #00ff00;\">C\u00f4ng th\u1ee9c n\u1ea5u n\u01b0\u1edbng<\/span><\/td>\n<td><span style=\"color: #00ff00;\">H\u1ed7 tr\u1ee3 10 c\u00f4ng th\u1ee9c n\u1ea5u \u0103n t\u1ef1 \u0111\u1ed9ng<\/span><\/td>\n<\/tr>\n<tr>\n<td><span style=\"color: #00ff00;\">C\u00f4ng su\u1ea5t<\/span><\/td>\n<td><span style=\"color: #00ff00;\">900W<\/span><\/td>\n<\/tr>\n<tr>\n<td><span style=\"color: #00ff00;\">\u0110i\u1ec7n \u00e1p<\/span><\/td>\n<td><span style=\"color: #00ff00;\">220-240V\/50Hz<\/span><\/td>\n<\/tr>\n<tr>\n<td><span style=\"color: #00ff00;\">K\u00edch th\u01b0\u1edbc s\u1ea3n ph\u1ea9m<\/span><\/td>\n<td><span style=\"color: #00ff00;\">595x400x388mm<\/span><\/td>\n<\/tr>\n<\/tbody>\n<\/table>\n","protected":false},"featured_media":371,"comment_status":"open","ping_status":"closed","template":"","meta":{"_eb_attr":""},"product_cat":[127,86,249],"product_tag":[157],"_links":{"self":[{"href":"https:\/\/tannoithat.com\/index.php\/wp-json\/wp\/v2\/product\/369"}],"collection":[{"href":"https:\/\/tannoithat.com\/index.php\/wp-json\/wp\/v2\/product"}],"about":[{"href":"https:\/\/tannoithat.com\/index.php\/wp-json\/wp\/v2\/types\/product"}],"replies":[{"embeddable":true,"href":"https:\/\/tannoithat.com\/index.php\/wp-json\/wp\/v2\/comments?post=369"}],"wp:featuredmedia":[{"embeddable":true,"href":"https:\/\/tannoithat.com\/index.php\/wp-json\/wp\/v2\/media\/371"}],"wp:attachment":[{"href":"https:\/\/tannoithat.com\/index.php\/wp-json\/wp\/v2\/media?parent=369"}],"wp:term":[{"taxonomy":"product_cat","embeddable":true,"href":"https:\/\/tannoithat.com\/index.php\/wp-json\/wp\/v2\/product_cat?post=369"},{"taxonomy":"product_tag","embeddable":true,"href":"https:\/\/tannoithat.com\/index.php\/wp-json\/wp\/v2\/product_tag?post=369"}],"curies":[{"name":"wp","href":"https:\/\/api.w.org\/{rel}","templated":true}]}}