{"id":374,"date":"2023-12-25T11:14:49","date_gmt":"2023-12-25T04:14:49","guid":{"rendered":"https:\/\/tannoithat.com\/?post_type=product&#038;p=374"},"modified":"2024-01-21T11:00:05","modified_gmt":"2024-01-21T04:00:05","slug":"may-hut-mui-lorca-ta-2001b","status":"publish","type":"product","link":"https:\/\/tannoithat.com\/index.php\/product\/may-hut-mui-lorca-ta-2001b\/","title":{"rendered":"M\u00e1y H\u00fat M\u00f9i Lorca TA-2001B"},"content":{"rendered":"\n\n<div class=\"kk-star-ratings kksr-auto kksr-align-left kksr-valign-top\"\n    data-payload='{&quot;align&quot;:&quot;left&quot;,&quot;id&quot;:&quot;374&quot;,&quot;slug&quot;:&quot;default&quot;,&quot;valign&quot;:&quot;top&quot;,&quot;ignore&quot;:&quot;&quot;,&quot;reference&quot;:&quot;auto&quot;,&quot;class&quot;:&quot;&quot;,&quot;count&quot;:&quot;0&quot;,&quot;legendonly&quot;:&quot;&quot;,&quot;readonly&quot;:&quot;&quot;,&quot;score&quot;:&quot;0&quot;,&quot;starsonly&quot;:&quot;&quot;,&quot;best&quot;:&quot;5&quot;,&quot;gap&quot;:&quot;5&quot;,&quot;greet&quot;:&quot;Rate this product&quot;,&quot;legend&quot;:&quot;0\\\/5 - (0 b\u00ecnh ch\u1ecdn)&quot;,&quot;size&quot;:&quot;24&quot;,&quot;title&quot;:&quot;M\u00e1y H\u00fat M\u00f9i Lorca TA-2001B&quot;,&quot;width&quot;:&quot;0&quot;,&quot;_legend&quot;:&quot;{score}\\\/{best} - ({count} {votes})&quot;,&quot;font_factor&quot;:&quot;1.25&quot;}'>\n            \n<div class=\"kksr-stars\">\n    \n<div class=\"kksr-stars-inactive\">\n            <div class=\"kksr-star\" data-star=\"1\" style=\"padding-right: 5px\">\n            \n\n<div class=\"kksr-icon\" style=\"width: 24px; height: 24px;\"><\/div>\n        <\/div>\n            <div class=\"kksr-star\" data-star=\"2\" style=\"padding-right: 5px\">\n            \n\n<div class=\"kksr-icon\" style=\"width: 24px; height: 24px;\"><\/div>\n        <\/div>\n            <div class=\"kksr-star\" data-star=\"3\" style=\"padding-right: 5px\">\n            \n\n<div class=\"kksr-icon\" style=\"width: 24px; height: 24px;\"><\/div>\n        <\/div>\n            <div class=\"kksr-star\" data-star=\"4\" style=\"padding-right: 5px\">\n            \n\n<div class=\"kksr-icon\" style=\"width: 24px; height: 24px;\"><\/div>\n        <\/div>\n            <div class=\"kksr-star\" data-star=\"5\" style=\"padding-right: 5px\">\n            \n\n<div class=\"kksr-icon\" style=\"width: 24px; height: 24px;\"><\/div>\n        <\/div>\n    <\/div>\n    \n<div class=\"kksr-stars-active\" style=\"width: 0px;\">\n            <div class=\"kksr-star\" style=\"padding-right: 5px\">\n            \n\n<div class=\"kksr-icon\" style=\"width: 24px; height: 24px;\"><\/div>\n        <\/div>\n            <div class=\"kksr-star\" style=\"padding-right: 5px\">\n            \n\n<div class=\"kksr-icon\" style=\"width: 24px; height: 24px;\"><\/div>\n        <\/div>\n            <div class=\"kksr-star\" style=\"padding-right: 5px\">\n            \n\n<div class=\"kksr-icon\" style=\"width: 24px; height: 24px;\"><\/div>\n        <\/div>\n            <div class=\"kksr-star\" style=\"padding-right: 5px\">\n            \n\n<div class=\"kksr-icon\" style=\"width: 24px; height: 24px;\"><\/div>\n        <\/div>\n            <div class=\"kksr-star\" style=\"padding-right: 5px\">\n            \n\n<div class=\"kksr-icon\" style=\"width: 24px; height: 24px;\"><\/div>\n        <\/div>\n    <\/div>\n<\/div>\n                \n\n<div class=\"kksr-legend\" style=\"font-size: 19.2px;\">\n            <span class=\"kksr-muted\">Rate this product<\/span>\n    <\/div>\n    <\/div>\n<h1><a href=\"https:\/\/tannoithat.com\/index.php\/product-category\/thiet-bi-nha-bep-2\/thiet-bi-nha-bep\/may-hut-mui\/\">M\u00e1y H\u00fat M\u00f9i Lorca TA-2001B<\/a><\/h1>\n<p><span style=\"color: #ff0000;\"><strong>T\u00cdNH N\u0102NG S\u1ea2N PH\u1ea8M\u00a0 M\u00e1y H\u00fat M\u00f9i Lorca TA-2001B<\/strong><\/span><\/p>\n<p>M\u00e1y h\u00fat m\u00f9i\u00a0<span style=\"color: #ff0000;\"><strong>TA-2001B-70\/90 CM<\/strong><\/span>\u00a0l\u00e0 s\u1ea3n ph\u1ea9m thu\u1ed9c d\u00f2ng m\u00e1y h\u00fat m\u00f9i cao c\u1ea5p c\u1ee7a Lorca. V\u1edbi ki\u1ec3u d\u00e1ng hi\u1ec7n \u0111\u1ea1i, gi\u00e0u t\u00ednh th\u1ea9m m\u1ef9 k\u1ebft h\u1ee3p v\u1edbi v\u1ecf ngo\u00e0i l\u00e0m b\u1eb1ng ch\u1ea5t li\u1ec7u inox cao c\u1ea5p, s\u1ea3n ph\u1ea9m l\u00e0 s\u1ef1 k\u1ebft h\u1ee3p gi\u1eefa c\u00f4ng n\u0103ng v\u00e0 thi\u1ebft k\u1ebf, ph\u00f9 h\u1ee3p cho c\u0103n b\u1ebfp gia \u0111\u00ecnh b\u1ea1n.<\/p>\n<h2><a href=\"https:\/\/www.facebook.com\/noithatbeptnt\" target=\"_blank\" rel=\"noopener\"><span style=\"color: #ff0000;\"><em><strong>\u0110\u1eb7c \u0111i\u1ec3m n\u1ed5i b\u1eadt M\u00e1y H\u00fat M\u00f9i Lorca TA-2001B<\/strong><\/em><\/span><\/a><\/h2>\n<p>\u2013 H\u00fat m\u00f9i\u00a0<span style=\"color: #ff0000;\"><strong>TA-2001B-70\/90 CM<\/strong><\/span>\u00a0l\u00e0 d\u00f2ng\u00a0<span style=\"color: #ff0000;\"><strong>m\u00e1y h\u00fat m\u00f9i g\u1eafn t\u01b0\u1eddng<\/strong><\/span>\u00a0ki\u1ec3u d\u00e1ng k\u00ednh cong, \u0111\u01b0\u1ee3c s\u1ea3n xu\u1ea5t tr\u00ean d\u00e2y chuy\u1ec1n hi\u1ec7n \u0111\u1ea1i, sang tr\u1ecdng v\u00e0 tinh t\u1ebf<\/p>\n<p>\u2013 H\u00fat m\u00f9i \u0111\u01b0\u1ee3c trang b\u1ecb\u00a0<span style=\"color: #ff0000;\"><strong>\u0111\u1ed9ng c\u01a1 turbin \u0111\u00f4i<\/strong>,\u00a0<\/span><strong><span style=\"color: #ff0000;\">c\u00f4ng su\u1ea5t l\u00ean \u0111\u1ebfn 120W<\/span><\/strong><span style=\"color: #ff0000;\">,<\/span> gi\u00fap lo\u1ea1i b\u1ecf m\u00f9i th\u1ee9c \u0103n trong gian b\u1ebfp.<\/p>\n<p>\u2013 Th\u00e2n m\u00e1y inox cao c\u1ea5p, d\u00e0y d\u1eb7n.<\/p>\n<p>\u2013 H\u00fat m\u00f9i\u00a0<span style=\"color: #ff0000;\"><strong>TA-2001B-70\/90 CM<\/strong><\/span>\u00a0\u0111\u01b0\u1ee3c trang b\u1ecb \u0111i\u1ec1u khi\u1ec3n b\u1eb1ng ph\u00edm b\u1ea5m, ch\u1ebf \u0111\u1ed9 h\u1eb9n gi\u1edd t\u1eaft v\u1edbi thao t\u00e1c \u0111\u01a1n gi\u1ea3n, d\u1ec5 d\u00e0ng s\u1eed d\u1ee5ng.<\/p>\n<p>\u2013 Thi\u1ebft b\u1ecb \u0111\u01b0\u1ee3c trang b\u1ecb \u0111\u00e8n LED ti\u1ebft ki\u1ec7m \u0111i\u1ec7n gi\u00fap chi\u1ebfu s\u00e1ng trong qu\u00e1 tr\u00ecnh n\u1ea5u n\u01b0\u1edbng.<\/p>\n<p>\u2013 H\u1ec7 th\u1ed1ng h\u00fat x\u1ea3 tu\u1ea7n ho\u00e0n v\u00e0 th\u00f4ng gi\u00f3. Khi d\u1ea7u m\u1ee1, m\u00f9i th\u1ef1c ph\u1ea9m,\u2026 \u0111\u01b0\u1ee3c thu v\u00e0o h\u1ec7 th\u1ed1ng v\u00e0 \u0111i qua l\u01b0\u1edbi l\u1ecdc, sau \u0111\u00f3 \u0111\u01b0\u1ee3c l\u1ecdc qua than ho\u1ea1t t\u00ednh \u0111\u1ec3 kh\u1eed m\u00f9i. Kh\u00ed sau khi \u0111\u00e3 l\u1ecdc s\u1ea1ch, \u0111\u01b0\u1ee3c \u0111\u1ea9y ra kh\u1ecfi m\u00e1y th\u00f4ng qua \u0111\u01b0\u1eddng \u1ed1ng tho\u00e1t m\u1ed9t chi\u1ec1u\u00a0<span style=\"color: #ff0000;\"><strong>f<\/strong><strong>150mm<\/strong>.<\/span><\/p>\n<p>\u2013 M\u00e1y h\u00fat m\u00f9i\u00a0<span style=\"color: #ff0000;\"><strong>TA-2001B-70\/90 CM<\/strong>\u00a0<\/span>\u0111\u01b0\u1ee3c trang b\u1ecb\u00a0<span style=\"color: #ff0000;\"><strong>l\u01b0\u1edbi l\u1ecdc nh\u00f4m 3 l\u1edbp<\/strong><\/span>\u00a0c\u00f3 \u0111\u1ed9 b\u1ec1n cao, gi\u00fap gi\u1ea3m ti\u1ebfng \u1ed3n. L\u1eaby c\u00e0i inox ch\u1ed1ng ch\u00e1y d\u1ec5 d\u00e0ng th\u00e1o r\u1eddi \u0111\u1ec3 v\u1ec7 sinh d\u1ea7u m\u1ee1 m\u1ed9t c\u00e1ch d\u1ec5 d\u00e0ng v\u00e0 t\u00e1i s\u1eed d\u1ee5ng, kh\u00f4ng c\u1ea7n ph\u1ea3i thay th\u1ebf trong su\u1ed1t qu\u00e1 tr\u00ecnh s\u1eed d\u1ee5ng.<\/p>\n<p>\u2013 Ngo\u00e0i ra m\u00e1y h\u00fat m\u00f9i\u00a0<span style=\"color: #ff0000;\"><strong>TA-2001B-70\/90 CM<\/strong><\/span>\u00a0c\u00f2n trang b\u1ecb\u00a0<span style=\"color: #ff0000;\"><strong>2 b\u1ed9 l\u1ecdc than ho\u1ea1t t\u00ednh<\/strong><\/span>, c\u00f3 t\u00e1c d\u1ee5ng kh\u1eed m\u00f9i, l\u1ecdc kh\u00f4ng kh\u00ed, d\u1ea7u m\u1ee1 hi\u1ec7u qu\u1ea3, t\u1ea1o ra kh\u00f4ng kh\u00ed trong l\u00e0nh v\u00e0 s\u1ea1ch s\u1ebd cho gian b\u1ebfp.<\/p>\n<h3><a href=\"https:\/\/www.facebook.com\/noithatbeptnt\" target=\"_blank\" rel=\"noopener\"><span style=\"color: #ff0000;\"><strong>M\u00d4 T\u1ea2 S\u1ea2N PH\u1ea8M M\u00e1y H\u00fat M\u00f9i Lorca TA-2001B<\/strong><\/span><\/a><\/h3>\n<p>C\u00f4ng su\u1ea5t \u0111\u1ed9ng c\u01a1 120W<\/p>\n<p>C\u00f4ng su\u1ea5t h\u00fat: 1000m3\/h<\/p>\n<p>\u1ed0ng tho\u00e1t \u00d8150mm<\/p>\n<p>\u0110\u1ed9 \u1ed3n: 48dbA<\/p>\n<p>K\u00edch th\u01b0\u1edbc: 700mm<\/p>\n","protected":false},"excerpt":{"rendered":"<table class=\"aligncenter\" border=\"1\">\n<tbody>\n<tr>\n<td><span style=\"color: #00ff00;\">T\u00ean s\u1ea3n ph\u1ea9m<\/span><\/td>\n<td><span style=\"color: #00ff00;\">H\u00fat m\u00f9i TA-2001B-70\/90mm<\/span><\/td>\n<\/tr>\n<tr>\n<td><span style=\"color: #00ff00;\">Th\u01b0\u01a1ng hi\u1ec7u<\/span><\/td>\n<td><span style=\"color: #00ff00;\"><b><strong>LORCA<\/strong><\/b><\/span><\/td>\n<\/tr>\n<tr>\n<td><span style=\"color: #00ff00;\">B\u1ea3ng \u0111i\u1ec1u khi\u1ec3n<\/span><\/td>\n<td><span style=\"color: #00ff00;\">Ph\u00edm b\u1ea5m c\u01a1 3 t\u1ed1c \u0111\u1ed9<\/span><\/td>\n<\/tr>\n<tr>\n<td><span style=\"color: #00ff00;\">Th\u00e2n m\u00e1y<\/span><\/td>\n<td><span style=\"color: #00ff00;\">Inox- k\u00ednh<\/span><\/td>\n<\/tr>\n<tr>\n<td><span style=\"color: #00ff00;\">L\u01b0\u1edbi l\u1ecdc<\/span><\/td>\n<td><span style=\"color: #00ff00;\">L\u01b0\u1edbi l\u1ecdc nh\u00f4m Aluminium 3 l\u1edbp<\/span><\/td>\n<\/tr>\n<tr>\n<td><span style=\"color: #00ff00;\">L\u1ecdc<\/span><\/td>\n<td><span style=\"color: #00ff00;\">Than ho\u1ea1t t\u00ednh<\/span><\/td>\n<\/tr>\n<tr>\n<td><span style=\"color: #00ff00;\">\u0110\u00e8n LED<\/span><\/td>\n<td><span style=\"color: #00ff00;\">2x2W<\/span><\/td>\n<\/tr>\n<tr>\n<td><span style=\"color: #00ff00;\">C\u00f4ng su\u1ea5t h\u00fat<\/span><\/td>\n<td><span style=\"color: #00ff00;\">1000m3\/h<\/span><\/td>\n<\/tr>\n<tr>\n<td><span style=\"color: #00ff00;\">\u0110\u1ed9ng c\u01a1<\/span><\/td>\n<td><span style=\"color: #00ff00;\">\u00a02x120W<\/span><\/td>\n<\/tr>\n<tr>\n<td><span style=\"color: #00ff00;\">\u0110\u1ed9 \u1ed3n<\/span><\/td>\n<td><span style=\"color: #00ff00;\">\u00b1 48db<\/span><\/td>\n<\/tr>\n<tr>\n<td><span style=\"color: #00ff00;\">\u1ed0ng tho\u00e1t<\/span><\/td>\n<td><span style=\"color: #00ff00;\">\u00d8 150mm<\/span><\/td>\n<\/tr>\n<tr>\n<td><span style=\"color: #00ff00;\">K\u00edch th\u01b0\u1edbc s\u1ea3n ph\u1ea9m<\/span><\/td>\n<td><span style=\"color: #00ff00;\">700\/900mm<\/span><\/td>\n<\/tr>\n<\/tbody>\n<\/table>\n","protected":false},"featured_media":375,"comment_status":"open","ping_status":"closed","template":"","meta":{"_eb_attr":""},"product_cat":[128,86,249],"product_tag":[158],"_links":{"self":[{"href":"https:\/\/tannoithat.com\/index.php\/wp-json\/wp\/v2\/product\/374"}],"collection":[{"href":"https:\/\/tannoithat.com\/index.php\/wp-json\/wp\/v2\/product"}],"about":[{"href":"https:\/\/tannoithat.com\/index.php\/wp-json\/wp\/v2\/types\/product"}],"replies":[{"embeddable":true,"href":"https:\/\/tannoithat.com\/index.php\/wp-json\/wp\/v2\/comments?post=374"}],"wp:featuredmedia":[{"embeddable":true,"href":"https:\/\/tannoithat.com\/index.php\/wp-json\/wp\/v2\/media\/375"}],"wp:attachment":[{"href":"https:\/\/tannoithat.com\/index.php\/wp-json\/wp\/v2\/media?parent=374"}],"wp:term":[{"taxonomy":"product_cat","embeddable":true,"href":"https:\/\/tannoithat.com\/index.php\/wp-json\/wp\/v2\/product_cat?post=374"},{"taxonomy":"product_tag","embeddable":true,"href":"https:\/\/tannoithat.com\/index.php\/wp-json\/wp\/v2\/product_tag?post=374"}],"curies":[{"name":"wp","href":"https:\/\/api.w.org\/{rel}","templated":true}]}}