{"id":376,"date":"2023-12-25T11:20:10","date_gmt":"2023-12-25T04:20:10","guid":{"rendered":"https:\/\/tannoithat.com\/?post_type=product&#038;p=376"},"modified":"2024-01-15T15:49:11","modified_gmt":"2024-01-15T08:49:11","slug":"lo-nuong-lorca-ta-917","status":"publish","type":"product","link":"https:\/\/tannoithat.com\/index.php\/product\/lo-nuong-lorca-ta-917\/","title":{"rendered":"L\u00f2 n\u01b0\u1edbng Lorca TA 917"},"content":{"rendered":"\n\n<div class=\"kk-star-ratings kksr-auto kksr-align-left kksr-valign-top\"\n    data-payload='{&quot;align&quot;:&quot;left&quot;,&quot;id&quot;:&quot;376&quot;,&quot;slug&quot;:&quot;default&quot;,&quot;valign&quot;:&quot;top&quot;,&quot;ignore&quot;:&quot;&quot;,&quot;reference&quot;:&quot;auto&quot;,&quot;class&quot;:&quot;&quot;,&quot;count&quot;:&quot;0&quot;,&quot;legendonly&quot;:&quot;&quot;,&quot;readonly&quot;:&quot;&quot;,&quot;score&quot;:&quot;0&quot;,&quot;starsonly&quot;:&quot;&quot;,&quot;best&quot;:&quot;5&quot;,&quot;gap&quot;:&quot;5&quot;,&quot;greet&quot;:&quot;Rate this product&quot;,&quot;legend&quot;:&quot;0\\\/5 - (0 b\u00ecnh ch\u1ecdn)&quot;,&quot;size&quot;:&quot;24&quot;,&quot;title&quot;:&quot;L\u00f2 n\u01b0\u1edbng Lorca TA 917&quot;,&quot;width&quot;:&quot;0&quot;,&quot;_legend&quot;:&quot;{score}\\\/{best} - ({count} {votes})&quot;,&quot;font_factor&quot;:&quot;1.25&quot;}'>\n            \n<div class=\"kksr-stars\">\n    \n<div class=\"kksr-stars-inactive\">\n            <div class=\"kksr-star\" data-star=\"1\" style=\"padding-right: 5px\">\n            \n\n<div class=\"kksr-icon\" style=\"width: 24px; height: 24px;\"><\/div>\n        <\/div>\n            <div class=\"kksr-star\" data-star=\"2\" style=\"padding-right: 5px\">\n            \n\n<div class=\"kksr-icon\" style=\"width: 24px; height: 24px;\"><\/div>\n        <\/div>\n            <div class=\"kksr-star\" data-star=\"3\" style=\"padding-right: 5px\">\n            \n\n<div class=\"kksr-icon\" style=\"width: 24px; height: 24px;\"><\/div>\n        <\/div>\n            <div class=\"kksr-star\" data-star=\"4\" style=\"padding-right: 5px\">\n            \n\n<div class=\"kksr-icon\" style=\"width: 24px; height: 24px;\"><\/div>\n        <\/div>\n            <div class=\"kksr-star\" data-star=\"5\" style=\"padding-right: 5px\">\n            \n\n<div class=\"kksr-icon\" style=\"width: 24px; height: 24px;\"><\/div>\n        <\/div>\n    <\/div>\n    \n<div class=\"kksr-stars-active\" style=\"width: 0px;\">\n            <div class=\"kksr-star\" style=\"padding-right: 5px\">\n            \n\n<div class=\"kksr-icon\" style=\"width: 24px; height: 24px;\"><\/div>\n        <\/div>\n            <div class=\"kksr-star\" style=\"padding-right: 5px\">\n            \n\n<div class=\"kksr-icon\" style=\"width: 24px; height: 24px;\"><\/div>\n        <\/div>\n            <div class=\"kksr-star\" style=\"padding-right: 5px\">\n            \n\n<div class=\"kksr-icon\" style=\"width: 24px; height: 24px;\"><\/div>\n        <\/div>\n            <div class=\"kksr-star\" style=\"padding-right: 5px\">\n            \n\n<div class=\"kksr-icon\" style=\"width: 24px; height: 24px;\"><\/div>\n        <\/div>\n            <div class=\"kksr-star\" style=\"padding-right: 5px\">\n            \n\n<div class=\"kksr-icon\" style=\"width: 24px; height: 24px;\"><\/div>\n        <\/div>\n    <\/div>\n<\/div>\n                \n\n<div class=\"kksr-legend\" style=\"font-size: 19.2px;\">\n            <span class=\"kksr-muted\">Rate this product<\/span>\n    <\/div>\n    <\/div>\n<h1><a href=\"https:\/\/tannoithat.com\/index.php\/product-category\/phu-kien\/tu-kho\/\"><span style=\"color: #ff0000;\"><strong>L\u00f2 n\u01b0\u1edbng Lorca TA-917<\/strong>\u00a0<\/span><\/a><\/h1>\n<p>nh\u1eadp kh\u1ea9u nguy\u00ean chi\u1ebfc t\u1eeb Malaysia l\u00e0 s\u1ea3n ph\u1ea9m l\u00f2 n\u01b0\u1edbng cao c\u1ea5p, dung t\u00edch 60L. \u0110\u00e2y l\u00e0 s\u1ef1 l\u1ef1a ch\u1ecdn ho\u00e0n h\u1ea3o cho gia \u0111\u00ecnh \u0111\u00f4ng ng\u01b0\u1eddi, \u0111\u00e1p \u1ee9ng cho vi\u1ec7c n\u1ea5u n\u01b0\u1edbng nhi\u1ec1u m\u00f3n \u0103n c\u00f9ng m\u1ed9t l\u00fac. V\u1edbi thi\u1ebft k\u1ebf sang tr\u1ecdng, s\u1eed d\u1ee5ng inox cao c\u1ea5p k\u1ebft h\u1ee3p v\u1edbi c\u1eeda k\u00ednh 3 l\u1edbp, c\u00f3 kh\u1ea3 n\u0103ng ch\u1ecbu l\u1ef1c, ch\u1ecbu nhi\u1ec7t c\u1ef1c t\u1ed1t, t\u1ea1o v\u1ebb ngo\u00e0i sang tr\u1ecdng, cu\u1ed1n h\u00fat. L\u00f2 c\u00f3 h\u1ec7 th\u1ed1ng qu\u1ea1t t\u1ef1 l\u00e0m m\u00e1t hi\u1ec7u qu\u1ea3 v\u00e0 \u0111\u00e8n ph\u1ee5 tr\u1ee3 chi\u1ebfu s\u00e1ng khoang l\u00f2.<\/p>\n<div id=\"attachment_377\" style=\"width: 1930px\" class=\"wp-caption alignnone\"><img fetchpriority=\"high\" decoding=\"async\" aria-describedby=\"caption-attachment-377\" class=\"wp-image-377 size-full\" src=\"https:\/\/tannoithat.com\/wp-content\/uploads\/2023\/12\/upweb1-21.jpg\" alt=\"L\u00f2 n\u01b0\u1edbng Lorca TA 917\" width=\"1920\" height=\"1440\" srcset=\"https:\/\/tannoithat.com\/wp-content\/uploads\/2023\/12\/upweb1-21.jpg 1920w, https:\/\/tannoithat.com\/wp-content\/uploads\/2023\/12\/upweb1-21-300x225.jpg 300w, https:\/\/tannoithat.com\/wp-content\/uploads\/2023\/12\/upweb1-21-1024x768.jpg 1024w, https:\/\/tannoithat.com\/wp-content\/uploads\/2023\/12\/upweb1-21-768x576.jpg 768w, https:\/\/tannoithat.com\/wp-content\/uploads\/2023\/12\/upweb1-21-1536x1152.jpg 1536w, https:\/\/tannoithat.com\/wp-content\/uploads\/2023\/12\/upweb1-21-600x450.jpg 600w\" sizes=\"(max-width: 1920px) 100vw, 1920px\" \/><p id=\"caption-attachment-377\" class=\"wp-caption-text\">L\u00f2 n\u01b0\u1edbng Lorca TA 917<\/p><\/div>\n<h2><a href=\"https:\/\/www.facebook.com\/noithatbeptnt\" target=\"_blank\" rel=\"noopener\"><span style=\"color: #ff0000;\"><strong>T\u00ednh n\u0103ng s\u1ea3n ph\u1ea9m L\u00f2 n\u01b0\u1edbng Lorca TA 917<\/strong><\/span><\/a><\/h2>\n<p>6 ch\u1ebf \u0111\u1ed9 n\u1ea5u: Ch\u1ebf \u0111\u1ed9 n\u1ea5u d\u00f9ng qu\u1ea1t, Ch\u1ebf \u0111\u1ed9 n\u1ea5u d\u00f9ng qu\u1ea1t v\u00e0 s\u1eed d\u1ee5ng h\u01a1i n\u00f3ng t\u1eeb ph\u00eda tr\u00ean, Ch\u1ebf \u0111\u1ed9 n\u1ea5u d\u00f9ng qu\u1ea1t v\u00e0 s\u1eed d\u1ee5ng h\u01a1i n\u00f3ng t\u1eeb ph\u00eda d\u01b0\u1edbi, Ch\u1ebf \u0111\u1ed9 n\u1ea5u s\u1eed d\u1ee5ng lu\u1ed3ng n\u00f3ng \u0111\u1ed1i l\u01b0u, Ch\u1ebf \u0111\u1ed9 n\u1ea5u d\u00f9ng qu\u1ea1t v\u00e0 s\u1eed d\u1ee5ng h\u01a1i n\u00f3ng t\u1eeb ph\u00eda d\u01b0\u1edbi, Ch\u1ebf \u0111\u1ed9 n\u01b0\u1edbng ti\u1ebft ki\u1ec7m \u0111i\u1ec7n.<\/p>\n<ul>\n<li><span style=\"color: #ff0000;\"><strong>Ch\u1ebf \u0111\u1ed9 n\u1ea5u d\u00f9ng qu\u1ea1t<\/strong><\/span>: Ch\u1ebf \u0111\u1ed9 n\u00e0y d\u00f9ng qu\u1ea1t v\u00e0 h\u01a1i \u0111\u1ec3 l\u00e0m n\u00f3ng th\u1ee9c \u0103n. Th\u1ee9c \u0103n c\u00f3 b\u1ec1 m\u1eb7t gi\u00f2n nh\u01b0ng b\u00ean trong m\u1ec1m v\u00e0 ch\u00edn \u0111\u1ec1u. N\u1ebfu mu\u1ed1n n\u01b0\u1edbng t\u1ea1o s\u1ed1t cho m\u00f3n \u0103n, kh\u00f4ng c\u1ea7n l\u00e0m n\u00f3ng l\u00f2 tr\u01b0\u1edbc, ch\u1ee9c n\u0103ng n\u01b0\u1edbng b\u1eb1ng qu\u1ea1t v\u00e0 h\u01a1i n\u00f3ng gi\u00fap h\u01a1i n\u00f3ng \u0111\u01b0\u1ee3c ph\u00e2n t\u00e1n \u0111\u1ec1u v\u00e0 nhanh \u1edf c\u1ea3 ph\u00eda tr\u00ean v\u00e0 ph\u00eda d\u01b0\u1edbi.<\/li>\n<li><span style=\"color: #ff0000;\"><strong>Ch\u1ebf \u0111\u1ed9 n\u1ea5u d\u00f9ng qu\u1ea1t v\u00e0 s\u1eed d\u1ee5ng h\u01a1i n\u00f3ng t\u1eeb ph\u00eda tr\u00ean<\/strong>:<\/span> Th\u00edch h\u1ee3p cho vi\u1ec7c l\u00e0m n\u00f3ng v\u00e0 h\u00e2m n\u00f3ng c\u00e1c th\u1ee9c \u0103n ch\u00edn.<\/li>\n<li><span style=\"color: #ff0000;\"><strong>Ch\u1ebf \u0111\u1ed9 n\u1ea5u d\u00f9ng qu\u1ea1t v\u00e0 s\u1eed d\u1ee5ng h\u01a1i n\u00f3ng t\u1eeb ph\u00eda d\u01b0\u1edbi<\/strong><\/span>: Ch\u1ebf \u0111\u1ed9 n\u00e0y t\u1ea1o ra v\u00f2ng tr\u00f2n h\u01a1i n\u00f3ng t\u1eeb c\u1ea3 hai ph\u00eda, th\u00edch h\u1ee3p khi l\u00e0m c\u00e1c lo\u1ea1i b\u00e1nh, v\u1ecf b\u00e1nh, \u0111\u1ebf b\u00e1nh pizza<\/li>\n<li><span style=\"color: #ff0000;\"><strong>Ch\u1ebf \u0111\u1ed9 n\u1ea5u s\u1eed d\u1ee5ng lu\u1ed3ng n\u00f3ng \u0111\u1ed1i l\u01b0u<\/strong><\/span>: Ph\u00e2n t\u00e1n nhi\u1ec7t \u0111\u1ec1u v\u00e0 nhanh, c\u00f3 th\u1ec3 n\u01b0\u1edbng nhi\u1ec1u lo\u1ea1i th\u1ee9c \u0103n m\u00e0 kh\u00f4ng b\u1ecb bi\u1ebfn m\u00f9i. Th\u00edch h\u1ee3p cho vi\u1ec7c n\u01b0\u1edbng c\u00e1c lo\u1ea1i b\u00e1nh m\u00ec, b\u00e1nh ng\u1ecdt.<\/li>\n<li><span style=\"color: #ff0000;\"><strong>Ch\u1ebf \u0111\u1ed9 n\u1ea5u d\u00f9ng qu\u1ea1t v\u00e0 s\u1eed d\u1ee5ng h\u01a1i n\u00f3ng t\u1eeb ph\u00eda d\u01b0\u1edbi<\/strong><\/span>: Ph\u00e2n t\u00e1n nhi\u1ec7t ch\u1eadm h\u01a1n, th\u00edch h\u1ee3p v\u1edbi c\u00e1c m\u00f3n h\u1ea7m, l\u00e0m ch\u00edn th\u1ee9c \u0103n t\u1eeb t\u1eeb.<\/li>\n<li><span style=\"color: #ff0000;\"><strong>Ch\u1ebf \u0111\u1ed9 n\u01b0\u1edbng ti\u1ebft ki\u1ec7m \u0111i\u1ec7n<\/strong>:<\/span> Th\u00edch h\u1ee3p cho vi\u1ec7c n\u01b0\u1edbng th\u1ecbt m\u00e0 v\u1eabn gi\u1eef \u0111\u01b0\u1ee3c n\u01b0\u1edbc s\u1ed1t t\u1eeb th\u1ecbt ti\u1ebft ra, l\u00e0m v\u00e0ng b\u1ec1 m\u1eb7t th\u1ee9c \u0103n nhanh ch\u00f3ng.<\/li>\n<\/ul>\n<p><span style=\"color: #ff0000;\"><strong>Ch\u1ee9c n\u0103ng n\u01b0\u1edbng xi\u00ean quay<\/strong><\/span>: l\u00f2 c\u00f3 kh\u1ea3 n\u0103ng n\u01b0\u1edbng xi\u00ean quay \u0111i k\u00e8m v\u1edbi que xi\u00ean n\u01b0\u1edbng v\u1edbi ch\u1ee9c n\u0103ng Rotisseries, gi\u00fap n\u01b0\u1edbng hi\u1ec7u qu\u1ea3 c\u00e1c m\u00f3n \u0103n nh\u1edd th\u1ef1c ph\u1ea9m \u0111\u01b0\u1ee3c quay li\u00ean t\u1ee5c trong l\u00f2, th\u1ef1c ph\u1ea9m s\u1ebd \u0111\u01b0\u1ee3c ch\u00edn \u0111\u1ec1u.<\/p>\n<p><span style=\"color: #ff0000;\"><strong>T\u00ednh n\u0103ng r\u00e3 \u0111\u00f4ng<\/strong>:<\/span> Ch\u1ebf \u0111\u1ed9 r\u00e3 \u0111\u00f4ng ch\u1ec9 d\u00f9ng qu\u1ea1t, th\u1ef1c ph\u1ea9m \u0111\u01b0\u1ee3c r\u00e3 \u0111\u00f4ng nhanh h\u01a1n, gi\u1ea3m m\u1ed9t n\u1eeda th\u1eddi gian r\u00e3 \u0111\u00f4ng th\u00f4ng th\u01b0\u1eddng.<\/p>\n<p>B\u1ea3ng \u0111i\u1ec1u khi\u1ec3n \u0111i\u1ec7n t\u1eed k\u1ebft h\u1ee3p n\u00fam v\u1eb7n, m\u00e0n h\u00ecnh hi\u1ec3n th\u1ecb LED: B\u1ea3ng \u0111i\u1ec1u khi\u1ec3n l\u00f2 n\u01b0\u1edbng\u00a0<span style=\"color: #ff0000;\"><strong>Lorca TA-917<\/strong><\/span>\u00a0hi\u1ec3n th\u1ecb r\u00f5 r\u00e0ng, d\u1ec5 thao t\u00e1c v\u00e0 s\u1eed d\u1ee5ng.<\/p>\n<p><img decoding=\"async\" class=\"alignnone size-full wp-image-378\" src=\"https:\/\/tannoithat.com\/wp-content\/uploads\/2023\/12\/upweb2-20.jpg\" alt=\"\" width=\"1920\" height=\"1440\" srcset=\"https:\/\/tannoithat.com\/wp-content\/uploads\/2023\/12\/upweb2-20.jpg 1920w, https:\/\/tannoithat.com\/wp-content\/uploads\/2023\/12\/upweb2-20-300x225.jpg 300w, https:\/\/tannoithat.com\/wp-content\/uploads\/2023\/12\/upweb2-20-1024x768.jpg 1024w, https:\/\/tannoithat.com\/wp-content\/uploads\/2023\/12\/upweb2-20-768x576.jpg 768w, https:\/\/tannoithat.com\/wp-content\/uploads\/2023\/12\/upweb2-20-1536x1152.jpg 1536w, https:\/\/tannoithat.com\/wp-content\/uploads\/2023\/12\/upweb2-20-600x450.jpg 600w\" sizes=\"(max-width: 1920px) 100vw, 1920px\" \/><\/p>\n<h3><span style=\"color: #ff0000;\"><strong>T\u00ednh n\u0103ng an to\u00e0n L\u00f2 n\u01b0\u1edbng Lorca TA 917<\/strong><\/span><\/h3>\n<p>C\u1eeda k\u00ednh 3 l\u1edbp ng\u0103n ch\u1eb7n nhi\u1ec7t v\u00e0 tia b\u1ee9c x\u1ea1: gi\u00fap b\u1ea3o v\u1ec7 kh\u00f4ng gian xung quanh l\u00f2 kh\u1ecfi c\u00e1c tia b\u1ee9c x\u1ea1 v\u00e0 \u00f4 nhi\u1ec5m t\u1eeb khi l\u00f2 ho\u1ea1t \u0111\u1ed9ng.<\/p>\n","protected":false},"excerpt":{"rendered":"<p>L\u00f2 n\u01b0\u1edbng Lorca TA 917<\/p>\n<table border=\"1\">\n<tbody>\n<tr>\n<td><span style=\"color: #00ff00;\">T\u00ean s\u1ea3n ph\u1ea9m<\/span><\/td>\n<td><span style=\"color: #00ff00;\"><strong>L\u00f2 n\u01b0\u1edbng LORCA TA-917<\/strong><\/span><\/td>\n<\/tr>\n<tr>\n<td><span style=\"color: #00ff00;\">Th\u01b0\u01a1ng hi\u1ec7u<\/span><\/td>\n<td><span style=\"color: #00ff00;\"><strong>LORCA<\/strong><\/span><\/td>\n<\/tr>\n<tr>\n<td><span style=\"color: #00ff00;\">Xu\u1ea5t x\u1ee9<\/span><\/td>\n<td><span style=\"color: #00ff00;\">Malaysia<\/span><\/td>\n<\/tr>\n<tr>\n<td><span style=\"color: #00ff00;\">Nh\u00e0 s\u1ea3n xu\u1ea5t<\/span><\/td>\n<td><span style=\"color: #00ff00;\">HIGH ACE INDUSTRIES SDN BHD<\/span><\/td>\n<\/tr>\n<tr>\n<td><span style=\"color: #00ff00;\">Dung t\u00edch<\/span><\/td>\n<td><span style=\"color: #00ff00;\">58L<\/span><\/td>\n<\/tr>\n<tr>\n<td><span style=\"color: #00ff00;\">\u0110i\u1ec1u khi\u1ec3n<\/span><\/td>\n<td><span style=\"color: #00ff00;\">\u0110i\u1ec1u khi\u1ec3n n\u00fam v\u1eb7n, m\u00e0n h\u00ecnh c\u1ea3m \u1ee9ng LED<\/span><\/td>\n<\/tr>\n<tr>\n<td><span style=\"color: #00ff00;\">R\u00e3 \u0111\u00f4ng th\u1ef1c ph\u1ea9m<\/span><\/td>\n<td><span style=\"color: #00ff00;\">H\u1ed7 tr\u1ee3 gi\u00e3 \u0111\u00f4ng b\u1eb1ng qu\u1ea1t gi\u00f3<\/span><\/td>\n<\/tr>\n<tr>\n<td><span style=\"color: #00ff00;\">H\u1ec7 th\u1ed1ng l\u00e0m m\u00e1t<\/span><\/td>\n<td><span style=\"color: #00ff00;\">C\u00f3<\/span><\/td>\n<\/tr>\n<tr>\n<td><span style=\"color: #00ff00;\">Khoang l\u00f2<\/span><\/td>\n<td><span style=\"color: #00ff00;\">Tr\u00e1ng men<\/span><\/td>\n<\/tr>\n<tr>\n<td><span style=\"color: #00ff00;\">C\u00f4ng th\u1ee9c n\u1ea5u n\u01b0\u1edbng<\/span><\/td>\n<td><span style=\"color: #00ff00;\">H\u1ed7 tr\u1ee3 10 c\u00f4ng th\u1ee9c n\u1ea5u \u0103n<\/span><\/td>\n<\/tr>\n<tr>\n<td><span style=\"color: #00ff00;\">Nhi\u1ec7t \u0111\u1ed9<\/span><\/td>\n<td><span style=\"color: #00ff00;\">5 m\u1ee9c nhi\u1ec7t t\u1eeb 50~250 \u0111\u1ed9 C<\/span><\/td>\n<\/tr>\n<tr>\n<td><span style=\"color: #00ff00;\">C\u00f4ng su\u1ea5t<\/span><\/td>\n<td><span style=\"color: #00ff00;\">2200W<\/span><\/td>\n<\/tr>\n<tr>\n<td><span style=\"color: #00ff00;\">\u0110i\u1ec7n \u00e1p<\/span><\/td>\n<td><span style=\"color: #00ff00;\">220-240V\/50Hz<\/span><\/td>\n<\/tr>\n<tr>\n<td><span style=\"color: #00ff00;\">K\u00edch th\u01b0\u1edbc s\u1ea3n ph\u1ea9m<\/span><\/td>\n<td><span style=\"color: #00ff00;\">630x647x666mm<\/span><\/td>\n<\/tr>\n<\/tbody>\n<\/table>\n","protected":false},"featured_media":379,"comment_status":"open","ping_status":"closed","template":"","meta":{"_eb_attr":""},"product_cat":[126,86,249],"product_tag":[159],"_links":{"self":[{"href":"https:\/\/tannoithat.com\/index.php\/wp-json\/wp\/v2\/product\/376"}],"collection":[{"href":"https:\/\/tannoithat.com\/index.php\/wp-json\/wp\/v2\/product"}],"about":[{"href":"https:\/\/tannoithat.com\/index.php\/wp-json\/wp\/v2\/types\/product"}],"replies":[{"embeddable":true,"href":"https:\/\/tannoithat.com\/index.php\/wp-json\/wp\/v2\/comments?post=376"}],"wp:featuredmedia":[{"embeddable":true,"href":"https:\/\/tannoithat.com\/index.php\/wp-json\/wp\/v2\/media\/379"}],"wp:attachment":[{"href":"https:\/\/tannoithat.com\/index.php\/wp-json\/wp\/v2\/media?parent=376"}],"wp:term":[{"taxonomy":"product_cat","embeddable":true,"href":"https:\/\/tannoithat.com\/index.php\/wp-json\/wp\/v2\/product_cat?post=376"},{"taxonomy":"product_tag","embeddable":true,"href":"https:\/\/tannoithat.com\/index.php\/wp-json\/wp\/v2\/product_tag?post=376"}],"curies":[{"name":"wp","href":"https:\/\/api.w.org\/{rel}","templated":true}]}}