{"id":380,"date":"2023-12-25T11:27:06","date_gmt":"2023-12-25T04:27:06","guid":{"rendered":"https:\/\/tannoithat.com\/?post_type=product&#038;p=380"},"modified":"2024-01-21T11:01:14","modified_gmt":"2024-01-21T04:01:14","slug":"may-rua-bat-lorca-ta-916-dwb","status":"publish","type":"product","link":"https:\/\/tannoithat.com\/index.php\/product\/may-rua-bat-lorca-ta-916-dwb\/","title":{"rendered":"M\u00e1y r\u1eeda b\u00e1t Lorca TA 916 DWB"},"content":{"rendered":"\n\n<div class=\"kk-star-ratings kksr-auto kksr-align-left kksr-valign-top\"\n    data-payload='{&quot;align&quot;:&quot;left&quot;,&quot;id&quot;:&quot;380&quot;,&quot;slug&quot;:&quot;default&quot;,&quot;valign&quot;:&quot;top&quot;,&quot;ignore&quot;:&quot;&quot;,&quot;reference&quot;:&quot;auto&quot;,&quot;class&quot;:&quot;&quot;,&quot;count&quot;:&quot;0&quot;,&quot;legendonly&quot;:&quot;&quot;,&quot;readonly&quot;:&quot;&quot;,&quot;score&quot;:&quot;0&quot;,&quot;starsonly&quot;:&quot;&quot;,&quot;best&quot;:&quot;5&quot;,&quot;gap&quot;:&quot;5&quot;,&quot;greet&quot;:&quot;Rate this product&quot;,&quot;legend&quot;:&quot;0\\\/5 - (0 b\u00ecnh ch\u1ecdn)&quot;,&quot;size&quot;:&quot;24&quot;,&quot;title&quot;:&quot;M\u00e1y r\u1eeda b\u00e1t Lorca TA 916 DWB&quot;,&quot;width&quot;:&quot;0&quot;,&quot;_legend&quot;:&quot;{score}\\\/{best} - ({count} {votes})&quot;,&quot;font_factor&quot;:&quot;1.25&quot;}'>\n            \n<div class=\"kksr-stars\">\n    \n<div class=\"kksr-stars-inactive\">\n            <div class=\"kksr-star\" data-star=\"1\" style=\"padding-right: 5px\">\n            \n\n<div class=\"kksr-icon\" style=\"width: 24px; height: 24px;\"><\/div>\n        <\/div>\n            <div class=\"kksr-star\" data-star=\"2\" style=\"padding-right: 5px\">\n            \n\n<div class=\"kksr-icon\" style=\"width: 24px; height: 24px;\"><\/div>\n        <\/div>\n            <div class=\"kksr-star\" data-star=\"3\" style=\"padding-right: 5px\">\n            \n\n<div class=\"kksr-icon\" style=\"width: 24px; height: 24px;\"><\/div>\n        <\/div>\n            <div class=\"kksr-star\" data-star=\"4\" style=\"padding-right: 5px\">\n            \n\n<div class=\"kksr-icon\" style=\"width: 24px; height: 24px;\"><\/div>\n        <\/div>\n            <div class=\"kksr-star\" data-star=\"5\" style=\"padding-right: 5px\">\n            \n\n<div class=\"kksr-icon\" style=\"width: 24px; height: 24px;\"><\/div>\n        <\/div>\n    <\/div>\n    \n<div class=\"kksr-stars-active\" style=\"width: 0px;\">\n            <div class=\"kksr-star\" style=\"padding-right: 5px\">\n            \n\n<div class=\"kksr-icon\" style=\"width: 24px; height: 24px;\"><\/div>\n        <\/div>\n            <div class=\"kksr-star\" style=\"padding-right: 5px\">\n            \n\n<div class=\"kksr-icon\" style=\"width: 24px; height: 24px;\"><\/div>\n        <\/div>\n            <div class=\"kksr-star\" style=\"padding-right: 5px\">\n            \n\n<div class=\"kksr-icon\" style=\"width: 24px; height: 24px;\"><\/div>\n        <\/div>\n            <div class=\"kksr-star\" style=\"padding-right: 5px\">\n            \n\n<div class=\"kksr-icon\" style=\"width: 24px; height: 24px;\"><\/div>\n        <\/div>\n            <div class=\"kksr-star\" style=\"padding-right: 5px\">\n            \n\n<div class=\"kksr-icon\" style=\"width: 24px; height: 24px;\"><\/div>\n        <\/div>\n    <\/div>\n<\/div>\n                \n\n<div class=\"kksr-legend\" style=\"font-size: 19.2px;\">\n            <span class=\"kksr-muted\">Rate this product<\/span>\n    <\/div>\n    <\/div>\n<h1><a href=\"https:\/\/tannoithat.com\/index.php\/product-category\/phu-kien\/tu-kho\/\"><span style=\"color: #ff0000;\"><strong>M\u00e1y r\u1eeda b\u00e1t TA-916DWB<\/strong><\/span><\/a><\/h1>\n<p>l\u00e0 m\u1ed9t l\u1ef1a ch\u1ecdn tuy\u1ec7t v\u1eddi, v\u00f4 c\u00f9ng ph\u00f9 h\u1ee3p v\u1edbi nh\u1eefng c\u1eb7p v\u1ee3 ch\u1ed3ng tr\u1ebb hay nh\u1eefng gia \u0111\u00ecnh \u00edt ng\u01b0\u1eddi. Thi\u1ebft b\u1ecb n\u00e0y c\u00f3 thi\u1ebft k\u1ebf nh\u1ecf g\u1ecdn, c\u00f3 th\u1ec3 l\u1eafp \u0111\u1eb7t \u0111\u1ed9c l\u1eadp ho\u1eb7c l\u1eafp \u00e2m t\u1ee7, ph\u00f9 h\u1ee3p v\u1edbi h\u1ea7u h\u1ebft c\u00e1c kh\u00f4ng gian b\u1ebfp kh\u00e1c nhau. \u0110\u01b0\u1ee3c s\u1ea3n xu\u1ea5t tr\u00ean d\u00e2y chuy\u1ec1n hi\u1ec7n \u0111\u1ea1i, nh\u1eadp kh\u1ea9u tr\u1ef1c ti\u1ebfp t\u1eeb Malaysia,\u00a0<strong>m\u00e1y r\u1eeda b\u00e1t TA-916DWB<\/strong>\u00a0mang v\u1ebb \u0111\u1eb9p sang tr\u1ecdng, tinh t\u1ebf, hi\u1ec7n \u0111\u1ea1i.<\/p>\n<div id=\"attachment_381\" style=\"width: 1930px\" class=\"wp-caption alignnone\"><img fetchpriority=\"high\" decoding=\"async\" aria-describedby=\"caption-attachment-381\" class=\"wp-image-381 size-full\" src=\"https:\/\/tannoithat.com\/wp-content\/uploads\/2023\/12\/upweb1-20.jpg\" alt=\"M\u00e1y r\u1eeda b\u00e1t Lorca TA 916 DWB\" width=\"1920\" height=\"1440\" srcset=\"https:\/\/tannoithat.com\/wp-content\/uploads\/2023\/12\/upweb1-20.jpg 1920w, https:\/\/tannoithat.com\/wp-content\/uploads\/2023\/12\/upweb1-20-300x225.jpg 300w, https:\/\/tannoithat.com\/wp-content\/uploads\/2023\/12\/upweb1-20-1024x768.jpg 1024w, https:\/\/tannoithat.com\/wp-content\/uploads\/2023\/12\/upweb1-20-768x576.jpg 768w, https:\/\/tannoithat.com\/wp-content\/uploads\/2023\/12\/upweb1-20-1536x1152.jpg 1536w, https:\/\/tannoithat.com\/wp-content\/uploads\/2023\/12\/upweb1-20-600x450.jpg 600w\" sizes=\"(max-width: 1920px) 100vw, 1920px\" \/><p id=\"caption-attachment-381\" class=\"wp-caption-text\">M\u00e1y r\u1eeda b\u00e1t Lorca TA 916 DWB<\/p><\/div>\n<h2><a href=\"https:\/\/www.facebook.com\/noithatbeptnt\" target=\"_blank\" rel=\"noopener\"><span style=\"color: #ff0000;\"><strong>Thi\u1ebft k\u1ebf \u0111\u1eb9p m\u1eaft, ti\u1ec7n d\u1ee5ng M\u00e1y r\u1eeda b\u00e1t Lorca TA 916 DWB:<\/strong><\/span><\/a><\/h2>\n<p><span style=\"color: #ff0000;\">\u2013\u00a0<strong>M\u00e1y r\u1eeda b\u00e1t TA-916DWB<\/strong>\u00a0<\/span>\u0111\u01b0\u1ee3c thi\u1ebft k\u1ebf l\u1eafp \u0111\u1eb7t \u00e2m t\u1ee7 v\u00e0 \u0111\u1ed9c l\u1eadp, ph\u00f9 h\u1ee3p v\u1edbi nhi\u1ec1u kh\u00f4ng gian b\u1ebfp kh\u00e1c nhau. V\u1ecf ngo\u00e0i m\u00e0u x\u00e1m b\u1ea1c l\u00e0m t\u00f4n l\u00ean s\u1ef1 hi\u1ec7n \u0111\u1ea1i v\u00e0 sang tr\u1ecdng, thi\u1ebft k\u1ebf \u0111\u1eb9p m\u1eaft mang phong c\u00e1ch ch\u00e2u \u00c2u.<\/p>\n<p><span style=\"color: #ff0000;\"><strong>\u2013 Thi\u1ebft k\u1ebf m\u00e1y \u0111\u1ee9ng \u0111\u1ed9c l\u1eadp<\/strong><\/span>, c\u00f3 hai v\u00f9ng r\u1eeda v\u00e0 ng\u0103n dao k\u00e9o 3 l\u1edbp. Dung t\u00edch c\u1ee7a m\u00e1y c\u00f3 th\u1ec3 ch\u01b0a t\u1edbi 8 b\u1ed9 b\u00e1t \u0111\u0129a ch\u00e2u \u00c2u. Khay x\u1ebfp b\u00e1t \u0111\u0129a ch\u1eafc ch\u1eafn, d\u1ec5 s\u1eed d\u1ee5ng, c\u00f3 th\u1ec3 k\u00e9o ra d\u1ec5 d\u00e0ng, thu\u1eadn ti\u1ec7n cho vi\u1ec7c s\u1eafp x\u1ebfp \u0111\u1ed3 v\u00e0o m\u00e1y.<\/p>\n<p><span style=\"color: #ff0000;\">\u2013\u00a0<strong>M\u00e1y r\u1eeda b\u00e1t TA-<\/strong>916DWB<\/span> c\u00f3 thi\u1ebft k\u1ebf tay c\u1ea7m b\u1eb1ng h\u1ee3p kim nh\u00f4m, ch\u1ea5t li\u1ec7u th\u00e9p kh\u00f4ng g\u1ec9, d\u1ec5 d\u00e0ng lau ch\u00f9i v\u00e0 l\u00e0m s\u1ea1ch b\u1ec1 m\u1eb7t. M\u00e1y lu\u00f4n c\u00f3 v\u1ebb s\u00e1ng b\u00f3ng, \u0111\u1eb9p nh\u01b0 m\u1edbi.<\/p>\n<p><span style=\"color: #ff0000;\">\u2013\u00a0<strong>M\u00e1y r\u1eeda b\u00e1t TA-916DWB<\/strong><\/span>\u00a0\u0111\u01b0\u1ee3c trang b\u1ecb m\u00e0n h\u00ecnh \u0111i\u1ec1u khi\u1ec3n k\u1ef9 thu\u1eadt s\u1ed1 l\u1edbn v\u00e0 \u0111i\u1ec1u khi\u1ec3n b\u1eb1ng n\u00fat b\u1ea5m c\u1ef1c k\u00ec \u0111\u01a1n gi\u1ea3n, d\u1ec5 s\u1eed d\u1ee5ng.<\/p>\n<p>\u2013 H\u1ec7 th\u1ed1ng\u00a0<span style=\"color: #ff0000;\"><strong>gi\u00e1 \u0111\u1ee1 m\u1edf r\u1ed9ng Extra Space<\/strong>\u00a0<\/span>cung c\u1ea5p cho ng\u01b0\u1eddi d\u00f9ng s\u1ef1 l\u1ef1a ch\u1ecdn v\u1ec1 thay \u0111\u1ed5i kh\u00f4ng gian trong khoang r\u1eeda, nh\u1eb1m m\u1ee5c \u0111\u00edch r\u1eeda \u0111\u01b0\u1ee3c c\u00e1c v\u1eadt d\u1ee5ng to khi c\u1ea7n.<\/p>\n<p><span style=\"color: #ff0000;\"><strong>T\u00edch h\u1ee3p c\u00e1c ch\u1ee9c n\u0103ng c\u00f4ng ngh\u1ec7 hi\u1ec7n \u0111\u1ea1i<\/strong><\/span><\/p>\n<p>\u2013 C\u00f4ng ngh\u1ec7<span style=\"color: #ff0000;\">\u00a0<strong>s\u1ea5y kh\u00f4 Turbo Hot Air<\/strong>:<\/span> c\u00f4ng ngh\u1ec7 s\u1ea5y kh\u00f4 ho\u00e0n to\u00e0n b\u00e1t \u0111\u0129a b\u1eb1ng lu\u1ed3ng kh\u00f4ng kh\u00ed n\u00f3ng ngay sau khi ho\u00e0n t\u1ea5t chu tr\u00ecnh r\u1eeda, gi\u00fap lo\u1ea1i b\u1ecf vi khu\u1ea9n c\u00f3 th\u1ec3 b\u00e1m tr\u00ean b\u1ec1 m\u1eb7t b\u00e1t \u0111\u0129a.<\/p>\n<p>\u2013 Ch\u1ebf \u0111\u1ed9\u00a0<span style=\"color: #ff0000;\"><strong>s\u1ea5y t\u0103ng c\u01b0\u1eddng Extra Drying<\/strong>:<\/span> r\u1eeda \u1edf nhi\u1ec7t \u0111\u1ed9 cao v\u00e0 s\u1ea5y kh\u00f4 b\u00e1t \u0111\u0129a ho\u00e0n to\u00e0n, di\u1ec7t vi khu\u1ea9n v\u00e0 n\u1ea5m m\u1ed1c, l\u00e0m cho c\u00e1c v\u1eadt d\u1ee5ng lu\u00f4n kh\u00f4 r\u00e1o, b\u1ea3o v\u1ec7 s\u1ee9c kh\u1ecfe gia \u0111\u00ecnh b\u1ea1n.<\/p>\n<p>\u2013 C\u00f4ng ngh\u1ec7\u00a0<span style=\"color: #ff0000;\"><strong>kh\u1eed khu\u1ea9n b\u1eb1ng tia UV Light<\/strong><\/span>: ti\u00eau di\u1ec7t\u00a0<strong><span style=\"color: #ff0000;\">99,99%<\/span> c\u00e1c lo\u1ea1i vi khu\u1ea9n<\/strong>\u00a0v\u00e0 n\u1ea5m m\u1ed1c b\u00e1m tr\u00ean b\u1ec1 m\u1eb7t b\u00e1t \u0111\u0129a sau m\u1ed7i chu tr\u00ecnh r\u1eeda, b\u1ea3o v\u1ec7 s\u1ee9c kh\u1ecfe gia \u0111\u00ecnh b\u1ea1n.<\/p>\n<p>\u2013 T\u00edch h\u1ee3p<span style=\"color: #ff0000;\">\u00a0<strong>8 ch\u01b0\u01a1ng tr\u00ecnh r\u1eeda<\/strong><\/span>: chuy\u00ean s\u00e2u, b\u00ecnh th\u01b0\u1eddng, ti\u1ebft ki\u1ec7m, v\u1ec7 sinh, r\u1eeda nhanh, r\u1eeda xoong n\u1ed3i, r\u1eeda \u0111\u1ed3 th\u1ee7y tinh, r\u1eeda 1\/2 l\u01b0\u1ee3ng b\u00e1t \u0111\u0129a.<\/p>\n<p><span style=\"color: #ff0000;\">\u2013\u00a0<strong>M\u00e1y r\u1eeda b\u00e1t TA-916DWB<\/strong><\/span>\u00a0n\u00f3i ri\u00eang v\u00e0 c\u00e1c d\u00f2ng m\u00e1y r\u1eeda b\u00e1t c\u1ee7a Lorca n\u00f3i chung \u0111\u1ec1u \u0111\u1ea1t ch\u1ee9ng nh\u1eadn ch\u1ec9 ti\u00eau m\u1ee9c\u00a0<strong>A+++<\/strong>\u00a0theo ti\u00eau chu\u1ea9n ch\u00e2u \u00c2u trong ti\u1ebft ki\u1ec7m \u0111i\u1ec7n n\u0103ng.<\/p>\n<p><span style=\"color: #ff0000;\"><strong>8 ch\u01b0\u01a1ng tr\u00ecnh r\u1eeda<\/strong><\/span><\/p>\n<p><span style=\"color: #ff0000;\">\u2013\u00a0<strong>Ch\u1ebf \u0111\u1ed9 r\u1eeda chuy\u00ean s\u00e2u<\/strong>:<\/span> ph\u00f9 h\u1ee3p v\u1edbi c\u00e1c lo\u1ea1i b\u00e1t \u0111\u0129a, n\u1ed3i ch\u1ea3o d\u00ednh c\u1eb7n th\u1ee9c \u0103n, v\u1ebft b\u1ea9n \u0111\u00e3 kh\u00f4, kh\u00f3 v\u1ec7 sinh tr\u01b0\u1edbc khi r\u1eeda.<\/p>\n<p><span style=\"color: #ff0000;\">\u2013\u00a0<strong>Ch\u1ebf \u0111\u1ed9 r\u1eeda th\u00f4ng th\u01b0\u1eddng<\/strong><\/span>: ph\u00f9 h\u1ee3p v\u1edbi c\u00e1c lo\u1ea1i d\u1ee5ng c\u1ee5 nh\u00e0 b\u1ebfp, b\u00e1t \u0111\u0129a \u00edt b\u1ea9n.<\/p>\n<p><span style=\"color: #ff0000;\">\u2013\u00a0<strong>Ch\u1ebf \u0111\u1ed9 r\u1eeda ti\u1ebft ki\u1ec7m Eco<\/strong>:<\/span> l\u00e0 ch\u1ebf \u0111\u1ed9 r\u1eeda sinh th\u00e1i, gi\u00fap gi\u1ea3m ti\u00eau hao \u0111i\u1ec7n n\u0103ng v\u00e0 l\u01b0\u1ee3ng n\u01b0\u1edbc s\u1eed d\u1ee5ng trong m\u1ed9t chu tr\u00ecnh r\u1eeda. D\u00f9ng v\u1edbi c\u00e1c lo\u1ea1i b\u00e1t \u0111\u0129a v\u00e0 xoong n\u1ed3i \u00edt b\u1ea9n.<\/p>\n<p><span style=\"color: #ff0000;\">\u2013\u00a0<strong>Ch\u1ebf \u0111\u1ed9 v\u1ec7 sinh<\/strong><\/span><\/p>\n<p><span style=\"color: #ff0000;\">\u2013\u00a0<strong>Ch\u1ebf \u0111\u1ed9 r\u1eeda nhanh<\/strong>:<\/span> ch\u1ebf \u0111\u1ed9 n\u00e0y gi\u00fap t\u1ed1i \u01b0u h\u00f3a th\u1eddi gian. S\u1eed d\u1ee5ng v\u1edbi c\u00e1c ch\u01b0\u01a1ng tr\u00ecnh r\u1eeda ly, ch\u00e9n, \u0111\u0129a m\u1ecfng hay c\u00e1c \u0111\u1ed3 d\u00f9ng kh\u00f4ng ch\u1ecbu \u0111\u01b0\u1ee3c nhi\u1ec7t. \u00c1p d\u1ee5ng v\u1edbi c\u00e1c lo\u1ea1i ch\u1ea5t b\u1ea9n ph\u1ed5 bi\u1ebfn ho\u1eb7c h\u01a1i kh\u00f4, v\u1ebft b\u1ea9n c\u00e0 ph\u00ea, b\u00e1nh s\u1eefa,\u2026<\/p>\n<p><span style=\"color: #ff0000;\">\u2013\u00a0<strong>R\u1eeda xoong n\u1ed3i<\/strong>:<\/span> m\u00e1y r\u1eeda b\u00e1t v\u1edbi \u00e1p su\u1ea5t l\u1edbn \u0111\u01b0\u1ee3c phun ra t\u1eeb c\u00e1c v\u00f2i k\u1ebft h\u1ee3p v\u1edbi c\u00e1c c\u00e1nh qu\u1ea1t \u0111\u01b0a \u0111\u1ebfn t\u1ea5t c\u1ea3 c\u00e1c ng\u00f3c ng\u00e1ch c\u1ee7a xoong n\u1ed3i. T\u1eeb \u0111\u00f3, l\u00e0m s\u1ea1ch, lo\u1ea1i b\u1ecf t\u1ea5t c\u1ea3 v\u1ebft b\u1ea9n, v\u1ebft th\u1ee9c \u0103n ra kh\u1ecfi xoong n\u1ed3i.<\/p>\n<p><span style=\"color: #ff0000;\">\u2013\u00a0<strong>Ch\u1ebf \u0111\u1ed9 r\u1eeda \u0111\u1ed3 th\u1ee7y tinh<\/strong>:<\/span> ch\u1ebf \u0111\u1ed9 r\u1eeda c\u00e1c \u0111\u1ed3 d\u00f9ng b\u1eb1ng th\u1ee7y tinh v\u00e0 s\u00e0nh s\u1ee9 b\u1ecb b\u1ea9n nh\u1eb9, nhanh ch\u00f3ng v\u00e0 ti\u1ebft ki\u1ec7m.<\/p>\n<p><span style=\"color: #ff0000;\">\u2013\u00a0<strong>Ch\u1ebf \u0111\u1ed9 r\u1eeda 1\/2 l\u01b0\u1ee3ng b\u00e1t \u0111\u0129a<\/strong>:<\/span> d\u00f2ng s\u1ea3n ph\u1ea9m cao c\u1ea5p TA-916DWB c\u00f3 ch\u1ebf \u0111\u1ed9 r\u1eeda 1\/2, ph\u00f9 h\u1ee3p v\u1edbi l\u01b0\u1ee3ng \u00edt b\u00e1t \u0111\u0169a v\u00e0 kh\u00f4ng qu\u00e1 nhi\u1ec1u v\u1ebft b\u1ea9n.<\/p>\n<div id=\"attachment_382\" style=\"width: 1930px\" class=\"wp-caption alignnone\"><img decoding=\"async\" aria-describedby=\"caption-attachment-382\" class=\"wp-image-382 size-full\" src=\"https:\/\/tannoithat.com\/wp-content\/uploads\/2023\/12\/upweb2-19.jpg\" alt=\"M\u00c1Y R\u1eecA B\u00c1T LORCA TA-916DWB\" width=\"1920\" height=\"1440\" srcset=\"https:\/\/tannoithat.com\/wp-content\/uploads\/2023\/12\/upweb2-19.jpg 1920w, https:\/\/tannoithat.com\/wp-content\/uploads\/2023\/12\/upweb2-19-300x225.jpg 300w, https:\/\/tannoithat.com\/wp-content\/uploads\/2023\/12\/upweb2-19-1024x768.jpg 1024w, https:\/\/tannoithat.com\/wp-content\/uploads\/2023\/12\/upweb2-19-768x576.jpg 768w, https:\/\/tannoithat.com\/wp-content\/uploads\/2023\/12\/upweb2-19-1536x1152.jpg 1536w, https:\/\/tannoithat.com\/wp-content\/uploads\/2023\/12\/upweb2-19-600x450.jpg 600w\" sizes=\"(max-width: 1920px) 100vw, 1920px\" \/><p id=\"caption-attachment-382\" class=\"wp-caption-text\">M\u00c1Y R\u1eecA B\u00c1T LORCA TA-916DWB<\/p><\/div>\n<h3><a href=\"https:\/\/tannoithat.com\/index.php\/product\/nuoc-tay-lam-sach-san-gach-thiet-bi-men-su\/\"><span style=\"color: #ff0000;\"><strong>T\u00cdNH N\u0102NG AN TO\u00c0N M\u00e1y r\u1eeda b\u00e1t Lorca TA 916 DWB :<\/strong><\/span><\/a><\/h3>\n<p>\u2013 Kh\u00f3a an to\u00e0n tr\u1ebb em\u00a0<span style=\"color: #ff0000;\"><strong>Child Lock<\/strong><\/span>: ch\u1ebf \u0111\u1ed9 n\u00e0y kh\u00f3a c\u00e1c n\u00fat l\u1ea1i v\u1edbi c\u00e0i \u0111\u1eb7t tr\u01b0\u1edbc \u0111\u00f3, ng\u0103n c\u1ea3n s\u1ef1 thay \u0111\u1ed5i ch\u1ebf \u0111\u1ed9 r\u1eeda do v\u00f4 t\u00ecnh ch\u1ea1m v\u00e0o.<\/p>\n<p>\u2013 T\u00ednh n\u0103ng t\u1ef1 t\u1eaft \u0111i\u1ec7n khi m\u1eeda c\u1eeda m\u00e1y.<\/p>\n","protected":false},"excerpt":{"rendered":"<h1>M\u00e1y r\u1eeda b\u00e1t Lorca TA 916 DWB<\/h1>\n<p><span style=\"color: #00ff00;\">T\u00ean s\u1ea3n ph\u1ea9m<\/span> : <span style=\"color: #ff0000;\"><strong>M\u00c1Y R\u1eecA B\u00c1T LORCA TA-916DWB<\/strong><\/span><\/p>\n<p><span style=\"color: #00ff00;\">Th\u01b0\u01a1ng hi\u1ec7u:<\/span><span style=\"color: #ff0000;\"> <strong>LORCA<\/strong><\/span><\/p>\n<p><span style=\"color: #00ff00;\">Xu\u1ea5t x\u1ee9 :<\/span><span style=\"color: #ff0000;\"> <strong>Malaysia<\/strong><\/span><\/p>\n<p><span style=\"color: #00ff00;\">Ti\u00eau chu\u1ea9n ch\u1ea5t l\u01b0\u1ee3ng:<\/span> <span style=\"color: #ff0000;\"><img decoding=\"async\" class=\"\" src=\"https:\/\/file.hstatic.net\/200000052378\/file\/ce-02_9660bcc9e91544149744b771fe93e336_grande.png\" width=\"36\" height=\"29\" \/><\/span><\/p>\n<p>&nbsp;<\/p>\n","protected":false},"featured_media":383,"comment_status":"open","ping_status":"closed","template":"","meta":{"_eb_attr":""},"product_cat":[130,86,249],"product_tag":[160],"_links":{"self":[{"href":"https:\/\/tannoithat.com\/index.php\/wp-json\/wp\/v2\/product\/380"}],"collection":[{"href":"https:\/\/tannoithat.com\/index.php\/wp-json\/wp\/v2\/product"}],"about":[{"href":"https:\/\/tannoithat.com\/index.php\/wp-json\/wp\/v2\/types\/product"}],"replies":[{"embeddable":true,"href":"https:\/\/tannoithat.com\/index.php\/wp-json\/wp\/v2\/comments?post=380"}],"wp:featuredmedia":[{"embeddable":true,"href":"https:\/\/tannoithat.com\/index.php\/wp-json\/wp\/v2\/media\/383"}],"wp:attachment":[{"href":"https:\/\/tannoithat.com\/index.php\/wp-json\/wp\/v2\/media?parent=380"}],"wp:term":[{"taxonomy":"product_cat","embeddable":true,"href":"https:\/\/tannoithat.com\/index.php\/wp-json\/wp\/v2\/product_cat?post=380"},{"taxonomy":"product_tag","embeddable":true,"href":"https:\/\/tannoithat.com\/index.php\/wp-json\/wp\/v2\/product_tag?post=380"}],"curies":[{"name":"wp","href":"https:\/\/api.w.org\/{rel}","templated":true}]}}