{"id":475,"date":"2023-12-26T09:10:04","date_gmt":"2023-12-26T02:10:04","guid":{"rendered":"https:\/\/tannoithat.com\/?post_type=product&#038;p=475"},"modified":"2024-01-04T08:50:45","modified_gmt":"2024-01-04T01:50:45","slug":"chau-rua-bat-granite-sink-naros-760s-grey","status":"publish","type":"product","link":"https:\/\/tannoithat.com\/index.php\/product\/chau-rua-bat-granite-sink-naros-760s-grey\/","title":{"rendered":"Ch\u1eadu r\u1eeda b\u00e1t Granite Sink Naros 760S \u2013 Grey"},"content":{"rendered":"\n\n<div class=\"kk-star-ratings kksr-auto kksr-align-left kksr-valign-top\"\n    data-payload='{&quot;align&quot;:&quot;left&quot;,&quot;id&quot;:&quot;475&quot;,&quot;slug&quot;:&quot;default&quot;,&quot;valign&quot;:&quot;top&quot;,&quot;ignore&quot;:&quot;&quot;,&quot;reference&quot;:&quot;auto&quot;,&quot;class&quot;:&quot;&quot;,&quot;count&quot;:&quot;0&quot;,&quot;legendonly&quot;:&quot;&quot;,&quot;readonly&quot;:&quot;&quot;,&quot;score&quot;:&quot;0&quot;,&quot;starsonly&quot;:&quot;&quot;,&quot;best&quot;:&quot;5&quot;,&quot;gap&quot;:&quot;5&quot;,&quot;greet&quot;:&quot;Rate this product&quot;,&quot;legend&quot;:&quot;0\\\/5 - (0 b\u00ecnh ch\u1ecdn)&quot;,&quot;size&quot;:&quot;24&quot;,&quot;title&quot;:&quot;Ch\u1eadu r\u1eeda b\u00e1t Granite Sink Naros 760S \u2013 Grey&quot;,&quot;width&quot;:&quot;0&quot;,&quot;_legend&quot;:&quot;{score}\\\/{best} - ({count} {votes})&quot;,&quot;font_factor&quot;:&quot;1.25&quot;}'>\n            \n<div class=\"kksr-stars\">\n    \n<div class=\"kksr-stars-inactive\">\n            <div class=\"kksr-star\" data-star=\"1\" style=\"padding-right: 5px\">\n            \n\n<div class=\"kksr-icon\" style=\"width: 24px; height: 24px;\"><\/div>\n        <\/div>\n            <div class=\"kksr-star\" data-star=\"2\" style=\"padding-right: 5px\">\n            \n\n<div class=\"kksr-icon\" style=\"width: 24px; height: 24px;\"><\/div>\n        <\/div>\n            <div class=\"kksr-star\" data-star=\"3\" style=\"padding-right: 5px\">\n            \n\n<div class=\"kksr-icon\" style=\"width: 24px; height: 24px;\"><\/div>\n        <\/div>\n            <div class=\"kksr-star\" data-star=\"4\" style=\"padding-right: 5px\">\n            \n\n<div class=\"kksr-icon\" style=\"width: 24px; height: 24px;\"><\/div>\n        <\/div>\n            <div class=\"kksr-star\" data-star=\"5\" style=\"padding-right: 5px\">\n            \n\n<div class=\"kksr-icon\" style=\"width: 24px; height: 24px;\"><\/div>\n        <\/div>\n    <\/div>\n    \n<div class=\"kksr-stars-active\" style=\"width: 0px;\">\n            <div class=\"kksr-star\" style=\"padding-right: 5px\">\n            \n\n<div class=\"kksr-icon\" style=\"width: 24px; height: 24px;\"><\/div>\n        <\/div>\n            <div class=\"kksr-star\" style=\"padding-right: 5px\">\n            \n\n<div class=\"kksr-icon\" style=\"width: 24px; height: 24px;\"><\/div>\n        <\/div>\n            <div class=\"kksr-star\" style=\"padding-right: 5px\">\n            \n\n<div class=\"kksr-icon\" style=\"width: 24px; height: 24px;\"><\/div>\n        <\/div>\n            <div class=\"kksr-star\" style=\"padding-right: 5px\">\n            \n\n<div class=\"kksr-icon\" style=\"width: 24px; height: 24px;\"><\/div>\n        <\/div>\n            <div class=\"kksr-star\" style=\"padding-right: 5px\">\n            \n\n<div class=\"kksr-icon\" style=\"width: 24px; height: 24px;\"><\/div>\n        <\/div>\n    <\/div>\n<\/div>\n                \n\n<div class=\"kksr-legend\" style=\"font-size: 19.2px;\">\n            <span class=\"kksr-muted\">Rate this product<\/span>\n    <\/div>\n    <\/div>\n<p>Ch\u1eadu r\u1eeda b\u00e1t <span style=\"color: #00ff00;\">Granite Sink Naros 760S<\/span> \u2013 Grey n\u1eb1m trong b\u1ed9 s\u01b0u t\u1eadp ch\u1eadu v\u00f2i \u0111\u00e1 cao c\u1ea5p c\u1ee7a Konox \u2013 Ki\u1ec7t t\u00e1c \u00dd trong l\u00f2ng b\u1ebfp Vi\u1ec7t.<\/p>\n<p>M\u1ed7i s\u1ea3n ph\u1ea9m l\u00e0 \u0111\u1ea1i di\u1ec7n cho s\u1ef1 xu\u1ea5t s\u1eafc c\u1ee7a \u00dd trong thi\u1ebft k\u1ebf b\u1ed3n r\u1eeda, k\u1ebft h\u1ee3p gi\u1eefa truy\u1ec1n th\u1ed1ng v\u00e0 s\u1ef1 \u0111\u1ed5i m\u1edbi \u0111\u1ec3 t\u1ea1o ra m\u1ed9t phong c\u00e1ch ho\u00e0n h\u1ea3o nh\u1ea5t.<\/p>\n<p>B\u1ed9 s\u01b0u t\u1eadp ch\u1eadu <span style=\"color: #00ff00;\">Granite Sink Naros 760S \u2013 Grey<\/span> v\u1edbi thi\u1ebft k\u1ebf \u0111\u01a1n h\u1ed1, chuy\u00ean bi\u1ec7t cho phong c\u00e1ch l\u1eafp \u0111\u1eb7t \u00e2m m\u1eb7t \u0111\u00e1 theo xu h\u01b0\u1edbng. H\u1ed1 ch\u1eadu r\u1ed9ng cho ph\u00e9p b\u1ea1n th\u1ecfa th\u00edch thao t\u00e1c d\u1ecdn r\u1eeda c\u00e1c v\u1eadt d\u1ee5ng nh\u00e0 b\u1ebfp v\u00e0 ch\u1ebf bi\u1ebfn th\u1ef1c ph\u1ea9m s\u1ed1ng.<\/p>\n<p>Konox ra m\u1eaft Ch\u1eadu r\u1eeda b\u00e1t <span style=\"color: #00ff00;\">Granite Sink Naros 760S \u2013 Grey<\/span> \u2013 m\u00e0u s\u1eafc th\u1eddi th\u01b0\u1ee3ng nh\u1ea5t \u2013 x\u1ee9ng \u0111\u00e1ng l\u00e0 \u0111i\u1ec3m nh\u1ea5n cho gian b\u1ebfp c\u1ee7a gia \u0111\u00ecnh b\u1ea1n<\/p>\n<p><img fetchpriority=\"high\" decoding=\"async\" class=\"alignnone size-full wp-image-476\" src=\"https:\/\/tannoithat.com\/wp-content\/uploads\/2023\/12\/chau-rua-bat-Granite-Sink-Naros-760S_Grey_01.png\" alt=\"\" width=\"800\" height=\"800\" srcset=\"https:\/\/tannoithat.com\/wp-content\/uploads\/2023\/12\/chau-rua-bat-Granite-Sink-Naros-760S_Grey_01.png 800w, https:\/\/tannoithat.com\/wp-content\/uploads\/2023\/12\/chau-rua-bat-Granite-Sink-Naros-760S_Grey_01-300x300.png 300w, https:\/\/tannoithat.com\/wp-content\/uploads\/2023\/12\/chau-rua-bat-Granite-Sink-Naros-760S_Grey_01-150x150.png 150w, https:\/\/tannoithat.com\/wp-content\/uploads\/2023\/12\/chau-rua-bat-Granite-Sink-Naros-760S_Grey_01-768x768.png 768w, https:\/\/tannoithat.com\/wp-content\/uploads\/2023\/12\/chau-rua-bat-Granite-Sink-Naros-760S_Grey_01-600x600.png 600w, https:\/\/tannoithat.com\/wp-content\/uploads\/2023\/12\/chau-rua-bat-Granite-Sink-Naros-760S_Grey_01-100x100.png 100w\" sizes=\"(max-width: 800px) 100vw, 800px\" \/><img decoding=\"async\" class=\"alignnone size-full wp-image-477\" src=\"https:\/\/tannoithat.com\/wp-content\/uploads\/2023\/12\/chau-rua-bat-da-1-ho-konox-naros-mau-xam-1-1024x1024-1.jpg\" alt=\"\" width=\"1024\" height=\"1024\" srcset=\"https:\/\/tannoithat.com\/wp-content\/uploads\/2023\/12\/chau-rua-bat-da-1-ho-konox-naros-mau-xam-1-1024x1024-1.jpg 1024w, https:\/\/tannoithat.com\/wp-content\/uploads\/2023\/12\/chau-rua-bat-da-1-ho-konox-naros-mau-xam-1-1024x1024-1-300x300.jpg 300w, https:\/\/tannoithat.com\/wp-content\/uploads\/2023\/12\/chau-rua-bat-da-1-ho-konox-naros-mau-xam-1-1024x1024-1-150x150.jpg 150w, https:\/\/tannoithat.com\/wp-content\/uploads\/2023\/12\/chau-rua-bat-da-1-ho-konox-naros-mau-xam-1-1024x1024-1-768x768.jpg 768w, https:\/\/tannoithat.com\/wp-content\/uploads\/2023\/12\/chau-rua-bat-da-1-ho-konox-naros-mau-xam-1-1024x1024-1-600x600.jpg 600w, https:\/\/tannoithat.com\/wp-content\/uploads\/2023\/12\/chau-rua-bat-da-1-ho-konox-naros-mau-xam-1-1024x1024-1-100x100.jpg 100w\" sizes=\"(max-width: 1024px) 100vw, 1024px\" \/><\/p>\n<h2><span style=\"color: #ff0000;\">\u0110i\u1ec3m n\u1ed5i b\u1eadt<\/span><\/h2>\n<ul>\n<li>D\u00f2ng ch\u1eadu \u0111\u00e1 cao c\u1ea5p \u0111\u01b0\u1ee3c s\u1ea3n xu\u1ea5t v\u00e0 nh\u1eadp kh\u1ea9u tr\u1ef1c ti\u1ebfp t\u1eeb Italy, \u0111\u1ea7y \u0111\u1ee7 CO, CQ.<\/li>\n<li>C\u00f3 2 m\u00e0u s\u1eafc hi\u1ec7n \u0111\u1ea1i ph\u00f9 h\u1ee3p v\u1edbi m\u1ecdi kh\u00f4ng gian.<\/li>\n<li>Thi\u1ebft k\u1ebf chuy\u00ean bi\u1ec7t cho phong c\u00e1ch l\u1eafp \u0111\u1eb7t \u00e2m m\u1eb7t \u0111\u00e1.<\/li>\n<li>H\u1ed1 ch\u1eadu \u0111\u01a1n r\u1ed9ng r\u00e3i.<\/li>\n<li>S\u1ea3n xu\u1ea5t theo c\u00f4ng ngh\u1ec7 G.P.S System ti\u00ean ti\u1ebfn nh\u1ea5t tr\u00ean Th\u1ebf gi\u1edbi, \u0111\u1ea3m b\u1ea3o b\u1ec1n \u0111\u1eb9p theo th\u1eddi gian.<\/li>\n<li>B\u00e1t r\u00e1c k\u00edch th\u01b0\u1edbc ti\u00eau chu\u1ea9n 114mm, v\u1edbi 3 l\u1edbp l\u1ecdc ch\u1ed1ng t\u1eafc, ph\u00f9 h\u1ee3p v\u1edbi th\u00f3i quen s\u1eed d\u1ee5ng c\u1ee7a ng\u01b0\u1eddi Vi\u1ec7t<\/li>\n<\/ul>\n<p><img decoding=\"async\" class=\"alignnone size-full wp-image-478\" src=\"https:\/\/tannoithat.com\/wp-content\/uploads\/2023\/12\/chau-rua-bat-da-1-ho-konox-naros-mau-xam-4-1024x1024-1.jpg\" alt=\"\" width=\"1024\" height=\"1024\" srcset=\"https:\/\/tannoithat.com\/wp-content\/uploads\/2023\/12\/chau-rua-bat-da-1-ho-konox-naros-mau-xam-4-1024x1024-1.jpg 1024w, https:\/\/tannoithat.com\/wp-content\/uploads\/2023\/12\/chau-rua-bat-da-1-ho-konox-naros-mau-xam-4-1024x1024-1-300x300.jpg 300w, https:\/\/tannoithat.com\/wp-content\/uploads\/2023\/12\/chau-rua-bat-da-1-ho-konox-naros-mau-xam-4-1024x1024-1-150x150.jpg 150w, https:\/\/tannoithat.com\/wp-content\/uploads\/2023\/12\/chau-rua-bat-da-1-ho-konox-naros-mau-xam-4-1024x1024-1-768x768.jpg 768w, https:\/\/tannoithat.com\/wp-content\/uploads\/2023\/12\/chau-rua-bat-da-1-ho-konox-naros-mau-xam-4-1024x1024-1-600x600.jpg 600w, https:\/\/tannoithat.com\/wp-content\/uploads\/2023\/12\/chau-rua-bat-da-1-ho-konox-naros-mau-xam-4-1024x1024-1-100x100.jpg 100w\" sizes=\"(max-width: 1024px) 100vw, 1024px\" \/><\/p>\n<h2><span style=\"color: #ff0000;\">C\u00f4ng ngh\u1ec7<\/span><\/h2>\n<ul>\n<li>S\u1eed d\u1ee5ng v\u1eadt li\u1ec7u <span style=\"color: #00ff00;\">KERATEK <\/span>v\u1edbi th\u00e0nh ph\u1ea7n Th\u1ea1ch anh, tinh th\u1ec3 g\u1ed1m ceramic v\u00e0 h\u1ed7n h\u1ee3p nh\u1ef1a acrylic c\u1ea3i ti\u1ebfn, \u1ee9ng d\u1ee5ng c\u00f4ng ngh\u1ec7 \u00e9p khu\u00f4n G.P.S System ti\u00ean ti\u1ebfn nh\u1ea5t tr\u00ean th\u1ebf gi\u1edbi, mang l\u1ea1i kh\u1ea3 n\u0103ng ch\u1ed1ng th\u1ea5m n\u01b0\u1edbc tuy\u1ec7t \u0111\u1ed1i.<\/li>\n<li>D\u1ec5 d\u00e0ng v\u1ec7 sinh c\u00e1c v\u1ebft b\u1ea9n c\u1ee7a coffee, r\u01b0\u1ee3u vang, d\u1ea7u m\u1ee1, n\u01b0\u1edbc tr\u00e1i c\u00e2y, chanh, thu\u1ed1c t\u1ea9y, h\u1ea1n ch\u1ebf \u1ed1 m\u00e0u do t\u00e1c \u0111\u1ed9ng c\u1ee7a c\u00e1c y\u1ebfu t\u1ed1 ngo\u1ea1i quan.<\/li>\n<li>Thi\u1ebft k\u1ebf g\u00f3c l\u01b0\u1ee3n bo tr\u00f2n, b\u1ec1 m\u1eb7t s\u1ea3n ph\u1ea9m \u1ee9ng d\u1ee5ng c\u00f4ng ngh\u1ec7<span style=\"color: #00ff00;\"> KERATEK<\/span> gi\u00fap tho\u00e1t n\u01b0\u1edbc nhanh, d\u1ec5 d\u00e0ng v\u1ec7 sinh v\u00e0 gi\u1eef b\u1ec1 m\u1eb7t ch\u1eadu lu\u00f4n lu\u00f4n kh\u00f4 r\u00e1o.<\/li>\n<li>B\u1ec1 m\u1eb7t s\u1ea3n ph\u1ea9m c\u1ea3 m\u1eb7t sau v\u00e0 m\u1eb7t tr\u01b0\u1edbc \u0111\u1ec1u nh\u1eb5n m\u1ecbn nh\u1edd c\u00f4ng ngh\u1ec7 \u00e9p khu\u00f4n G.P.S System.<\/li>\n<li>Kh\u1ea3 n\u0103ng ch\u1ecbu nhi\u1ec7t l\u00ean \u0111\u1ebfn 345\u00b0C, \u0111\u1ea3m b\u1ea3o t\u00ednh \u0111\u1ed3ng nh\u1ea5t c\u1ee7a s\u1ea3n ph\u1ea9m sau nhi\u1ec1u n\u0103m s\u1eed d\u1ee5ng k\u1ec3 c\u1ea3 khi s\u1eed d\u1ee5ng n\u01b0\u1edbc n\u00f3ng th\u01b0\u1eddng xuy\u00ean.<\/li>\n<li>C\u00e1c h\u1ea1t nano Ceramic l\u1ea5p \u0111\u1ea7y c\u00e1c kho\u1ea3ng tr\u1ed1ng trong h\u1ee3p ch\u1ea5t Nano metrical gi\u00fap t\u0103ng kh\u1ea3 n\u0103ng ch\u1ed1ng tr\u1ea7y x\u01b0\u1edbc, ch\u1ed1ng m\u00e0i m\u00f2n v\u1edbi \u0111\u1ed9 c\u1ee9ng b\u1ec1 m\u1eb7t cao h\u01a1n nhi\u1ec1u l\u1ea7n<\/li>\n<li>Kh\u1ea3 n\u0103ng ch\u1ed1ng va \u0111\u1eadp t\u1ed1t nh\u1edd s\u1ef1 \u0111\u1ed3ng \u0111\u1ec1u c\u1ee7a s\u1ea3n ph\u1ea9m khi \u1ee9ng d\u1ee5ng c\u00f4ng ngh\u1ec7 \u00e9p khu\u00f4n G.P.S<\/li>\n<li>H\u1ea1n ch\u1ebf s\u1ef1 t\u00e1c \u0111\u1ed9ng c\u1ee7a tia U.V v\u00e0 c\u00e1c t\u00e1c nh\u00e2n m\u00f4i tr\u01b0\u1eddng l\u00e0m \u1ea3nh h\u01b0\u1edfng \u0111\u1ebfn b\u1ec1 m\u1eb7t c\u1ee7a s\u1ea3n ph\u1ea9m.<\/li>\n<li>B\u1ec1 m\u1eb7t ph\u1ee7 Nano b\u1ea1c, c\u00f3 t\u00ednh n\u0103ng di\u1ec7t khu\u1ea9n, an to\u00e0n v\u1edbi s\u1ee9c kh\u1ecfe c\u1ee7a ng\u01b0\u1eddi s\u1eed d\u1ee5ng.<\/li>\n<li>Thi\u1ebft k\u1ebf v\u00e1t c\u1ea1nh tinh t\u1ebf gi\u00fap d\u1ec5 d\u00e0ng lau ch\u00f9i v\u00e0 mang l\u1ea1i v\u1ebb \u0111\u1eb9p cao c\u1ea5p cho c\u0103n b\u1ebfp.<\/li>\n<li>H\u1ec7 th\u1ed1ng \u1ed1ng tho\u00e1t th\u1ea3i th\u00f4ng minh, \u0111\u1ea3m b\u1ea3o vi\u1ec7c tho\u00e1t n\u01b0\u1edbc nhanh v\u00e0 c\u01a1 ch\u1ebf ng\u0103n m\u00f9i h\u00f4i hi\u1ec7u qu\u1ea3.<\/li>\n<\/ul>\n<p>B\u1ea3o h\u00e0nh ch\u00ednh h\u00e3ng 5 (n\u0103m) cho ch\u1eadu r\u1eeda \u2013 3 (n\u0103m) cho h\u1ec7 th\u1ed1ng \u1ed1ng x\u1ea3<\/p>\n<p><img loading=\"lazy\" decoding=\"async\" class=\"alignnone size-full wp-image-479\" src=\"https:\/\/tannoithat.com\/wp-content\/uploads\/2023\/12\/chau-rua-bat-da-1-ho-konox-naros-mau-xam-7-1024x1024-1.jpg\" alt=\"\" width=\"1024\" height=\"1024\" srcset=\"https:\/\/tannoithat.com\/wp-content\/uploads\/2023\/12\/chau-rua-bat-da-1-ho-konox-naros-mau-xam-7-1024x1024-1.jpg 1024w, https:\/\/tannoithat.com\/wp-content\/uploads\/2023\/12\/chau-rua-bat-da-1-ho-konox-naros-mau-xam-7-1024x1024-1-300x300.jpg 300w, https:\/\/tannoithat.com\/wp-content\/uploads\/2023\/12\/chau-rua-bat-da-1-ho-konox-naros-mau-xam-7-1024x1024-1-150x150.jpg 150w, https:\/\/tannoithat.com\/wp-content\/uploads\/2023\/12\/chau-rua-bat-da-1-ho-konox-naros-mau-xam-7-1024x1024-1-768x768.jpg 768w, https:\/\/tannoithat.com\/wp-content\/uploads\/2023\/12\/chau-rua-bat-da-1-ho-konox-naros-mau-xam-7-1024x1024-1-600x600.jpg 600w, https:\/\/tannoithat.com\/wp-content\/uploads\/2023\/12\/chau-rua-bat-da-1-ho-konox-naros-mau-xam-7-1024x1024-1-100x100.jpg 100w\" sizes=\"(max-width: 1024px) 100vw, 1024px\" \/><img loading=\"lazy\" decoding=\"async\" class=\"alignnone size-full wp-image-481\" src=\"https:\/\/tannoithat.com\/wp-content\/uploads\/2023\/12\/chau-rua-bat-granite-sink-Naros-760S-grey-1024x1024-1.jpg\" alt=\"\" width=\"1024\" height=\"1024\" srcset=\"https:\/\/tannoithat.com\/wp-content\/uploads\/2023\/12\/chau-rua-bat-granite-sink-Naros-760S-grey-1024x1024-1.jpg 1024w, https:\/\/tannoithat.com\/wp-content\/uploads\/2023\/12\/chau-rua-bat-granite-sink-Naros-760S-grey-1024x1024-1-300x300.jpg 300w, https:\/\/tannoithat.com\/wp-content\/uploads\/2023\/12\/chau-rua-bat-granite-sink-Naros-760S-grey-1024x1024-1-150x150.jpg 150w, https:\/\/tannoithat.com\/wp-content\/uploads\/2023\/12\/chau-rua-bat-granite-sink-Naros-760S-grey-1024x1024-1-768x768.jpg 768w, https:\/\/tannoithat.com\/wp-content\/uploads\/2023\/12\/chau-rua-bat-granite-sink-Naros-760S-grey-1024x1024-1-600x600.jpg 600w, https:\/\/tannoithat.com\/wp-content\/uploads\/2023\/12\/chau-rua-bat-granite-sink-Naros-760S-grey-1024x1024-1-100x100.jpg 100w\" sizes=\"(max-width: 1024px) 100vw, 1024px\" \/><img loading=\"lazy\" decoding=\"async\" class=\"alignnone size-full wp-image-480\" src=\"https:\/\/tannoithat.com\/wp-content\/uploads\/2023\/12\/chau-rua-bat-Granite-Sink-Naros-760S_Grey_thong-so-ky-thuat.jpg\" alt=\"\" width=\"900\" height=\"900\" srcset=\"https:\/\/tannoithat.com\/wp-content\/uploads\/2023\/12\/chau-rua-bat-Granite-Sink-Naros-760S_Grey_thong-so-ky-thuat.jpg 900w, https:\/\/tannoithat.com\/wp-content\/uploads\/2023\/12\/chau-rua-bat-Granite-Sink-Naros-760S_Grey_thong-so-ky-thuat-300x300.jpg 300w, https:\/\/tannoithat.com\/wp-content\/uploads\/2023\/12\/chau-rua-bat-Granite-Sink-Naros-760S_Grey_thong-so-ky-thuat-150x150.jpg 150w, https:\/\/tannoithat.com\/wp-content\/uploads\/2023\/12\/chau-rua-bat-Granite-Sink-Naros-760S_Grey_thong-so-ky-thuat-768x768.jpg 768w, https:\/\/tannoithat.com\/wp-content\/uploads\/2023\/12\/chau-rua-bat-Granite-Sink-Naros-760S_Grey_thong-so-ky-thuat-600x600.jpg 600w, https:\/\/tannoithat.com\/wp-content\/uploads\/2023\/12\/chau-rua-bat-Granite-Sink-Naros-760S_Grey_thong-so-ky-thuat-100x100.jpg 100w\" sizes=\"(max-width: 900px) 100vw, 900px\" \/><\/p>\n<h1><span style=\"color: #ff0000;\">B\u1ed9 s\u1ea3n ph\u1ea9m bao g\u1ed3m:<\/span><\/h1>\n<h2><span style=\"color: #ff0000;\">Siphon<\/span><\/h2>\n<p>\u2013 B\u00e1t r\u00e1c k\u00edch c\u1ee1 ti\u00eau chu\u1ea9n 114mm, v\u1edbi 3 l\u1edbp l\u1ecdc ch\u1ed1ng t\u1eafc. B\u1ec1 m\u1eb7t \u0111\u01b0\u1ee3c \u0111\u00e1nh b\u00f3ng, ph\u1ee7 Nano Ag+ c\u00f9ng c\u00f4ng ngh\u1ec7 kh\u00e1ng khu\u1ea9n HYPERKILA-MIC \u1ee9c ch\u1ebf hi\u1ec7u qu\u1ea3 sinh tr\u01b0\u1edfng c\u1ee7a vi khu\u1ea9n, gi\u1eef \u0111\u1ea3m b\u1ea3o v\u1ec7 sinh an to\u00e0n th\u1ef1c ph\u1ea9m.<\/p>\n<p>\u2013 H\u1ec7 th\u1ed1ng \u1ed1ng x\u1ea3 c\u1ee9ng k\u1ebft n\u1ed1i 1.5 inch, ch\u1ea5t li\u1ec7u PVC cao c\u1ea5p ch\u1ecbu va \u0111\u1eadp cao, ch\u1ecbu nhi\u1ec7t l\u00ean \u0111\u1ebfn 170 \u0111\u1ed9 C.<\/p>\n<p>\u2013 \u0110\u01b0\u1eddng \u1ed1ng \u0111\u01b0\u1ee3c ph\u00e1t tri\u1ec3n thi\u1ebft k\u1ebf g\u1ea5p ch\u1eef U c\u00f9ng n\u00fat x\u1ea3 \u0111\u00e1y gi\u00fap ng\u0103n m\u00f9i b\u1ed1c ng\u01b0\u1ee3c, d\u1ec5 d\u00e0ng v\u1ec7 sinh \u0111\u1ecbnh k\u1ef3 v\u00e0 l\u1eafp \u0111\u1eb7t d\u1ec5 d\u00e0ng.<\/p>\n<p><img loading=\"lazy\" decoding=\"async\" class=\"alignnone size-full wp-image-472\" src=\"https:\/\/tannoithat.com\/wp-content\/uploads\/2023\/12\/18e7f02e945e65003c4f-1024x576-1.jpg\" alt=\"\" width=\"1024\" height=\"576\" srcset=\"https:\/\/tannoithat.com\/wp-content\/uploads\/2023\/12\/18e7f02e945e65003c4f-1024x576-1.jpg 1024w, https:\/\/tannoithat.com\/wp-content\/uploads\/2023\/12\/18e7f02e945e65003c4f-1024x576-1-300x169.jpg 300w, https:\/\/tannoithat.com\/wp-content\/uploads\/2023\/12\/18e7f02e945e65003c4f-1024x576-1-768x432.jpg 768w, https:\/\/tannoithat.com\/wp-content\/uploads\/2023\/12\/18e7f02e945e65003c4f-1024x576-1-600x338.jpg 600w\" sizes=\"(max-width: 1024px) 100vw, 1024px\" \/><\/p>\n<h2><span style=\"color: #ff0000;\">Gi\u00e1 \u00fap b\u00e1t inox<\/span><\/h2>\n<p>Gi\u00e1 \u00fap b\u00e1t ch\u1ea5t li\u1ec7u inox cao c\u1ea5p. S\u1ea3n ph\u1ea9m cho ph\u00e9p r\u00e1o d\u1ee5ng c\u1ee5, th\u1ef1c ph\u1ea9m ngay tr\u00ean m\u1eb7t ch\u1eadu, ti\u1ebft ki\u1ec7m kh\u00f4ng gian v\u00e0 gi\u1eef khu v\u1ef1c xung quanh b\u00e0n b\u1ebfp lu\u00f4n kh\u00f4 tho\u00e1ng.<\/p>\n<p><img loading=\"lazy\" decoding=\"async\" class=\"alignnone size-full wp-image-474\" src=\"https:\/\/tannoithat.com\/wp-content\/uploads\/2023\/12\/IMGL1810-scaled-1.jpg\" alt=\"\" width=\"1707\" height=\"2560\" srcset=\"https:\/\/tannoithat.com\/wp-content\/uploads\/2023\/12\/IMGL1810-scaled-1.jpg 1707w, https:\/\/tannoithat.com\/wp-content\/uploads\/2023\/12\/IMGL1810-scaled-1-200x300.jpg 200w, https:\/\/tannoithat.com\/wp-content\/uploads\/2023\/12\/IMGL1810-scaled-1-683x1024.jpg 683w, https:\/\/tannoithat.com\/wp-content\/uploads\/2023\/12\/IMGL1810-scaled-1-768x1152.jpg 768w, https:\/\/tannoithat.com\/wp-content\/uploads\/2023\/12\/IMGL1810-scaled-1-1024x1536.jpg 1024w, https:\/\/tannoithat.com\/wp-content\/uploads\/2023\/12\/IMGL1810-scaled-1-1366x2048.jpg 1366w, https:\/\/tannoithat.com\/wp-content\/uploads\/2023\/12\/IMGL1810-scaled-1-600x900.jpg 600w\" sizes=\"(max-width: 1707px) 100vw, 1707px\" \/><\/p>\n<p>&nbsp;<\/p>\n","protected":false},"excerpt":{"rendered":"<div><span style=\"color: #00ff00;\"><strong>M\u00e3 s\u1ea3n ph\u1ea9m:<\/strong>\u00a0NAROS 760S Grey<\/span><\/div>\n<div><span style=\"color: #00ff00;\"><strong>K\u00edch th\u01b0\u1edbc (mm)<\/strong>: 760*440*200<\/span><\/div>\n<div><span style=\"color: #00ff00;\"><strong>K\u00edch th\u01b0\u1edbc h\u1ed1 (mm):<\/strong>\u00a0720*400*200<\/span><\/div>\n<div><span style=\"color: #00ff00;\"><strong>C\u1eaft \u0111\u00e1 l\u1eafp \u00e2m (mm):<\/strong>\u00a0720*400<\/span><\/div>\n<div><span style=\"color: #00ff00;\"><strong>Ch\u1ea5t li\u1ec7u:\u00a0KERATEK\u207a<\/strong><\/span><\/div>\n<div><span style=\"color: #00ff00;\"><strong>B\u1ec1 m\u1eb7t:\u00a0<\/strong>Nano Ag+<\/span><\/div>\n<div><span style=\"color: #00ff00;\"><strong>Ph\u1ee5 ki\u1ec7n:<\/strong>\u00a0Siphon + Gi\u00e1 \u00fap b\u00e1t inox<\/span><\/div>\n<div><span style=\"color: #00ff00;\"><strong>Xu\u1ea5t x\u1ee9:\u00a0<img loading=\"lazy\" decoding=\"async\" class=\"alignnone wp-image-6716\" src=\"https:\/\/konox.com.vn\/wp-content\/uploads\/2021\/01\/Italy.jpg\" alt=\"Made in Italy\" width=\"24\" height=\"16\" \/><\/strong>\u00a0ITALIA<\/span><\/div>\n<div><span style=\"color: #00ff00;\"><strong>M\u00e0u s\u1eafc:<\/strong>\u00a0Grey<\/span><\/div>\n<div><span style=\"color: #00ff00;\">B\u1ea3o h\u00e0nh ch\u00ednh h\u00e3ng 5 n\u0103m<\/span><\/div>\n<div>\n<p><span style=\"color: #00ff00;\"><strong>*L\u01b0u \u00fd:<\/strong>\u00a0Kh\u00f4ng \u0111\u1eb7t tr\u1ef1c ti\u1ebfp n\u1ed3i ch\u1ea3o n\u00f3ng l\u00ean m\u1eb7t ch\u1eadu r\u1eeda b\u00e1t.<\/span><\/p>\n<\/div>\n","protected":false},"featured_media":476,"comment_status":"open","ping_status":"closed","template":"","meta":{"_eb_attr":""},"product_cat":[125,168,86,249],"product_tag":[171],"_links":{"self":[{"href":"https:\/\/tannoithat.com\/index.php\/wp-json\/wp\/v2\/product\/475"}],"collection":[{"href":"https:\/\/tannoithat.com\/index.php\/wp-json\/wp\/v2\/product"}],"about":[{"href":"https:\/\/tannoithat.com\/index.php\/wp-json\/wp\/v2\/types\/product"}],"replies":[{"embeddable":true,"href":"https:\/\/tannoithat.com\/index.php\/wp-json\/wp\/v2\/comments?post=475"}],"wp:featuredmedia":[{"embeddable":true,"href":"https:\/\/tannoithat.com\/index.php\/wp-json\/wp\/v2\/media\/476"}],"wp:attachment":[{"href":"https:\/\/tannoithat.com\/index.php\/wp-json\/wp\/v2\/media?parent=475"}],"wp:term":[{"taxonomy":"product_cat","embeddable":true,"href":"https:\/\/tannoithat.com\/index.php\/wp-json\/wp\/v2\/product_cat?post=475"},{"taxonomy":"product_tag","embeddable":true,"href":"https:\/\/tannoithat.com\/index.php\/wp-json\/wp\/v2\/product_tag?post=475"}],"curies":[{"name":"wp","href":"https:\/\/api.w.org\/{rel}","templated":true}]}}