{"id":488,"date":"2023-12-26T09:25:42","date_gmt":"2023-12-26T02:25:42","guid":{"rendered":"https:\/\/tannoithat.com\/?post_type=product&#038;p=488"},"modified":"2024-01-04T08:50:45","modified_gmt":"2024-01-04T01:50:45","slug":"chau-rua-bat-workstation-sink-undermount-sink-kn6046su","status":"publish","type":"product","link":"https:\/\/tannoithat.com\/index.php\/product\/chau-rua-bat-workstation-sink-undermount-sink-kn6046su\/","title":{"rendered":"Ch\u1eadu r\u1eeda b\u00e1t Workstation Sink \u2013 Undermount Sink KN6046SU"},"content":{"rendered":"\n\n<div class=\"kk-star-ratings kksr-auto kksr-align-left kksr-valign-top\"\n    data-payload='{&quot;align&quot;:&quot;left&quot;,&quot;id&quot;:&quot;488&quot;,&quot;slug&quot;:&quot;default&quot;,&quot;valign&quot;:&quot;top&quot;,&quot;ignore&quot;:&quot;&quot;,&quot;reference&quot;:&quot;auto&quot;,&quot;class&quot;:&quot;&quot;,&quot;count&quot;:&quot;0&quot;,&quot;legendonly&quot;:&quot;&quot;,&quot;readonly&quot;:&quot;&quot;,&quot;score&quot;:&quot;0&quot;,&quot;starsonly&quot;:&quot;&quot;,&quot;best&quot;:&quot;5&quot;,&quot;gap&quot;:&quot;5&quot;,&quot;greet&quot;:&quot;Rate this product&quot;,&quot;legend&quot;:&quot;0\\\/5 - (0 b\u00ecnh ch\u1ecdn)&quot;,&quot;size&quot;:&quot;24&quot;,&quot;title&quot;:&quot;Ch\u1eadu r\u1eeda b\u00e1t Workstation Sink \u2013 Undermount Sink KN6046SU&quot;,&quot;width&quot;:&quot;0&quot;,&quot;_legend&quot;:&quot;{score}\\\/{best} - ({count} {votes})&quot;,&quot;font_factor&quot;:&quot;1.25&quot;}'>\n            \n<div class=\"kksr-stars\">\n    \n<div class=\"kksr-stars-inactive\">\n            <div class=\"kksr-star\" data-star=\"1\" style=\"padding-right: 5px\">\n            \n\n<div class=\"kksr-icon\" style=\"width: 24px; height: 24px;\"><\/div>\n        <\/div>\n            <div class=\"kksr-star\" data-star=\"2\" style=\"padding-right: 5px\">\n            \n\n<div class=\"kksr-icon\" style=\"width: 24px; height: 24px;\"><\/div>\n        <\/div>\n            <div class=\"kksr-star\" data-star=\"3\" style=\"padding-right: 5px\">\n            \n\n<div class=\"kksr-icon\" style=\"width: 24px; height: 24px;\"><\/div>\n        <\/div>\n            <div class=\"kksr-star\" data-star=\"4\" style=\"padding-right: 5px\">\n            \n\n<div class=\"kksr-icon\" style=\"width: 24px; height: 24px;\"><\/div>\n        <\/div>\n            <div class=\"kksr-star\" data-star=\"5\" style=\"padding-right: 5px\">\n            \n\n<div class=\"kksr-icon\" style=\"width: 24px; height: 24px;\"><\/div>\n        <\/div>\n    <\/div>\n    \n<div class=\"kksr-stars-active\" style=\"width: 0px;\">\n            <div class=\"kksr-star\" style=\"padding-right: 5px\">\n            \n\n<div class=\"kksr-icon\" style=\"width: 24px; height: 24px;\"><\/div>\n        <\/div>\n            <div class=\"kksr-star\" style=\"padding-right: 5px\">\n            \n\n<div class=\"kksr-icon\" style=\"width: 24px; height: 24px;\"><\/div>\n        <\/div>\n            <div class=\"kksr-star\" style=\"padding-right: 5px\">\n            \n\n<div class=\"kksr-icon\" style=\"width: 24px; height: 24px;\"><\/div>\n        <\/div>\n            <div class=\"kksr-star\" style=\"padding-right: 5px\">\n            \n\n<div class=\"kksr-icon\" style=\"width: 24px; height: 24px;\"><\/div>\n        <\/div>\n            <div class=\"kksr-star\" style=\"padding-right: 5px\">\n            \n\n<div class=\"kksr-icon\" style=\"width: 24px; height: 24px;\"><\/div>\n        <\/div>\n    <\/div>\n<\/div>\n                \n\n<div class=\"kksr-legend\" style=\"font-size: 19.2px;\">\n            <span class=\"kksr-muted\">Rate this product<\/span>\n    <\/div>\n    <\/div>\n<h2><span style=\"color: #ff0000;\">M\u00f4 t\u1ea3<\/span>\u00a0<a href=\"https:\/\/tannoithat.com\/index.php\/product\/chau-rua-bat-granite-sink-naros-760s-grey\/\" target=\"_blank\" rel=\"noopener\">ch\u1eadu r\u1eeda b\u00e1t<\/a>\u00a0<span style=\"color: #ff0000;\">Workstation Sink \u2013 Undermount Sink KN6046SU<\/span><\/h2>\n<p>Model Ch\u1eadu r\u1eeda b\u00e1t <span style=\"color: #00ff00;\">Workstation<\/span> <span style=\"color: #00ff00;\">Sink \u2013 Undermount Sink KN6046SU<\/span> l\u00e0 d\u00f2ng s\u1ea3n ph\u1ea9m d\u00e0nh cho b\u00e0n b\u1ebfp c\u00f3 di\u1ec7n t\u00edch t\u01b0\u01a1ng \u0111\u1ed1i h\u1ea1n ch\u1ebf nh\u1eefng v\u1eabn y\u00eau th\u00edch phong c\u00e1ch ch\u1eadu h\u1ea1 b\u1eadc \u2013 t\u00edch h\u1ee3p c\u00f4ng n\u0103ng c\u1ee7a Konox.<\/p>\n<p>Ch\u1eadu r\u1eeda b\u00e1t <span style=\"color: #00ff00;\">Workstation Sink \u2013 Undermount Sink KN6046SU<\/span> thi\u1ebft k\u1ebf h\u1ed1 \u0111\u01a1n, \u0111\u01b0\u1ee3c t\u1ed1i \u01b0u c\u00f4ng n\u0103ng nh\u1edd thi\u1ebft k\u1ebf h\u1ea1 b\u1eadc, t\u00edch h\u1ee3p ph\u1ee5 ki\u1ec7n \u0111i k\u00e8m mang t\u1edbi tr\u1ea3i nghi\u1ec7m tuy\u1ec7t v\u1eddi trong thao t\u00e1c l\u00e0m b\u1ebfp.<\/p>\n<p><img fetchpriority=\"high\" decoding=\"async\" class=\"alignnone size-full wp-image-489\" src=\"https:\/\/tannoithat.com\/wp-content\/uploads\/2023\/12\/chau-rua-bat-Workstation-Sink-Undermount-Sink-KN6046SU-va-phu-kien-800x800-1.jpg\" alt=\"\" width=\"800\" height=\"800\" srcset=\"https:\/\/tannoithat.com\/wp-content\/uploads\/2023\/12\/chau-rua-bat-Workstation-Sink-Undermount-Sink-KN6046SU-va-phu-kien-800x800-1.jpg 800w, https:\/\/tannoithat.com\/wp-content\/uploads\/2023\/12\/chau-rua-bat-Workstation-Sink-Undermount-Sink-KN6046SU-va-phu-kien-800x800-1-300x300.jpg 300w, https:\/\/tannoithat.com\/wp-content\/uploads\/2023\/12\/chau-rua-bat-Workstation-Sink-Undermount-Sink-KN6046SU-va-phu-kien-800x800-1-150x150.jpg 150w, https:\/\/tannoithat.com\/wp-content\/uploads\/2023\/12\/chau-rua-bat-Workstation-Sink-Undermount-Sink-KN6046SU-va-phu-kien-800x800-1-768x768.jpg 768w, https:\/\/tannoithat.com\/wp-content\/uploads\/2023\/12\/chau-rua-bat-Workstation-Sink-Undermount-Sink-KN6046SU-va-phu-kien-800x800-1-600x600.jpg 600w, https:\/\/tannoithat.com\/wp-content\/uploads\/2023\/12\/chau-rua-bat-Workstation-Sink-Undermount-Sink-KN6046SU-va-phu-kien-800x800-1-100x100.jpg 100w\" sizes=\"(max-width: 800px) 100vw, 800px\" \/><\/p>\n<h2><span style=\"color: #ff0000;\">\u0110i\u1ec3m n\u1ed5i b\u1eadt<\/span><\/h2>\n<ul>\n<li>D\u00f2ng ch\u1eadu h\u1ea1 b\u1eadc \u2013 t\u00edch h\u1ee3p c\u00f4ng n\u0103ng: <span style=\"color: #000000;\">th\u1edbt g\u1ed7, rollmat<\/span><\/li>\n<li>Thi\u1ebft k\u1ebf ch\u1eadu 1 h\u1ed1 r\u1ed9ng<\/li>\n<li>L\u00f2ng ch\u1eadu s\u00e2u t\u0103ng dung t\u00edch h\u1ed1, h\u1ea1n ch\u1ebf b\u1eafn n\u01b0\u1edbc<\/li>\n<li>Tho\u00e1t n\u01b0\u1edbc hi\u1ec7u qu\u1ea3 v\u1edbi thi\u1ebft k\u1ebf r\u00e3nh tho\u00e1t n\u01b0\u1edbc X-line<\/li>\n<li>V\u1ec7 sinh l\u00f2ng ch\u1eadu d\u1ec5 d\u00e0ng v\u1edbi g\u00f3c l\u01b0\u1ee3n R15 mm<\/li>\n<li>Ch\u1eadu cho ph\u00e9p l\u1eafp \u0111\u1eb7t d\u01b0\u01a1ng, \u00e2m, b\u00e1n \u00e2m m\u1eb7t \u0111\u00e1<\/li>\n<li>B\u00e1t r\u00e1c 140mm thi\u1ebft k\u1ebf 3 l\u1edbp ph\u00f9 h\u1ee3p v\u1edbi th\u00f3i quen s\u1eed d\u1ee5ng c\u1ee7a ng\u01b0\u1eddi Vi\u1ec7t<\/li>\n<\/ul>\n<p><img decoding=\"async\" class=\"alignnone size-full wp-image-490\" src=\"https:\/\/tannoithat.com\/wp-content\/uploads\/2023\/12\/chau-rua-bat-Workstation-Sink-Undermount-Sink-KN6046SU.png\" alt=\"\" width=\"800\" height=\"800\" srcset=\"https:\/\/tannoithat.com\/wp-content\/uploads\/2023\/12\/chau-rua-bat-Workstation-Sink-Undermount-Sink-KN6046SU.png 800w, https:\/\/tannoithat.com\/wp-content\/uploads\/2023\/12\/chau-rua-bat-Workstation-Sink-Undermount-Sink-KN6046SU-300x300.png 300w, https:\/\/tannoithat.com\/wp-content\/uploads\/2023\/12\/chau-rua-bat-Workstation-Sink-Undermount-Sink-KN6046SU-150x150.png 150w, https:\/\/tannoithat.com\/wp-content\/uploads\/2023\/12\/chau-rua-bat-Workstation-Sink-Undermount-Sink-KN6046SU-768x768.png 768w, https:\/\/tannoithat.com\/wp-content\/uploads\/2023\/12\/chau-rua-bat-Workstation-Sink-Undermount-Sink-KN6046SU-600x600.png 600w, https:\/\/tannoithat.com\/wp-content\/uploads\/2023\/12\/chau-rua-bat-Workstation-Sink-Undermount-Sink-KN6046SU-100x100.png 100w\" sizes=\"(max-width: 800px) 100vw, 800px\" \/><\/p>\n<h2><span style=\"color: #ff0000;\">C\u00f4ng ngh\u1ec7<\/span><\/h2>\n<ul>\n<li>S\u1ea3n ph\u1ea9m ch\u1ebf t\u1ea1o b\u00e1n th\u1ee7 c\u00f4ng, c\u00f4ng ngh\u1ec7 s\u1ea3n xu\u1ea5t <span style=\"color: #00ff00;\">handmade<\/span><\/li>\n<li>B\u1ec1 m\u1eb7t ho\u00e0n thi\u1ec7n b\u00f3ng, ch\u1ed1ng b\u00e1m d\u1ea7u nh\u1edd x\u1eed l\u00fd\u00a0<span style=\"color: #00ff00;\"><strong>c\u00f4ng ngh\u1ec7 Brushed<\/strong><\/span><\/li>\n<li>S\u1ea3n ph\u1ea9m s\u00e1ng b\u00f3ng b\u1ec1n m\u00e0u, ch\u1ed1ng oxi h\u00f3a, an to\u00e0n cho s\u1ee9c kh\u1ecfe v\u1edbi\u00a0<span style=\"color: #00ff00;\"><strong>ch\u1ea5t li\u1ec7u inox 304 ti\u00eau chu\u1ea9n<\/strong><\/span><\/li>\n<li>V\u1eadt li\u1ec7u s\u1ea3n ph\u1ea9m \u0111\u1ea1t ti\u00eau chu\u1ea9n\u00a0<span style=\"color: #00ff00;\"><strong>Quatest1<\/strong><\/span><\/li>\n<li>Ng\u0103n hi\u1ec7n t\u1ef1 ng\u01b0ng t\u1ee5 n\u01b0\u1edbc m\u1eb7t sau nh\u1edd\u00a0<span style=\"color: #00ff00;\"><strong>l\u1edbp s\u01a1n ph\u1ee7 ch\u1ed1ng th\u1ea5m ng\u01b0\u1ee3c<\/strong><\/span><\/li>\n<li>Tri\u1ec7t ti\u00eau ti\u1ebfng \u1ed3n khi x\u1ea3 n\u01b0\u1edbc, va ch\u1ea1m nh\u1edd\u00a0<span style=\"color: #00ff00;\"><strong>t\u1ea5m ch\u1ed1ng \u1ed3n<\/strong><\/span>\u00a0m\u1eb7t sau ch\u1eadu v\u1eadt li\u1ec7u cao su t\u1ed5ng h\u1ee3p v\u1edbi \u0111\u1ed9 d\u00e0y ti\u00eau chu\u1ea9n 3mm<\/li>\n<li>Tho\u00e1t n\u01b0\u1edbc nhanh, c\u01a1 ch\u1ebf ng\u0103n m\u00f9i h\u00f4i v\u1edbi\u00a0<span style=\"color: #00ff00;\"><strong>h\u1ec7 th\u1ed1ng Siphon (\u1ed1ng tho\u00e1t th\u1ea3i) c\u1ea3i ti\u1ebfn<\/strong><\/span><\/li>\n<li>B\u00e1t r\u00e1c kh\u00e1ng khu\u1ea9n, \u1ee9c ch\u1ebf hi\u1ec7u qu\u1ea3 sinh tr\u01b0\u1edfng c\u1ee7a vi khu\u1ea9n v\u1edbi\u00a0<span style=\"color: #00ff00;\"><strong>b\u1ec1 m\u1eb7t ph\u1ee7 Nano Ag+<\/strong><\/span>, \u1ee9ng d\u1ee5ng c\u00f4ng ngh\u1ec7 kh\u00e1ng khu\u1ea9n <span style=\"color: #00ff00;\">HYPERKILA-MIC<\/span><\/li>\n<li>T\u1ed1c \u0111\u1ed9 x\u1ea3 t\u0103ng l\u00ean \u0111\u1ebfn 30% v\u1edbi<span style=\"color: #00ff00;\">\u00a0<strong>tay tho\u00e1t tr\u00e0n<\/strong><\/span>\u00a0m\u1edbi thi\u1ebft k\u1ebf vu\u00f4ng hi\u1ec7n \u0111\u1ea1i<\/li>\n<\/ul>\n<p>B\u1ea3o h\u00e0nh ch\u00ednh h\u00e3ng 10 (n\u0103m) cho ch\u1eadu r\u1eeda \u2013 3 (n\u0103m) cho h\u1ec7 th\u1ed1ng \u1ed1ng x\u1ea3<\/p>\n<p><img decoding=\"async\" class=\"alignnone size-full wp-image-491\" src=\"https:\/\/tannoithat.com\/wp-content\/uploads\/2023\/12\/chau-rua-bat-workstation-sink-KN6046SU-800x800-1.jpg\" alt=\"\" width=\"800\" height=\"800\" srcset=\"https:\/\/tannoithat.com\/wp-content\/uploads\/2023\/12\/chau-rua-bat-workstation-sink-KN6046SU-800x800-1.jpg 800w, https:\/\/tannoithat.com\/wp-content\/uploads\/2023\/12\/chau-rua-bat-workstation-sink-KN6046SU-800x800-1-300x300.jpg 300w, https:\/\/tannoithat.com\/wp-content\/uploads\/2023\/12\/chau-rua-bat-workstation-sink-KN6046SU-800x800-1-150x150.jpg 150w, https:\/\/tannoithat.com\/wp-content\/uploads\/2023\/12\/chau-rua-bat-workstation-sink-KN6046SU-800x800-1-768x768.jpg 768w, https:\/\/tannoithat.com\/wp-content\/uploads\/2023\/12\/chau-rua-bat-workstation-sink-KN6046SU-800x800-1-600x600.jpg 600w, https:\/\/tannoithat.com\/wp-content\/uploads\/2023\/12\/chau-rua-bat-workstation-sink-KN6046SU-800x800-1-100x100.jpg 100w\" sizes=\"(max-width: 800px) 100vw, 800px\" \/><\/p>\n<h1><span style=\"color: #ff0000;\">B\u1ed9 s\u1ea3n ph\u1ea9m bao g\u1ed3m:<\/span><\/h1>\n<h2><span style=\"color: #ff0000;\">Siphon:<\/span><\/h2>\n<p>\u2013 B\u00e1t r\u00e1c k\u00edch th\u01b0\u1edbc l\u1edbn 140mm, v\u1edbi 3 l\u1edbp l\u1ecdc ch\u1ed1ng t\u1eafc. B\u1ec1 m\u1eb7t \u0111\u01b0\u1ee3c \u0111\u00e1nh b\u00f3ng, ph\u1ee7 Nano Ag+ c\u00f9ng c\u00f4ng ngh\u1ec7 kh\u00e1ng khu\u1ea9n HYPERKILA-MIC \u1ee9c ch\u1ebf hi\u1ec7u qu\u1ea3 sinh tr\u01b0\u1edfng c\u1ee7a vi khu\u1ea9n, gi\u1eef \u0111\u1ea3m b\u1ea3o v\u1ec7 sinh an to\u00e0n th\u1ef1c ph\u1ea9m.<br \/>\n\u2013 H\u1ec7 th\u1ed1ng \u1ed1ng x\u1ea3 c\u1ee9ng k\u1ebft n\u1ed1i 1.5 inch, ch\u1ea5t li\u1ec7u PVC cao c\u1ea5p ch\u1ecbu va \u0111\u1eadp cao, ch\u1ecbu nhi\u1ec7t l\u00ean \u0111\u1ebfn 170 \u0111\u1ed9 C. \u0110\u01b0\u1eddng \u1ed1ng \u0111\u01b0\u1ee3c ph\u00e1t tri\u1ec3n thi\u1ebft k\u1ebf g\u1ea5p ch\u1eef U c\u00f9ng n\u00fat x\u1ea3 \u0111\u00e1y gi\u00fap ng\u0103n m\u00f9i b\u1ed1c ng\u01b0\u1ee3c, d\u1ec5 d\u00e0ng v\u1ec7 sinh \u0111\u1ecbnh k\u1ef3 v\u00e0 l\u1eafp \u0111\u1eb7t d\u1ec5 d\u00e0ng.<\/p>\n<p>.<img loading=\"lazy\" decoding=\"async\" class=\"alignnone size-full wp-image-492\" src=\"https:\/\/tannoithat.com\/wp-content\/uploads\/2023\/12\/18e7f02e945e65003c4f-1024x576-2.jpg\" alt=\"\" width=\"1024\" height=\"576\" srcset=\"https:\/\/tannoithat.com\/wp-content\/uploads\/2023\/12\/18e7f02e945e65003c4f-1024x576-2.jpg 1024w, https:\/\/tannoithat.com\/wp-content\/uploads\/2023\/12\/18e7f02e945e65003c4f-1024x576-2-300x169.jpg 300w, https:\/\/tannoithat.com\/wp-content\/uploads\/2023\/12\/18e7f02e945e65003c4f-1024x576-2-768x432.jpg 768w, https:\/\/tannoithat.com\/wp-content\/uploads\/2023\/12\/18e7f02e945e65003c4f-1024x576-2-600x338.jpg 600w\" sizes=\"(max-width: 1024px) 100vw, 1024px\" \/><\/p>\n<h2><span style=\"color: #ff0000;\">Th\u1edbt g\u1ed7<\/span><\/h2>\n<p>Th\u1edbt g\u1ed7 t\u00edch h\u1ee3p d\u1ec5 d\u00e0ng tr\u01b0\u1ee3t tr\u00ean g\u1edd h\u1ea1 b\u1eadc. G\u1ed7 tre \u00edt h\u1ea5p thu n\u01b0\u1edbc, kh\u00f4ng cong v\u00eanh, kh\u00f4ng m\u1ee7n, v\u00e0 d\u1ec5 d\u00e0ng v\u1ec7 sinh.<\/p>\n<p><img loading=\"lazy\" decoding=\"async\" class=\"alignnone size-full wp-image-493\" src=\"https:\/\/tannoithat.com\/wp-content\/uploads\/2023\/12\/phu_kien_thot1-1-300x300-1.png\" alt=\"\" width=\"300\" height=\"300\" srcset=\"https:\/\/tannoithat.com\/wp-content\/uploads\/2023\/12\/phu_kien_thot1-1-300x300-1.png 300w, https:\/\/tannoithat.com\/wp-content\/uploads\/2023\/12\/phu_kien_thot1-1-300x300-1-150x150.png 150w, https:\/\/tannoithat.com\/wp-content\/uploads\/2023\/12\/phu_kien_thot1-1-300x300-1-100x100.png 100w\" sizes=\"(max-width: 300px) 100vw, 300px\" \/><\/p>\n<h2><span style=\"color: #ff0000;\">Roll Mat<\/span><\/h2>\n<p>Chi ti\u1ebft thanh rollmat gi\u00fap r\u00e1o d\u1ee5ng c\u1ee5, th\u1ef1c ph\u1ea9m ngay tr\u00ean m\u1eb7t ch\u1eadu r\u1eeda, gi\u1eef khu v\u1ef1c b\u00e0n b\u1ebfp xung quanh lu\u00f4n kh\u00f4 tho\u00e1ng.<\/p>\n<p><img loading=\"lazy\" decoding=\"async\" class=\"alignnone size-full wp-image-494\" src=\"https:\/\/tannoithat.com\/wp-content\/uploads\/2023\/12\/4-1-300x300-1.png\" alt=\"\" width=\"300\" height=\"300\" srcset=\"https:\/\/tannoithat.com\/wp-content\/uploads\/2023\/12\/4-1-300x300-1.png 300w, https:\/\/tannoithat.com\/wp-content\/uploads\/2023\/12\/4-1-300x300-1-150x150.png 150w, https:\/\/tannoithat.com\/wp-content\/uploads\/2023\/12\/4-1-300x300-1-100x100.png 100w\" sizes=\"(max-width: 300px) 100vw, 300px\" \/><\/p>\n","protected":false},"excerpt":{"rendered":"<p><span style=\"color: #00ff00;\"><strong>M\u00e3 s\u1ea3n ph\u1ea9m:\u00a0<\/strong>KN6046SU<\/span><br \/>\n<span style=\"color: #00ff00;\"><strong>K\u00edch th\u01b0\u1edbc (mm):\u00a0<\/strong>600*455*220<\/span><br \/>\n<span style=\"color: #00ff00;\"><strong>K\u00edch th\u01b0\u1edbc h\u1ed1 (mm):<\/strong>\u00a0550*405<\/span><br \/>\n<span style=\"color: #00ff00;\"><strong>C\u1eaft \u0111\u00e1 l\u1eafp \u00e2m (mm)<\/strong>: 550*405<\/span><br \/>\n<span style=\"color: #00ff00;\"><strong>C\u1eaft \u0111\u00e1 l\u1eafp d\u01b0\u01a1ng (mm)<\/strong>: 550*405<\/span><br \/>\n<span style=\"color: #00ff00;\"><b>\u0110\u1ed9 d\u00e0y:<\/b>\u00a01.2<\/span><br \/>\n<span style=\"color: #00ff00;\"><strong>Ch\u1ea5t li\u1ec7u<\/strong>: SS304<\/span><br \/>\n<span style=\"color: #00ff00;\"><strong>Ph\u1ee5 ki\u1ec7n:<\/strong>\u00a0Siphon, Th\u1edbt g\u1ed7, Rollmat<\/span><br \/>\n<span style=\"color: #00ff00;\">B\u1ea3o h\u00e0nh ch\u00ednh h\u00e3ng 10 (n\u0103m)<\/span><\/p>\n","protected":false},"featured_media":490,"comment_status":"open","ping_status":"closed","template":"","meta":{"_eb_attr":""},"product_cat":[125,168,86,249],"product_tag":[173],"_links":{"self":[{"href":"https:\/\/tannoithat.com\/index.php\/wp-json\/wp\/v2\/product\/488"}],"collection":[{"href":"https:\/\/tannoithat.com\/index.php\/wp-json\/wp\/v2\/product"}],"about":[{"href":"https:\/\/tannoithat.com\/index.php\/wp-json\/wp\/v2\/types\/product"}],"replies":[{"embeddable":true,"href":"https:\/\/tannoithat.com\/index.php\/wp-json\/wp\/v2\/comments?post=488"}],"wp:featuredmedia":[{"embeddable":true,"href":"https:\/\/tannoithat.com\/index.php\/wp-json\/wp\/v2\/media\/490"}],"wp:attachment":[{"href":"https:\/\/tannoithat.com\/index.php\/wp-json\/wp\/v2\/media?parent=488"}],"wp:term":[{"taxonomy":"product_cat","embeddable":true,"href":"https:\/\/tannoithat.com\/index.php\/wp-json\/wp\/v2\/product_cat?post=488"},{"taxonomy":"product_tag","embeddable":true,"href":"https:\/\/tannoithat.com\/index.php\/wp-json\/wp\/v2\/product_tag?post=488"}],"curies":[{"name":"wp","href":"https:\/\/api.w.org\/{rel}","templated":true}]}}