{"id":504,"date":"2023-12-26T09:44:02","date_gmt":"2023-12-26T02:44:02","guid":{"rendered":"https:\/\/tannoithat.com\/?post_type=product&#038;p=504"},"modified":"2024-01-04T08:50:45","modified_gmt":"2024-01-04T01:50:45","slug":"chau-rua-bat-chong-xuoc-workstation-sink-topmount-sink-kn8651td-dekor","status":"publish","type":"product","link":"https:\/\/tannoithat.com\/index.php\/product\/chau-rua-bat-chong-xuoc-workstation-sink-topmount-sink-kn8651td-dekor\/","title":{"rendered":"Ch\u1eadu r\u1eeda b\u00e1t ch\u1ed1ng x\u01b0\u1edbc Workstation Sink \u2013 Topmount Sink KN8651TD Dekor"},"content":{"rendered":"\n\n<div class=\"kk-star-ratings kksr-auto kksr-align-left kksr-valign-top\"\n    data-payload='{&quot;align&quot;:&quot;left&quot;,&quot;id&quot;:&quot;504&quot;,&quot;slug&quot;:&quot;default&quot;,&quot;valign&quot;:&quot;top&quot;,&quot;ignore&quot;:&quot;&quot;,&quot;reference&quot;:&quot;auto&quot;,&quot;class&quot;:&quot;&quot;,&quot;count&quot;:&quot;0&quot;,&quot;legendonly&quot;:&quot;&quot;,&quot;readonly&quot;:&quot;&quot;,&quot;score&quot;:&quot;0&quot;,&quot;starsonly&quot;:&quot;&quot;,&quot;best&quot;:&quot;5&quot;,&quot;gap&quot;:&quot;5&quot;,&quot;greet&quot;:&quot;Rate this product&quot;,&quot;legend&quot;:&quot;0\\\/5 - (0 b\u00ecnh ch\u1ecdn)&quot;,&quot;size&quot;:&quot;24&quot;,&quot;title&quot;:&quot;Ch\u1eadu r\u1eeda b\u00e1t ch\u1ed1ng x\u01b0\u1edbc Workstation Sink \u2013 Topmount Sink KN8651TD Dekor&quot;,&quot;width&quot;:&quot;0&quot;,&quot;_legend&quot;:&quot;{score}\\\/{best} - ({count} {votes})&quot;,&quot;font_factor&quot;:&quot;1.25&quot;}'>\n            \n<div class=\"kksr-stars\">\n    \n<div class=\"kksr-stars-inactive\">\n            <div class=\"kksr-star\" data-star=\"1\" style=\"padding-right: 5px\">\n            \n\n<div class=\"kksr-icon\" style=\"width: 24px; height: 24px;\"><\/div>\n        <\/div>\n            <div class=\"kksr-star\" data-star=\"2\" style=\"padding-right: 5px\">\n            \n\n<div class=\"kksr-icon\" style=\"width: 24px; height: 24px;\"><\/div>\n        <\/div>\n            <div class=\"kksr-star\" data-star=\"3\" style=\"padding-right: 5px\">\n            \n\n<div class=\"kksr-icon\" style=\"width: 24px; height: 24px;\"><\/div>\n        <\/div>\n            <div class=\"kksr-star\" data-star=\"4\" style=\"padding-right: 5px\">\n            \n\n<div class=\"kksr-icon\" style=\"width: 24px; height: 24px;\"><\/div>\n        <\/div>\n            <div class=\"kksr-star\" data-star=\"5\" style=\"padding-right: 5px\">\n            \n\n<div class=\"kksr-icon\" style=\"width: 24px; height: 24px;\"><\/div>\n        <\/div>\n    <\/div>\n    \n<div class=\"kksr-stars-active\" style=\"width: 0px;\">\n            <div class=\"kksr-star\" style=\"padding-right: 5px\">\n            \n\n<div class=\"kksr-icon\" style=\"width: 24px; height: 24px;\"><\/div>\n        <\/div>\n            <div class=\"kksr-star\" style=\"padding-right: 5px\">\n            \n\n<div class=\"kksr-icon\" style=\"width: 24px; height: 24px;\"><\/div>\n        <\/div>\n            <div class=\"kksr-star\" style=\"padding-right: 5px\">\n            \n\n<div class=\"kksr-icon\" style=\"width: 24px; height: 24px;\"><\/div>\n        <\/div>\n            <div class=\"kksr-star\" style=\"padding-right: 5px\">\n            \n\n<div class=\"kksr-icon\" style=\"width: 24px; height: 24px;\"><\/div>\n        <\/div>\n            <div class=\"kksr-star\" style=\"padding-right: 5px\">\n            \n\n<div class=\"kksr-icon\" style=\"width: 24px; height: 24px;\"><\/div>\n        <\/div>\n    <\/div>\n<\/div>\n                \n\n<div class=\"kksr-legend\" style=\"font-size: 19.2px;\">\n            <span class=\"kksr-muted\">Rate this product<\/span>\n    <\/div>\n    <\/div>\n<p>Ch\u1eadu r\u1eeda b\u00e1t ch\u1ed1ng x\u01b0\u1edbc <span style=\"color: #00ff00;\">Workstation Sink \u2013 Topmount Sink KN8651TD Dekor<\/span> thu\u1ed9c d\u00f2ng s\u1ea3n ph\u1ea9m ch\u1ed1ng x\u01b0\u1edbc \u01b0u vi\u1ec7t nh\u1ea5t c\u1ee7a Konox \u2013<a href=\"https:\/\/tannoithat.com\/index.php\/product-category\/thiet-bi-nha-bep\/chau-rua\/chau-1-ho\/\">\u00a0Dekor Series<\/a>.<\/p>\n<p><span style=\"color: #00ff00;\">Dekor Series<\/span> h\u01b0\u1edbng t\u1edbi t\u1ed1i \u01b0u tr\u1ea3i nghi\u1ec7m c\u1ee7a ng\u01b0\u1eddi d\u00f9ng v\u1edbi c\u0103n b\u1ebfp th\u01b0\u1eddng ng\u00e0y, xua tan n\u1ed7i lo ch\u1eadu hoen \u1ed1, x\u01b0\u1edbc v\u00e0 m\u1ea5t th\u1ea9m m\u1ef9 qua th\u1eddi gian s\u1eed d\u1ee5ng.<\/p>\n<p>Ch\u1eadu r\u1eeda b\u00e1t <span style=\"color: #00ff00;\">Model KN8651TD Dekor<\/span> \u0111\u01b0\u1ee3c t\u1ed1i \u01b0u c\u00f4ng n\u0103ng nh\u1edd thi\u1ebft k\u1ebf ch\u1eadu 2 h\u1ed1 c\u00e2n h\u1ea1 b\u1eadc, t\u00edch h\u1ee3p ph\u1ee5 ki\u1ec7n \u0111i k\u00e8m, bi\u1ebfn ch\u1eadu r\u1eeda b\u00e1t th\u00f4ng th\u01b0\u1eddng th\u00e0nh \u201ctr\u1ea1m s\u01a1 ch\u1ebf\u201d \u0111a n\u0103ng.<\/p>\n<p><img fetchpriority=\"high\" decoding=\"async\" class=\"alignnone size-full wp-image-510\" src=\"https:\/\/tannoithat.com\/wp-content\/uploads\/2023\/12\/chau-rua-bat-chong-xuoc-KN8651TD-dekor.png\" alt=\"\" width=\"6000\" height=\"6000\" srcset=\"https:\/\/tannoithat.com\/wp-content\/uploads\/2023\/12\/chau-rua-bat-chong-xuoc-KN8651TD-dekor.png 6000w, https:\/\/tannoithat.com\/wp-content\/uploads\/2023\/12\/chau-rua-bat-chong-xuoc-KN8651TD-dekor-300x300.png 300w, https:\/\/tannoithat.com\/wp-content\/uploads\/2023\/12\/chau-rua-bat-chong-xuoc-KN8651TD-dekor-1024x1024.png 1024w, https:\/\/tannoithat.com\/wp-content\/uploads\/2023\/12\/chau-rua-bat-chong-xuoc-KN8651TD-dekor-150x150.png 150w, https:\/\/tannoithat.com\/wp-content\/uploads\/2023\/12\/chau-rua-bat-chong-xuoc-KN8651TD-dekor-768x768.png 768w, https:\/\/tannoithat.com\/wp-content\/uploads\/2023\/12\/chau-rua-bat-chong-xuoc-KN8651TD-dekor-1536x1536.png 1536w, https:\/\/tannoithat.com\/wp-content\/uploads\/2023\/12\/chau-rua-bat-chong-xuoc-KN8651TD-dekor-2048x2048.png 2048w, https:\/\/tannoithat.com\/wp-content\/uploads\/2023\/12\/chau-rua-bat-chong-xuoc-KN8651TD-dekor-600x600.png 600w, https:\/\/tannoithat.com\/wp-content\/uploads\/2023\/12\/chau-rua-bat-chong-xuoc-KN8651TD-dekor-100x100.png 100w\" sizes=\"(max-width: 6000px) 100vw, 6000px\" \/> <img decoding=\"async\" class=\"alignnone size-full wp-image-509\" src=\"https:\/\/tannoithat.com\/wp-content\/uploads\/2023\/12\/chau-rua-bat-2-ho-lap-duong-chong-xuoc-konox-kn8651td-dekor-8-1-800x800-1.jpg\" alt=\"\" width=\"800\" height=\"800\" srcset=\"https:\/\/tannoithat.com\/wp-content\/uploads\/2023\/12\/chau-rua-bat-2-ho-lap-duong-chong-xuoc-konox-kn8651td-dekor-8-1-800x800-1.jpg 800w, https:\/\/tannoithat.com\/wp-content\/uploads\/2023\/12\/chau-rua-bat-2-ho-lap-duong-chong-xuoc-konox-kn8651td-dekor-8-1-800x800-1-300x300.jpg 300w, https:\/\/tannoithat.com\/wp-content\/uploads\/2023\/12\/chau-rua-bat-2-ho-lap-duong-chong-xuoc-konox-kn8651td-dekor-8-1-800x800-1-150x150.jpg 150w, https:\/\/tannoithat.com\/wp-content\/uploads\/2023\/12\/chau-rua-bat-2-ho-lap-duong-chong-xuoc-konox-kn8651td-dekor-8-1-800x800-1-768x768.jpg 768w, https:\/\/tannoithat.com\/wp-content\/uploads\/2023\/12\/chau-rua-bat-2-ho-lap-duong-chong-xuoc-konox-kn8651td-dekor-8-1-800x800-1-600x600.jpg 600w, https:\/\/tannoithat.com\/wp-content\/uploads\/2023\/12\/chau-rua-bat-2-ho-lap-duong-chong-xuoc-konox-kn8651td-dekor-8-1-800x800-1-100x100.jpg 100w\" sizes=\"(max-width: 800px) 100vw, 800px\" \/><\/p>\n<h3><span style=\"color: #ff0000;\"><strong>\u0110i\u1ec3m n\u1ed5i b\u1eadt<\/strong><\/span><\/h3>\n<ul>\n<li aria-level=\"1\">Kh\u1ea3 n\u0103ng ch\u1ed1ng x\u01b0\u1edbc c\u1ef1c cao, ch\u1ed1ng m\u00e0i m\u00f2n t\u1ed1t<\/li>\n<li aria-level=\"1\">Thi\u1ebft k\u1ebf hi\u1ec7n \u0111\u1ea1i v\u1edbi g\u1edd h\u1ea1 b\u1eadc \u2013 t\u00edch h\u1ee3p ph\u1ee5 ki\u1ec7n th\u00f4ng minh: Siphon, gi\u00e1 \u00fap b\u00e1t inox, th\u1edbt inox.<\/li>\n<li aria-level=\"1\">Ch\u1eadu 2 h\u1ed1 c\u00e2n\u00a0mang l\u1ea1i t\u1ed5ng th\u1ec3 c\u00e2n \u0111\u1ed1i cho s\u1ea3n ph\u1ea9m<\/li>\n<li aria-level=\"1\">L\u00f2ng ch\u1eadu s\u00e2u t\u0103ng dung t\u00edch h\u1ed1, h\u1ea1n ch\u1ebf b\u1eafn n\u01b0\u1edbc<\/li>\n<li aria-level=\"1\">V\u1ec7 sinh l\u00f2ng ch\u1eadu d\u1ec5 d\u00e0ng v\u1edbi g\u00f3c l\u01b0\u1ee3n R20 mm<\/li>\n<li aria-level=\"1\">Ch\u1eadu cho ph\u00e9p l\u1eafp \u0111\u1eb7t d\u01b0\u01a1ng, \u00e2m, b\u00e1n \u00e2m m\u1eb7t \u0111\u00e1. Nh\u00e0 cung c\u1ea5p \u01b0u ti\u00ean phong c\u00e1ch l\u1eafp \u0111\u1eb7t d\u01b0\u01a1ng, b\u00e1n \u00e2m<\/li>\n<li aria-level=\"1\">B\u00e1t r\u00e1c k\u00edch th\u01b0\u1edbc 114 mm, v\u1edbi 3 l\u1edbp l\u1ecdc ch\u1ed1ng t\u1eafc, ph\u00f9 h\u1ee3p v\u1edbi th\u00f3i quen s\u1eed d\u1ee5ng c\u1ee7a ng\u01b0\u1eddi Vi\u1ec7t<\/li>\n<\/ul>\n<p><img decoding=\"async\" class=\"alignnone size-full wp-image-507\" src=\"https:\/\/tannoithat.com\/wp-content\/uploads\/2023\/12\/chau-rua-bat-2-ho-lap-duong-chong-xuoc-konox-kn8651td-dekor-4-1-800x800-1.jpg\" alt=\"\" width=\"800\" height=\"800\" srcset=\"https:\/\/tannoithat.com\/wp-content\/uploads\/2023\/12\/chau-rua-bat-2-ho-lap-duong-chong-xuoc-konox-kn8651td-dekor-4-1-800x800-1.jpg 800w, https:\/\/tannoithat.com\/wp-content\/uploads\/2023\/12\/chau-rua-bat-2-ho-lap-duong-chong-xuoc-konox-kn8651td-dekor-4-1-800x800-1-300x300.jpg 300w, https:\/\/tannoithat.com\/wp-content\/uploads\/2023\/12\/chau-rua-bat-2-ho-lap-duong-chong-xuoc-konox-kn8651td-dekor-4-1-800x800-1-150x150.jpg 150w, https:\/\/tannoithat.com\/wp-content\/uploads\/2023\/12\/chau-rua-bat-2-ho-lap-duong-chong-xuoc-konox-kn8651td-dekor-4-1-800x800-1-768x768.jpg 768w, https:\/\/tannoithat.com\/wp-content\/uploads\/2023\/12\/chau-rua-bat-2-ho-lap-duong-chong-xuoc-konox-kn8651td-dekor-4-1-800x800-1-600x600.jpg 600w, https:\/\/tannoithat.com\/wp-content\/uploads\/2023\/12\/chau-rua-bat-2-ho-lap-duong-chong-xuoc-konox-kn8651td-dekor-4-1-800x800-1-100x100.jpg 100w\" sizes=\"(max-width: 800px) 100vw, 800px\" \/><\/p>\n<h3><span style=\"color: #ff0000;\"><strong>C\u00f4ng ngh\u1ec7<\/strong><\/span><\/h3>\n<ul>\n<li aria-level=\"1\">S\u1ea3n ph\u1ea9m ch\u1ebf t\u1ea1o\u00a0<span style=\"color: #00ff00;\"><strong>\u00e9p khu\u00f4n li\u1ec1n kh\u1ed1i h\u1ed1<\/strong><\/span>\u00a0ch\u1ea5t l\u01b0\u1ee3ng cao<\/li>\n<li aria-level=\"1\">B\u1ec1 m\u1eb7t v\u1edbi<strong>\u00a0<span style=\"color: #00ff00;\">c\u00f4ng ngh\u1ec7 d\u1eadp t\u1ea1o h\u1ea1t<\/span><\/strong><span style=\"color: #00ff00;\">,<\/span> t\u0103ng kh\u1ea3 n\u0103ng ch\u1ed1ng tr\u1ea7y x\u01b0\u1edbc hi\u1ec7u qu\u1ea3, ch\u1ed1ng ch\u1ecbu m\u00e0i m\u00f2n t\u1ed1t &amp; ch\u1ed1ng b\u00e1m d\u1ea7u m\u1ee1<\/li>\n<li aria-level=\"1\">S\u1ea3n ph\u1ea9m s\u00e1ng b\u00f3ng b\u1ec1n m\u00e0u, ch\u1ed1ng oxi h\u00f3a, an to\u00e0n cho s\u1ee9c kh\u1ecfe v\u1edbi<span style=\"color: #00ff00;\">\u00a0<strong>ch\u1ea5t li\u1ec7u inox 304<\/strong><\/span>\u00a0ti\u00eau chu\u1ea9n cao<\/li>\n<li aria-level=\"1\">V\u1eadt li\u1ec7u s\u1ea3n ph\u1ea9m \u0111\u1ea1t ti\u00eau chu\u1ea9n<strong>\u00a0<span style=\"color: #00ff00;\">Quatest1<\/span><\/strong><\/li>\n<li aria-level=\"1\">Ng\u0103n hi\u1ec7n t\u01b0\u1ee3ng ng\u01b0ng t\u1ee5 n\u01b0\u1edbc m\u1eb7t sau nh\u1edd l\u1edbp<span style=\"color: #00ff00;\">\u00a0<strong>s\u01a1n ph\u1ee7 ch\u1ed1ng th\u1ea5m ng\u01b0\u1ee3c<\/strong><\/span>\u00a0ch\u1ea5t l\u01b0\u1ee3ng cao<\/li>\n<li aria-level=\"1\">Tri\u1ec7t ti\u00eau ti\u1ebfng \u1ed3n khi x\u1ea3 n\u01b0\u1edbc, va ch\u1ea1m nh\u1edd\u00a0<span style=\"color: #00ff00;\"><strong>t\u1ea5m ch\u1ed1ng \u1ed3n<\/strong><\/span>\u00a0m\u1eb7t sau ch\u1eadu v\u1eadt li\u1ec7u cao su t\u1ed5ng h\u1ee3p v\u1edbi \u0111\u1ed9 d\u00e0y ti\u00eau chu\u1ea9n 3mm<\/li>\n<li aria-level=\"1\">Tho\u00e1t n\u01b0\u1edbc nhanh, c\u01a1 ch\u1ebf ng\u0103n m\u00f9i h\u00f4i v\u1edbi h\u1ec7 th\u1ed1ng\u00a0<span style=\"color: #00ff00;\"><strong>Siphon<\/strong><\/span>\u00a0(\u1ed1ng tho\u00e1t th\u1ea3i) c\u1ea3i ti\u1ebfn<\/li>\n<li aria-level=\"1\">B\u00e1t r\u00e1c kh\u00e1ng khu\u1ea9n, \u1ee9c ch\u1ebf hi\u1ec7u qu\u1ea3 sinh tr\u01b0\u1edfng c\u1ee7a vi khu\u1ea9n v\u1edbi<strong>\u00a0<span style=\"color: #00ff00;\">b\u1ec1 m\u1eb7t ph\u1ee7 Nano Ag+, \u1ee9ng d\u1ee5ng c\u00f4ng ngh\u1ec7 kh\u00e1ng khu\u1ea9n HYPERKILA-MIC<\/span><\/strong><\/li>\n<li aria-level=\"1\">T\u1ed1c \u0111\u1ed9 x\u1ea3 t\u0103ng l\u00ean \u0111\u1ebfn 30% v\u1edbi<span style=\"color: #00ff00;\">\u00a0<strong>tay tho\u00e1t tr\u00e0n<\/strong><\/span>\u00a0m\u1edbi thi\u1ebft k\u1ebf vu\u00f4ng hi\u1ec7n \u0111\u1ea1i<\/li>\n<\/ul>\n<p><img loading=\"lazy\" decoding=\"async\" class=\"alignnone size-full wp-image-508\" src=\"https:\/\/tannoithat.com\/wp-content\/uploads\/2023\/12\/chau-rua-bat-2-ho-lap-duong-chong-xuoc-konox-kn8651td-dekor-5-1-800x800-1.jpg\" alt=\"\" width=\"800\" height=\"800\" srcset=\"https:\/\/tannoithat.com\/wp-content\/uploads\/2023\/12\/chau-rua-bat-2-ho-lap-duong-chong-xuoc-konox-kn8651td-dekor-5-1-800x800-1.jpg 800w, https:\/\/tannoithat.com\/wp-content\/uploads\/2023\/12\/chau-rua-bat-2-ho-lap-duong-chong-xuoc-konox-kn8651td-dekor-5-1-800x800-1-300x300.jpg 300w, https:\/\/tannoithat.com\/wp-content\/uploads\/2023\/12\/chau-rua-bat-2-ho-lap-duong-chong-xuoc-konox-kn8651td-dekor-5-1-800x800-1-150x150.jpg 150w, https:\/\/tannoithat.com\/wp-content\/uploads\/2023\/12\/chau-rua-bat-2-ho-lap-duong-chong-xuoc-konox-kn8651td-dekor-5-1-800x800-1-768x768.jpg 768w, https:\/\/tannoithat.com\/wp-content\/uploads\/2023\/12\/chau-rua-bat-2-ho-lap-duong-chong-xuoc-konox-kn8651td-dekor-5-1-800x800-1-600x600.jpg 600w, https:\/\/tannoithat.com\/wp-content\/uploads\/2023\/12\/chau-rua-bat-2-ho-lap-duong-chong-xuoc-konox-kn8651td-dekor-5-1-800x800-1-100x100.jpg 100w\" sizes=\"(max-width: 800px) 100vw, 800px\" \/> <img loading=\"lazy\" decoding=\"async\" class=\"alignnone size-full wp-image-513\" src=\"https:\/\/tannoithat.com\/wp-content\/uploads\/2023\/12\/phu-kien-chau-rua-bat-kn8651td-dekor.jpg\" alt=\"\" width=\"1100\" height=\"1100\" srcset=\"https:\/\/tannoithat.com\/wp-content\/uploads\/2023\/12\/phu-kien-chau-rua-bat-kn8651td-dekor.jpg 1100w, https:\/\/tannoithat.com\/wp-content\/uploads\/2023\/12\/phu-kien-chau-rua-bat-kn8651td-dekor-300x300.jpg 300w, https:\/\/tannoithat.com\/wp-content\/uploads\/2023\/12\/phu-kien-chau-rua-bat-kn8651td-dekor-1024x1024.jpg 1024w, https:\/\/tannoithat.com\/wp-content\/uploads\/2023\/12\/phu-kien-chau-rua-bat-kn8651td-dekor-150x150.jpg 150w, https:\/\/tannoithat.com\/wp-content\/uploads\/2023\/12\/phu-kien-chau-rua-bat-kn8651td-dekor-768x768.jpg 768w, https:\/\/tannoithat.com\/wp-content\/uploads\/2023\/12\/phu-kien-chau-rua-bat-kn8651td-dekor-600x600.jpg 600w, https:\/\/tannoithat.com\/wp-content\/uploads\/2023\/12\/phu-kien-chau-rua-bat-kn8651td-dekor-100x100.jpg 100w\" sizes=\"(max-width: 1100px) 100vw, 1100px\" \/> <img loading=\"lazy\" decoding=\"async\" class=\"alignnone size-full wp-image-512\" src=\"https:\/\/tannoithat.com\/wp-content\/uploads\/2023\/12\/phoi-canh-chau-rua-bat-chong-xuoc-KN8651TD-dekor.jpg\" alt=\"\" width=\"1100\" height=\"1100\" srcset=\"https:\/\/tannoithat.com\/wp-content\/uploads\/2023\/12\/phoi-canh-chau-rua-bat-chong-xuoc-KN8651TD-dekor.jpg 1100w, https:\/\/tannoithat.com\/wp-content\/uploads\/2023\/12\/phoi-canh-chau-rua-bat-chong-xuoc-KN8651TD-dekor-300x300.jpg 300w, https:\/\/tannoithat.com\/wp-content\/uploads\/2023\/12\/phoi-canh-chau-rua-bat-chong-xuoc-KN8651TD-dekor-1024x1024.jpg 1024w, https:\/\/tannoithat.com\/wp-content\/uploads\/2023\/12\/phoi-canh-chau-rua-bat-chong-xuoc-KN8651TD-dekor-150x150.jpg 150w, https:\/\/tannoithat.com\/wp-content\/uploads\/2023\/12\/phoi-canh-chau-rua-bat-chong-xuoc-KN8651TD-dekor-768x768.jpg 768w, https:\/\/tannoithat.com\/wp-content\/uploads\/2023\/12\/phoi-canh-chau-rua-bat-chong-xuoc-KN8651TD-dekor-600x600.jpg 600w, https:\/\/tannoithat.com\/wp-content\/uploads\/2023\/12\/phoi-canh-chau-rua-bat-chong-xuoc-KN8651TD-dekor-100x100.jpg 100w\" sizes=\"(max-width: 1100px) 100vw, 1100px\" \/><\/p>\n<h2><span style=\"color: #ff0000;\">B\u1ed9 s\u1ea3n ph\u1ea9m bao g\u1ed3m:<\/span><\/h2>\n<h3><span style=\"color: #ff0000;\">Siphon<\/span><\/h3>\n<p>\u2013 B\u00e1t r\u00e1c k\u00edch th\u01b0\u1edbc l\u1edbn 140mm, v\u1edbi 3 l\u1edbp l\u1ecdc ch\u1ed1ng t\u1eafc. B\u1ec1 m\u1eb7t \u0111\u01b0\u1ee3c \u0111\u00e1nh b\u00f3ng, ph\u1ee7 Nano Ag+ c\u00f9ng c\u00f4ng ngh\u1ec7 kh\u00e1ng khu\u1ea9n HYPERKILA-MIC \u1ee9c ch\u1ebf hi\u1ec7u qu\u1ea3 sinh tr\u01b0\u1edfng c\u1ee7a vi khu\u1ea9n, gi\u1eef \u0111\u1ea3m b\u1ea3o v\u1ec7 sinh an to\u00e0n th\u1ef1c ph\u1ea9m.<br \/>\n\u2013 H\u1ec7 th\u1ed1ng \u1ed1ng x\u1ea3 c\u1ee9ng k\u1ebft n\u1ed1i 1.5 inch, ch\u1ea5t li\u1ec7u PVC cao c\u1ea5p ch\u1ecbu va \u0111\u1eadp cao, ch\u1ecbu nhi\u1ec7t l\u00ean \u0111\u1ebfn 170 \u0111\u1ed9 C. \u0110\u01b0\u1eddng \u1ed1ng \u0111\u01b0\u1ee3c ph\u00e1t tri\u1ec3n thi\u1ebft k\u1ebf g\u1ea5p ch\u1eef U c\u00f9ng n\u00fat x\u1ea3 \u0111\u00e1y gi\u00fap ng\u0103n m\u00f9i b\u1ed1c ng\u01b0\u1ee3c, d\u1ec5 d\u00e0ng v\u1ec7 sinh \u0111\u1ecbnh k\u1ef3 v\u00e0 l\u1eafp \u0111\u1eb7t d\u1ec5 d\u00e0ng.<\/p>\n<p><img loading=\"lazy\" decoding=\"async\" class=\"alignnone size-full wp-image-514\" src=\"https:\/\/tannoithat.com\/wp-content\/uploads\/2023\/12\/siphon-doi-768x768-1.png\" alt=\"\" width=\"768\" height=\"768\" srcset=\"https:\/\/tannoithat.com\/wp-content\/uploads\/2023\/12\/siphon-doi-768x768-1.png 768w, https:\/\/tannoithat.com\/wp-content\/uploads\/2023\/12\/siphon-doi-768x768-1-300x300.png 300w, https:\/\/tannoithat.com\/wp-content\/uploads\/2023\/12\/siphon-doi-768x768-1-150x150.png 150w, https:\/\/tannoithat.com\/wp-content\/uploads\/2023\/12\/siphon-doi-768x768-1-600x600.png 600w, https:\/\/tannoithat.com\/wp-content\/uploads\/2023\/12\/siphon-doi-768x768-1-100x100.png 100w\" sizes=\"(max-width: 768px) 100vw, 768px\" \/><\/p>\n<h3><span style=\"color: #ff0000;\">Th\u1edbt inox<\/span><\/h3>\n<p>Th\u1edbt inox t\u00edch h\u1ee3p d\u1ec5 d\u00e0ng tr\u01b0\u1ee3t tr\u00ean g\u1edd h\u1ea1 b\u1eadc. Ch\u1ecbu l\u1ef1c t\u1ed1t, ch\u1ea5t li\u1ec7u inox 304 an to\u00e0n cho s\u1ee9c kh\u1ecfe.<\/p>\n<p><img loading=\"lazy\" decoding=\"async\" class=\"alignnone size-full wp-image-511\" src=\"https:\/\/tannoithat.com\/wp-content\/uploads\/2023\/12\/Cutting-Board-CB03-1-1024x1024-2.png\" alt=\"\" width=\"1024\" height=\"1024\" srcset=\"https:\/\/tannoithat.com\/wp-content\/uploads\/2023\/12\/Cutting-Board-CB03-1-1024x1024-2.png 1024w, https:\/\/tannoithat.com\/wp-content\/uploads\/2023\/12\/Cutting-Board-CB03-1-1024x1024-2-300x300.png 300w, https:\/\/tannoithat.com\/wp-content\/uploads\/2023\/12\/Cutting-Board-CB03-1-1024x1024-2-150x150.png 150w, https:\/\/tannoithat.com\/wp-content\/uploads\/2023\/12\/Cutting-Board-CB03-1-1024x1024-2-768x768.png 768w, https:\/\/tannoithat.com\/wp-content\/uploads\/2023\/12\/Cutting-Board-CB03-1-1024x1024-2-600x600.png 600w, https:\/\/tannoithat.com\/wp-content\/uploads\/2023\/12\/Cutting-Board-CB03-1-1024x1024-2-100x100.png 100w\" sizes=\"(max-width: 1024px) 100vw, 1024px\" \/><\/p>\n<h3><span style=\"color: #00ff00;\">Gi\u00e1 \u00fap b\u00e1t inox<\/span><\/h3>\n<p>Gi\u00e1 \u00fap b\u00e1t ch\u1ea5t li\u1ec7u inox cao c\u1ea5p. S\u1ea3n ph\u1ea9m cho ph\u00e9p r\u00e1o d\u1ee5ng c\u1ee5, th\u1ef1c ph\u1ea9m ngay tr\u00ean m\u1eb7t ch\u1eadu, ti\u1ebft ki\u1ec7m kh\u00f4ng gian v\u00e0 gi\u1eef khu v\u1ef1c xung quanh b\u00e0n b\u1ebfp lu\u00f4n kh\u00f4 tho\u00e1ng.<\/p>\n<p><img loading=\"lazy\" decoding=\"async\" class=\"alignnone size-full wp-image-506\" src=\"https:\/\/tannoithat.com\/wp-content\/uploads\/2023\/12\/basket-BK03-400x400-1.png\" alt=\"\" width=\"400\" height=\"400\" srcset=\"https:\/\/tannoithat.com\/wp-content\/uploads\/2023\/12\/basket-BK03-400x400-1.png 400w, https:\/\/tannoithat.com\/wp-content\/uploads\/2023\/12\/basket-BK03-400x400-1-300x300.png 300w, https:\/\/tannoithat.com\/wp-content\/uploads\/2023\/12\/basket-BK03-400x400-1-150x150.png 150w, https:\/\/tannoithat.com\/wp-content\/uploads\/2023\/12\/basket-BK03-400x400-1-100x100.png 100w\" sizes=\"(max-width: 400px) 100vw, 400px\" \/><\/p>\n","protected":false},"excerpt":{"rendered":"<div><span style=\"color: #00ff00;\"><strong>M\u00e3 s\u1ea3n ph\u1ea9m:<\/strong>\u00a0KN8651TD Dekor<\/span><\/div>\n<div><span style=\"color: #00ff00;\"><strong>K\u00edch th\u01b0\u1edbc (mm)<\/strong>: 860*507*220<\/span><\/div>\n<div><span style=\"color: #00ff00;\"><strong>K\u00edch th\u01b0\u1edbc h\u1ed1 (mm):<\/strong>\u00a0390*384; 390*384<\/span><\/div>\n<div><span style=\"color: #00ff00;\"><strong>C\u1eaft \u0111\u00e1 l\u1eafp d\u01b0\u01a1ng (mm):<\/strong>\u00a0835*485<\/span><\/div>\n<div><span style=\"color: #00ff00;\"><strong>\u0110\u1ed9 d\u00e0y (mm):<\/strong>\u00a01.0<\/span><\/div>\n<div><span style=\"color: #00ff00;\"><strong>Ch\u1ea5t li\u1ec7u:<\/strong>\u00a0SS304<\/span><\/div>\n<div><span style=\"color: #00ff00;\">Full set k\u00e8m Siphon, gi\u00e1 \u00fap b\u00e1t inox, th\u1edbt inox<\/span><\/div>\n","protected":false},"featured_media":510,"comment_status":"open","ping_status":"closed","template":"","meta":{"_eb_attr":""},"product_cat":[125,169,86,249],"product_tag":[175],"_links":{"self":[{"href":"https:\/\/tannoithat.com\/index.php\/wp-json\/wp\/v2\/product\/504"}],"collection":[{"href":"https:\/\/tannoithat.com\/index.php\/wp-json\/wp\/v2\/product"}],"about":[{"href":"https:\/\/tannoithat.com\/index.php\/wp-json\/wp\/v2\/types\/product"}],"replies":[{"embeddable":true,"href":"https:\/\/tannoithat.com\/index.php\/wp-json\/wp\/v2\/comments?post=504"}],"wp:featuredmedia":[{"embeddable":true,"href":"https:\/\/tannoithat.com\/index.php\/wp-json\/wp\/v2\/media\/510"}],"wp:attachment":[{"href":"https:\/\/tannoithat.com\/index.php\/wp-json\/wp\/v2\/media?parent=504"}],"wp:term":[{"taxonomy":"product_cat","embeddable":true,"href":"https:\/\/tannoithat.com\/index.php\/wp-json\/wp\/v2\/product_cat?post=504"},{"taxonomy":"product_tag","embeddable":true,"href":"https:\/\/tannoithat.com\/index.php\/wp-json\/wp\/v2\/product_tag?post=504"}],"curies":[{"name":"wp","href":"https:\/\/api.w.org\/{rel}","templated":true}]}}