{"id":585,"date":"2023-12-26T13:47:09","date_gmt":"2023-12-26T06:47:09","guid":{"rendered":"https:\/\/tannoithat.com\/?post_type=product&#038;p=585"},"modified":"2024-01-04T08:48:40","modified_gmt":"2024-01-04T01:48:40","slug":"gia-bat-dia-di-dong-nang-ha-inox-304-nan-vuong-nua-bat-nua-dia","status":"publish","type":"product","link":"https:\/\/tannoithat.com\/index.php\/product\/gia-bat-dia-di-dong-nang-ha-inox-304-nan-vuong-nua-bat-nua-dia\/","title":{"rendered":"GI\u00c1 B\u00c1T \u0110\u0128A DI \u0110\u1ed8NG N\u00c2NG H\u1ea0 INOX 304 NAN VU\u00d4NG N\u1eecA B\u00c1T, N\u1eecA \u0110\u0128A"},"content":{"rendered":"\n\n<div class=\"kk-star-ratings kksr-auto kksr-align-left kksr-valign-top\"\n    data-payload='{&quot;align&quot;:&quot;left&quot;,&quot;id&quot;:&quot;585&quot;,&quot;slug&quot;:&quot;default&quot;,&quot;valign&quot;:&quot;top&quot;,&quot;ignore&quot;:&quot;&quot;,&quot;reference&quot;:&quot;auto&quot;,&quot;class&quot;:&quot;&quot;,&quot;count&quot;:&quot;0&quot;,&quot;legendonly&quot;:&quot;&quot;,&quot;readonly&quot;:&quot;&quot;,&quot;score&quot;:&quot;0&quot;,&quot;starsonly&quot;:&quot;&quot;,&quot;best&quot;:&quot;5&quot;,&quot;gap&quot;:&quot;5&quot;,&quot;greet&quot;:&quot;Rate this product&quot;,&quot;legend&quot;:&quot;0\\\/5 - (0 b\u00ecnh ch\u1ecdn)&quot;,&quot;size&quot;:&quot;24&quot;,&quot;title&quot;:&quot;GI\u00c1 B\u00c1T \u0110\u0128A DI \u0110\u1ed8NG N\u00c2NG H\u1ea0 INOX 304 NAN VU\u00d4NG N\u1eecA B\u00c1T, N\u1eecA \u0110\u0128A&quot;,&quot;width&quot;:&quot;0&quot;,&quot;_legend&quot;:&quot;{score}\\\/{best} - ({count} {votes})&quot;,&quot;font_factor&quot;:&quot;1.25&quot;}'>\n            \n<div class=\"kksr-stars\">\n    \n<div class=\"kksr-stars-inactive\">\n            <div class=\"kksr-star\" data-star=\"1\" style=\"padding-right: 5px\">\n            \n\n<div class=\"kksr-icon\" style=\"width: 24px; height: 24px;\"><\/div>\n        <\/div>\n            <div class=\"kksr-star\" data-star=\"2\" style=\"padding-right: 5px\">\n            \n\n<div class=\"kksr-icon\" style=\"width: 24px; height: 24px;\"><\/div>\n        <\/div>\n            <div class=\"kksr-star\" data-star=\"3\" style=\"padding-right: 5px\">\n            \n\n<div class=\"kksr-icon\" style=\"width: 24px; height: 24px;\"><\/div>\n        <\/div>\n            <div class=\"kksr-star\" data-star=\"4\" style=\"padding-right: 5px\">\n            \n\n<div class=\"kksr-icon\" style=\"width: 24px; height: 24px;\"><\/div>\n        <\/div>\n            <div class=\"kksr-star\" data-star=\"5\" style=\"padding-right: 5px\">\n            \n\n<div class=\"kksr-icon\" style=\"width: 24px; height: 24px;\"><\/div>\n        <\/div>\n    <\/div>\n    \n<div class=\"kksr-stars-active\" style=\"width: 0px;\">\n            <div class=\"kksr-star\" style=\"padding-right: 5px\">\n            \n\n<div class=\"kksr-icon\" style=\"width: 24px; height: 24px;\"><\/div>\n        <\/div>\n            <div class=\"kksr-star\" style=\"padding-right: 5px\">\n            \n\n<div class=\"kksr-icon\" style=\"width: 24px; height: 24px;\"><\/div>\n        <\/div>\n            <div class=\"kksr-star\" style=\"padding-right: 5px\">\n            \n\n<div class=\"kksr-icon\" style=\"width: 24px; height: 24px;\"><\/div>\n        <\/div>\n            <div class=\"kksr-star\" style=\"padding-right: 5px\">\n            \n\n<div class=\"kksr-icon\" style=\"width: 24px; height: 24px;\"><\/div>\n        <\/div>\n            <div class=\"kksr-star\" style=\"padding-right: 5px\">\n            \n\n<div class=\"kksr-icon\" style=\"width: 24px; height: 24px;\"><\/div>\n        <\/div>\n    <\/div>\n<\/div>\n                \n\n<div class=\"kksr-legend\" style=\"font-size: 19.2px;\">\n            <span class=\"kksr-muted\">Rate this product<\/span>\n    <\/div>\n    <\/div>\n<h2><span style=\"color: #ff0000;\"><strong>GI\u00c1 B\u00c1T \u0110\u0128A DI \u0110\u1ed8NG N\u00c2NG H\u1ea0 INOX 304 NAN VU\u00d4NG N\u1eecA B\u00c1T, N\u1eecA \u0110\u0128A<\/strong>\u00a0l\u00e0 ph\u1ee5 ki\u1ec7n b\u1ebfp \u0111\u01b0\u1ee3c d\u00f9ng \u0111\u1ec3 l\u1eafp \u0111\u1eb7t cho t\u1ee7 b\u1ebfp tr\u00ean ch\u1ee9a b\u00e1t \u0111\u0129a ti\u1ec7n d\u1ee5ng.<\/span><\/h2>\n<ul>\n<li>Gi\u00e1 \u00fap b\u00e1t \u0111\u0129a di \u0111\u1ed9ng \u0111a n\u0103ng n\u00e0y c\u00f3 th\u1ec3 k\u00e9o n\u00e2ng l\u00ean h\u1ea1 xu\u1ed1ng d\u1ec5 d\u00e0ng ti\u1ec7n d\u1ee5ng.\u00a0B\u1ed9 c\u01a1 c\u1ea5u n\u00e2ng h\u1ea1 \u0111\u01b0\u1ee3c thi\u1ebft k\u1ebf ch\u1eafc ch\u1eafn, ch\u1ecbu \u0111\u01b0\u1ee3c t\u1ea3i tr\u1ecdng tr\u00ean 30kg, c\u00f3 th\u1ec3 \u0111i\u1ec1u ch\u1ec9nh 2 n\u00fat t\u0103ng t\u1ea3i tr\u1ecdng 2 b\u00ean \u0111\u1ec3 t\u0103ng th\u00eam t\u1eeb 5 \u2013 7 kg.<\/li>\n<li>Thi\u00ea\u0301t k\u00ea\u0301 2 t\u00e2\u0300ng g\u00f4\u0300m 1 t\u1ea7ng \u00fap b\u00e1t v\u00e0 1 t\u1ea7ng \u00fap \u0111\u0129a (nghi\u00eang gi\u00fap b\u00e1t \u0111\u0129a lu\u00f4n kh\u00f4) \u0111\u01b0\u1ee3c thi\u1ebft k\u1ebf b\u1eb1ng ch\u1ea5t li\u1ec7u Inox 304 \u0111\u1eb7c d\u1ea1ng s\u1ee3i vu\u00f4ng, kh\u00f4ng b\u1ecb hen r\u1ec9.<\/li>\n<li>C\u00f3 ray gi\u1ea3m ch\u1ea5n va\u0300 khay h\u1ee9ng n\u01b0\u1edbc b\u00ean d\u01b0\u1edbi tr\u00e1nh cho n\u01b0\u1edbc nh\u1ecf xu\u1ed1ng t\u1ee7 b\u1ebfp.<\/li>\n<li><span class=\"text_exposed_show\">Tay c\u1ea7m b\u1eb1ng PVC m\u00e0u \u0111en cao c\u1ea5p tr\u00e1nh tr\u01a1n tr\u01b0\u1ee3t m\u1ed7i khi n\u00e2ng h\u1ea1 gi\u00e1 \u00fap b\u00e1t<\/span><\/li>\n<\/ul>\n<p><img fetchpriority=\"high\" decoding=\"async\" class=\"alignnone size-full wp-image-586\" src=\"https:\/\/tannoithat.com\/wp-content\/uploads\/2023\/12\/cccc.png\" alt=\"\" width=\"647\" height=\"512\" srcset=\"https:\/\/tannoithat.com\/wp-content\/uploads\/2023\/12\/cccc.png 647w, https:\/\/tannoithat.com\/wp-content\/uploads\/2023\/12\/cccc-300x237.png 300w, https:\/\/tannoithat.com\/wp-content\/uploads\/2023\/12\/cccc-600x475.png 600w\" sizes=\"(max-width: 647px) 100vw, 647px\" \/><\/p>\n<table width=\"676\">\n<tbody>\n<tr>\n<td rowspan=\"2\" width=\"107\"><em><strong>M\u00e3 s\u1ea3n ph\u1ea9m<\/strong><\/em><\/td>\n<td colspan=\"3\" width=\"282\"><em><strong>K\u00edch th\u01b0\u1edbc sa\u0309n ph\u00e2\u0309m (th\u00f4ng th\u1ee7y)<\/strong><\/em><\/td>\n<td rowspan=\"2\" width=\"166\"><em><strong>Ki\u0301ch th\u01b0\u01a1\u0301c khoang t\u1ee7 (ph\u1ee7 b\u00ec)<\/strong><\/em><\/td>\n<td rowspan=\"2\" width=\"121\"><em><strong>\u0110\u01a1n gi\u00e1\u00a0<\/strong><\/em><\/td>\n<\/tr>\n<tr>\n<td width=\"94\"><em><strong>Ngang (r\u00f4\u0323ng)<\/strong><\/em><\/td>\n<td width=\"94\"><em><strong>S\u00e2u<\/strong><\/em><\/td>\n<td width=\"94\"><em><strong>Cao<\/strong><\/em><\/td>\n<\/tr>\n<tr>\n<td width=\"107\">SD 700<\/td>\n<td width=\"94\">665<\/td>\n<td width=\"94\">280<\/td>\n<td width=\"94\">600<\/td>\n<td width=\"166\">700<\/td>\n<td rowspan=\"4\" width=\"121\"><\/td>\n<\/tr>\n<tr>\n<td width=\"107\">SD 800<\/td>\n<td width=\"94\">765<\/td>\n<td width=\"94\">280<\/td>\n<td width=\"94\">600<\/td>\n<td width=\"166\">800<\/td>\n<\/tr>\n<tr>\n<td width=\"107\">SD 900<\/td>\n<td width=\"94\">865<\/td>\n<td width=\"94\">280<\/td>\n<td width=\"94\">600<\/td>\n<td width=\"166\">900<\/td>\n<\/tr>\n<\/tbody>\n<\/table>\n","protected":false},"excerpt":{"rendered":"<div class=\"product-short-description\">\n<p><span style=\"color: #00ff00;\">INOX 304<\/span><\/p>\n<\/div>\n<div class=\"product_meta\"><span class=\"sku_wrapper\" style=\"color: #00ff00;\">M\u00e3 : <span class=\"sku\" style=\"color: #ff0000;\">SD 700\/800\/900 &#8211; 10.200.000<span class=\"sku\"><span style=\"color: #ffff00;\">vnd<\/span><\/span>\/10.300.000<span class=\"sku\"><span style=\"color: #ffff00;\">vnd<\/span><\/span> \/10.500.000<span class=\"sku\"><span style=\"color: #ffff00;\">vnd<\/span><\/span><\/span><\/span><\/div>\n<div><\/div>\n<div><span style=\"color: #00ff00;\">Gia\u0301 ti\u00ea\u0300n se\u0303 theo ki\u0301ch th\u01b0\u01a1\u0301c sa\u0309n ph\u00e2\u0309m<\/span><\/div>\n","protected":false},"featured_media":586,"comment_status":"open","ping_status":"closed","template":"","meta":{"_eb_attr":""},"product_cat":[98,251],"product_tag":[189,190],"_links":{"self":[{"href":"https:\/\/tannoithat.com\/index.php\/wp-json\/wp\/v2\/product\/585"}],"collection":[{"href":"https:\/\/tannoithat.com\/index.php\/wp-json\/wp\/v2\/product"}],"about":[{"href":"https:\/\/tannoithat.com\/index.php\/wp-json\/wp\/v2\/types\/product"}],"replies":[{"embeddable":true,"href":"https:\/\/tannoithat.com\/index.php\/wp-json\/wp\/v2\/comments?post=585"}],"wp:featuredmedia":[{"embeddable":true,"href":"https:\/\/tannoithat.com\/index.php\/wp-json\/wp\/v2\/media\/586"}],"wp:attachment":[{"href":"https:\/\/tannoithat.com\/index.php\/wp-json\/wp\/v2\/media?parent=585"}],"wp:term":[{"taxonomy":"product_cat","embeddable":true,"href":"https:\/\/tannoithat.com\/index.php\/wp-json\/wp\/v2\/product_cat?post=585"},{"taxonomy":"product_tag","embeddable":true,"href":"https:\/\/tannoithat.com\/index.php\/wp-json\/wp\/v2\/product_tag?post=585"}],"curies":[{"name":"wp","href":"https:\/\/api.w.org\/{rel}","templated":true}]}}