{"id":601,"date":"2023-12-26T14:20:57","date_gmt":"2023-12-26T07:20:57","guid":{"rendered":"https:\/\/tannoithat.com\/?post_type=product&#038;p=601"},"modified":"2024-01-22T14:56:58","modified_gmt":"2024-01-22T07:56:58","slug":"gia-bat-dai-inox-304-co-khay","status":"publish","type":"product","link":"https:\/\/tannoithat.com\/index.php\/product\/gia-bat-dai-inox-304-co-khay\/","title":{"rendered":"GI\u00c1 B\u00c1T \u0110\u00c3I INOX 304 N\u1eecA B\u00c1T N\u1eecA \u0110\u0128A C\u00d3 KHAY"},"content":{"rendered":"\n\n<div class=\"kk-star-ratings kksr-auto kksr-align-left kksr-valign-top\"\n    data-payload='{&quot;align&quot;:&quot;left&quot;,&quot;id&quot;:&quot;601&quot;,&quot;slug&quot;:&quot;default&quot;,&quot;valign&quot;:&quot;top&quot;,&quot;ignore&quot;:&quot;&quot;,&quot;reference&quot;:&quot;auto&quot;,&quot;class&quot;:&quot;&quot;,&quot;count&quot;:&quot;0&quot;,&quot;legendonly&quot;:&quot;&quot;,&quot;readonly&quot;:&quot;&quot;,&quot;score&quot;:&quot;0&quot;,&quot;starsonly&quot;:&quot;&quot;,&quot;best&quot;:&quot;5&quot;,&quot;gap&quot;:&quot;5&quot;,&quot;greet&quot;:&quot;Rate this product&quot;,&quot;legend&quot;:&quot;0\\\/5 - (0 b\u00ecnh ch\u1ecdn)&quot;,&quot;size&quot;:&quot;24&quot;,&quot;title&quot;:&quot;GI\u00c1 B\u00c1T \u0110\u00c3I INOX 304 N\u1eecA B\u00c1T N\u1eecA \u0110\u0128A C\u00d3 KHAY&quot;,&quot;width&quot;:&quot;0&quot;,&quot;_legend&quot;:&quot;{score}\\\/{best} - ({count} {votes})&quot;,&quot;font_factor&quot;:&quot;1.25&quot;}'>\n            \n<div class=\"kksr-stars\">\n    \n<div class=\"kksr-stars-inactive\">\n            <div class=\"kksr-star\" data-star=\"1\" style=\"padding-right: 5px\">\n            \n\n<div class=\"kksr-icon\" style=\"width: 24px; height: 24px;\"><\/div>\n        <\/div>\n            <div class=\"kksr-star\" data-star=\"2\" style=\"padding-right: 5px\">\n            \n\n<div class=\"kksr-icon\" style=\"width: 24px; height: 24px;\"><\/div>\n        <\/div>\n            <div class=\"kksr-star\" data-star=\"3\" style=\"padding-right: 5px\">\n            \n\n<div class=\"kksr-icon\" style=\"width: 24px; height: 24px;\"><\/div>\n        <\/div>\n            <div class=\"kksr-star\" data-star=\"4\" style=\"padding-right: 5px\">\n            \n\n<div class=\"kksr-icon\" style=\"width: 24px; height: 24px;\"><\/div>\n        <\/div>\n            <div class=\"kksr-star\" data-star=\"5\" style=\"padding-right: 5px\">\n            \n\n<div class=\"kksr-icon\" style=\"width: 24px; height: 24px;\"><\/div>\n        <\/div>\n    <\/div>\n    \n<div class=\"kksr-stars-active\" style=\"width: 0px;\">\n            <div class=\"kksr-star\" style=\"padding-right: 5px\">\n            \n\n<div class=\"kksr-icon\" style=\"width: 24px; height: 24px;\"><\/div>\n        <\/div>\n            <div class=\"kksr-star\" style=\"padding-right: 5px\">\n            \n\n<div class=\"kksr-icon\" style=\"width: 24px; height: 24px;\"><\/div>\n        <\/div>\n            <div class=\"kksr-star\" style=\"padding-right: 5px\">\n            \n\n<div class=\"kksr-icon\" style=\"width: 24px; height: 24px;\"><\/div>\n        <\/div>\n            <div class=\"kksr-star\" style=\"padding-right: 5px\">\n            \n\n<div class=\"kksr-icon\" style=\"width: 24px; height: 24px;\"><\/div>\n        <\/div>\n            <div class=\"kksr-star\" style=\"padding-right: 5px\">\n            \n\n<div class=\"kksr-icon\" style=\"width: 24px; height: 24px;\"><\/div>\n        <\/div>\n    <\/div>\n<\/div>\n                \n\n<div class=\"kksr-legend\" style=\"font-size: 19.2px;\">\n            <span class=\"kksr-muted\">Rate this product<\/span>\n    <\/div>\n    <\/div>\n<h1><a href=\"https:\/\/tannoithat.com\/index.php\/product-category\/thiet-bi-nha-bep-2\/\"><span style=\"color: #ff0000;\"><strong>GI\u00c1 B\u00c1T \u0110\u00c3I INOX 304 N\u1eecA B\u00c1T N\u1eecA \u0110\u0128A C\u00d3 KHAY<\/strong><\/span><\/a><\/h1>\n<h4>Trong c\u00e1c lo\u1ea1i ph\u1ee5 ki\u1ec7n t\u1ee7 b\u1ebfp th\u00ec <a href=\"https:\/\/tannoithat.com\/index.php\/product-category\/phu-kien\/\">gi\u00e1 b\u00e1t \u0111\u0129a Inox 304<\/a> n\u1eeda b\u00e1t n\u1eeda \u0111\u0129a c\u00f3 khay \u0111\u01b0\u1ee3c coi l\u00e0 s\u1ef1 l\u1ef1a ch\u1ecdn kh\u00f4ng th\u1ec3 thi\u1ebfu trong m\u1ed7i ph\u00f2ng b\u1ebfp c\u1ee7a nhi\u1ec1u h\u1ed9 gia \u0111\u00ecnh. \u0110\u00e1p \u1ee9ng \u0111\u1ea7y \u0111\u1ee7 nhu c\u1ea7u c\u1ee7a c\u00e1c gia \u0111\u00ecnh, gi\u00fap nhi\u1ec1u gia \u0111\u00ecnh \u0111\u1ea3m b\u1ea3o t\u00ednh th\u1ea9m m\u1ef9 kh\u00f4ng gian, c\u00f4ng n\u0103ng s\u1eed d\u1ee5ng, ti\u1ec7n \u00edch v\u01b0\u1ee3t tr\u1ed9i v\u00e0 ti\u1ebft ki\u1ec7m chi ph\u00ed t\u1ed1i \u0111a.<\/h4>\n<p><span style=\"color: #ff0000;\"><strong>Gi\u00e1 \u0111\u1ec3 b\u00e1t \u0111\u0129a c\u1ed1 \u0111\u1ecbnh Inox 304 l\u00e0 g\u00ec ?<\/strong><\/span><\/p>\n<p>Gi\u00e1 \u0111\u1ec3 b\u00e1t \u0111\u0129a c\u1ed1 \u0111\u1ecbnh Inox 304 l\u00e0 d\u00f2ng s\u1ea3n ph\u1ea9m gi\u00e1 \u0111\u1ec3 b\u00e1t \u0111\u0129a \u0111\u01b0\u1ee3c thi\u1ebft k\u1ebf 2 ho\u1eb7c 3 t\u1ea7ng d\u00f9ng \u0111\u1ec3 \u00fap b\u00e1t \u0111\u0129a v\u00e0o t\u1ee7 b\u1ebfp tr\u00ean c\u00f3 khay h\u1ee9ng n\u01b0\u1edbc. Gi\u00fap b\u1ea3o v\u1ec7 g\u1ed7 t\u1ee7 kh\u1ecfi t\u00e1c \u0111\u1ed9ng c\u1ee7a n\u01b0\u1edbc r\u01a1i r\u1edbt l\u00e0m b\u1ec3 t\u1ee7 b\u1ebfp, l\u00e0m cho t\u1ee7 b\u1ebfp b\u1ecb gi\u1ea3m tu\u1ed5i th\u1ecd s\u1eed d\u1ee5ng.<\/p>\n<p>Ngo\u00e0i ra, gi\u00e1 \u0111\u1ec3 b\u00e1t \u0111\u0129a c\u1ed1 \u0111\u1ecbnh c\u1ee7a\u00a0<strong>SmartKit<\/strong>\u00a0l\u00e0 s\u1eed d\u1ee5ng d\u00f2ng ch\u1ea5t ki\u1ec7u Inox 304 s\u00e1ng \u0111\u1eb9p, kh\u00f4ng hoen g\u1ec9, b\u1ec1n \u0111\u1eb9p theo th\u1eddi gian. R\u1ea5t ph\u00f9 h\u1ee3p v\u1edbi nh\u1eefng t\u1ee7 b\u1ebfp c\u00f3 chi\u1ec1u cao t\u1ee7 th\u1ea5p ho\u1eb7c trung b\u00ecnh. Gi\u00e1 th\u00e0nh ph\u1ea3i ch\u0103ng, ph\u00f9 h\u1ee3p v\u00ed ti\u1ec1n c\u1ee7a ng\u01b0\u1eddi ti\u00eau d\u00f9ng. Ch\u00fang t\u00f4i chuy\u00ean cung c\u1ea5p h\u00e0ng ch\u1ea5t l\u01b0\u1ee3ng nh\u1eadp kh\u1ea9u ch\u00ednh h\u00e3ng ti\u00eau chu\u1ea9n c\u1ee7a <a href=\"https:\/\/www.facebook.com\/noithatbeptnt\" target=\"_blank\" rel=\"noopener\">Ch\u00e2u \u00c2u<\/a>.<\/p>\n<div id=\"attachment_604\" style=\"width: 668px\" class=\"wp-caption alignnone\"><img fetchpriority=\"high\" decoding=\"async\" aria-describedby=\"caption-attachment-604\" class=\"size-full wp-image-604\" src=\"https:\/\/tannoithat.com\/wp-content\/uploads\/2023\/12\/a.png\" alt=\"GI\u00c1 B\u00c1T \u0110\u0128A 2 T\u1ea6NG NAN VU\u00d4NG INOX 304\" width=\"658\" height=\"478\" srcset=\"https:\/\/tannoithat.com\/wp-content\/uploads\/2023\/12\/a.png 658w, https:\/\/tannoithat.com\/wp-content\/uploads\/2023\/12\/a-300x218.png 300w, https:\/\/tannoithat.com\/wp-content\/uploads\/2023\/12\/a-600x436.png 600w\" sizes=\"(max-width: 658px) 100vw, 658px\" \/><p id=\"caption-attachment-604\" class=\"wp-caption-text\">GI\u00c1 B\u00c1T \u0110\u0128A 2 T\u1ea6NG NAN VU\u00d4NG INOX 304<strong style=\"color: #ff0000; font-size: 16px;\">\u00a0<\/strong><\/p><\/div>\n<h2><span style=\"color: #ff0000;\">CH\u00c2\u0301T LI\u00ca\u0323U GI\u00c1 B\u00c1T \u0110\u00c3I INOX 304 N\u1eecA B\u00c1T N\u1eecA \u0110\u0128A C\u00d3 KHAY<\/span><\/h2>\n<ul>\n<li>\n<h3>\u0110\u01b0\u1ee3c l\u1eafp \u0111\u1eb7t ph\u00eda tr\u00ean b\u1ed3n r\u1eeda b\u00e1t, gi\u00fap l\u00e0m g\u1ecdn g\u00e0ng di\u1ec7n t\u00edch kh\u00f4ng gian b\u1ebfp, l\u00e0m \u0111\u1eb9p kh\u00f4ng gian ph\u00f2ng b\u1ebfp c\u1ee7a nh\u00e0 b\u1ea1n.<\/h3>\n<\/li>\n<li>Ch\u1ea5t li\u1ec7u Inox 304 cao c\u1ea5p, s\u00e1ng b\u00f3ng v\u00e0 c\u00f3 kh\u1ea3 n\u0103ng ch\u1ed1ng g\u1ec9.<\/li>\n<li>C\u1ed1 \u0111\u1ecbnh t\u1ee7 b\u1ebfp tr\u00ean, d\u1ec5 d\u00e0ng th\u00e1o r\u1eddi s\u1ea3n ph\u1ea9m \u0111\u1ec3 s\u1eed d\u1ee5ng.<\/li>\n<li>C\u00f3 th\u1ec3 l\u1eafp \u0111\u1eb7t v\u1edbi nhi\u1ec1u ch\u1ea5t li\u1ec7u t\u1ee7 b\u1ebfp.<\/li>\n<li>Gi\u00e1 t\u01b0\u01a1ng \u0111\u1ed1i ph\u00f9 h\u1ee3p v\u1edbi t\u00fai ti\u1ec1n c\u1ee7a nhi\u1ec1u h\u1ed9 gia \u0111\u00ecnh kh\u00e1c nhau.<\/li>\n<\/ul>\n<p><img decoding=\"async\" class=\"size-full wp-image-604\" src=\"https:\/\/tannoithat.com\/wp-content\/uploads\/2023\/12\/a.png\" alt=\"GI\u00c1 B\u00c1T \u0110\u0128A 2 T\u1ea6NG NAN VU\u00d4NG INOX 304\" width=\"658\" height=\"478\" srcset=\"https:\/\/tannoithat.com\/wp-content\/uploads\/2023\/12\/a.png 658w, https:\/\/tannoithat.com\/wp-content\/uploads\/2023\/12\/a-300x218.png 300w, https:\/\/tannoithat.com\/wp-content\/uploads\/2023\/12\/a-600x436.png 600w\" sizes=\"(max-width: 658px) 100vw, 658px\" \/><\/p>\n<h3><a href=\"https:\/\/www.facebook.com\/noithatbeptnt\" target=\"_blank\" rel=\"noopener\"><span style=\"color: #ff0000;\">Th\u00f4ng s\u1ed1 k\u0129 thu\u1eadt gi\u00e1 b\u00e1t \u0111\u0129a Inox 304 n\u1eeda b\u00e1t n\u1eeda \u0111\u0129a c\u00f3 khay<\/span><\/a><\/h3>\n<table width=\"676\">\n<tbody>\n<tr>\n<td rowspan=\"2\" width=\"107\"><em><strong>M\u00e3 s\u1ea3n ph\u1ea9m<\/strong><\/em><\/td>\n<td colspan=\"3\" width=\"282\"><em><strong>K\u00edch th\u01b0\u1edbc sa\u0309n ph\u00e2\u0309m (th\u00f4ng th\u1ee7y)<\/strong><\/em><\/td>\n<td rowspan=\"2\" width=\"166\"><em><strong>Ki\u0301ch th\u01b0\u01a1\u0301c khoang t\u1ee7 (ph\u1ee7 b\u00ec)<\/strong><\/em><\/td>\n<td rowspan=\"2\" width=\"121\"><em><strong>\u0110\u01a1n gi\u00e1\u00a0<\/strong><\/em><\/td>\n<\/tr>\n<tr>\n<td width=\"94\"><em><strong>Ngang (r\u00f4\u0323ng)<\/strong><\/em><\/td>\n<td width=\"94\"><em><strong>S\u00e2u<\/strong><\/em><\/td>\n<td width=\"94\"><em><strong>Cao<\/strong><\/em><\/td>\n<\/tr>\n<tr>\n<td width=\"107\"><strong><span style=\"vertical-align: inherit;\"><span style=\"vertical-align: inherit;\">SM 029C<\/span><\/span><\/strong><\/td>\n<td width=\"94\">565<\/td>\n<td width=\"94\">280<\/td>\n<td width=\"94\">550<\/td>\n<td width=\"166\">600<\/td>\n<td rowspan=\"7\" width=\"121\"><\/td>\n<\/tr>\n<tr>\n<td width=\"107\"><strong><span style=\"vertical-align: inherit;\"><span style=\"vertical-align: inherit;\">SM 029C<\/span><\/span><\/strong><\/td>\n<td width=\"94\">665<\/td>\n<td width=\"94\"><span style=\"vertical-align: inherit;\"><span style=\"vertical-align: inherit;\">280<\/span><\/span><\/td>\n<td width=\"94\"><span style=\"vertical-align: inherit;\"><span style=\"vertical-align: inherit;\">550<\/span><\/span><\/td>\n<td width=\"166\">700<\/td>\n<\/tr>\n<tr>\n<td width=\"107\"><strong><span style=\"vertical-align: inherit;\"><span style=\"vertical-align: inherit;\">SM 029C<\/span><\/span><\/strong><\/td>\n<td width=\"94\">765<\/td>\n<td width=\"94\"><span style=\"vertical-align: inherit;\"><span style=\"vertical-align: inherit;\">280<\/span><\/span><\/td>\n<td width=\"94\"><span style=\"vertical-align: inherit;\"><span style=\"vertical-align: inherit;\">550<\/span><\/span><\/td>\n<td width=\"166\">800<\/td>\n<\/tr>\n<tr>\n<td width=\"107\"><strong><span style=\"vertical-align: inherit;\"><span style=\"vertical-align: inherit;\">SM 029C<\/span><\/span><\/strong><\/td>\n<td width=\"94\">865<\/td>\n<td width=\"94\"><span style=\"vertical-align: inherit;\"><span style=\"vertical-align: inherit;\">280<\/span><\/span><\/td>\n<td width=\"94\"><span style=\"vertical-align: inherit;\"><span style=\"vertical-align: inherit;\">550<\/span><\/span><\/td>\n<td width=\"166\">900<\/td>\n<\/tr>\n<\/tbody>\n<\/table>\n","protected":false},"excerpt":{"rendered":"<p><span style=\"vertical-align: inherit;\"><span style=\"vertical-align: inherit;\">GI\u00c1 B\u00c1T \u0110\u00c3I INOX 304 N\u1eecA B\u00c1T N\u1eecA \u0110\u0128A C\u00d3 KHAY<\/span><\/span><\/p>\n<p><span style=\"color: #ff0000;\">M\u00e3:\u00a0<\/span><span class=\"sku\"><span style=\"color: #ff0000;\">SM 029C<\/span> : <span style=\"color: #00ff00;\">600\/700\/800\/900<\/span> &#8211; <span style=\"color: #ffff00;\">2.400.000vnd \/ 2.500.000vnd \/ 2.600.000vnd \/ 2.700.000vnd\u00a0<\/span><\/span><\/p>\n","protected":false},"featured_media":602,"comment_status":"open","ping_status":"closed","template":"","meta":{"_eb_attr":""},"product_cat":[97,251],"product_tag":[197],"_links":{"self":[{"href":"https:\/\/tannoithat.com\/index.php\/wp-json\/wp\/v2\/product\/601"}],"collection":[{"href":"https:\/\/tannoithat.com\/index.php\/wp-json\/wp\/v2\/product"}],"about":[{"href":"https:\/\/tannoithat.com\/index.php\/wp-json\/wp\/v2\/types\/product"}],"replies":[{"embeddable":true,"href":"https:\/\/tannoithat.com\/index.php\/wp-json\/wp\/v2\/comments?post=601"}],"wp:featuredmedia":[{"embeddable":true,"href":"https:\/\/tannoithat.com\/index.php\/wp-json\/wp\/v2\/media\/602"}],"wp:attachment":[{"href":"https:\/\/tannoithat.com\/index.php\/wp-json\/wp\/v2\/media?parent=601"}],"wp:term":[{"taxonomy":"product_cat","embeddable":true,"href":"https:\/\/tannoithat.com\/index.php\/wp-json\/wp\/v2\/product_cat?post=601"},{"taxonomy":"product_tag","embeddable":true,"href":"https:\/\/tannoithat.com\/index.php\/wp-json\/wp\/v2\/product_tag?post=601"}],"curies":[{"name":"wp","href":"https:\/\/api.w.org\/{rel}","templated":true}]}}