{"id":610,"date":"2023-12-26T14:48:51","date_gmt":"2023-12-26T07:48:51","guid":{"rendered":"https:\/\/tannoithat.com\/?post_type=product&#038;p=610"},"modified":"2024-01-22T14:44:51","modified_gmt":"2024-01-22T07:44:51","slug":"gia-dung-chai-lo-gia-vi-chat-lieu-inox-304-nan-det-ray-giam-chan-gan-lien","status":"publish","type":"product","link":"https:\/\/tannoithat.com\/index.php\/product\/gia-dung-chai-lo-gia-vi-chat-lieu-inox-304-nan-det-ray-giam-chan-gan-lien\/","title":{"rendered":"GI\u00c1 \u0110\u1ef0NG CHAI L\u1ecc, GIA V\u1eca CH\u1ea4T LI\u1ec6U INOX 304 NAN D\u1eb8T, RAY GI\u1ea2M CH\u1ea4N G\u1eaeN LI\u1ec0N"},"content":{"rendered":"\n\n<div class=\"kk-star-ratings kksr-auto kksr-align-left kksr-valign-top\"\n    data-payload='{&quot;align&quot;:&quot;left&quot;,&quot;id&quot;:&quot;610&quot;,&quot;slug&quot;:&quot;default&quot;,&quot;valign&quot;:&quot;top&quot;,&quot;ignore&quot;:&quot;&quot;,&quot;reference&quot;:&quot;auto&quot;,&quot;class&quot;:&quot;&quot;,&quot;count&quot;:&quot;0&quot;,&quot;legendonly&quot;:&quot;&quot;,&quot;readonly&quot;:&quot;&quot;,&quot;score&quot;:&quot;0&quot;,&quot;starsonly&quot;:&quot;&quot;,&quot;best&quot;:&quot;5&quot;,&quot;gap&quot;:&quot;5&quot;,&quot;greet&quot;:&quot;Rate this product&quot;,&quot;legend&quot;:&quot;0\\\/5 - (0 b\u00ecnh ch\u1ecdn)&quot;,&quot;size&quot;:&quot;24&quot;,&quot;title&quot;:&quot;GI\u00c1 \u0110\u1ef0NG CHAI L\u1ecc, GIA V\u1eca CH\u1ea4T LI\u1ec6U INOX 304 NAN D\u1eb8T, RAY GI\u1ea2M CH\u1ea4N G\u1eaeN LI\u1ec0N&quot;,&quot;width&quot;:&quot;0&quot;,&quot;_legend&quot;:&quot;{score}\\\/{best} - ({count} {votes})&quot;,&quot;font_factor&quot;:&quot;1.25&quot;}'>\n            \n<div class=\"kksr-stars\">\n    \n<div class=\"kksr-stars-inactive\">\n            <div class=\"kksr-star\" data-star=\"1\" style=\"padding-right: 5px\">\n            \n\n<div class=\"kksr-icon\" style=\"width: 24px; height: 24px;\"><\/div>\n        <\/div>\n            <div class=\"kksr-star\" data-star=\"2\" style=\"padding-right: 5px\">\n            \n\n<div class=\"kksr-icon\" style=\"width: 24px; height: 24px;\"><\/div>\n        <\/div>\n            <div class=\"kksr-star\" data-star=\"3\" style=\"padding-right: 5px\">\n            \n\n<div class=\"kksr-icon\" style=\"width: 24px; height: 24px;\"><\/div>\n        <\/div>\n            <div class=\"kksr-star\" data-star=\"4\" style=\"padding-right: 5px\">\n            \n\n<div class=\"kksr-icon\" style=\"width: 24px; height: 24px;\"><\/div>\n        <\/div>\n            <div class=\"kksr-star\" data-star=\"5\" style=\"padding-right: 5px\">\n            \n\n<div class=\"kksr-icon\" style=\"width: 24px; height: 24px;\"><\/div>\n        <\/div>\n    <\/div>\n    \n<div class=\"kksr-stars-active\" style=\"width: 0px;\">\n            <div class=\"kksr-star\" style=\"padding-right: 5px\">\n            \n\n<div class=\"kksr-icon\" style=\"width: 24px; height: 24px;\"><\/div>\n        <\/div>\n            <div class=\"kksr-star\" style=\"padding-right: 5px\">\n            \n\n<div class=\"kksr-icon\" style=\"width: 24px; height: 24px;\"><\/div>\n        <\/div>\n            <div class=\"kksr-star\" style=\"padding-right: 5px\">\n            \n\n<div class=\"kksr-icon\" style=\"width: 24px; height: 24px;\"><\/div>\n        <\/div>\n            <div class=\"kksr-star\" style=\"padding-right: 5px\">\n            \n\n<div class=\"kksr-icon\" style=\"width: 24px; height: 24px;\"><\/div>\n        <\/div>\n            <div class=\"kksr-star\" style=\"padding-right: 5px\">\n            \n\n<div class=\"kksr-icon\" style=\"width: 24px; height: 24px;\"><\/div>\n        <\/div>\n    <\/div>\n<\/div>\n                \n\n<div class=\"kksr-legend\" style=\"font-size: 19.2px;\">\n            <span class=\"kksr-muted\">Rate this product<\/span>\n    <\/div>\n    <\/div>\n<h1><a href=\"https:\/\/tannoithat.com\/index.php\/product-category\/thiet-bi-nha-bep-2\/\"><span style=\"color: #ff0000;\"><strong>GI\u00c1 \u0110\u1ef0NG CHAI L\u1ecc, GIA V\u1eca CH\u1ea4T LI\u1ec6U INOX 304 NAN D\u1eb8T, RAY GI\u1ea2M CH\u1ea4N G\u1eaeN LI\u1ec0N<\/strong><\/span><\/a><\/h1>\n<p><strong><span style=\"color: #ff0000;\">Gi\u00e1 \u0111\u1ef1ng ch\u1ea1i l\u1ecd, gia v\u1ecb ch\u1ea5t li\u1ec7u Inox 304 nan d\u1eb9t<\/span>\u00a0 <\/strong>l\u00e0 b\u1ed9 \u0111\u1ef1ng \u0111\u1ef1ng chai l\u1ecd v\u00e0 gia v\u1ecb v\u1edbi 5 k\u00edch th\u01b0\u1edbc theo chi\u1ec1u r\u1ed9ng kh\u00e1c nhau c\u1ee7a t\u1ee7 b\u1ebfp m\u1ed7i gia \u0111\u00ecnh, \u0111\u01b0\u1ee3c ch\u1ebf t\u00e1c b\u1eb1ng v\u1eadt li\u1ec7u th\u00e9p kh\u00f4ng g\u1ec9 Inox 304 cao c\u1ea5p. S\u1ea3n ph\u1ea9m \u0111\u01b0\u1ee3c ho\u00e0n thi\u1ec7n nh\u1eadp kh\u1ea9u h\u00e0ng ti\u00eau chu\u1ea9n Ch\u00e2u \u00c2u. S\u1ea3n ph\u1ea9m c\u00f3 ray tr\u01b0\u1ee3t gi\u1ea3m ch\u1ea5n v\u00e0 c\u00e1c b\u1ed9 ph\u1eadn k\u1ec7 gia v\u1ecb, chai l\u1ecd \u0111\u01b0\u1ee3c ph\u00e2n chia th\u00f4ng minh \u0111\u1ec3 c\u00f3 th\u1ec3 \u0111\u1ef1ng gia v\u1ecb, chai l\u1ecd v\u00e0 nhi\u1ec1u \u0111\u1ed3 d\u00f9ng kh\u00e1c li\u00ean quan \u0111\u1ebfn vi\u1ec7c ph\u1ee5c v\u1ee5 trong vi\u1ec7c n\u1ea5u n\u01b0\u1edbng c\u1ee7a m\u1ed7i nh\u00e0.<\/p>\n<p><span style=\"color: #ff0000;\"><strong>Gi\u00e1 c\u1eafm dao, \u0111\u1ef1ng ch\u1ea1i l\u1ecd, gia v\u1ecb\u00a0 <\/strong><\/span>l\u00e0 s\u1ef1 l\u1ef1a ch\u1ecdn ph\u1ea3i c\u00f3 cho c\u00e1c t\u1ee7 b\u1ebfp hi\u1ec7n \u0111\u1ea1i, gi\u00fap t\u1ed1i \u01b0u kh\u00f4ng gian v\u00e0 l\u00e0m th\u00eam g\u1ecdn g\u00e0ng cho kh\u00f4ng gian t\u1ee7 b\u1ebfp. S\u1ea3n ph\u1ea9m \u0111\u01b0\u1ee3c ho\u00e0n thi\u1ec7n cao c\u1ea5p v\u1edbi ch\u1ea5t li\u1ec7u th\u00e9p Inox 304 gi\u00fap cho m\u00e0u s\u1eafc t\u01b0\u01a1i \u0111\u1eb9p v\u00e0 sang tr\u1ecdng. L\u00e0m cho kh\u00f4ng gian ph\u00f2ng b\u1ebfp tr\u1edf n\u00ean g\u1ecdn g\u00e0ng, s\u1ea1ch s\u1ebd<\/p>\n<p>&nbsp;<\/p>\n<h2><span style=\"color: #ff0000;\">\u00a0C\u00e1c \u01b0u \u0111i\u1ec3m Gi\u00e1 \u0111\u1ef1<\/span><\/h2>\n<div id=\"attachment_611\" style=\"width: 693px\" class=\"wp-caption alignnone\"><img fetchpriority=\"high\" decoding=\"async\" aria-describedby=\"caption-attachment-611\" class=\"size-full wp-image-611\" src=\"https:\/\/tannoithat.com\/wp-content\/uploads\/2023\/12\/rr.png\" alt=\"GI\u00c1 \u0110\u1ef0NG CHAI L\u1ecc, GIA V\u1eca CH\u1ea4T LI\u1ec6U INOX 304 NAN D\u1eb8T, RAY GI\u1ea2M CH\u1ea4N G\u1eaeN LI\u1ec0N\" width=\"683\" height=\"692\" srcset=\"https:\/\/tannoithat.com\/wp-content\/uploads\/2023\/12\/rr.png 683w, https:\/\/tannoithat.com\/wp-content\/uploads\/2023\/12\/rr-296x300.png 296w, https:\/\/tannoithat.com\/wp-content\/uploads\/2023\/12\/rr-600x608.png 600w, https:\/\/tannoithat.com\/wp-content\/uploads\/2023\/12\/rr-100x100.png 100w\" sizes=\"(max-width: 683px) 100vw, 683px\" \/><p id=\"caption-attachment-611\" class=\"wp-caption-text\">GI\u00c1 \u0110\u1ef0NG CHAI L\u1ecc, GIA V\u1eca CH\u1ea4T LI\u1ec6U INOX 304 NAN D\u1eb8T, RAY GI\u1ea2M CH\u1ea4N G\u1eaeN LI\u1ec0N<\/p><\/div>\n<h2><a href=\"https:\/\/www.facebook.com\/noithatbeptnt\" target=\"_blank\" rel=\"noopener\"><span style=\"color: #ff0000;\">GI\u00c1 \u0110\u1ef0NG CHAI L\u1ecc, GIA V\u1eca CH\u1ea4T LI\u1ec6U INOX 304 NAN D\u1eb8T, RAY GI\u1ea2M CH\u1ea4N G\u1eaeN LI\u1ec0N<\/span><\/a><\/h2>\n<ul>\n<li>\u0110a k\u00edch th\u01b0\u1edbc ph\u00f9 h\u1ee3p v\u1edbi h\u1ea7u h\u1ebft t\u1ee7 b\u1ebfp.<\/li>\n<li>Ray tr\u01b0\u1ee3t gi\u1ea3m ch\u1ea5n g\u1eafn li\u1ec1n.<\/li>\n<li>V\u1eadt li\u1ec7u ch\u1ecdn l\u1ecdc th\u00e9p kh\u00f4ng g\u1ec9 Inox 304.<\/li>\n<li>Ph\u00e2n chia khoa h\u1ecdc v\u00e0 \u0111a d\u1ea1ng c\u00f3 th\u1ec3 \u0111\u1ef1ng nhi\u1ec1u th\u1ee9 \u0111\u1ed3 d\u00f9ng b\u1ebfp.<\/li>\n<li>C\u00f3 khay h\u1ee9ng n\u01b0\u1edbc b\u1eb1ng nh\u1ef1a PVC.<\/li>\n<li>B\u1ea3o h\u00e0nh 24 th\u00e1ng.<\/li>\n<\/ul>\n","protected":false},"excerpt":{"rendered":"<p>GI\u00c1 \u0110\u1ef0NG CHAI L\u1ecc, GIA V\u1eca CH\u1ea4T LI\u1ec6U INOX 304 NAN D\u1eb8T, RAY GI\u1ea2M CH\u1ea4N G\u1eaeN LI\u1ec0N<\/p>\n<p><span style=\"color: #00ff00;\">M\u00e3:\u00a0<span class=\"sku\">SM -400 E<\/span><\/span><\/p>\n","protected":false},"featured_media":611,"comment_status":"open","ping_status":"closed","template":"","meta":{"_eb_attr":""},"product_cat":[101,251],"product_tag":[204,205,202],"_links":{"self":[{"href":"https:\/\/tannoithat.com\/index.php\/wp-json\/wp\/v2\/product\/610"}],"collection":[{"href":"https:\/\/tannoithat.com\/index.php\/wp-json\/wp\/v2\/product"}],"about":[{"href":"https:\/\/tannoithat.com\/index.php\/wp-json\/wp\/v2\/types\/product"}],"replies":[{"embeddable":true,"href":"https:\/\/tannoithat.com\/index.php\/wp-json\/wp\/v2\/comments?post=610"}],"wp:featuredmedia":[{"embeddable":true,"href":"https:\/\/tannoithat.com\/index.php\/wp-json\/wp\/v2\/media\/611"}],"wp:attachment":[{"href":"https:\/\/tannoithat.com\/index.php\/wp-json\/wp\/v2\/media?parent=610"}],"wp:term":[{"taxonomy":"product_cat","embeddable":true,"href":"https:\/\/tannoithat.com\/index.php\/wp-json\/wp\/v2\/product_cat?post=610"},{"taxonomy":"product_tag","embeddable":true,"href":"https:\/\/tannoithat.com\/index.php\/wp-json\/wp\/v2\/product_tag?post=610"}],"curies":[{"name":"wp","href":"https:\/\/api.w.org\/{rel}","templated":true}]}}