{"id":618,"date":"2023-12-26T15:05:38","date_gmt":"2023-12-26T08:05:38","guid":{"rendered":"https:\/\/tannoithat.com\/?post_type=product&#038;p=618"},"modified":"2024-01-22T14:35:43","modified_gmt":"2024-01-22T07:35:43","slug":"gia-de-xoong-noi-inox-304-ray-giam-chan-gan-lien-lap-duoc-trong-tu-va-mat-ngan-keo","status":"publish","type":"product","link":"https:\/\/tannoithat.com\/index.php\/product\/gia-de-xoong-noi-inox-304-ray-giam-chan-gan-lien-lap-duoc-trong-tu-va-mat-ngan-keo\/","title":{"rendered":"GI\u00c1 \u0110\u1ec2 XOONG N\u1ed2I INOX 304 RAY GI\u1ea2M CH\u1ea4N G\u1eaeN LI\u1ec0N (L\u1eaeP \u0110\u01af\u1ee2C TRONG T\u1ee6 V\u00c0 M\u1eb6T NG\u0102N K\u00c9O)"},"content":{"rendered":"\n\n<div class=\"kk-star-ratings kksr-auto kksr-align-left kksr-valign-top\"\n    data-payload='{&quot;align&quot;:&quot;left&quot;,&quot;id&quot;:&quot;618&quot;,&quot;slug&quot;:&quot;default&quot;,&quot;valign&quot;:&quot;top&quot;,&quot;ignore&quot;:&quot;&quot;,&quot;reference&quot;:&quot;auto&quot;,&quot;class&quot;:&quot;&quot;,&quot;count&quot;:&quot;0&quot;,&quot;legendonly&quot;:&quot;&quot;,&quot;readonly&quot;:&quot;&quot;,&quot;score&quot;:&quot;0&quot;,&quot;starsonly&quot;:&quot;&quot;,&quot;best&quot;:&quot;5&quot;,&quot;gap&quot;:&quot;5&quot;,&quot;greet&quot;:&quot;Rate this product&quot;,&quot;legend&quot;:&quot;0\\\/5 - (0 b\u00ecnh ch\u1ecdn)&quot;,&quot;size&quot;:&quot;24&quot;,&quot;title&quot;:&quot;GI\u00c1 \u0110\u1ec2 XOONG N\u1ed2I INOX 304 RAY GI\u1ea2M CH\u1ea4N G\u1eaeN LI\u1ec0N (L\u1eaeP \u0110\u01af\u1ee2C TRONG T\u1ee6 V\u00c0 M\u1eb6T NG\u0102N K\u00c9O)&quot;,&quot;width&quot;:&quot;0&quot;,&quot;_legend&quot;:&quot;{score}\\\/{best} - ({count} {votes})&quot;,&quot;font_factor&quot;:&quot;1.25&quot;}'>\n            \n<div class=\"kksr-stars\">\n    \n<div class=\"kksr-stars-inactive\">\n            <div class=\"kksr-star\" data-star=\"1\" style=\"padding-right: 5px\">\n            \n\n<div class=\"kksr-icon\" style=\"width: 24px; height: 24px;\"><\/div>\n        <\/div>\n            <div class=\"kksr-star\" data-star=\"2\" style=\"padding-right: 5px\">\n            \n\n<div class=\"kksr-icon\" style=\"width: 24px; height: 24px;\"><\/div>\n        <\/div>\n            <div class=\"kksr-star\" data-star=\"3\" style=\"padding-right: 5px\">\n            \n\n<div class=\"kksr-icon\" style=\"width: 24px; height: 24px;\"><\/div>\n        <\/div>\n            <div class=\"kksr-star\" data-star=\"4\" style=\"padding-right: 5px\">\n            \n\n<div class=\"kksr-icon\" style=\"width: 24px; height: 24px;\"><\/div>\n        <\/div>\n            <div class=\"kksr-star\" data-star=\"5\" style=\"padding-right: 5px\">\n            \n\n<div class=\"kksr-icon\" style=\"width: 24px; height: 24px;\"><\/div>\n        <\/div>\n    <\/div>\n    \n<div class=\"kksr-stars-active\" style=\"width: 0px;\">\n            <div class=\"kksr-star\" style=\"padding-right: 5px\">\n            \n\n<div class=\"kksr-icon\" style=\"width: 24px; height: 24px;\"><\/div>\n        <\/div>\n            <div class=\"kksr-star\" style=\"padding-right: 5px\">\n            \n\n<div class=\"kksr-icon\" style=\"width: 24px; height: 24px;\"><\/div>\n        <\/div>\n            <div class=\"kksr-star\" style=\"padding-right: 5px\">\n            \n\n<div class=\"kksr-icon\" style=\"width: 24px; height: 24px;\"><\/div>\n        <\/div>\n            <div class=\"kksr-star\" style=\"padding-right: 5px\">\n            \n\n<div class=\"kksr-icon\" style=\"width: 24px; height: 24px;\"><\/div>\n        <\/div>\n            <div class=\"kksr-star\" style=\"padding-right: 5px\">\n            \n\n<div class=\"kksr-icon\" style=\"width: 24px; height: 24px;\"><\/div>\n        <\/div>\n    <\/div>\n<\/div>\n                \n\n<div class=\"kksr-legend\" style=\"font-size: 19.2px;\">\n            <span class=\"kksr-muted\">Rate this product<\/span>\n    <\/div>\n    <\/div>\n<h1><a href=\"https:\/\/tannoithat.com\/index.php\/product-category\/thiet-bi-nha-bep-2\/\">GI\u00c1 \u0110\u1ec2 XOONG N\u1ed2I INOX 304 RAY GI\u1ea2M CH\u1ea4N G\u1eaeN LI\u1ec0N (L\u1eaeP \u0110\u01af\u1ee2C TRONG T\u1ee6 V\u00c0 M\u1eb6T NG\u0102N K\u00c9O)<\/a><\/h1>\n<p>Gi\u00e1 \u0111\u1ec3 xoong n\u1ed3i b\u00e1t \u0111\u0129a t\u1ee7 d\u01b0\u1edbi s\u1edf h\u1eefu thi\u1ebft k\u1ebf tinh g\u1ecdn, th\u00f4ng tinh ng\u00e0y c\u00e0ng tr\u1edf th\u00e0nh s\u1ea3n ph\u1ea9m xu\u1ea5t hi\u1ec7n d\u00e0y \u0111\u1eb7c trong c\u00e1c gian b\u1ebfp hi\u1ec7n \u0111\u1ea1i. T\u1ea5t c\u1ea3 \u0111\u1ec1u nh\u1edd v\u00e0o nh\u1eefng \u0111\u1eb7c \u0111i\u1ec3m n\u1ed5i b\u1eadt c\u1ee7a s\u1ea3n ph\u1ea9m m\u00e0 kh\u00e1ch h\u00e0ng kh\u00f4ng th\u1ec3 t\u00ecm th\u1ea5y ho\u1eb7c t\u1ed1i \u01b0u \u1edf b\u1ea5t k\u00ec s\u1ea3n ph\u1ea9m n\u00e0o kh\u00e1c.<\/p>\n<p><a href=\"https:\/\/www.facebook.com\/noithatbeptnt\" target=\"_blank\" rel=\"noopener\">\u0110\u1eb7c \u0111i\u1ec3m n\u1ed5i b\u1eadt c\u1ee7a gi\u00e1 \u0111\u1ec3 xoong n\u1ed3i Inox 304 t\u1eeb SMARTKIT<\/a><\/p>\n<h2><span data-text-color=\"secondary\"><em><strong>1. Gi\u00e1 \u0111\u1ec3 xoong n\u1ed3i, b\u00e1t \u0111\u0129a t\u1ee7 d\u01b0\u1edbi ti\u1ebft ki\u1ec7m di\u1ec7n t\u00edch GI\u00c1 \u0110\u1ec2 XOONG N\u1ed2I INOX 304 RAY GI\u1ea2M CH\u1ea4N G\u1eaeN LI\u1ec0N (L\u1eaeP \u0110\u01af\u1ee2C TRONG T\u1ee6 V\u00c0 M\u1eb6T NG\u0102N K\u00c9O)<\/strong><\/em><\/span><\/h2>\n<p>C\u00f9ng v\u1edbi s\u1ef1 ph\u00e1t tri\u1ec3n c\u1ee7a \u0111\u1eddi s\u1ed1ng x\u00e3 h\u1ed9i, d\u1ee5ng c\u1ee5 nh\u00e0 b\u1ebfp c\u0169ng theo \u0111\u00f3 t\u0103ng d\u1ea7n. \u0110i\u1ec1u n\u00e0y l\u00e0m cho kh\u00f4ng gian b\u1ebfp c\u1ee7a nhi\u1ec1u gia \u0111\u00ecnh hi\u1ec7n nay kh\u00f4ng \u0111\u1ee7 s\u1ee9c ch\u1ee9a v\u00e0 tr\u1edf n\u00ean v\u00f4 c\u00f9ng l\u1ed9n x\u1ed9n.<\/p>\n<p>Gi\u00e1 \u0111\u1ec3 xoong n\u1ed3i b\u00e1t \u0111\u0129a t\u1ee7 d\u01b0\u1edbi l\u00e0 m\u1ed9t gi\u1ea3i ph\u00e1p l\u00fd t\u01b0\u1edfng \u0111\u1ec3 t\u1ed1i \u01b0u cho kh\u00f4ng gian b\u1ebfp. Theo \u0111\u00f3, ph\u1ee5 ki\u1ec7n nh\u00e0 b\u1ebfp \u0111\u01b0\u1ee3c thi\u1ebft k\u1ebf l\u1eafp \u0111\u1eb7t b\u00ean trong t\u1ee7 s\u1eed d\u1ee5ng ray gi\u1ea3m ch\u1ea5n c\u00f3 s\u1ee9c ch\u1ee9a l\u1edbn s\u1ebd gi\u00fap cho gia ch\u1ee7 gi\u1ea3i quy\u1ebft l\u01b0\u1ee3ng l\u1edbn xoong n\u1ed3i, b\u00e1t \u0111\u0129a trong m\u1ed9t c\u00e1ch nhanh ch\u00f3ng.<\/p>\n<p>Vi\u1ec7c c\u1ea5t gi\u1eef khoa h\u1ecdc b\u1eb1ng gi\u00e1 \u0111\u1ec3 xoong n\u1ed3i v\u1eeba ti\u1ebft ki\u1ec7m \u0111\u01b0\u1ee3c di\u1ec7n t\u00edch v\u1eeba gi\u00fap cho kh\u00f4ng gian tr\u1edf n\u00ean g\u1ecdn g\u00e0ng v\u00e0 \u0111\u1eb9p m\u1eaft h\u01a1n<\/p>\n<h3><span data-text-color=\"secondary\"><em><strong>2. Thi\u1ebft k\u1ebf ti\u1ec7n d\u1ee5ng GI\u00c1 \u0110\u1ec2 XOONG N\u1ed2I INOX 304 RAY GI\u1ea2M CH\u1ea4N G\u1eaeN LI\u1ec0N (L\u1eaeP \u0110\u01af\u1ee2C TRONG T\u1ee6 V\u00c0 M\u1eb6T NG\u0102N K\u00c9O)<\/strong><\/em><\/span><\/h3>\n<p>Gi\u00e1 \u0111\u1ec3 xoong n\u1ed3i c\u00f3 ray d\u00e0i 18 inch k\u00e9o tr\u01b0\u1ee3t d\u1ec5 d\u00e0ng v\u00e0 thu\u1eadn ti\u1ec7n quan s\u00e1t gi\u00fap vi\u1ec7c c\u1ea5t gi\u1eef \u0111\u1ed3 \u0111\u1ea1c m\u1ed9t c\u00e1ch tr\u1ecdn v\u1eb9n v\u00e0 khoa h\u1ecdc h\u01a1n. Ngo\u00e0i ra, d\u1ee5ng c\u1ee5 c\u00f2n \u0111\u01b0\u1ee3c trang b\u1ecb n\u1eafp che b\u1ea3o v\u1ec7 ray tr\u01b0\u1ee3t d\u1eabn h\u01b0\u1edbng c\u00f3 kh\u1ea3 n\u0103ng che ch\u1eafn t\u1ed1t gi\u00fap ray tr\u00e1nh kh\u1ecfi nh\u1eefng t\u00e1c nh\u00e2n, t\u00e1c \u0111\u1ed9ng t\u1eeb b\u00ean ngo\u00e0i l\u00ean ph\u1ea7n chuy\u1ec3n \u0111\u1ed9ng v\u00e0 k\u00e9o tr\u01b0\u1ee3t lu\u00f4n \u00eam \u00e1i v\u00e0 m\u01b0\u1ee3t m\u00e0.<\/p>\n<div id=\"attachment_619\" style=\"width: 670px\" class=\"wp-caption alignnone\"><img fetchpriority=\"high\" decoding=\"async\" aria-describedby=\"caption-attachment-619\" class=\"size-full wp-image-619\" src=\"https:\/\/tannoithat.com\/wp-content\/uploads\/2023\/12\/945ae365b4b57e8d97080d8327aee00d.jpg\" alt=\"GI\u00c1 \u0110\u1ec2 XOONG N\u1ed2I INOX 304 RAY GI\u1ea2M CH\u1ea4N G\u1eaeN LI\u1ec0N (L\u1eaeP \u0110\u01af\u1ee2C TRONG T\u1ee6 V\u00c0 M\u1eb6T NG\u0102N K\u00c9O)\" width=\"660\" height=\"578\" srcset=\"https:\/\/tannoithat.com\/wp-content\/uploads\/2023\/12\/945ae365b4b57e8d97080d8327aee00d.jpg 660w, https:\/\/tannoithat.com\/wp-content\/uploads\/2023\/12\/945ae365b4b57e8d97080d8327aee00d-300x263.jpg 300w, https:\/\/tannoithat.com\/wp-content\/uploads\/2023\/12\/945ae365b4b57e8d97080d8327aee00d-600x525.jpg 600w\" sizes=\"(max-width: 660px) 100vw, 660px\" \/><p id=\"caption-attachment-619\" class=\"wp-caption-text\">GI\u00c1 \u0110\u1ec2 XOONG N\u1ed2I INOX 304 RAY GI\u1ea2M CH\u1ea4N G\u1eaeN LI\u1ec0N (L\u1eaeP \u0110\u01af\u1ee2C TRONG T\u1ee6 V\u00c0 M\u1eb6T NG\u0102N K\u00c9O)<\/p><\/div>\n<h4><span data-text-color=\"secondary\"><em><strong>3. Gi\u00e1 \u0111\u1ec3 xoong n\u1ed3i, b\u00e1t \u0111\u0129a t\u1ee7 d\u01b0\u1edbi s\u1eed d\u1ee5ng Inox 304 GI\u00c1 \u0110\u1ec2 XOONG N\u1ed2I INOX 304 RAY GI\u1ea2M CH\u1ea4N G\u1eaeN LI\u1ec0N (L\u1eaeP \u0110\u01af\u1ee2C TRONG T\u1ee6 V\u00c0 M\u1eb6T NG\u0102N K\u00c9O)<\/strong><\/em><\/span><\/h4>\n<p>D\u00f2ng Inox 304 s\u1ebd \u0111\u01b0\u1ee3c SMARTKIT ch\u1ecdn l\u1ecdc nguy\u00ean li\u1ec7u \u0111\u1ea7u v\u00e0o m\u1ed9t c\u00e1ch k\u1ef9 c\u00e0ng v\u00e0 c\u1ea9n th\u1eadn. Qua nhi\u1ec1u kh\u00e2u ki\u1ec3m nghi\u1ec7m v\u00e0 s\u00e0ng l\u1ecdc \u0111em \u0111\u1ebfn m\u1ed9t s\u1ea3n ph\u1ea9m ch\u1ea5t l\u01b0\u1ee3ng, kh\u00f4ng c\u00f3 ch\u1ea5t \u0111\u1ed9c h\u1ea1i v\u1edbi c\u00f4ng ngh\u1ec7 h\u00e0n m\u1edbi mang l\u1ea1i nhi\u1ec1u \u01b0u \u0111i\u1ec3m cho d\u1ee5ng c\u1ee5.<\/p>\n<p>Ch\u1ea5t li\u1ec7u Inox 304 \u0111\u01b0\u1ee3c thi\u1ebft k\u1ebf theo quy tr\u00ecnh kh\u00f4ng xi m\u1ea1 \u0111\u00e1nh m\u00e0 s\u1ebd s\u1eed d\u1ee5ng c\u00f4ng ngh\u1ec7 \u0111\u00e1nh b\u00f3ng b\u1ec1 m\u1eb7t hi\u1ec7n th\u00e2n \u0111\u1ec3 gi\u1eef l\u1ea1i \u0111\u1ed9c \u0111\u00e1o c\u1ee7a Inox 304 hi\u1ec7n \u0111\u1ea1i, SMARTKIT cho ra \u0111\u1eddi gi\u00e1 \u0111\u1ec3 xoong n\u1ed3i, b\u00e1t \u0111\u0129a t\u1ee7 d\u01b0\u1edbi \u0111\u1eb9p m\u1eaft v\u00e0 t\u1ec9 m\u1ec9 \u0111\u1ebfn t\u1eebng chi ti\u1ebft nh\u1ecf. V\u1eadt li\u1ec7u kh\u00f4ng ch\u01b0a ch\u1ea5t \u0111\u1ed9c h\u1ea1i n\u00ean v\u00f4 c\u00f9ng th\u00e2n thi\u1ec7n v\u1edbi m\u00f4i tr\u01b0\u1eddng v\u00e0 ng\u01b0\u1eddi s\u1eed d\u1ee5ng. \u0110\u1ed3ng th\u1eddi, s\u1ea3n ph\u1ea9m r\u1ea5t b\u1ec1n b\u1ec9 c\u00f3 th\u1ec3 s\u1eed d\u1ee5ng trong th\u1eddi gian d\u00e0i gi\u00fap ng\u01b0\u1eddi d\u00f9ng ti\u1ebft ki\u1ec7m \u0111\u01b0\u1ee3c nhi\u1ec1u chi ph\u00ed.<\/p>\n<h5><span data-text-color=\"secondary\"><em><strong>4. C\u00e1c \u01b0u \u0111i\u1ec3m Gi\u00e1 \u0111\u1ec3 xoong n\u1ed3i, b\u00e1t \u0111\u0129a t\u1ee7 d\u01b0\u1edbi SMARTKIT GI\u00c1 \u0110\u1ec2 XOONG N\u1ed2I INOX 304 RAY GI\u1ea2M CH\u1ea4N G\u1eaeN LI\u1ec0N (L\u1eaeP \u0110\u01af\u1ee2C TRONG T\u1ee6 V\u00c0 M\u1eb6T NG\u0102N K\u00c9O)<\/strong><\/em><\/span><\/h5>\n<ul>\n<li>\u0110a k\u00edch th\u01b0\u1edbc ph\u00f9 h\u1ee3p v\u1edbi h\u1ea7u h\u1ebft t\u1ee7 b\u1ebfp.<\/li>\n<li>Ray tr\u01b0\u1ee3t gi\u1ea3m ch\u1ea5n g\u1eafn li\u1ec1n.<\/li>\n<li>V\u1eadt li\u1ec7u ch\u1ecdn l\u1ecdc th\u00e9p kh\u00f4ng g\u1ec9 Inox 304.<\/li>\n<li>Khay h\u1ee9ng n\u01b0\u1edbc b\u1eb1ng nh\u1ef1a PVC<\/li>\n<li>Ph\u00e2n chia khoa h\u1ecdc v\u00e0 \u0111a d\u1ea1ng c\u00f3 th\u1ec3 \u0111\u1ef1ng nhi\u1ec1u th\u1ee9 \u0111\u1ed3 d\u00f9ng b\u1ebfp.<\/li>\n<li>B\u1ea3o h\u00e0nh 24 th\u00e1ng.<\/li>\n<\/ul>\n","protected":false},"excerpt":{"rendered":"<p>GI\u00c1 \u0110\u1ec2 XOONG N\u1ed2I INOX 304 RAY GI\u1ea2M CH\u1ea4N G\u1eaeN LI\u1ec0N (L\u1eaeP \u0110\u01af\u1ee2C TRONG T\u1ee6 V\u00c0 M\u1eb6T NG\u0102N K\u00c9O)<\/p>\n<p><span style=\"color: #ff0000;\">M\u00e3:<\/span>\u00a0<span class=\"sku\"><span style=\"color: #ff0000;\">CA<\/span><span style=\"color: #00ff00;\"> 600,700,720,750,800,850,900<\/span> &#8211; <span style=\"color: #ffff00;\">1.980.000vnd\/ 2.100.000vnd\/2.260.000vnd\/2.260.000vnd\/ 2.300.000vnd\/2.350.000vnd\u00a0<\/span><\/span><\/p>\n","protected":false},"featured_media":619,"comment_status":"open","ping_status":"closed","template":"","meta":{"_eb_attr":""},"product_cat":[105,251],"product_tag":[208],"_links":{"self":[{"href":"https:\/\/tannoithat.com\/index.php\/wp-json\/wp\/v2\/product\/618"}],"collection":[{"href":"https:\/\/tannoithat.com\/index.php\/wp-json\/wp\/v2\/product"}],"about":[{"href":"https:\/\/tannoithat.com\/index.php\/wp-json\/wp\/v2\/types\/product"}],"replies":[{"embeddable":true,"href":"https:\/\/tannoithat.com\/index.php\/wp-json\/wp\/v2\/comments?post=618"}],"wp:featuredmedia":[{"embeddable":true,"href":"https:\/\/tannoithat.com\/index.php\/wp-json\/wp\/v2\/media\/619"}],"wp:attachment":[{"href":"https:\/\/tannoithat.com\/index.php\/wp-json\/wp\/v2\/media?parent=618"}],"wp:term":[{"taxonomy":"product_cat","embeddable":true,"href":"https:\/\/tannoithat.com\/index.php\/wp-json\/wp\/v2\/product_cat?post=618"},{"taxonomy":"product_tag","embeddable":true,"href":"https:\/\/tannoithat.com\/index.php\/wp-json\/wp\/v2\/product_tag?post=618"}],"curies":[{"name":"wp","href":"https:\/\/api.w.org\/{rel}","templated":true}]}}