{"id":628,"date":"2023-12-26T15:16:23","date_gmt":"2023-12-26T08:16:23","guid":{"rendered":"https:\/\/tannoithat.com\/?post_type=product&#038;p=628"},"modified":"2024-01-22T14:26:22","modified_gmt":"2024-01-22T07:26:22","slug":"goc-lien-hoan-inox-hop-304-mo-trai-va-phai-ray-giam-chan","status":"publish","type":"product","link":"https:\/\/tannoithat.com\/index.php\/product\/goc-lien-hoan-inox-hop-304-mo-trai-va-phai-ray-giam-chan\/","title":{"rendered":"G\u00d3C LI\u00caN HO\u00c0N INOX H\u1ed8P 304 M\u1ede TR\u00c1I V\u00c0 PH\u1ea2I RAY GI\u1ea2M CH\u1ea4N"},"content":{"rendered":"\n\n<div class=\"kk-star-ratings kksr-auto kksr-align-left kksr-valign-top\"\n    data-payload='{&quot;align&quot;:&quot;left&quot;,&quot;id&quot;:&quot;628&quot;,&quot;slug&quot;:&quot;default&quot;,&quot;valign&quot;:&quot;top&quot;,&quot;ignore&quot;:&quot;&quot;,&quot;reference&quot;:&quot;auto&quot;,&quot;class&quot;:&quot;&quot;,&quot;count&quot;:&quot;0&quot;,&quot;legendonly&quot;:&quot;&quot;,&quot;readonly&quot;:&quot;&quot;,&quot;score&quot;:&quot;0&quot;,&quot;starsonly&quot;:&quot;&quot;,&quot;best&quot;:&quot;5&quot;,&quot;gap&quot;:&quot;5&quot;,&quot;greet&quot;:&quot;Rate this product&quot;,&quot;legend&quot;:&quot;0\\\/5 - (0 b\u00ecnh ch\u1ecdn)&quot;,&quot;size&quot;:&quot;24&quot;,&quot;title&quot;:&quot;G\u00d3C LI\u00caN HO\u00c0N INOX H\u1ed8P 304 M\u1ede TR\u00c1I V\u00c0 PH\u1ea2I RAY GI\u1ea2M CH\u1ea4N&quot;,&quot;width&quot;:&quot;0&quot;,&quot;_legend&quot;:&quot;{score}\\\/{best} - ({count} {votes})&quot;,&quot;font_factor&quot;:&quot;1.25&quot;}'>\n            \n<div class=\"kksr-stars\">\n    \n<div class=\"kksr-stars-inactive\">\n            <div class=\"kksr-star\" data-star=\"1\" style=\"padding-right: 5px\">\n            \n\n<div class=\"kksr-icon\" style=\"width: 24px; height: 24px;\"><\/div>\n        <\/div>\n            <div class=\"kksr-star\" data-star=\"2\" style=\"padding-right: 5px\">\n            \n\n<div class=\"kksr-icon\" style=\"width: 24px; height: 24px;\"><\/div>\n        <\/div>\n            <div class=\"kksr-star\" data-star=\"3\" style=\"padding-right: 5px\">\n            \n\n<div class=\"kksr-icon\" style=\"width: 24px; height: 24px;\"><\/div>\n        <\/div>\n            <div class=\"kksr-star\" data-star=\"4\" style=\"padding-right: 5px\">\n            \n\n<div class=\"kksr-icon\" style=\"width: 24px; height: 24px;\"><\/div>\n        <\/div>\n            <div class=\"kksr-star\" data-star=\"5\" style=\"padding-right: 5px\">\n            \n\n<div class=\"kksr-icon\" style=\"width: 24px; height: 24px;\"><\/div>\n        <\/div>\n    <\/div>\n    \n<div class=\"kksr-stars-active\" style=\"width: 0px;\">\n            <div class=\"kksr-star\" style=\"padding-right: 5px\">\n            \n\n<div class=\"kksr-icon\" style=\"width: 24px; height: 24px;\"><\/div>\n        <\/div>\n            <div class=\"kksr-star\" style=\"padding-right: 5px\">\n            \n\n<div class=\"kksr-icon\" style=\"width: 24px; height: 24px;\"><\/div>\n        <\/div>\n            <div class=\"kksr-star\" style=\"padding-right: 5px\">\n            \n\n<div class=\"kksr-icon\" style=\"width: 24px; height: 24px;\"><\/div>\n        <\/div>\n            <div class=\"kksr-star\" style=\"padding-right: 5px\">\n            \n\n<div class=\"kksr-icon\" style=\"width: 24px; height: 24px;\"><\/div>\n        <\/div>\n            <div class=\"kksr-star\" style=\"padding-right: 5px\">\n            \n\n<div class=\"kksr-icon\" style=\"width: 24px; height: 24px;\"><\/div>\n        <\/div>\n    <\/div>\n<\/div>\n                \n\n<div class=\"kksr-legend\" style=\"font-size: 19.2px;\">\n            <span class=\"kksr-muted\">Rate this product<\/span>\n    <\/div>\n    <\/div>\n<h1><a href=\"https:\/\/tannoithat.com\/index.php\/product-category\/phu-kien\/\" target=\"_blank\" rel=\"noopener\">G\u00d3C LI\u00caN HO\u00c0N INOX H\u1ed8P 304 M\u1ede TR\u00c1I V\u00c0 PH\u1ea2I RAY GI\u1ea2M CH\u1ea4N l\u00e0 g\u00ec ?<\/a><\/h1>\n<p>Nhu c\u1ea7u l\u01b0u tr\u1eef \u0111\u1ed3 d\u00f9ng trong b\u1ebfp ch\u01b0a bao gi\u1edd l\u00e0 th\u1eeba k\u1ec3 c\u1ea3 v\u1edbi nh\u1eefng gia \u0111\u00ecnh \u00edt ng\u01b0\u1eddi. Th\u1ebf nh\u01b0ng nhi\u1ec1u v\u1ecb tr\u00ed nh\u01b0 g\u00f3c t\u01b0\u1eddng, g\u00f3c t\u1ee7 l\u1ea1i th\u01b0\u1eddng b\u1ecb b\u1ecf kh\u00f4ng l\u00e3ng ph\u00ed v\u00ec n\u1eb1m trong nh\u1eefng v\u1ecb tr\u00ed hi\u1ec3m h\u00f3c ho\u1eb7c do thi\u1ebfu ph\u1ee5 ki\u1ec7n b\u1ebfp th\u00edch h\u1ee3p.<\/p>\n<p>G\u00f3c li\u00ean ho\u00e0n \u0111an \u00f4 vu\u00f4ng l\u00e0 m\u1ed9t trong nh\u1eefng gi\u1ea3i ph\u00e1p h\u1eefu hi\u1ec7u. V\u1edbi thi\u1ebft k\u1ebf g\u1eafn c\u00e1nh c\u00f9ng h\u1ec7 th\u1ed1ng ray tr\u01b0\u1ee3t gi\u1ea3m ch\u1ea5n th\u00f4ng minh, k\u00e8m v\u00e0o \u0111\u00f3 l\u00e0 4 khay \u0111\u1ef1ng \u0111\u1ed3 r\u1ed9ng r\u00e3i, g\u00f3c li\u00ean ho\u00e0n n\u00e0y c\u00f3 th\u1ec3 bi\u1ebfn m\u1ecdi g\u00f3c ch\u1ebft tr\u1edf n\u00ean h\u1eefu d\u1ee5ng v\u00e0 gi\u00e1 tr\u1ecb h\u01a1n r\u1ea5t nhi\u1ec1u.<\/p>\n<h2><a href=\"https:\/\/www.facebook.com\/noithatbeptnt\" target=\"_blank\" rel=\"noopener\">G\u00d3C LI\u00caN HO\u00c0N INOX H\u1ed8P 304 M\u1ede TR\u00c1I V\u00c0 PH\u1ea2I RAY GI\u1ea2M CH\u1ea4N<\/a><\/h2>\n<div id=\"attachment_629\" style=\"width: 670px\" class=\"wp-caption alignnone\"><img fetchpriority=\"high\" decoding=\"async\" aria-describedby=\"caption-attachment-629\" class=\"size-full wp-image-629\" src=\"https:\/\/tannoithat.com\/wp-content\/uploads\/2023\/12\/5cebd368efc85c3e5951ffb1e3a4c4e1.jpg\" alt=\"G\u00d3C LI\u00caN HO\u00c0N INOX H\u1ed8P 304 M\u1ede TR\u00c1I V\u00c0 PH\u1ea2I RAY GI\u1ea2M CH\u1ea4N\" width=\"660\" height=\"677\" srcset=\"https:\/\/tannoithat.com\/wp-content\/uploads\/2023\/12\/5cebd368efc85c3e5951ffb1e3a4c4e1.jpg 660w, https:\/\/tannoithat.com\/wp-content\/uploads\/2023\/12\/5cebd368efc85c3e5951ffb1e3a4c4e1-292x300.jpg 292w, https:\/\/tannoithat.com\/wp-content\/uploads\/2023\/12\/5cebd368efc85c3e5951ffb1e3a4c4e1-600x615.jpg 600w\" sizes=\"(max-width: 660px) 100vw, 660px\" \/><p id=\"caption-attachment-629\" class=\"wp-caption-text\">G\u00d3C LI\u00caN HO\u00c0N INOX H\u1ed8P 304 M\u1ede TR\u00c1I V\u00c0 PH\u1ea2I RAY GI\u1ea2M CH\u1ea4N<\/p><\/div>\n<p>D\u00f2ng Inox 304 s\u1ebd \u0111\u01b0\u1ee3c SMARTKIT ch\u1ecdn l\u1ecdc nguy\u00ean li\u1ec7u \u0111\u1ea7u v\u00e0o m\u1ed9t c\u00e1ch k\u1ef9 c\u00e0ng v\u00e0 c\u1ea9n th\u1eadn. Qua nhi\u1ec1u kh\u00e2u ki\u1ec3m nghi\u1ec7m v\u00e0 s\u00e0ng l\u1ecdc \u0111em \u0111\u1ebfn m\u1ed9t s\u1ea3n ph\u1ea9m ch\u1ea5t l\u01b0\u1ee3ng, kh\u00f4ng c\u00f3 ch\u1ea5t \u0111\u1ed9c h\u1ea1i v\u1edbi c\u00f4ng ngh\u1ec7 h\u00e0n m\u1edbi mang l\u1ea1i nhi\u1ec1u \u01b0u \u0111i\u1ec3m cho d\u1ee5ng c\u1ee5.<\/p>\n<p>Ch\u1ea5t li\u1ec7u Inox 304 \u0111\u01b0\u1ee3c thi\u1ebft k\u1ebf theo quy tr\u00ecnh kh\u00f4ng xi m\u1ea1 \u0111\u00e1nh m\u00e0 s\u1ebd s\u1eed d\u1ee5ng c\u00f4ng ngh\u1ec7 \u0111\u00e1nh b\u00f3ng b\u1ec1 m\u1eb7t hi\u1ec7n th\u00e2n \u0111\u1ec3 gi\u1eef l\u1ea1i \u0111\u1ed9c \u0111\u00e1o c\u1ee7a Inox 304 hi\u1ec7n \u0111\u1ea1i, SMARTKIT cho ra \u0111\u1eddi gi\u00e1 \u0111\u1ec3 xoong n\u1ed3i, b\u00e1t \u0111\u0129a t\u1ee7 d\u01b0\u1edbi \u0111\u1eb9p m\u1eaft v\u00e0 t\u1ec9 m\u1ec9 \u0111\u1ebfn t\u1eebng chi ti\u1ebft nh\u1ecf. V\u1eadt li\u1ec7u kh\u00f4ng ch\u01b0a ch\u1ea5t \u0111\u1ed9c h\u1ea1i n\u00ean v\u00f4 c\u00f9ng th\u00e2n thi\u1ec7n v\u1edbi m\u00f4i tr\u01b0\u1eddng v\u00e0 ng\u01b0\u1eddi s\u1eed d\u1ee5ng. \u0110\u1ed3ng th\u1eddi, s\u1ea3n ph\u1ea9m r\u1ea5t b\u1ec1n b\u1ec9 c\u00f3 th\u1ec3 s\u1eed d\u1ee5ng trong th\u1eddi gian d\u00e0i gi\u00fap ng\u01b0\u1eddi d\u00f9ng ti\u1ebft ki\u1ec7m \u0111\u01b0\u1ee3c nhi\u1ec1u chi ph\u00ed.<\/p>\n<h4><em>C\u00e1c \u01b0u \u0111i\u1ec3m<\/em>\u00a0<strong><em>G\u00f3c li\u00ean ho\u00e0n<\/em><\/strong><strong>\u00a0<em>\u0111\u1ec3 \u0111\u1ed3 g\u00f3c t\u1ee7 b\u1ebfp SMARTKIT<\/em><\/strong><\/h4>\n<ul>\n<li>K\u00edch th\u01b0\u1edbc ph\u00f9 h\u1ee3p v\u1edbi h\u1ea7u h\u1ebft t\u1ee7 b\u1ebfp.<\/li>\n<li>V\u1eadt li\u1ec7u ch\u1ecdn l\u1ecdc th\u00e9p kh\u00f4ng g\u1ec9 Inox 304.<\/li>\n<li>Ph\u00e2n chia khoa h\u1ecdc v\u00e0 \u0111a d\u1ea1ng c\u00f3 th\u1ec3 \u0111\u1ef1ng nhi\u1ec1u th\u1ee9 \u0111\u1ed3 d\u00f9ng b\u1ebfp.<\/li>\n<li>T\u00ednh th\u1ea9m m\u0129 cao.<\/li>\n<li>D\u1ec5 d\u00e0ng lau ch\u00f9i.<\/li>\n<li>B\u1ea3o h\u00e0nh 24 th\u00e1ng.<\/li>\n<\/ul>\n<h3>Th\u00f4ng s\u1ed1 k\u0129 thu\u1eadt G\u00d3C LI\u00caN HO\u00c0N INOX H\u1ed8P 304 M\u1ede TR\u00c1I V\u00c0 PH\u1ea2I RAY GI\u1ea2M CH\u1ea4N<\/h3>\n<p>&nbsp;<\/p>\n<table width=\"676\">\n<tbody>\n<tr>\n<td rowspan=\"2\" width=\"107\"><em><strong>M\u00e3 s\u1ea3n ph\u1ea9m<\/strong><\/em><\/td>\n<td colspan=\"3\" width=\"282\"><em><strong>K\u00edch th\u01b0\u1edbc sa\u0309n ph\u00e2\u0309m (th\u00f4ng th\u1ee7y)<\/strong><\/em><\/td>\n<td rowspan=\"2\" width=\"166\"><em><strong>Ki\u0301ch th\u01b0\u01a1\u0301c khoang t\u1ee7 (ph\u1ee7 b\u00ec)<\/strong><\/em><\/td>\n<td rowspan=\"2\" width=\"121\"><em><strong>\u0110\u01a1n gi\u00e1\u00a0<\/strong><\/em><\/td>\n<\/tr>\n<tr>\n<td width=\"94\"><\/td>\n<td width=\"94\"><\/td>\n<td width=\"94\"><\/td>\n<\/tr>\n<tr>\n<td width=\"107\"><strong>SM 015D \u2013 L<\/strong><\/td>\n<td width=\"94\"><\/td>\n<td width=\"94\">900-1000<\/td>\n<td width=\"94\"><\/td>\n<td width=\"166\">450<\/td>\n<td rowspan=\"7\" width=\"121\"><\/td>\n<\/tr>\n<tr>\n<td width=\"107\"><strong>SM 015D \u2013 R<\/strong><\/td>\n<td width=\"94\"><\/td>\n<td width=\"94\">900-1000<\/td>\n<td width=\"94\"><\/td>\n<td width=\"166\">450<\/td>\n<\/tr>\n<\/tbody>\n<\/table>\n","protected":false},"excerpt":{"rendered":"<p>G\u00d3C LI\u00caN HO\u00c0N INOX H\u1ed8P 304 M\u1ede TR\u00c1I V\u00c0 PH\u1ea2I RAY GI\u1ea2M CH\u1ea4N<\/p>\n<p><span style=\"color: #ff0000;\">M\u00e3:\u00a0<\/span><span class=\"sku\"><span style=\"color: #ff0000;\">SM 015E &#8211; L, SM 015E &#8211; R<\/span>\u00a0 \/\u00a0<span style=\"color: #00ff00;\"> 11.200.000VND<\/span><\/span><\/p>\n","protected":false},"featured_media":629,"comment_status":"open","ping_status":"closed","template":"","meta":{"_eb_attr":""},"product_cat":[102,251],"product_tag":[213],"_links":{"self":[{"href":"https:\/\/tannoithat.com\/index.php\/wp-json\/wp\/v2\/product\/628"}],"collection":[{"href":"https:\/\/tannoithat.com\/index.php\/wp-json\/wp\/v2\/product"}],"about":[{"href":"https:\/\/tannoithat.com\/index.php\/wp-json\/wp\/v2\/types\/product"}],"replies":[{"embeddable":true,"href":"https:\/\/tannoithat.com\/index.php\/wp-json\/wp\/v2\/comments?post=628"}],"wp:featuredmedia":[{"embeddable":true,"href":"https:\/\/tannoithat.com\/index.php\/wp-json\/wp\/v2\/media\/629"}],"wp:attachment":[{"href":"https:\/\/tannoithat.com\/index.php\/wp-json\/wp\/v2\/media?parent=628"}],"wp:term":[{"taxonomy":"product_cat","embeddable":true,"href":"https:\/\/tannoithat.com\/index.php\/wp-json\/wp\/v2\/product_cat?post=628"},{"taxonomy":"product_tag","embeddable":true,"href":"https:\/\/tannoithat.com\/index.php\/wp-json\/wp\/v2\/product_tag?post=628"}],"curies":[{"name":"wp","href":"https:\/\/api.w.org\/{rel}","templated":true}]}}