{"id":646,"date":"2023-12-26T15:46:11","date_gmt":"2023-12-26T08:46:11","guid":{"rendered":"https:\/\/tannoithat.com\/?post_type=product&#038;p=646"},"modified":"2024-01-15T15:27:00","modified_gmt":"2024-01-15T08:27:00","slug":"thung-gao-mat-guong-2024","status":"publish","type":"product","link":"https:\/\/tannoithat.com\/index.php\/product\/thung-gao-mat-guong-2024\/","title":{"rendered":"TH\u00d9NG G\u1ea0O M\u1eb6T G\u01af\u01a0NG 2024"},"content":{"rendered":"\n\n<div class=\"kk-star-ratings kksr-auto kksr-align-left kksr-valign-top\"\n    data-payload='{&quot;align&quot;:&quot;left&quot;,&quot;id&quot;:&quot;646&quot;,&quot;slug&quot;:&quot;default&quot;,&quot;valign&quot;:&quot;top&quot;,&quot;ignore&quot;:&quot;&quot;,&quot;reference&quot;:&quot;auto&quot;,&quot;class&quot;:&quot;&quot;,&quot;count&quot;:&quot;0&quot;,&quot;legendonly&quot;:&quot;&quot;,&quot;readonly&quot;:&quot;&quot;,&quot;score&quot;:&quot;0&quot;,&quot;starsonly&quot;:&quot;&quot;,&quot;best&quot;:&quot;5&quot;,&quot;gap&quot;:&quot;5&quot;,&quot;greet&quot;:&quot;Rate this product&quot;,&quot;legend&quot;:&quot;0\\\/5 - (0 b\u00ecnh ch\u1ecdn)&quot;,&quot;size&quot;:&quot;24&quot;,&quot;title&quot;:&quot;TH\u00d9NG G\u1ea0O M\u1eb6T G\u01af\u01a0NG 2024&quot;,&quot;width&quot;:&quot;0&quot;,&quot;_legend&quot;:&quot;{score}\\\/{best} - ({count} {votes})&quot;,&quot;font_factor&quot;:&quot;1.25&quot;}'>\n            \n<div class=\"kksr-stars\">\n    \n<div class=\"kksr-stars-inactive\">\n            <div class=\"kksr-star\" data-star=\"1\" style=\"padding-right: 5px\">\n            \n\n<div class=\"kksr-icon\" style=\"width: 24px; height: 24px;\"><\/div>\n        <\/div>\n            <div class=\"kksr-star\" data-star=\"2\" style=\"padding-right: 5px\">\n            \n\n<div class=\"kksr-icon\" style=\"width: 24px; height: 24px;\"><\/div>\n        <\/div>\n            <div class=\"kksr-star\" data-star=\"3\" style=\"padding-right: 5px\">\n            \n\n<div class=\"kksr-icon\" style=\"width: 24px; height: 24px;\"><\/div>\n        <\/div>\n            <div class=\"kksr-star\" data-star=\"4\" style=\"padding-right: 5px\">\n            \n\n<div class=\"kksr-icon\" style=\"width: 24px; height: 24px;\"><\/div>\n        <\/div>\n            <div class=\"kksr-star\" data-star=\"5\" style=\"padding-right: 5px\">\n            \n\n<div class=\"kksr-icon\" style=\"width: 24px; height: 24px;\"><\/div>\n        <\/div>\n    <\/div>\n    \n<div class=\"kksr-stars-active\" style=\"width: 0px;\">\n            <div class=\"kksr-star\" style=\"padding-right: 5px\">\n            \n\n<div class=\"kksr-icon\" style=\"width: 24px; height: 24px;\"><\/div>\n        <\/div>\n            <div class=\"kksr-star\" style=\"padding-right: 5px\">\n            \n\n<div class=\"kksr-icon\" style=\"width: 24px; height: 24px;\"><\/div>\n        <\/div>\n            <div class=\"kksr-star\" style=\"padding-right: 5px\">\n            \n\n<div class=\"kksr-icon\" style=\"width: 24px; height: 24px;\"><\/div>\n        <\/div>\n            <div class=\"kksr-star\" style=\"padding-right: 5px\">\n            \n\n<div class=\"kksr-icon\" style=\"width: 24px; height: 24px;\"><\/div>\n        <\/div>\n            <div class=\"kksr-star\" style=\"padding-right: 5px\">\n            \n\n<div class=\"kksr-icon\" style=\"width: 24px; height: 24px;\"><\/div>\n        <\/div>\n    <\/div>\n<\/div>\n                \n\n<div class=\"kksr-legend\" style=\"font-size: 19.2px;\">\n            <span class=\"kksr-muted\">Rate this product<\/span>\n    <\/div>\n    <\/div>\n<h1><a href=\"https:\/\/tannoithat.com\/index.php\/product-category\/phu-kien\/thung-gao\/\"><strong>Th\u00f9ng g\u1ea1o m\u1eb7t g\u01b0\u01a1ng 2024:<\/strong><\/a><\/h1>\n<p><strong>L<\/strong>\u00e0 s\u1ea3n ph\u1ea9m c\u00f3 thi\u1ebft k\u1ebf b\u1eaft m\u1eaft sang tr\u1ecdng v\u1edbi m\u1eb7t tr\u00e1ng g\u01b0\u01a1ng n\u1ed5i b\u1eadt l\u00ean v\u1ebb hi\u1ec7n \u0111\u1ea1i cho kh\u00f4ng gian b\u1ebfp nh\u00e0 b\u1ea1n<\/p>\n<h2><a href=\"https:\/\/www.facebook.com\/noithatbeptnt\" target=\"_blank\" rel=\"noopener\"><strong>Th\u00f9ng g\u1ea1o m\u1eb7t g\u01b0\u01a1ng 2024 <\/strong><strong>SMARTKIT s\u1eed d\u1ee5ng Inox 304<\/strong><\/a><\/h2>\n<p>D\u00f2ng Inox 304 s\u1ebd \u0111\u01b0\u1ee3c SMARTKIT ch\u1ecdn l\u1ecdc nguy\u00ean li\u1ec7u \u0111\u1ea7u v\u00e0o m\u1ed9t c\u00e1ch k\u1ef9 c\u00e0ng v\u00e0 c\u1ea9n th\u1eadn. Qua nhi\u1ec1u kh\u00e2u ki\u1ec3m nghi\u1ec7m v\u00e0 s\u00e0ng l\u1ecdc \u0111em \u0111\u1ebfn m\u1ed9t s\u1ea3n ph\u1ea9m ch\u1ea5t l\u01b0\u1ee3ng, kh\u00f4ng c\u00f3 ch\u1ea5t \u0111\u1ed9c h\u1ea1i v\u1edbi c\u00f4ng ngh\u1ec7 h\u00e0n m\u1edbi mang l\u1ea1i nhi\u1ec1u \u01b0u \u0111i\u1ec3m cho d\u1ee5ng c\u1ee5.<\/p>\n<p>Ch\u1ea5t li\u1ec7u Inox 304 \u0111\u01b0\u1ee3c thi\u1ebft k\u1ebf theo quy tr\u00ecnh kh\u00f4ng xi m\u1ea1 \u0111\u00e1nh m\u00e0 s\u1ebd s\u1eed d\u1ee5ng c\u00f4ng ngh\u1ec7 \u0111\u00e1nh b\u00f3ng b\u1ec1 m\u1eb7t hi\u1ec7n th\u00e2n \u0111\u1ec3 gi\u1eef l\u1ea1i \u0111\u1ed9c \u0111\u00e1o c\u1ee7a Inox 304 hi\u1ec7n \u0111\u1ea1i, SMARTKIT cho ra \u0111\u1eddi gi\u00e1 \u0111\u1ec3 xoong n\u1ed3i, b\u00e1t \u0111\u0129a t\u1ee7 d\u01b0\u1edbi \u0111\u1eb9p m\u1eaft v\u00e0 t\u1ec9 m\u1ec9 \u0111\u1ebfn t\u1eebng chi ti\u1ebft nh\u1ecf. V\u1eadt li\u1ec7u kh\u00f4ng ch\u01b0a ch\u1ea5t \u0111\u1ed9c h\u1ea1i n\u00ean v\u00f4 c\u00f9ng th\u00e2n thi\u1ec7n v\u1edbi m\u00f4i tr\u01b0\u1eddng v\u00e0 ng\u01b0\u1eddi s\u1eed d\u1ee5ng. \u0110\u1ed3ng th\u1eddi, s\u1ea3n ph\u1ea9m r\u1ea5t b\u1ec1n b\u1ec9 c\u00f3 th\u1ec3 s\u1eed d\u1ee5ng trong th\u1eddi gian d\u00e0i gi\u00fap ng\u01b0\u1eddi d\u00f9ng ti\u1ebft ki\u1ec7m \u0111\u01b0\u1ee3c nhi\u1ec1u chi ph\u00ed.<\/p>\n<h3><em>C\u00e1c \u01b0u \u0111i\u1ec3m<\/em><strong><em>\u00a0Th\u00f9ng \u0111\u1ef1ng g\u1ea1o<\/em><\/strong><strong><em>\u00a0SMARTKIT<\/em><\/strong><\/h3>\n<ul>\n<li>K\u00edch th\u01b0\u1edbc ph\u00f9 h\u1ee3p v\u1edbi h\u1ea7u h\u1ebft c\u0103n b\u1ebfp.<\/li>\n<li>V\u1eadt li\u1ec7u ch\u1ecdn l\u1ecdc th\u00e9p kh\u00f4ng g\u1ec9 Inox 304.<\/li>\n<li>C\u00f3 b\u1ed9 ray gi\u1ea3m ch\u1ea5n b\u1eaft d\u01b0\u1edbi m\u1eb7t t\u1ee7 gi\u1ea3m ti\u1ebfng \u1ed3n khi k\u00e9o.<\/li>\n<li>C\u00f3 s\u1ee9c ch\u1ee9a 15kg.<\/li>\n<li>T\u00ednh th\u1ea9m m\u0129 cao.<\/li>\n<li>M\u1eb7t ch\u00ednh tr\u00e1ng g\u01b0\u01a1ng t\u0103ng t\u00ednh hi\u1ec7n \u0111\u1ea1i.<\/li>\n<li>D\u1ec5 d\u00e0ng lau ch\u00f9i.<\/li>\n<li>B\u1ea3o h\u00e0nh 12 th\u00e1ng.<\/li>\n<\/ul>\n<p><em>H\u00ecnh \u1ea3nh c\u1ee7a s\u1ea3n ph\u1ea9m:<\/em><\/p>\n<p><img fetchpriority=\"high\" decoding=\"async\" class=\"wp-image-9831 aligncenter lazy-load-active\" src=\"https:\/\/smartkit.vn\/wp-content\/uploads\/JB029.C1-300x160.png\" sizes=\"(max-width: 409px) 100vw, 409px\" srcset=\"https:\/\/smartkit.vn\/wp-content\/uploads\/JB029.C1-300x160.png 300w, https:\/\/smartkit.vn\/wp-content\/uploads\/JB029.C1-510x271.png 510w, https:\/\/smartkit.vn\/wp-content\/uploads\/JB029.C1.png 598w\" alt=\"\" width=\"409\" height=\"218\" data-src=\"https:\/\/smartkit.vn\/wp-content\/uploads\/JB029.C1-300x160.png\" data-srcset=\"https:\/\/smartkit.vn\/wp-content\/uploads\/JB029.C1-300x160.png 300w, https:\/\/smartkit.vn\/wp-content\/uploads\/JB029.C1-510x271.png 510w, https:\/\/smartkit.vn\/wp-content\/uploads\/JB029.C1.png 598w\" \/><\/p>\n<p><em>Th\u00f9ng g\u1ea1o m\u1eb7t g\u01b0\u01a1ng \u0111\u00f4i, m\u00e3: JB 029.C1<\/em><\/p>\n<p>&nbsp;<\/p>\n<p><img decoding=\"async\" class=\"wp-image-9833 aligncenter lazy-load-active\" src=\"https:\/\/smartkit.vn\/wp-content\/uploads\/JB029B.png\" alt=\"\" width=\"256\" height=\"317\" data-src=\"https:\/\/smartkit.vn\/wp-content\/uploads\/JB029B.png\" \/><\/p>\n<p><em>Th\u00f9ng g\u1ea1o m\u1eb7t g\u01b0\u01a1ng \u0111en, m\u00e3: JB 029B<\/em><\/p>\n<p><img decoding=\"async\" class=\"wp-image-9832 aligncenter lazy-load-active\" src=\"https:\/\/smartkit.vn\/wp-content\/uploads\/JB029A1.png\" alt=\"\" width=\"244\" height=\"303\" data-src=\"https:\/\/smartkit.vn\/wp-content\/uploads\/JB029A1.png\" \/><\/p>\n<p><em>Th\u00f9ng g\u1ea1o m\u1eb7t g\u01b0\u01a1ng tr\u1eafng, m\u00e3: JB 029A1<\/em><\/p>\n<h4>Th\u00f4ng s\u1ed1 k\u0129 thu\u1eadt Th\u00f9ng g\u1ea1o m\u1eb7t g\u01b0\u01a1ng 2024 SMARTKIT<\/h4>\n<p>&nbsp;<\/p>\n<table width=\"676\">\n<tbody>\n<tr>\n<td rowspan=\"2\" width=\"107\"><em><strong>M\u00e3 s\u1ea3n ph\u1ea9m<\/strong><\/em><\/td>\n<td colspan=\"3\" width=\"282\"><em><strong>K\u00edch th\u01b0\u1edbc sa\u0309n ph\u00e2\u0309m (th\u00f4ng th\u1ee7y)<\/strong><\/em><\/td>\n<td rowspan=\"2\" width=\"166\"><em><strong>Ki\u0301ch th\u01b0\u01a1\u0301c khoang t\u1ee7 (ph\u1ee7 b\u00ec)<\/strong><\/em><\/td>\n<td rowspan=\"2\" width=\"121\"><em><strong>\u0110\u01a1n gi\u00e1\u00a0<\/strong><\/em><\/td>\n<\/tr>\n<tr>\n<td width=\"94\"><strong>Ngang (r\u1ed9ng)<\/strong><\/td>\n<td width=\"94\"><strong>S\u00e2u<\/strong><\/td>\n<td width=\"94\"><strong>Cao<\/strong><\/td>\n<\/tr>\n<tr>\n<td width=\"123\"><b>JB 029.C1<\/b><\/td>\n<td width=\"94\">250<\/td>\n<td width=\"94\">450<\/td>\n<td width=\"94\">650<\/td>\n<td width=\"166\">300<\/td>\n<td rowspan=\"7\" width=\"121\"><\/td>\n<\/tr>\n<tr>\n<td width=\"123\"><\/td>\n<td width=\"94\"><\/td>\n<td width=\"94\"><\/td>\n<td width=\"94\"><\/td>\n<td width=\"166\"><\/td>\n<\/tr>\n<tr>\n<td width=\"123\"><b>JB 029B<\/b><\/td>\n<td width=\"94\">250<\/td>\n<td width=\"94\">450<\/td>\n<td width=\"94\">650<\/td>\n<td width=\"166\">300<\/td>\n<\/tr>\n<tr>\n<td width=\"123\"><b>JB 029A1-304 INOX<\/b><\/td>\n<td width=\"94\">250<\/td>\n<td width=\"94\">450<\/td>\n<td width=\"94\">650<\/td>\n<td width=\"166\">300<\/td>\n<\/tr>\n<\/tbody>\n<\/table>\n","protected":false},"excerpt":{"rendered":"<p>TH\u00d9NG G\u1ea0O M\u1eb6T G\u01af\u01a0NG 2024<\/p>\n<p><span style=\"color: #ff0000;\">M\u00e3:\u00a0<\/span><span class=\"sku\"><span style=\"color: #ff0000;\">JB 029.C1<\/span> &#8211; <span style=\"color: #00ff00;\">3.600.000VND<\/span><\/span><\/p>\n","protected":false},"featured_media":647,"comment_status":"open","ping_status":"closed","template":"","meta":{"_eb_attr":""},"product_cat":[251,221],"product_tag":[223],"_links":{"self":[{"href":"https:\/\/tannoithat.com\/index.php\/wp-json\/wp\/v2\/product\/646"}],"collection":[{"href":"https:\/\/tannoithat.com\/index.php\/wp-json\/wp\/v2\/product"}],"about":[{"href":"https:\/\/tannoithat.com\/index.php\/wp-json\/wp\/v2\/types\/product"}],"replies":[{"embeddable":true,"href":"https:\/\/tannoithat.com\/index.php\/wp-json\/wp\/v2\/comments?post=646"}],"wp:featuredmedia":[{"embeddable":true,"href":"https:\/\/tannoithat.com\/index.php\/wp-json\/wp\/v2\/media\/647"}],"wp:attachment":[{"href":"https:\/\/tannoithat.com\/index.php\/wp-json\/wp\/v2\/media?parent=646"}],"wp:term":[{"taxonomy":"product_cat","embeddable":true,"href":"https:\/\/tannoithat.com\/index.php\/wp-json\/wp\/v2\/product_cat?post=646"},{"taxonomy":"product_tag","embeddable":true,"href":"https:\/\/tannoithat.com\/index.php\/wp-json\/wp\/v2\/product_tag?post=646"}],"curies":[{"name":"wp","href":"https:\/\/api.w.org\/{rel}","templated":true}]}}