{"id":651,"date":"2023-12-26T15:55:47","date_gmt":"2023-12-26T08:55:47","guid":{"rendered":"https:\/\/tannoithat.com\/?post_type=product&#038;p=651"},"modified":"2024-01-15T15:22:15","modified_gmt":"2024-01-15T08:22:15","slug":"thung-rac-canh-mo-2024","status":"publish","type":"product","link":"https:\/\/tannoithat.com\/index.php\/product\/thung-rac-canh-mo-2024\/","title":{"rendered":"TH\u00d9NG R\u00c1C C\u00c1NH M\u1ede 2024"},"content":{"rendered":"\n\n<div class=\"kk-star-ratings kksr-auto kksr-align-left kksr-valign-top\"\n    data-payload='{&quot;align&quot;:&quot;left&quot;,&quot;id&quot;:&quot;651&quot;,&quot;slug&quot;:&quot;default&quot;,&quot;valign&quot;:&quot;top&quot;,&quot;ignore&quot;:&quot;&quot;,&quot;reference&quot;:&quot;auto&quot;,&quot;class&quot;:&quot;&quot;,&quot;count&quot;:&quot;0&quot;,&quot;legendonly&quot;:&quot;&quot;,&quot;readonly&quot;:&quot;&quot;,&quot;score&quot;:&quot;0&quot;,&quot;starsonly&quot;:&quot;&quot;,&quot;best&quot;:&quot;5&quot;,&quot;gap&quot;:&quot;5&quot;,&quot;greet&quot;:&quot;Rate this product&quot;,&quot;legend&quot;:&quot;0\\\/5 - (0 b\u00ecnh ch\u1ecdn)&quot;,&quot;size&quot;:&quot;24&quot;,&quot;title&quot;:&quot;TH\u00d9NG R\u00c1C C\u00c1NH M\u1ede 2024&quot;,&quot;width&quot;:&quot;0&quot;,&quot;_legend&quot;:&quot;{score}\\\/{best} - ({count} {votes})&quot;,&quot;font_factor&quot;:&quot;1.25&quot;}'>\n            \n<div class=\"kksr-stars\">\n    \n<div class=\"kksr-stars-inactive\">\n            <div class=\"kksr-star\" data-star=\"1\" style=\"padding-right: 5px\">\n            \n\n<div class=\"kksr-icon\" style=\"width: 24px; height: 24px;\"><\/div>\n        <\/div>\n            <div class=\"kksr-star\" data-star=\"2\" style=\"padding-right: 5px\">\n            \n\n<div class=\"kksr-icon\" style=\"width: 24px; height: 24px;\"><\/div>\n        <\/div>\n            <div class=\"kksr-star\" data-star=\"3\" style=\"padding-right: 5px\">\n            \n\n<div class=\"kksr-icon\" style=\"width: 24px; height: 24px;\"><\/div>\n        <\/div>\n            <div class=\"kksr-star\" data-star=\"4\" style=\"padding-right: 5px\">\n            \n\n<div class=\"kksr-icon\" style=\"width: 24px; height: 24px;\"><\/div>\n        <\/div>\n            <div class=\"kksr-star\" data-star=\"5\" style=\"padding-right: 5px\">\n            \n\n<div class=\"kksr-icon\" style=\"width: 24px; height: 24px;\"><\/div>\n        <\/div>\n    <\/div>\n    \n<div class=\"kksr-stars-active\" style=\"width: 0px;\">\n            <div class=\"kksr-star\" style=\"padding-right: 5px\">\n            \n\n<div class=\"kksr-icon\" style=\"width: 24px; height: 24px;\"><\/div>\n        <\/div>\n            <div class=\"kksr-star\" style=\"padding-right: 5px\">\n            \n\n<div class=\"kksr-icon\" style=\"width: 24px; height: 24px;\"><\/div>\n        <\/div>\n            <div class=\"kksr-star\" style=\"padding-right: 5px\">\n            \n\n<div class=\"kksr-icon\" style=\"width: 24px; height: 24px;\"><\/div>\n        <\/div>\n            <div class=\"kksr-star\" style=\"padding-right: 5px\">\n            \n\n<div class=\"kksr-icon\" style=\"width: 24px; height: 24px;\"><\/div>\n        <\/div>\n            <div class=\"kksr-star\" style=\"padding-right: 5px\">\n            \n\n<div class=\"kksr-icon\" style=\"width: 24px; height: 24px;\"><\/div>\n        <\/div>\n    <\/div>\n<\/div>\n                \n\n<div class=\"kksr-legend\" style=\"font-size: 19.2px;\">\n            <span class=\"kksr-muted\">Rate this product<\/span>\n    <\/div>\n    <\/div>\n<h1><strong><a href=\"http:\/\/TH\u00d9NG R\u00c1C C\u00c1NH M\u1ede 2024\">th\u00f9ng r\u00e1c c\u00e1nh m\u1edf 2024:<\/a> <\/strong><\/h1>\n<p><strong>L<\/strong>\u00e0 s\u1ea3n ph\u1ea9m c\u1ea7n thi\u1ebft trong m\u1ed7i ph\u00f2ng b\u1ebfp c\u1ee7a t\u1eebng h\u1ed9 gia \u0111\u00ecnh, th\u00f9ng r\u00e1c c\u00f3 th\u1ec3 \u0111\u1ef1ng r\u00e1c t\u1edbi 10 kg. <a href=\"https:\/\/tannoithat.com\/index.php\/product-category\/thiet-bi-nha-bep-2\/thiet-bi-nha-bep\/bep-tu\/\">Th\u00f9ng l\u00e0m b\u1eb1ng nh\u1ef1a cao c\u1ea5p<\/a>, g\u1eafn v\u00e0o c\u00e1nh c\u1eeda t\u1ee7 b\u1ebfp d\u01b0\u1edbi.<\/p>\n<p><em>H\u00ecnh \u1ea3nh c\u1ee7a s\u1ea3n ph\u1ea9m:<\/em><\/p>\n<p><img fetchpriority=\"high\" decoding=\"async\" class=\"alignnone size-medium wp-image-9858 lazy-load-active\" src=\"https:\/\/smartkit.vn\/wp-content\/uploads\/SM052-300x256.png\" sizes=\"(max-width: 300px) 100vw, 300px\" srcset=\"https:\/\/smartkit.vn\/wp-content\/uploads\/SM052-300x256.png 300w, https:\/\/smartkit.vn\/wp-content\/uploads\/SM052.png 369w\" alt=\"\" width=\"300\" height=\"256\" data-src=\"https:\/\/smartkit.vn\/wp-content\/uploads\/SM052-300x256.png\" data-srcset=\"https:\/\/smartkit.vn\/wp-content\/uploads\/SM052-300x256.png 300w, https:\/\/smartkit.vn\/wp-content\/uploads\/SM052.png 369w\" \/><\/p>\n<p><em>Th\u00f9ng r\u00e1c c\u00e1nh m\u1edf, m\u00e3 s\u1ed1 : SM 052<\/em><\/p>\n<p>&nbsp;<\/p>\n<p><img decoding=\"async\" class=\"size-medium wp-image-9860 aligncenter lazy-load-active\" src=\"https:\/\/smartkit.vn\/wp-content\/uploads\/SM67-300x274.png\" sizes=\"(max-width: 300px) 100vw, 300px\" srcset=\"https:\/\/smartkit.vn\/wp-content\/uploads\/SM67-300x274.png 300w, https:\/\/smartkit.vn\/wp-content\/uploads\/SM67.png 393w\" alt=\"\" width=\"300\" height=\"274\" data-src=\"https:\/\/smartkit.vn\/wp-content\/uploads\/SM67-300x274.png\" data-srcset=\"https:\/\/smartkit.vn\/wp-content\/uploads\/SM67-300x274.png 300w, https:\/\/smartkit.vn\/wp-content\/uploads\/SM67.png 393w\" \/><\/p>\n<p><em>Th\u00f9ng r\u00e1c c\u00e1nh m\u1edf, m\u00e3 s\u1ed1 : SM 067<\/em><\/p>\n<h2><a href=\"https:\/\/www.facebook.com\/noithatbeptnt\" target=\"_blank\" rel=\"noopener\">Th\u00f4ng s\u1ed1 k\u0129 thu\u1eadt Th\u00f9ng r\u00e1c c\u00e1nh m\u1edf SMARTKIT<\/a><\/h2>\n<table width=\"676\">\n<tbody>\n<tr>\n<td rowspan=\"2\" width=\"107\"><em><strong>M\u00e3 s\u1ea3n ph\u1ea9m<\/strong><\/em><\/td>\n<td colspan=\"3\" width=\"282\"><em><strong>K\u00edch th\u01b0\u1edbc sa\u0309n ph\u00e2\u0309m (th\u00f4ng th\u1ee7y)<\/strong><\/em><\/td>\n<td rowspan=\"2\" width=\"166\"><em><strong>Ki\u0301ch th\u01b0\u01a1\u0301c khoang t\u1ee7 (ph\u1ee7 b\u00ec)<\/strong><\/em><\/td>\n<td rowspan=\"2\" width=\"121\"><em><strong>\u0110\u01a1n gi\u00e1\u00a0<\/strong><\/em><\/td>\n<\/tr>\n<tr>\n<td width=\"94\"><strong>Ngang (r\u1ed9ng)<\/strong><\/td>\n<td width=\"94\"><strong>S\u00e2u<\/strong><\/td>\n<td width=\"94\"><strong>Cao<\/strong><\/td>\n<\/tr>\n<tr>\n<td width=\"123\"><b><span style=\"vertical-align: inherit;\"><span style=\"vertical-align: inherit;\">SM 052<\/span><\/span><\/b><\/td>\n<td width=\"94\">350<\/td>\n<td width=\"94\">400<\/td>\n<td width=\"94\"><span style=\"vertical-align: inherit;\"><span style=\"vertical-align: inherit;\">400<\/span><\/span><\/td>\n<td width=\"166\"><span style=\"vertical-align: inherit;\"><span style=\"vertical-align: inherit;\">400<\/span><\/span><\/td>\n<td rowspan=\"7\" width=\"121\"><\/td>\n<\/tr>\n<tr>\n<td width=\"123\"><b><span style=\"vertical-align: inherit;\"><span style=\"vertical-align: inherit;\">SM 67<\/span><\/span><\/b><\/td>\n<td width=\"94\"><span style=\"vertical-align: inherit;\"><span style=\"vertical-align: inherit;\">350<\/span><\/span><\/td>\n<td width=\"94\"><span style=\"vertical-align: inherit;\"><span style=\"vertical-align: inherit;\">400<\/span><\/span><\/td>\n<td width=\"94\"><span style=\"vertical-align: inherit;\"><span style=\"vertical-align: inherit;\">400<\/span><\/span><\/td>\n<td width=\"166\"><span style=\"vertical-align: inherit;\"><span style=\"vertical-align: inherit;\">400<\/span><\/span><\/td>\n<\/tr>\n<\/tbody>\n<\/table>\n","protected":false},"excerpt":{"rendered":"<p>TH\u00d9NG R\u00c1C C\u00c1NH M\u1ede 2024<\/p>\n<p><span style=\"color: #ff0000;\">M\u00e3:\u00a0<\/span><span class=\"sku\"><span style=\"color: #ff0000;\">SM 052, SM 67<\/span> &#8211; <span style=\"color: #00ff00;\">1.500.000VND\/ 1.000.000VND<\/span><\/span><\/p>\n","protected":false},"featured_media":652,"comment_status":"open","ping_status":"closed","template":"","meta":{"_eb_attr":""},"product_cat":[251,222],"product_tag":[225,281],"_links":{"self":[{"href":"https:\/\/tannoithat.com\/index.php\/wp-json\/wp\/v2\/product\/651"}],"collection":[{"href":"https:\/\/tannoithat.com\/index.php\/wp-json\/wp\/v2\/product"}],"about":[{"href":"https:\/\/tannoithat.com\/index.php\/wp-json\/wp\/v2\/types\/product"}],"replies":[{"embeddable":true,"href":"https:\/\/tannoithat.com\/index.php\/wp-json\/wp\/v2\/comments?post=651"}],"wp:featuredmedia":[{"embeddable":true,"href":"https:\/\/tannoithat.com\/index.php\/wp-json\/wp\/v2\/media\/652"}],"wp:attachment":[{"href":"https:\/\/tannoithat.com\/index.php\/wp-json\/wp\/v2\/media?parent=651"}],"wp:term":[{"taxonomy":"product_cat","embeddable":true,"href":"https:\/\/tannoithat.com\/index.php\/wp-json\/wp\/v2\/product_cat?post=651"},{"taxonomy":"product_tag","embeddable":true,"href":"https:\/\/tannoithat.com\/index.php\/wp-json\/wp\/v2\/product_tag?post=651"}],"curies":[{"name":"wp","href":"https:\/\/api.w.org\/{rel}","templated":true}]}}