{"id":653,"date":"2023-12-26T15:58:21","date_gmt":"2023-12-26T08:58:21","guid":{"rendered":"https:\/\/tannoithat.com\/?post_type=product&#038;p=653"},"modified":"2024-01-15T15:19:39","modified_gmt":"2024-01-15T08:19:39","slug":"thung-rac-co-ray-truot-2024","status":"publish","type":"product","link":"https:\/\/tannoithat.com\/index.php\/product\/thung-rac-co-ray-truot-2024\/","title":{"rendered":"TH\u00d9NG R\u00c1C C\u00d3 RAY TR\u01af\u1ee2T 2024"},"content":{"rendered":"\n\n<div class=\"kk-star-ratings kksr-auto kksr-align-left kksr-valign-top\"\n    data-payload='{&quot;align&quot;:&quot;left&quot;,&quot;id&quot;:&quot;653&quot;,&quot;slug&quot;:&quot;default&quot;,&quot;valign&quot;:&quot;top&quot;,&quot;ignore&quot;:&quot;&quot;,&quot;reference&quot;:&quot;auto&quot;,&quot;class&quot;:&quot;&quot;,&quot;count&quot;:&quot;0&quot;,&quot;legendonly&quot;:&quot;&quot;,&quot;readonly&quot;:&quot;&quot;,&quot;score&quot;:&quot;0&quot;,&quot;starsonly&quot;:&quot;&quot;,&quot;best&quot;:&quot;5&quot;,&quot;gap&quot;:&quot;5&quot;,&quot;greet&quot;:&quot;Rate this product&quot;,&quot;legend&quot;:&quot;0\\\/5 - (0 b\u00ecnh ch\u1ecdn)&quot;,&quot;size&quot;:&quot;24&quot;,&quot;title&quot;:&quot;TH\u00d9NG R\u00c1C C\u00d3 RAY TR\u01af\u1ee2T 2024&quot;,&quot;width&quot;:&quot;0&quot;,&quot;_legend&quot;:&quot;{score}\\\/{best} - ({count} {votes})&quot;,&quot;font_factor&quot;:&quot;1.25&quot;}'>\n            \n<div class=\"kksr-stars\">\n    \n<div class=\"kksr-stars-inactive\">\n            <div class=\"kksr-star\" data-star=\"1\" style=\"padding-right: 5px\">\n            \n\n<div class=\"kksr-icon\" style=\"width: 24px; height: 24px;\"><\/div>\n        <\/div>\n            <div class=\"kksr-star\" data-star=\"2\" style=\"padding-right: 5px\">\n            \n\n<div class=\"kksr-icon\" style=\"width: 24px; height: 24px;\"><\/div>\n        <\/div>\n            <div class=\"kksr-star\" data-star=\"3\" style=\"padding-right: 5px\">\n            \n\n<div class=\"kksr-icon\" style=\"width: 24px; height: 24px;\"><\/div>\n        <\/div>\n            <div class=\"kksr-star\" data-star=\"4\" style=\"padding-right: 5px\">\n            \n\n<div class=\"kksr-icon\" style=\"width: 24px; height: 24px;\"><\/div>\n        <\/div>\n            <div class=\"kksr-star\" data-star=\"5\" style=\"padding-right: 5px\">\n            \n\n<div class=\"kksr-icon\" style=\"width: 24px; height: 24px;\"><\/div>\n        <\/div>\n    <\/div>\n    \n<div class=\"kksr-stars-active\" style=\"width: 0px;\">\n            <div class=\"kksr-star\" style=\"padding-right: 5px\">\n            \n\n<div class=\"kksr-icon\" style=\"width: 24px; height: 24px;\"><\/div>\n        <\/div>\n            <div class=\"kksr-star\" style=\"padding-right: 5px\">\n            \n\n<div class=\"kksr-icon\" style=\"width: 24px; height: 24px;\"><\/div>\n        <\/div>\n            <div class=\"kksr-star\" style=\"padding-right: 5px\">\n            \n\n<div class=\"kksr-icon\" style=\"width: 24px; height: 24px;\"><\/div>\n        <\/div>\n            <div class=\"kksr-star\" style=\"padding-right: 5px\">\n            \n\n<div class=\"kksr-icon\" style=\"width: 24px; height: 24px;\"><\/div>\n        <\/div>\n            <div class=\"kksr-star\" style=\"padding-right: 5px\">\n            \n\n<div class=\"kksr-icon\" style=\"width: 24px; height: 24px;\"><\/div>\n        <\/div>\n    <\/div>\n<\/div>\n                \n\n<div class=\"kksr-legend\" style=\"font-size: 19.2px;\">\n            <span class=\"kksr-muted\">Rate this product<\/span>\n    <\/div>\n    <\/div>\n<h1><a href=\"https:\/\/tannoithat.com\/index.php\/product\/treo-ly-va-ruou-quay-bar\/\"><strong>Th\u00f9ng r\u00e1c c\u00f3 ray tr\u01b0\u1ee3t<\/strong><\/a><\/h1>\n<p><strong>\u00a0<\/strong>l\u00e0 s\u1ea3n ph\u1ea9m c\u1ea7n thi\u1ebft trong m\u1ed7i ph\u00f2ng b\u1ebfp c\u1ee7a t\u1eebng h\u1ed9 gia \u0111\u00ecnh, th\u00f9ng r\u00e1c c\u00f3 th\u1ec3 \u0111\u1ef1ng r\u00e1c t\u1edbi 10 kg. Th\u00f9ng l\u00e0m b\u1eb1ng nh\u1ef1a cao c\u1ea5p, c\u00f3 ray tr\u01b0\u1ee3t k\u00e9o ra v\u00e0o m\u1ed9t c\u00e1ch thu\u1eadn ti\u1ec7m. T\u00ednh th\u1ea9m m\u0129 cao, l\u00e0m sang tr\u1ecdng ph\u00f2ng b\u1ebfp gia \u0111\u00ecnh nh\u00e0 b\u1ea1n.<\/p>\n<p><em>H\u00ecnh \u1ea3nh c\u1ee7a s\u1ea3n ph\u1ea9m:<\/em><\/p>\n<p><img fetchpriority=\"high\" decoding=\"async\" class=\"alignnone wp-image-9857 lazy-load-active\" src=\"https:\/\/smartkit.vn\/wp-content\/uploads\/SM30A-300x162.png\" sizes=\"(max-width: 474px) 100vw, 474px\" srcset=\"https:\/\/smartkit.vn\/wp-content\/uploads\/SM30A-300x162.png 300w, https:\/\/smartkit.vn\/wp-content\/uploads\/SM30A-510x275.png 510w, https:\/\/smartkit.vn\/wp-content\/uploads\/SM30A.png 600w\" alt=\"\" width=\"474\" height=\"256\" data-src=\"https:\/\/smartkit.vn\/wp-content\/uploads\/SM30A-300x162.png\" data-srcset=\"https:\/\/smartkit.vn\/wp-content\/uploads\/SM30A-300x162.png 300w, https:\/\/smartkit.vn\/wp-content\/uploads\/SM30A-510x275.png 510w, https:\/\/smartkit.vn\/wp-content\/uploads\/SM30A.png 600w\" \/><\/p>\n<p><em>Th\u00f9ng r\u00e1c c\u00e1nh m\u1edf, m\u00e3 s\u1ed1 : SM 030A<\/em><\/p>\n<p>&nbsp;<\/p>\n<p><img decoding=\"async\" class=\"wp-image-9859 aligncenter lazy-load-active\" src=\"https:\/\/smartkit.vn\/wp-content\/uploads\/SM64-300x200.png\" sizes=\"(max-width: 392px) 100vw, 392px\" srcset=\"https:\/\/smartkit.vn\/wp-content\/uploads\/SM64-300x200.png 300w, https:\/\/smartkit.vn\/wp-content\/uploads\/SM64-510x339.png 510w, https:\/\/smartkit.vn\/wp-content\/uploads\/SM64.png 550w\" alt=\"\" width=\"392\" height=\"261\" data-src=\"https:\/\/smartkit.vn\/wp-content\/uploads\/SM64-300x200.png\" data-srcset=\"https:\/\/smartkit.vn\/wp-content\/uploads\/SM64-300x200.png 300w, https:\/\/smartkit.vn\/wp-content\/uploads\/SM64-510x339.png 510w, https:\/\/smartkit.vn\/wp-content\/uploads\/SM64.png 550w\" \/><\/p>\n<p><em>Th\u00f9ng r\u00e1c c\u00e1nh m\u1edf, m\u00e3 s\u1ed1 : SM 064<\/em><\/p>\n<h2><a href=\"https:\/\/www.facebook.com\/noithatbeptnt\" target=\"_blank\" rel=\"noopener\">Th\u00f4ng s\u1ed1 k\u0129 thu\u1eadt Th\u00f9ng r\u00e1c c\u00e1nh m\u1edf SMARTKIT<\/a><\/h2>\n<table width=\"676\">\n<tbody>\n<tr>\n<td rowspan=\"2\" width=\"107\"><em><strong>M\u00e3 s\u1ea3n ph\u1ea9m<\/strong><\/em><\/td>\n<td colspan=\"3\" width=\"282\"><em><strong>K\u00edch th\u01b0\u1edbc sa\u0309n ph\u00e2\u0309m (th\u00f4ng th\u1ee7y)<\/strong><\/em><\/td>\n<td rowspan=\"2\" width=\"166\"><em><strong>Ki\u0301ch th\u01b0\u01a1\u0301c khoang t\u1ee7 (ph\u1ee7 b\u00ec)<\/strong><\/em><\/td>\n<td rowspan=\"2\" width=\"121\"><em><strong>\u0110\u01a1n gi\u00e1\u00a0<\/strong><\/em><\/td>\n<\/tr>\n<tr>\n<td width=\"94\"><strong>Ngang (r\u1ed9ng)<\/strong><\/td>\n<td width=\"94\"><strong>S\u00e2u<\/strong><\/td>\n<td width=\"94\"><strong>Cao<\/strong><\/td>\n<\/tr>\n<tr>\n<td width=\"123\"><b>SM 052<\/b><\/td>\n<td width=\"94\">350<\/td>\n<td width=\"94\">400<\/td>\n<td width=\"94\">400<\/td>\n<td width=\"166\"><\/td>\n<td rowspan=\"7\" width=\"121\"><\/td>\n<\/tr>\n<tr>\n<td width=\"123\"><b>SM 67<\/b><\/td>\n<td width=\"94\">350<\/td>\n<td width=\"94\">400<\/td>\n<td width=\"94\">400<\/td>\n<td width=\"166\">400<\/td>\n<\/tr>\n<\/tbody>\n<\/table>\n","protected":false},"excerpt":{"rendered":"<p>TH\u00d9NG R\u00c1C C\u00d3 RAY TR\u01af\u1ee2T 2024<\/p>\n<p><span style=\"color: #ff0000;\">M\u00e3:\u00a0<\/span><span class=\"sku\"><span style=\"color: #ff0000;\">SM 30A, SM064<\/span> &#8211; <span style=\"color: #00ff00;\">1.800.000VND\/ 2.000.000VND<\/span><\/span><\/p>\n","protected":false},"featured_media":654,"comment_status":"open","ping_status":"closed","template":"","meta":{"_eb_attr":""},"product_cat":[251,222],"product_tag":[226],"_links":{"self":[{"href":"https:\/\/tannoithat.com\/index.php\/wp-json\/wp\/v2\/product\/653"}],"collection":[{"href":"https:\/\/tannoithat.com\/index.php\/wp-json\/wp\/v2\/product"}],"about":[{"href":"https:\/\/tannoithat.com\/index.php\/wp-json\/wp\/v2\/types\/product"}],"replies":[{"embeddable":true,"href":"https:\/\/tannoithat.com\/index.php\/wp-json\/wp\/v2\/comments?post=653"}],"wp:featuredmedia":[{"embeddable":true,"href":"https:\/\/tannoithat.com\/index.php\/wp-json\/wp\/v2\/media\/654"}],"wp:attachment":[{"href":"https:\/\/tannoithat.com\/index.php\/wp-json\/wp\/v2\/media?parent=653"}],"wp:term":[{"taxonomy":"product_cat","embeddable":true,"href":"https:\/\/tannoithat.com\/index.php\/wp-json\/wp\/v2\/product_cat?post=653"},{"taxonomy":"product_tag","embeddable":true,"href":"https:\/\/tannoithat.com\/index.php\/wp-json\/wp\/v2\/product_tag?post=653"}],"curies":[{"name":"wp","href":"https:\/\/api.w.org\/{rel}","templated":true}]}}