{"id":659,"date":"2023-12-26T16:14:25","date_gmt":"2023-12-26T09:14:25","guid":{"rendered":"https:\/\/tannoithat.com\/?post_type=product&#038;p=659"},"modified":"2024-01-15T15:12:00","modified_gmt":"2024-01-15T08:12:00","slug":"khay-chia-thia-dia-nhua-tong-hop","status":"publish","type":"product","link":"https:\/\/tannoithat.com\/index.php\/product\/khay-chia-thia-dia-nhua-tong-hop\/","title":{"rendered":"KHAY CHIA TH\u00ccA D\u0128A NH\u1ef0A T\u1ed4NG H\u1ee2P 2024"},"content":{"rendered":"\n\n<div class=\"kk-star-ratings kksr-auto kksr-align-left kksr-valign-top\"\n    data-payload='{&quot;align&quot;:&quot;left&quot;,&quot;id&quot;:&quot;659&quot;,&quot;slug&quot;:&quot;default&quot;,&quot;valign&quot;:&quot;top&quot;,&quot;ignore&quot;:&quot;&quot;,&quot;reference&quot;:&quot;auto&quot;,&quot;class&quot;:&quot;&quot;,&quot;count&quot;:&quot;0&quot;,&quot;legendonly&quot;:&quot;&quot;,&quot;readonly&quot;:&quot;&quot;,&quot;score&quot;:&quot;0&quot;,&quot;starsonly&quot;:&quot;&quot;,&quot;best&quot;:&quot;5&quot;,&quot;gap&quot;:&quot;5&quot;,&quot;greet&quot;:&quot;Rate this product&quot;,&quot;legend&quot;:&quot;0\\\/5 - (0 b\u00ecnh ch\u1ecdn)&quot;,&quot;size&quot;:&quot;24&quot;,&quot;title&quot;:&quot;KHAY CHIA TH\u00ccA D\u0128A NH\u1ef0A T\u1ed4NG H\u1ee2P 2024&quot;,&quot;width&quot;:&quot;0&quot;,&quot;_legend&quot;:&quot;{score}\\\/{best} - ({count} {votes})&quot;,&quot;font_factor&quot;:&quot;1.25&quot;}'>\n            \n<div class=\"kksr-stars\">\n    \n<div class=\"kksr-stars-inactive\">\n            <div class=\"kksr-star\" data-star=\"1\" style=\"padding-right: 5px\">\n            \n\n<div class=\"kksr-icon\" style=\"width: 24px; height: 24px;\"><\/div>\n        <\/div>\n            <div class=\"kksr-star\" data-star=\"2\" style=\"padding-right: 5px\">\n            \n\n<div class=\"kksr-icon\" style=\"width: 24px; height: 24px;\"><\/div>\n        <\/div>\n            <div class=\"kksr-star\" data-star=\"3\" style=\"padding-right: 5px\">\n            \n\n<div class=\"kksr-icon\" style=\"width: 24px; height: 24px;\"><\/div>\n        <\/div>\n            <div class=\"kksr-star\" data-star=\"4\" style=\"padding-right: 5px\">\n            \n\n<div class=\"kksr-icon\" style=\"width: 24px; height: 24px;\"><\/div>\n        <\/div>\n            <div class=\"kksr-star\" data-star=\"5\" style=\"padding-right: 5px\">\n            \n\n<div class=\"kksr-icon\" style=\"width: 24px; height: 24px;\"><\/div>\n        <\/div>\n    <\/div>\n    \n<div class=\"kksr-stars-active\" style=\"width: 0px;\">\n            <div class=\"kksr-star\" style=\"padding-right: 5px\">\n            \n\n<div class=\"kksr-icon\" style=\"width: 24px; height: 24px;\"><\/div>\n        <\/div>\n            <div class=\"kksr-star\" style=\"padding-right: 5px\">\n            \n\n<div class=\"kksr-icon\" style=\"width: 24px; height: 24px;\"><\/div>\n        <\/div>\n            <div class=\"kksr-star\" style=\"padding-right: 5px\">\n            \n\n<div class=\"kksr-icon\" style=\"width: 24px; height: 24px;\"><\/div>\n        <\/div>\n            <div class=\"kksr-star\" style=\"padding-right: 5px\">\n            \n\n<div class=\"kksr-icon\" style=\"width: 24px; height: 24px;\"><\/div>\n        <\/div>\n            <div class=\"kksr-star\" style=\"padding-right: 5px\">\n            \n\n<div class=\"kksr-icon\" style=\"width: 24px; height: 24px;\"><\/div>\n        <\/div>\n    <\/div>\n<\/div>\n                \n\n<div class=\"kksr-legend\" style=\"font-size: 19.2px;\">\n            <span class=\"kksr-muted\">Rate this product<\/span>\n    <\/div>\n    <\/div>\n<h1><strong>KHAY CHIA THIA DI\u0303A NH\u01af\u0323A T\u00d4\u0309NG H\u01a0\u0323P &#8211; INOX 304:<\/strong><\/h1>\n<p>L\u00e0 b\u1ed9 khay chia ng\u0103n mu\u1ed7ng \u0111\u0169a cho ng\u0103n k\u00e9o t\u1ee7 d\u00f9ng cho vi\u1ec7c l\u01b0u tr\u1eef c\u00e1c v\u1eadt d\u1ee5ng b\u1ebfp trung b\u00ecnh ph\u00f9 h\u1ee3p v\u1edbi c\u00e1c ng\u0103n k\u00e9o t\u1ee7 do \u0111\u01b0\u1ee3c trang tr\u1ecb b\u1ed9 n\u1eb9p l\u00e0m cho vi\u1ec7c l\u01b0u tr\u1eef \u0111\u01b0\u1ee3c g\u1ecdn g\u00e0ng v\u00e0 c\u1ed1 \u0111\u1ecbnh \u0111\u01b0\u1ee3c b\u1ed9 khay chia n\u1eb1m trong ng\u0103n k\u00e9o m\u1ed9t c\u00e1c c\u1ed1 \u0111\u1ecbnh.<\/p>\n<h2><a href=\"https:\/\/tannoithat.com\/index.php\/product\/treo-ly-va-ruou-quay-bar\/\"><strong>Khay chia th\u00eca d\u0129a nh\u01b0\u0323a t\u00f4\u0309ng h\u01a1\u0323p\u00a0 KC 450N<\/strong> :<\/a><\/h2>\n<p>\u0110\u01b0\u1ee3c thi\u1ebft k\u1ebf cao c\u1ea5p tr\u00ean ch\u1ea5t li\u1ec7u nh\u1ef1a cao c\u1ea5p ABS kh\u00f4ng c\u00f3 ch\u1ea5t \u0111\u1ed9c h\u1ea1i . S\u1ea3n ph\u1ea9m mang \u0111\u1ebfn cho ng\u01b0\u1eddi d\u00f9ng s\u1ef1 g\u1ecdn g\u00e0ng trong ng\u0103n k\u00e9o t\u1ee7 b\u1ebfp.<\/p>\n<h3>C\u00e1c \u01b0u \u0111i\u1ec3m c\u1ee7a Khay chia th\u00eca d\u0129a nh\u01b0\u0323a t\u00f4\u0309ng h\u01a1\u0323p KC 450N<\/h3>\n<ul>\n<li>L\u1eafp \u0111\u01b0\u1ee3c v\u1edbi h\u1ea7u h\u1ebft c\u00e1c ng\u0103n k\u00e9o t\u1ee7.<\/li>\n<li>Ch\u1ea5t li\u1ec7u nh\u1ef1a cao c\u1ea5p ABS.<\/li>\n<li>Kh\u00f4ng c\u00f3 ch\u1ea5t \u0111\u1ed9c h\u1ea1i.<\/li>\n<li>Gi\u00fap cho ng\u0103n k\u00e9o \u0111\u01b0\u1ee3c g\u1ecdn g\u00e0ng, s\u1ea1ch s\u1ebd.<\/li>\n<\/ul>\n<p><em>H\u00ecnh \u1ea3nh c\u1ee7a s\u1ea3n ph\u1ea9m:<\/em><\/p>\n<p><img fetchpriority=\"high\" decoding=\"async\" class=\"alignnone size-medium wp-image-9866 lazy-load-active\" src=\"https:\/\/smartkit.vn\/wp-content\/uploads\/OM400-1-300x244.png\" sizes=\"(max-width: 300px) 100vw, 300px\" srcset=\"https:\/\/smartkit.vn\/wp-content\/uploads\/OM400-1-300x244.png 300w, https:\/\/smartkit.vn\/wp-content\/uploads\/OM400-1.png 502w\" alt=\"\" width=\"300\" height=\"244\" data-src=\"https:\/\/smartkit.vn\/wp-content\/uploads\/OM400-1-300x244.png\" data-srcset=\"https:\/\/smartkit.vn\/wp-content\/uploads\/OM400-1-300x244.png 300w, https:\/\/smartkit.vn\/wp-content\/uploads\/OM400-1.png 502w\" \/><\/p>\n<p><em>Khay chia th\u00eca d\u0129a nh\u1ef1a t\u1ed5ng h\u1ee3p, m\u00e3 s\u1ed1: OM 400<\/em><\/p>\n<p>&nbsp;<\/p>\n<p><img decoding=\"async\" class=\"size-medium wp-image-9865 aligncenter lazy-load-active\" src=\"https:\/\/smartkit.vn\/wp-content\/uploads\/KC600-1-300x254.png\" sizes=\"(max-width: 300px) 100vw, 300px\" srcset=\"https:\/\/smartkit.vn\/wp-content\/uploads\/KC600-1-300x254.png 300w, https:\/\/smartkit.vn\/wp-content\/uploads\/KC600-1.png 308w\" alt=\"\" width=\"300\" height=\"254\" data-src=\"https:\/\/smartkit.vn\/wp-content\/uploads\/KC600-1-300x254.png\" data-srcset=\"https:\/\/smartkit.vn\/wp-content\/uploads\/KC600-1-300x254.png 300w, https:\/\/smartkit.vn\/wp-content\/uploads\/KC600-1.png 308w\" \/><\/p>\n<p><em>Khay chia th\u00eca d\u0129a, m\u00e3 s\u1ed1: KC600<\/em><\/p>\n<h4><a href=\"https:\/\/www.facebook.com\/noithatbeptnt\" target=\"_blank\" rel=\"noopener\">Th\u00f4ng s\u1ed1 k\u0129 thu\u1eadt Khay chia th\u00eca d\u0129a nh\u1ef1a t\u1ed5ng h\u1ee3p SMARTKIT<\/a><\/h4>\n<p>&nbsp;<\/p>\n<table width=\"676\">\n<tbody>\n<tr>\n<td rowspan=\"2\" width=\"107\"><em><strong>M\u00e3 s\u1ea3n ph\u1ea9m<\/strong><\/em><\/td>\n<td colspan=\"3\" width=\"282\"><em><strong>K\u00edch th\u01b0\u1edbc sa\u0309n ph\u00e2\u0309m (th\u00f4ng th\u1ee7y)<\/strong><\/em><\/td>\n<td rowspan=\"2\" width=\"166\"><em><strong>Ki\u0301ch th\u01b0\u01a1\u0301c khoang t\u1ee7 (ph\u1ee7 b\u00ec)<\/strong><\/em><\/td>\n<td rowspan=\"2\" width=\"121\"><em><strong>\u0110\u01a1n gi\u00e1\u00a0<\/strong><\/em><\/td>\n<\/tr>\n<tr>\n<td width=\"94\"><strong>Ngang (r\u1ed9ng)<\/strong><\/td>\n<td width=\"94\"><strong>S\u00e2u<\/strong><\/td>\n<td width=\"94\"><strong>Cao<\/strong><\/td>\n<\/tr>\n<tr>\n<td width=\"123\"><b>OM400<\/b><\/td>\n<td width=\"94\">360<\/td>\n<td width=\"94\">450<\/td>\n<td width=\"94\">480<\/td>\n<td width=\"166\">400<\/td>\n<td rowspan=\"7\" width=\"121\"><\/td>\n<\/tr>\n<tr>\n<td width=\"123\"><b>KC500<\/b><\/td>\n<td width=\"94\">440<\/td>\n<td width=\"94\">590<\/td>\n<td width=\"94\">500<\/td>\n<td width=\"166\">500<\/td>\n<\/tr>\n<tr>\n<td width=\"123\"><b>KC600C<\/b><\/td>\n<td width=\"94\">480<\/td>\n<td width=\"94\">550<\/td>\n<td width=\"94\">500<\/td>\n<td width=\"166\">600<\/td>\n<\/tr>\n<tr>\n<td width=\"123\"><b>KC600<\/b><\/td>\n<td width=\"94\">600<\/td>\n<td width=\"94\">600<\/td>\n<td width=\"94\">600<\/td>\n<td width=\"166\">600<\/td>\n<\/tr>\n<\/tbody>\n<\/table>\n","protected":false},"excerpt":{"rendered":"<p>KHAY CHIA TH\u00ccA D\u0128A NH\u1ef0A T\u1ed4NG H\u1ee2P<\/p>\n<p><span style=\"color: #ff0000;\">M\u00e3:\u00a0<\/span><span class=\"sku\"><span style=\"color: #ff0000;\">OM400, KC500, KC600C, KC600<\/span> &#8211; <span style=\"color: #00ff00;\">900.000vnd\/ 950.000vnd\/ 1.100.000vnd\/ 1.250.000vnd<\/span><\/span><\/p>\n","protected":false},"featured_media":660,"comment_status":"open","ping_status":"closed","template":"","meta":{"_eb_attr":""},"product_cat":[227,251],"product_tag":[229],"_links":{"self":[{"href":"https:\/\/tannoithat.com\/index.php\/wp-json\/wp\/v2\/product\/659"}],"collection":[{"href":"https:\/\/tannoithat.com\/index.php\/wp-json\/wp\/v2\/product"}],"about":[{"href":"https:\/\/tannoithat.com\/index.php\/wp-json\/wp\/v2\/types\/product"}],"replies":[{"embeddable":true,"href":"https:\/\/tannoithat.com\/index.php\/wp-json\/wp\/v2\/comments?post=659"}],"wp:featuredmedia":[{"embeddable":true,"href":"https:\/\/tannoithat.com\/index.php\/wp-json\/wp\/v2\/media\/660"}],"wp:attachment":[{"href":"https:\/\/tannoithat.com\/index.php\/wp-json\/wp\/v2\/media?parent=659"}],"wp:term":[{"taxonomy":"product_cat","embeddable":true,"href":"https:\/\/tannoithat.com\/index.php\/wp-json\/wp\/v2\/product_cat?post=659"},{"taxonomy":"product_tag","embeddable":true,"href":"https:\/\/tannoithat.com\/index.php\/wp-json\/wp\/v2\/product_tag?post=659"}],"curies":[{"name":"wp","href":"https:\/\/api.w.org\/{rel}","templated":true}]}}