{"id":665,"date":"2023-12-26T16:22:22","date_gmt":"2023-12-26T09:22:22","guid":{"rendered":"https:\/\/tannoithat.com\/?post_type=product&#038;p=665"},"modified":"2024-01-15T15:08:23","modified_gmt":"2024-01-15T08:08:23","slug":"treo-ly-quay-bar","status":"publish","type":"product","link":"https:\/\/tannoithat.com\/index.php\/product\/treo-ly-quay-bar\/","title":{"rendered":"TREO LY QU\u1ea6Y BAR"},"content":{"rendered":"\n\n<div class=\"kk-star-ratings kksr-auto kksr-align-left kksr-valign-top\"\n    data-payload='{&quot;align&quot;:&quot;left&quot;,&quot;id&quot;:&quot;665&quot;,&quot;slug&quot;:&quot;default&quot;,&quot;valign&quot;:&quot;top&quot;,&quot;ignore&quot;:&quot;&quot;,&quot;reference&quot;:&quot;auto&quot;,&quot;class&quot;:&quot;&quot;,&quot;count&quot;:&quot;0&quot;,&quot;legendonly&quot;:&quot;&quot;,&quot;readonly&quot;:&quot;&quot;,&quot;score&quot;:&quot;0&quot;,&quot;starsonly&quot;:&quot;&quot;,&quot;best&quot;:&quot;5&quot;,&quot;gap&quot;:&quot;5&quot;,&quot;greet&quot;:&quot;Rate this product&quot;,&quot;legend&quot;:&quot;0\\\/5 - (0 b\u00ecnh ch\u1ecdn)&quot;,&quot;size&quot;:&quot;24&quot;,&quot;title&quot;:&quot;TREO LY QU\u1ea6Y BAR&quot;,&quot;width&quot;:&quot;0&quot;,&quot;_legend&quot;:&quot;{score}\\\/{best} - ({count} {votes})&quot;,&quot;font_factor&quot;:&quot;1.25&quot;}'>\n            \n<div class=\"kksr-stars\">\n    \n<div class=\"kksr-stars-inactive\">\n            <div class=\"kksr-star\" data-star=\"1\" style=\"padding-right: 5px\">\n            \n\n<div class=\"kksr-icon\" style=\"width: 24px; height: 24px;\"><\/div>\n        <\/div>\n            <div class=\"kksr-star\" data-star=\"2\" style=\"padding-right: 5px\">\n            \n\n<div class=\"kksr-icon\" style=\"width: 24px; height: 24px;\"><\/div>\n        <\/div>\n            <div class=\"kksr-star\" data-star=\"3\" style=\"padding-right: 5px\">\n            \n\n<div class=\"kksr-icon\" style=\"width: 24px; height: 24px;\"><\/div>\n        <\/div>\n            <div class=\"kksr-star\" data-star=\"4\" style=\"padding-right: 5px\">\n            \n\n<div class=\"kksr-icon\" style=\"width: 24px; height: 24px;\"><\/div>\n        <\/div>\n            <div class=\"kksr-star\" data-star=\"5\" style=\"padding-right: 5px\">\n            \n\n<div class=\"kksr-icon\" style=\"width: 24px; height: 24px;\"><\/div>\n        <\/div>\n    <\/div>\n    \n<div class=\"kksr-stars-active\" style=\"width: 0px;\">\n            <div class=\"kksr-star\" style=\"padding-right: 5px\">\n            \n\n<div class=\"kksr-icon\" style=\"width: 24px; height: 24px;\"><\/div>\n        <\/div>\n            <div class=\"kksr-star\" style=\"padding-right: 5px\">\n            \n\n<div class=\"kksr-icon\" style=\"width: 24px; height: 24px;\"><\/div>\n        <\/div>\n            <div class=\"kksr-star\" style=\"padding-right: 5px\">\n            \n\n<div class=\"kksr-icon\" style=\"width: 24px; height: 24px;\"><\/div>\n        <\/div>\n            <div class=\"kksr-star\" style=\"padding-right: 5px\">\n            \n\n<div class=\"kksr-icon\" style=\"width: 24px; height: 24px;\"><\/div>\n        <\/div>\n            <div class=\"kksr-star\" style=\"padding-right: 5px\">\n            \n\n<div class=\"kksr-icon\" style=\"width: 24px; height: 24px;\"><\/div>\n        <\/div>\n    <\/div>\n<\/div>\n                \n\n<div class=\"kksr-legend\" style=\"font-size: 19.2px;\">\n            <span class=\"kksr-muted\">Rate this product<\/span>\n    <\/div>\n    <\/div>\n<h1><a href=\"https:\/\/www.facebook.com\/noithatbeptnt\" target=\"_blank\" rel=\"noopener\"><strong>Treo ly qu\u1ea7y bar\u00a0<\/strong><\/a><\/h1>\n<p>L\u00e0 lo\u1ea1i k\u1ec7 \u0111\u1ec3 ly \u0111\u01b0\u1ee3c \u0111\u1eb7t \u1edf qu\u1ea7y bar. N\u01a1i b\u1ea1n c\u00f3 th\u1ec3 s\u1eafp x\u1ebfp ly. Ch\u00fang \u0111\u01b0\u1ee3c chia l\u00e0m nhi\u1ec1u ng\u0103n gi\u00fap b\u1ea1n c\u00f3 th\u1ec3 x\u1ebfp m\u1ed9t c\u00e1ch g\u1ecdn g\u00e0ng, ng\u0103n n\u1eafp, ti\u1ec7n cho vi\u1ec7c s\u1eed d\u1ee5ng.<\/p>\n<h2><a href=\"https:\/\/tannoithat.com\/index.php\/product\/treo-ly-va-ruou-quay-bar\/\"><strong>Treo ly qu\u1ea7y bar SMARTKIT s\u1eed d\u1ee5ng INOX 304<\/strong><\/a><\/h2>\n<p>D\u00f2ng Inox 304 s\u1ebd \u0111\u01b0\u1ee3c SMARTKIT ch\u1ecdn l\u1ecdc nguy\u00ean li\u1ec7u \u0111\u1ea7u v\u00e0o m\u1ed9t c\u00e1ch k\u1ef9 c\u00e0ng v\u00e0 c\u1ea9n th\u1eadn. Qua nhi\u1ec1u kh\u00e2u ki\u1ec3m nghi\u1ec7m v\u00e0 s\u00e0ng l\u1ecdc \u0111em \u0111\u1ebfn m\u1ed9t s\u1ea3n ph\u1ea9m ch\u1ea5t l\u01b0\u1ee3ng, kh\u00f4ng c\u00f3 ch\u1ea5t \u0111\u1ed9c h\u1ea1i v\u1edbi c\u00f4ng ngh\u1ec7 h\u00e0n m\u1edbi mang l\u1ea1i nhi\u1ec1u \u01b0u \u0111i\u1ec3m cho d\u1ee5ng c\u1ee5.<\/p>\n<p>Ch\u1ea5t li\u1ec7u Inox 304 \u0111\u01b0\u1ee3c thi\u1ebft k\u1ebf theo quy tr\u00ecnh kh\u00f4ng xi m\u1ea1 \u0111\u00e1nh m\u00e0 s\u1ebd s\u1eed d\u1ee5ng c\u00f4ng ngh\u1ec7 \u0111\u00e1nh b\u00f3ng b\u1ec1 m\u1eb7t hi\u1ec7n th\u00e2n \u0111\u1ec3 gi\u1eef l\u1ea1i \u0111\u1ed9c \u0111\u00e1o c\u1ee7a Inox 304 hi\u1ec7n \u0111\u1ea1i, . V\u1eadt li\u1ec7u kh\u00f4ng ch\u01b0a ch\u1ea5t \u0111\u1ed9c h\u1ea1i n\u00ean v\u00f4 c\u00f9ng th\u00e2n thi\u1ec7n v\u1edbi m\u00f4i tr\u01b0\u1eddng v\u00e0 ng\u01b0\u1eddi s\u1eed d\u1ee5ng. \u0110\u1ed3ng th\u1eddi, s\u1ea3n ph\u1ea9m r\u1ea5t b\u1ec1n b\u1ec9 c\u00f3 th\u1ec3 s\u1eed d\u1ee5ng trong th\u1eddi gian d\u00e0i gi\u00fap ng\u01b0\u1eddi d\u00f9ng ti\u1ebft ki\u1ec7m \u0111\u01b0\u1ee3c nhi\u1ec1u chi ph\u00ed.<\/p>\n<h3><a href=\"https:\/\/www.facebook.com\/noithatbeptnt\" target=\"_blank\" rel=\"noopener\">C\u00e1c \u01b0u \u0111i\u1ec3m c\u1ee7a Treo ly qu\u1ea7y bar:<\/a><\/h3>\n<ul>\n<li>Ch\u1ea5t li\u1ec7u INOX 304 cao c\u1ea5p<\/li>\n<li>Kh\u00f4ng c\u00f3 ch\u1ea5t \u0111\u1ed9c h\u1ea1i.<\/li>\n<li>Gi\u00fap vi\u1ec7c \u0111\u1ec3 \u0111\u1ed3\u00a0 g\u1ecdn g\u00e0ng, s\u1ea1ch s\u1ebd.<\/li>\n<\/ul>\n<p><em>H\u00ecnh \u1ea3nh c\u1ee7a s\u1ea3n ph\u1ea9m:<\/em><\/p>\n<div id=\"attachment_9897\" style=\"width: 310px\" class=\"wp-caption aligncenter\"><img fetchpriority=\"high\" decoding=\"async\" aria-describedby=\"caption-attachment-9897\" class=\"lazy-load-active wp-image-9897 size-medium\" src=\"https:\/\/smartkit.vn\/wp-content\/uploads\/Capture4-300x191.png\" sizes=\"(max-width: 300px) 100vw, 300px\" srcset=\"https:\/\/smartkit.vn\/wp-content\/uploads\/Capture4-300x191.png 300w, https:\/\/smartkit.vn\/wp-content\/uploads\/Capture4.png 467w\" alt=\"TREO LY QU\u1ea6Y BAR\" width=\"300\" height=\"191\" data-src=\"https:\/\/smartkit.vn\/wp-content\/uploads\/Capture4-300x191.png\" data-srcset=\"https:\/\/smartkit.vn\/wp-content\/uploads\/Capture4-300x191.png 300w, https:\/\/smartkit.vn\/wp-content\/uploads\/Capture4.png 467w\" \/><p id=\"caption-attachment-9897\" class=\"wp-caption-text\">TREO LY QU\u1ea6Y BAR<\/p><\/div>\n<p><i>Treo ly qu\u1ea7y bar, m\u00e3 s\u1ed1: TL 200<\/i><\/p>\n<p>&nbsp;<\/p>\n<p><img decoding=\"async\" class=\"size-medium wp-image-9898 aligncenter lazy-load-active\" src=\"https:\/\/smartkit.vn\/wp-content\/uploads\/Capture5-300x189.png\" sizes=\"(max-width: 300px) 100vw, 300px\" srcset=\"https:\/\/smartkit.vn\/wp-content\/uploads\/Capture5-300x189.png 300w, https:\/\/smartkit.vn\/wp-content\/uploads\/Capture5.png 467w\" alt=\"\" width=\"300\" height=\"189\" data-src=\"https:\/\/smartkit.vn\/wp-content\/uploads\/Capture5-300x189.png\" data-srcset=\"https:\/\/smartkit.vn\/wp-content\/uploads\/Capture5-300x189.png 300w, https:\/\/smartkit.vn\/wp-content\/uploads\/Capture5.png 467w\" \/><\/p>\n<p><i>Treo ly qu\u1ea7y bar, m\u00e3 s\u1ed1: TL 300<\/i><\/p>\n<p>&nbsp;<\/p>\n<p><img decoding=\"async\" class=\"size-full wp-image-9899 aligncenter lazy-load-active\" src=\"https:\/\/smartkit.vn\/wp-content\/uploads\/Capture6.png\" alt=\"\" width=\"274\" height=\"173\" data-src=\"https:\/\/smartkit.vn\/wp-content\/uploads\/Capture6.png\" \/><\/p>\n<p><i>Treo ly qu\u1ea7y bar, m\u00e3 s\u1ed1: TL 400<\/i><\/p>\n<p>&nbsp;<\/p>\n<p><img loading=\"lazy\" decoding=\"async\" class=\"size-medium wp-image-9900 aligncenter lazy-load-active\" src=\"https:\/\/smartkit.vn\/wp-content\/uploads\/Capture7-300x156.png\" sizes=\"(max-width: 300px) 100vw, 300px\" srcset=\"https:\/\/smartkit.vn\/wp-content\/uploads\/Capture7-300x156.png 300w, https:\/\/smartkit.vn\/wp-content\/uploads\/Capture7.png 341w\" alt=\"\" width=\"300\" height=\"156\" data-src=\"https:\/\/smartkit.vn\/wp-content\/uploads\/Capture7-300x156.png\" data-srcset=\"https:\/\/smartkit.vn\/wp-content\/uploads\/Capture7-300x156.png 300w, https:\/\/smartkit.vn\/wp-content\/uploads\/Capture7.png 341w\" \/><\/p>\n<p><i>Treo ly qu\u1ea7y bar, m\u00e3 s\u1ed1: TL 500<\/i><\/p>\n<p>&nbsp;<\/p>\n<p>&nbsp;<\/p>\n<h3><\/h3>\n<h3>Th\u00f4ng s\u1ed1 k\u0129 thu\u1eadt Treo ly qu\u1ea7y bar SMARTKIT<\/h3>\n<p>&nbsp;<\/p>\n<table width=\"676\">\n<tbody>\n<tr>\n<td rowspan=\"2\" width=\"107\"><em><strong>M\u00e3 s\u1ea3n ph\u1ea9m<\/strong><\/em><\/td>\n<td colspan=\"3\" width=\"282\"><em><strong>K\u00edch th\u01b0\u1edbc sa\u0309n ph\u00e2\u0309m (th\u00f4ng th\u1ee7y)<\/strong><\/em><\/td>\n<td rowspan=\"2\" width=\"166\"><em><strong>Ki\u0301ch th\u01b0\u01a1\u0301c khoang t\u1ee7 (ph\u1ee7 b\u00ec)<\/strong><\/em><\/td>\n<td rowspan=\"2\" width=\"121\"><em><strong>\u0110\u01a1n gi\u00e1\u00a0<\/strong><\/em><\/td>\n<\/tr>\n<tr>\n<td width=\"94\"><strong>Ngang (r\u1ed9ng)<\/strong><\/td>\n<td width=\"94\"><strong>S\u00e2u<\/strong><\/td>\n<td width=\"94\"><strong>Cao<\/strong><\/td>\n<\/tr>\n<tr>\n<td width=\"123\"><span style=\"vertical-align: inherit;\"><span style=\"vertical-align: inherit;\">TL 200<\/span><\/span><\/td>\n<td width=\"94\">130<\/td>\n<td width=\"94\">330<\/td>\n<td width=\"94\">65<\/td>\n<td width=\"166\">200<\/td>\n<td rowspan=\"7\" width=\"121\"><\/td>\n<\/tr>\n<tr>\n<td width=\"123\"><span style=\"vertical-align: inherit;\"><span style=\"vertical-align: inherit;\">TL 300<\/span><\/span><\/td>\n<td width=\"94\">270<\/td>\n<td width=\"94\"><span style=\"vertical-align: inherit;\"><span style=\"vertical-align: inherit;\">330<\/span><\/span><\/td>\n<td width=\"94\"><span style=\"vertical-align: inherit;\"><span style=\"vertical-align: inherit;\">65<\/span><\/span><\/td>\n<td width=\"166\">300<\/td>\n<\/tr>\n<tr>\n<td width=\"123\"><span style=\"vertical-align: inherit;\"><span style=\"vertical-align: inherit;\">TL 400<\/span><\/span><\/td>\n<td width=\"94\">370<\/td>\n<td width=\"94\"><span style=\"vertical-align: inherit;\"><span style=\"vertical-align: inherit;\">330<\/span><\/span><\/td>\n<td width=\"94\"><span style=\"vertical-align: inherit;\"><span style=\"vertical-align: inherit;\">65<\/span><\/span><\/td>\n<td width=\"166\">400<\/td>\n<\/tr>\n<tr>\n<td width=\"123\"><span style=\"vertical-align: inherit;\"><span style=\"vertical-align: inherit;\">TL 500<\/span><\/span><\/td>\n<td width=\"94\">470<\/td>\n<td width=\"94\"><span style=\"vertical-align: inherit;\"><span style=\"vertical-align: inherit;\">330<\/span><\/span><\/td>\n<td width=\"94\"><span style=\"vertical-align: inherit;\"><span style=\"vertical-align: inherit;\">65<\/span><\/span><\/td>\n<td width=\"166\">500<\/td>\n<\/tr>\n<\/tbody>\n<\/table>\n","protected":false},"excerpt":{"rendered":"<p>TREO LY QU\u1ea6Y BAR<\/p>\n<p><span style=\"color: #ff0000;\">M\u00e3:\u00a0<\/span><span class=\"sku\"><span style=\"color: #ff0000;\">TL 20, TL 30, TL 40. TL 50<\/span> &#8211; <span style=\"color: #00ff00;\">280.000vnd\/ 450.000vnd\/ 600.000vnd\/ 700.000vnd<\/span><\/span><\/p>\n","protected":false},"featured_media":666,"comment_status":"open","ping_status":"closed","template":"","meta":{"_eb_attr":""},"product_cat":[103,251],"product_tag":[231],"_links":{"self":[{"href":"https:\/\/tannoithat.com\/index.php\/wp-json\/wp\/v2\/product\/665"}],"collection":[{"href":"https:\/\/tannoithat.com\/index.php\/wp-json\/wp\/v2\/product"}],"about":[{"href":"https:\/\/tannoithat.com\/index.php\/wp-json\/wp\/v2\/types\/product"}],"replies":[{"embeddable":true,"href":"https:\/\/tannoithat.com\/index.php\/wp-json\/wp\/v2\/comments?post=665"}],"wp:featuredmedia":[{"embeddable":true,"href":"https:\/\/tannoithat.com\/index.php\/wp-json\/wp\/v2\/media\/666"}],"wp:attachment":[{"href":"https:\/\/tannoithat.com\/index.php\/wp-json\/wp\/v2\/media?parent=665"}],"wp:term":[{"taxonomy":"product_cat","embeddable":true,"href":"https:\/\/tannoithat.com\/index.php\/wp-json\/wp\/v2\/product_cat?post=665"},{"taxonomy":"product_tag","embeddable":true,"href":"https:\/\/tannoithat.com\/index.php\/wp-json\/wp\/v2\/product_tag?post=665"}],"curies":[{"name":"wp","href":"https:\/\/api.w.org\/{rel}","templated":true}]}}