{"id":789,"date":"2024-01-08T11:27:38","date_gmt":"2024-01-08T04:27:38","guid":{"rendered":"https:\/\/tannoithat.com\/?post_type=product&#038;p=789"},"modified":"2024-05-17T14:16:22","modified_gmt":"2024-05-17T07:16:22","slug":"bep-tu-eurosun-eu-t710pro","status":"publish","type":"product","link":"https:\/\/tannoithat.com\/index.php\/product\/bep-tu-eurosun-eu-t710pro\/","title":{"rendered":"B\u1ebfp t\u1eeb Eurosun EU-T710pro"},"content":{"rendered":"\n\n<div class=\"kk-star-ratings kksr-auto kksr-align-left kksr-valign-top\"\n    data-payload='{&quot;align&quot;:&quot;left&quot;,&quot;id&quot;:&quot;789&quot;,&quot;slug&quot;:&quot;default&quot;,&quot;valign&quot;:&quot;top&quot;,&quot;ignore&quot;:&quot;&quot;,&quot;reference&quot;:&quot;auto&quot;,&quot;class&quot;:&quot;&quot;,&quot;count&quot;:&quot;0&quot;,&quot;legendonly&quot;:&quot;&quot;,&quot;readonly&quot;:&quot;&quot;,&quot;score&quot;:&quot;0&quot;,&quot;starsonly&quot;:&quot;&quot;,&quot;best&quot;:&quot;5&quot;,&quot;gap&quot;:&quot;5&quot;,&quot;greet&quot;:&quot;Rate this product&quot;,&quot;legend&quot;:&quot;0\\\/5 - (0 b\u00ecnh ch\u1ecdn)&quot;,&quot;size&quot;:&quot;24&quot;,&quot;title&quot;:&quot;B\u1ebfp t\u1eeb Eurosun EU-T710pro&quot;,&quot;width&quot;:&quot;0&quot;,&quot;_legend&quot;:&quot;{score}\\\/{best} - ({count} {votes})&quot;,&quot;font_factor&quot;:&quot;1.25&quot;}'>\n            \n<div class=\"kksr-stars\">\n    \n<div class=\"kksr-stars-inactive\">\n            <div class=\"kksr-star\" data-star=\"1\" style=\"padding-right: 5px\">\n            \n\n<div class=\"kksr-icon\" style=\"width: 24px; height: 24px;\"><\/div>\n        <\/div>\n            <div class=\"kksr-star\" data-star=\"2\" style=\"padding-right: 5px\">\n            \n\n<div class=\"kksr-icon\" style=\"width: 24px; height: 24px;\"><\/div>\n        <\/div>\n            <div class=\"kksr-star\" data-star=\"3\" style=\"padding-right: 5px\">\n            \n\n<div class=\"kksr-icon\" style=\"width: 24px; height: 24px;\"><\/div>\n        <\/div>\n            <div class=\"kksr-star\" data-star=\"4\" style=\"padding-right: 5px\">\n            \n\n<div class=\"kksr-icon\" style=\"width: 24px; height: 24px;\"><\/div>\n        <\/div>\n            <div class=\"kksr-star\" data-star=\"5\" style=\"padding-right: 5px\">\n            \n\n<div class=\"kksr-icon\" style=\"width: 24px; height: 24px;\"><\/div>\n        <\/div>\n    <\/div>\n    \n<div class=\"kksr-stars-active\" style=\"width: 0px;\">\n            <div class=\"kksr-star\" style=\"padding-right: 5px\">\n            \n\n<div class=\"kksr-icon\" style=\"width: 24px; height: 24px;\"><\/div>\n        <\/div>\n            <div class=\"kksr-star\" style=\"padding-right: 5px\">\n            \n\n<div class=\"kksr-icon\" style=\"width: 24px; height: 24px;\"><\/div>\n        <\/div>\n            <div class=\"kksr-star\" style=\"padding-right: 5px\">\n            \n\n<div class=\"kksr-icon\" style=\"width: 24px; height: 24px;\"><\/div>\n        <\/div>\n            <div class=\"kksr-star\" style=\"padding-right: 5px\">\n            \n\n<div class=\"kksr-icon\" style=\"width: 24px; height: 24px;\"><\/div>\n        <\/div>\n            <div class=\"kksr-star\" style=\"padding-right: 5px\">\n            \n\n<div class=\"kksr-icon\" style=\"width: 24px; height: 24px;\"><\/div>\n        <\/div>\n    <\/div>\n<\/div>\n                \n\n<div class=\"kksr-legend\" style=\"font-size: 19.2px;\">\n            <span class=\"kksr-muted\">Rate this product<\/span>\n    <\/div>\n    <\/div>\n<h1><a href=\"https:\/\/tannoithat.com\/\" target=\"_blank\" rel=\"noopener\"><span style=\"color: #ff0000;\"><strong>B\u1ebfp t\u1eeb Eurosun EU-T710Pro gia\u0301 bao nhi\u00eau<\/strong><\/span><\/a><\/h1>\n<p><strong>B\u1ebfp T\u1eeb Eurosun EU-T710Pro\u00a0<\/strong>hi\u1ec7n \u0111ang l\u00e0 d\u00f2ng s\u1ea3n ph\u1ea9m b\u00e1n ch\u1ea1y nh\u1ea5t t\u1ea1i c\u1ee7a h\u00e3ng Eurosun t\u1ea1i\u00a0<strong>H\u1ec7 Th\u1ed1ng Showroom Eurosun Vi\u1ec7t Nam<\/strong>, qua \u0111\u00f3 c\u00f3 th\u1ec3 th\u1ea5y s\u1ef1 \u01b0a chu\u1ed9ng \u0111\u1eb7c bi\u1ebft c\u1ee7a ng\u01b0\u1eddi d\u00f9ng \u0111\u1ed1i v\u1edbi ri\u00eang model v\u00e0 b\u1ebfp t\u1eeb Eurosun.<\/p>\n<div id=\"attachment_793\" style=\"width: 1034px\" class=\"wp-caption alignnone\"><img fetchpriority=\"high\" decoding=\"async\" aria-describedby=\"caption-attachment-793\" class=\"wp-image-793 size-full\" src=\"https:\/\/tannoithat.com\/wp-content\/uploads\/2024\/01\/bep-tu-eurosun-eu-t710pro-g-1-1024x549.jpg.webp\" alt=\"B\u1ebfp t\u1eeb Eurosun EU-T710pro gia\u0301 bao nhi\u00eau\" width=\"1024\" height=\"549\" srcset=\"https:\/\/tannoithat.com\/wp-content\/uploads\/2024\/01\/bep-tu-eurosun-eu-t710pro-g-1-1024x549.jpg.webp 1024w, https:\/\/tannoithat.com\/wp-content\/uploads\/2024\/01\/bep-tu-eurosun-eu-t710pro-g-1-1024x549.jpg-300x161.webp 300w, https:\/\/tannoithat.com\/wp-content\/uploads\/2024\/01\/bep-tu-eurosun-eu-t710pro-g-1-1024x549.jpg-768x412.webp 768w, https:\/\/tannoithat.com\/wp-content\/uploads\/2024\/01\/bep-tu-eurosun-eu-t710pro-g-1-1024x549.jpg-600x322.webp 600w\" sizes=\"(max-width: 1024px) 100vw, 1024px\" \/><p id=\"caption-attachment-793\" class=\"wp-caption-text\"><span style=\"vertical-align: inherit;\"><span style=\"vertical-align: inherit;\">B\u1ebfp t\u1eeb Eurosun EU-T710pro gia\u0301 bao nhi\u00eau<\/span><\/span><\/p><\/div>\n<h2><a href=\"https:\/\/tannoithat.com\/index.php\/2024\/01\/10\/bep-tu-erosun-eu-t710pro\/\" target=\"_blank\" rel=\"noopener\"><span style=\"color: #ff0000;\"><strong>M\u00f4 t\u1ea3 nh\u1eefng \u0111\u1eb7c \u0111i\u1ec3m n\u1ed5i b\u1eadt B\u1ebfp T\u1eeb Eurosun EU-T710Pro gia\u0301 bao nhi\u00eau<\/strong><\/span><\/a><\/h2>\n<p><strong>B\u1ebfp T\u1eeb Eurosun EU-T710Pro<\/strong>\u00a0c\u00f3 kh\u1ea3 n\u0103ng ti\u1ebft ki\u1ec7m \u0111i\u1ec7n l\u00ean \u0111\u1ebfn 30% v\u1edbi c\u00f4ng ngh\u1ec7 bi\u1ebfn t\u1ea7n<strong>\u00a0Bridge Inverter\u00a0<\/strong>th\u00f4ng minh<strong>.<\/strong>\u00a0B\u1ebfp gi\u1eef nhi\u1ec7t li\u00ean t\u1ee5c \u1edf m\u1ee9c th\u1ea5p nh\u1ea5t kh\u00f4ng t\u1eaft m\u1edf.<\/p>\n<div id=\"attachment_795\" style=\"width: 1034px\" class=\"wp-caption alignnone\"><img decoding=\"async\" aria-describedby=\"caption-attachment-795\" class=\"wp-image-795 size-full\" src=\"https:\/\/tannoithat.com\/wp-content\/uploads\/2024\/01\/bep-tu-eurosun-eu-t710pro-s-1-1024x594.jpg.webp\" alt=\"B\u1ebfp t\u1eeb Eurosun EU-T710pro gia\u0301 bao nhi\u00eau\" width=\"1024\" height=\"594\" srcset=\"https:\/\/tannoithat.com\/wp-content\/uploads\/2024\/01\/bep-tu-eurosun-eu-t710pro-s-1-1024x594.jpg.webp 1024w, https:\/\/tannoithat.com\/wp-content\/uploads\/2024\/01\/bep-tu-eurosun-eu-t710pro-s-1-1024x594.jpg-300x174.webp 300w, https:\/\/tannoithat.com\/wp-content\/uploads\/2024\/01\/bep-tu-eurosun-eu-t710pro-s-1-1024x594.jpg-768x446.webp 768w, https:\/\/tannoithat.com\/wp-content\/uploads\/2024\/01\/bep-tu-eurosun-eu-t710pro-s-1-1024x594.jpg-600x348.webp 600w\" sizes=\"(max-width: 1024px) 100vw, 1024px\" \/><p id=\"caption-attachment-795\" class=\"wp-caption-text\">B\u1ebfp t\u1eeb Eurosun EU-T710pro gia\u0301 bao nhi\u00eau<\/p><\/div>\n<p><strong>B\u1ebfp T\u1eeb Eurosun EU-T710Pro<\/strong>\u00a0s\u1eed d\u1ee5ng m\u1eb7t k\u00ednh Euro Platium v\u00e1t 4 c\u1ea1nh vi\u1ec1n h\u1ee3p kinh nh\u00f4m cao c\u1ea5p, c\u00f3 kh\u1ea3 n\u0103ng ch\u1ecbu nhi\u1ec7t, ch\u1ecbu l\u1ef1c t\u1ed1t. Th\u00e2n b\u1ebfp \u0111\u01b0\u1ee3c l\u00e0m b\u1eb1ng th\u00e9p kh\u00f4ng g\u1ec9, qu\u1ea1t t\u1ea3n nhi\u1ec7t ho\u1ea1t \u0111\u1ed9ng linh ho\u1ea1t, gi\u00fap \u0111\u1ea9y nhanh l\u01b0\u1ee3ng nhi\u1ec7t n\u00f3ng ph\u00e1t sinh trong qu\u00e1 tr\u00ecnh n\u1ea5u n\u01b0\u1edbng.<\/p>\n<p><img decoding=\"async\" class=\"alignnone size-full wp-image-794\" src=\"https:\/\/tannoithat.com\/wp-content\/uploads\/2024\/01\/bep-tu-eurosun-eu-t710pro-g-4.jpg.webp\" alt=\"\" width=\"960\" height=\"720\" srcset=\"https:\/\/tannoithat.com\/wp-content\/uploads\/2024\/01\/bep-tu-eurosun-eu-t710pro-g-4.jpg.webp 960w, https:\/\/tannoithat.com\/wp-content\/uploads\/2024\/01\/bep-tu-eurosun-eu-t710pro-g-4.jpg-300x225.webp 300w, https:\/\/tannoithat.com\/wp-content\/uploads\/2024\/01\/bep-tu-eurosun-eu-t710pro-g-4.jpg-768x576.webp 768w, https:\/\/tannoithat.com\/wp-content\/uploads\/2024\/01\/bep-tu-eurosun-eu-t710pro-g-4.jpg-600x450.webp 600w\" sizes=\"(max-width: 960px) 100vw, 960px\" \/><\/p>\n<h3><a href=\"https:\/\/tannoithat.com\/index.php\/product-category\/thiet-bi-nha-bep-2\/thiet-bi-nha-bep\/bep-tu\/\" target=\"_blank\" rel=\"noopener\"><span style=\"color: #ff0000;\">\u01afu \u0111i\u1ec3m trong t\u00ednh n\u0103ng c\u1ee7a B<strong>\u1ebfp T\u1eeb Eurosun EU-T710Pro gia\u0301 bao nhi\u00eau<\/strong><\/span><\/a><\/h3>\n<p>Mang nh\u1eefng \u01b0u \u0111i\u1ec3m c\u1ee7a d\u00f2ng b\u1ebfp t\u1eeb cao c\u1ea5p,\u00a0<strong>b\u1ebfp T\u1eeb Eurosun EU-T710Pro gia\u0301 bao nhi\u00eau<\/strong><strong>\u00a0<\/strong>ghi \u0111i\u1ec3m v\u1edbi hi\u1ec7u su\u1ea5t l\u00e0m vi\u1ec7c cao, n\u1ea5u n\u01b0\u1edbng nhanh, hi\u1ec7u qu\u1ea3. T\u00ednh n\u0103ng chia s\u1ebb c\u00f4ng su\u1ea5t 3.6KW, ch\u1ee9c n\u0103ng Booster 2 v\u00f9ng n\u1ea5u ri\u00eang bi\u1ec7t l\u00f2 tr\u00e1i max 2.6KW, l\u00f2 ph\u1ea3i max 2,8KW. \u0110i\u1ec1u khi\u1ec3n tr\u01b0\u1ee3t c\u1ea3m \u1ee9ng 9 m\u1ee9c c\u00f4ng su\u1ea5t \u0111\u1ed9c l\u1eadp cho 2 v\u00f9ng n\u1ea5u.<\/p>\n<p><img loading=\"lazy\" decoding=\"async\" class=\"alignnone size-full wp-image-796\" src=\"https:\/\/tannoithat.com\/wp-content\/uploads\/2024\/01\/bep-tu-eurosun-eu-t710pro-s-3-1024x625.jpg.webp\" alt=\"\" width=\"1024\" height=\"625\" srcset=\"https:\/\/tannoithat.com\/wp-content\/uploads\/2024\/01\/bep-tu-eurosun-eu-t710pro-s-3-1024x625.jpg.webp 1024w, https:\/\/tannoithat.com\/wp-content\/uploads\/2024\/01\/bep-tu-eurosun-eu-t710pro-s-3-1024x625.jpg-300x183.webp 300w, https:\/\/tannoithat.com\/wp-content\/uploads\/2024\/01\/bep-tu-eurosun-eu-t710pro-s-3-1024x625.jpg-768x469.webp 768w, https:\/\/tannoithat.com\/wp-content\/uploads\/2024\/01\/bep-tu-eurosun-eu-t710pro-s-3-1024x625.jpg-600x366.webp 600w\" sizes=\"(max-width: 1024px) 100vw, 1024px\" \/><\/p>\n<ul>\n<li>T\u1ed1c \u0111\u1ed9 t\u0103ng nhi\u1ec7t nhanh g\u1ea5p 2 l\u1ea7n so v\u1edbi b\u1ebfp truy\u1ec1n th\u1ed1ng<\/li>\n<li>N\u1ea5u th\u1ee9c \u0103n v\u1edbi t\u1ed1c \u0111\u1ed9 ch\u00ednh x\u00e1c cao ph\u1ea3n \u1ee9ng t\u1ee9c th\u00ec v\u1edbi m\u1ee9c nhi\u1ec7t mong mu\u1ed1n<\/li>\n<li>T\u1ef1 \u0111\u1ed9ng ph\u00e1t hi\u1ec7n v\u00f9ng n\u1ea5u v\u00e0 v\u00f9ng n\u1ea5u ch\u1ec9 n\u00f3ng l\u00ean khi c\u00f3 n\u1ed3i<\/li>\n<li>Ch\u1ee9c n\u0103ng h\u00e2m n\u00f3ng Warm \u1edf m\u1ee9c nhi\u1ec7t \u0111\u1ed9: 65 \u0111\u1ed9 C<\/li>\n<li>Ch\u1ee9c n\u0103ng r\u00e3 \u0111\u00f4ng th\u1ef1c ph\u1ea9m<\/li>\n<li>Ch\u1ee9c n\u0103ng chi\u00ean r\u00e1ng Frying \u1edf nhi\u1ec1u m\u1ee9c nhi\u1ec7t \u0111\u1ed9<\/li>\n<\/ul>\n<h3 class=\"titleBoxContent\"><a href=\"https:\/\/www.facebook.com\/noithatbeptnt\" target=\"_blank\" rel=\"noopener\"><span style=\"color: #ff0000;\">Ch\u1ee9c n\u0103ng an to\u00e0n c\u1ee7a B<strong>\u1ebfp T\u1eeb Eurosun EU-T710Pro gia\u0301 bao nhi\u00eau<\/strong><\/span><\/a><\/h3>\n<ul>\n<li>Ch\u1ee9c n\u0103ng t\u1ea1m d\u1eebng Pause \u201cStop go\u201d<\/li>\n<li>Kho\u00e1 tr\u1ebb em Child Lock<\/li>\n<li>Ch\u1ee9c n\u0103ng t\u1ef1 \u0111\u1ed9ng t\u1eaft b\u1ebfp khi kh\u00f4ng c\u00f3 n\u1ed3i<\/li>\n<li>Ch\u1ee9c n\u0103ng ch\u1ed1ng tr\u00e0n n\u01b0\u1edbc Water overflows<\/li>\n<li>H\u1eb9n gi\u1edd gi\u1edbi h\u1ea1n t\u1edbi th\u1eddi gian ho\u1ea1t \u0111\u1ed9ng<\/li>\n<li>B\u1ea3o v\u1ec7 qu\u00e1 nhi\u1ec7t (c\u1ea3m bi\u1ebfn nhi\u1ec7t \u0111\u1ed9 t\u00edch h\u1ee3p trong t\u1eebng v\u00f9ng n\u1ea5u)<\/li>\n<li>Ch\u1ec9 s\u1ed1 nhi\u1ec7t d\u01b0: ch\u1eef \u201cH\u201d \u0111\u01b0\u1ee3c hi\u1ec3n th\u1ecb cho m\u1ed7i v\u00f9ng n\u1ea5u khi c\u00f2n n\u00f3ng<\/li>\n<\/ul>\n<p><img loading=\"lazy\" decoding=\"async\" class=\"alignnone size-full wp-image-790\" src=\"https:\/\/tannoithat.com\/wp-content\/uploads\/2024\/01\/Bep-tu-doi-EUROSUN-EU-T710PRO-1-1-510x510.jpg.webp\" alt=\"\" width=\"510\" height=\"510\" srcset=\"https:\/\/tannoithat.com\/wp-content\/uploads\/2024\/01\/Bep-tu-doi-EUROSUN-EU-T710PRO-1-1-510x510.jpg.webp 510w, https:\/\/tannoithat.com\/wp-content\/uploads\/2024\/01\/Bep-tu-doi-EUROSUN-EU-T710PRO-1-1-510x510.jpg-300x300.webp 300w, https:\/\/tannoithat.com\/wp-content\/uploads\/2024\/01\/Bep-tu-doi-EUROSUN-EU-T710PRO-1-1-510x510.jpg-150x150.webp 150w, https:\/\/tannoithat.com\/wp-content\/uploads\/2024\/01\/Bep-tu-doi-EUROSUN-EU-T710PRO-1-1-510x510.jpg-100x100.webp 100w\" sizes=\"(max-width: 510px) 100vw, 510px\" \/><\/p>\n","protected":false},"excerpt":{"rendered":"<h3 class=\"titleBoxContent\"><a href=\"https:\/\/tannoithat.com\/index.php\/product-category\/thiet-bi-nha-bep-2\/thiet-bi-nha-bep\/bep-tu\/\" target=\"_blank\" rel=\"noopener\"><span style=\"color: #ff0000;\">B<strong>\u1ebfp T\u1eeb Eurosun EU-T710Pro gia\u0301 bao nhi\u00eau:<\/strong><\/span><\/a><\/h3>\n<table>\n<tbody>\n<tr>\n<td><span style=\"color: #ff0000;\"><strong>TH\u01af\u01a0NG HI\u1ec6U\/MODEL<\/strong><\/span><\/td>\n<td><span style=\"color: #ff0000;\"><b>EUROSUN EU-T710Pro<\/b><\/span><\/td>\n<\/tr>\n<tr>\n<td><span style=\"color: #ff0000;\"><strong>M\u00c0U K\u00cdNH<\/strong><\/span><\/td>\n<td><span style=\"color: #ff0000;\"><b><span style=\"vertical-align: inherit;\"><span style=\"vertical-align: inherit;\">V\u00e0ng b\u1ea1c<\/span><\/span><\/b><\/span><\/td>\n<\/tr>\n<tr>\n<td><span style=\"color: #ff0000;\"><strong>XU\u1ea4T X\u1ee8<\/strong><\/span><\/td>\n<td><span style=\"color: #ff0000;\"><span style=\"vertical-align: inherit;\"><span style=\"vertical-align: inherit;\"><span style=\"vertical-align: inherit;\"><span style=\"vertical-align: inherit;\"><span style=\"vertical-align: inherit;\"><span style=\"vertical-align: inherit;\">Malaysia<\/span><\/span><\/span><\/span><\/span><\/span><\/span><\/td>\n<\/tr>\n<tr>\n<td><span style=\"color: #ff0000;\"><strong>PH\u00c2N LO\u1ea0I NG\u00c0NH H\u00c0NG<\/strong><\/span><\/td>\n<td><span style=\"color: #ff0000;\">B\u1ebfp t\u1eeb<\/span><\/td>\n<\/tr>\n<tr>\n<td><span style=\"color: #ff0000;\"><strong>T\u00cdNH N\u0102NG N\u1ed4I B\u1eacT<\/strong><\/span><\/td>\n<td>\n<ul>\n<li><span style=\"color: #ff0000;\">B\u1ebfp 02 l\u00f2 t\u1eeb s\u1eed d\u1ee5ng m\u1eb7t k\u00ednh\u00a0<strong>Euro Platium<\/strong><b>\u00a0<\/b>ch\u1ecbu l\u1ef1c, ch\u1ecbu nhi\u1ec7t<\/span><\/li>\n<li><span style=\"color: #ff0000;\">B\u1ebfp c\u00f3 9 m\u1ee9c c\u00f4ng su\u1ea5t n\u1ea5u n\u01b0\u1edbng<\/span><\/li>\n<li><span style=\"color: #ff0000;\">B\u1ebfp \u0111i\u1ec1u khi\u1ec3n c\u1ea3m \u1ee9ng hi\u1ec7n \u0111\u1ea1i<\/span><\/li>\n<li><span style=\"color: #ff0000;\">T\u1ed5ng c\u00f4ng su\u1ea5t: 3600W<\/span><\/li>\n<\/ul>\n<\/td>\n<\/tr>\n<tr>\n<td><span style=\"color: #ff0000;\"><strong>K\u00cdCH TH\u01af\u1edaC S\u1ea2N PH\u1ea8M<\/strong><\/span><\/td>\n<td><span style=\"color: #ff0000;\"><span style=\"vertical-align: inherit;\"><span style=\"vertical-align: inherit;\"><span style=\"vertical-align: inherit;\"><span style=\"vertical-align: inherit;\"><span style=\"vertical-align: inherit;\"><span style=\"vertical-align: inherit;\">730R x 430S x 60Cmm<\/span><\/span><\/span><\/span><\/span><\/span><\/span><\/td>\n<\/tr>\n<tr>\n<td><span style=\"color: #ff0000;\"><strong>K\u00cdCH TH\u01af\u1edaC KHO\u00c9T \u0110\u00c1<\/strong><\/span><\/td>\n<td><span style=\"color: #ff0000;\"><span style=\"vertical-align: inherit;\"><span style=\"vertical-align: inherit;\"><span style=\"vertical-align: inherit;\"><span style=\"vertical-align: inherit;\"><span style=\"vertical-align: inherit;\"><span style=\"vertical-align: inherit;\">680R x 380S mm<\/span><\/span><\/span><\/span><\/span><\/span><\/span><\/td>\n<\/tr>\n<tr>\n<td><span style=\"color: #ff0000;\"><strong>B\u1ea2O H\u00c0NH<\/strong><\/span><\/td>\n<td><span style=\"color: #ff0000;\">3 n\u0103m ch\u00ednh h\u00e3ng<\/span><\/td>\n<\/tr>\n<\/tbody>\n<\/table>\n","protected":false},"featured_media":792,"comment_status":"open","ping_status":"closed","template":"","meta":{"_eb_attr":""},"product_cat":[86,124,249],"product_tag":[259],"_links":{"self":[{"href":"https:\/\/tannoithat.com\/index.php\/wp-json\/wp\/v2\/product\/789"}],"collection":[{"href":"https:\/\/tannoithat.com\/index.php\/wp-json\/wp\/v2\/product"}],"about":[{"href":"https:\/\/tannoithat.com\/index.php\/wp-json\/wp\/v2\/types\/product"}],"replies":[{"embeddable":true,"href":"https:\/\/tannoithat.com\/index.php\/wp-json\/wp\/v2\/comments?post=789"}],"wp:featuredmedia":[{"embeddable":true,"href":"https:\/\/tannoithat.com\/index.php\/wp-json\/wp\/v2\/media\/792"}],"wp:attachment":[{"href":"https:\/\/tannoithat.com\/index.php\/wp-json\/wp\/v2\/media?parent=789"}],"wp:term":[{"taxonomy":"product_cat","embeddable":true,"href":"https:\/\/tannoithat.com\/index.php\/wp-json\/wp\/v2\/product_cat?post=789"},{"taxonomy":"product_tag","embeddable":true,"href":"https:\/\/tannoithat.com\/index.php\/wp-json\/wp\/v2\/product_tag?post=789"}],"curies":[{"name":"wp","href":"https:\/\/api.w.org\/{rel}","templated":true}]}}