{"id":977,"date":"2024-03-02T16:08:52","date_gmt":"2024-03-02T09:08:52","guid":{"rendered":"https:\/\/tannoithat.com\/?post_type=product&#038;p=977"},"modified":"2024-03-02T16:26:47","modified_gmt":"2024-03-02T09:26:47","slug":"bo-noi-dun-lorca-ta-5012-titanium","status":"publish","type":"product","link":"https:\/\/tannoithat.com\/index.php\/product\/bo-noi-dun-lorca-ta-5012-titanium\/","title":{"rendered":"B\u1ed9 N\u1ed3i \u0110un Lorca TA 5012 \u2013 TITANIUM"},"content":{"rendered":"\n\n<div class=\"kk-star-ratings kksr-auto kksr-align-left kksr-valign-top\"\n    data-payload='{&quot;align&quot;:&quot;left&quot;,&quot;id&quot;:&quot;977&quot;,&quot;slug&quot;:&quot;default&quot;,&quot;valign&quot;:&quot;top&quot;,&quot;ignore&quot;:&quot;&quot;,&quot;reference&quot;:&quot;auto&quot;,&quot;class&quot;:&quot;&quot;,&quot;count&quot;:&quot;1&quot;,&quot;legendonly&quot;:&quot;&quot;,&quot;readonly&quot;:&quot;&quot;,&quot;score&quot;:&quot;5&quot;,&quot;starsonly&quot;:&quot;&quot;,&quot;best&quot;:&quot;5&quot;,&quot;gap&quot;:&quot;5&quot;,&quot;greet&quot;:&quot;Rate this product&quot;,&quot;legend&quot;:&quot;5\\\/5 - (1 b\u00ecnh ch\u1ecdn)&quot;,&quot;size&quot;:&quot;24&quot;,&quot;title&quot;:&quot;B\u1ed9 N\u1ed3i \u0110un Lorca TA 5012 \u2013 TITANIUM&quot;,&quot;width&quot;:&quot;142.5&quot;,&quot;_legend&quot;:&quot;{score}\\\/{best} - ({count} {votes})&quot;,&quot;font_factor&quot;:&quot;1.25&quot;}'>\n            \n<div class=\"kksr-stars\">\n    \n<div class=\"kksr-stars-inactive\">\n            <div class=\"kksr-star\" data-star=\"1\" style=\"padding-right: 5px\">\n            \n\n<div class=\"kksr-icon\" style=\"width: 24px; height: 24px;\"><\/div>\n        <\/div>\n            <div class=\"kksr-star\" data-star=\"2\" style=\"padding-right: 5px\">\n            \n\n<div class=\"kksr-icon\" style=\"width: 24px; height: 24px;\"><\/div>\n        <\/div>\n            <div class=\"kksr-star\" data-star=\"3\" style=\"padding-right: 5px\">\n            \n\n<div class=\"kksr-icon\" style=\"width: 24px; height: 24px;\"><\/div>\n        <\/div>\n            <div class=\"kksr-star\" data-star=\"4\" style=\"padding-right: 5px\">\n            \n\n<div class=\"kksr-icon\" style=\"width: 24px; height: 24px;\"><\/div>\n        <\/div>\n            <div class=\"kksr-star\" data-star=\"5\" style=\"padding-right: 5px\">\n            \n\n<div class=\"kksr-icon\" style=\"width: 24px; height: 24px;\"><\/div>\n        <\/div>\n    <\/div>\n    \n<div class=\"kksr-stars-active\" style=\"width: 142.5px;\">\n            <div class=\"kksr-star\" style=\"padding-right: 5px\">\n            \n\n<div class=\"kksr-icon\" style=\"width: 24px; height: 24px;\"><\/div>\n        <\/div>\n            <div class=\"kksr-star\" style=\"padding-right: 5px\">\n            \n\n<div class=\"kksr-icon\" style=\"width: 24px; height: 24px;\"><\/div>\n        <\/div>\n            <div class=\"kksr-star\" style=\"padding-right: 5px\">\n            \n\n<div class=\"kksr-icon\" style=\"width: 24px; height: 24px;\"><\/div>\n        <\/div>\n            <div class=\"kksr-star\" style=\"padding-right: 5px\">\n            \n\n<div class=\"kksr-icon\" style=\"width: 24px; height: 24px;\"><\/div>\n        <\/div>\n            <div class=\"kksr-star\" style=\"padding-right: 5px\">\n            \n\n<div class=\"kksr-icon\" style=\"width: 24px; height: 24px;\"><\/div>\n        <\/div>\n    <\/div>\n<\/div>\n                \n\n<div class=\"kksr-legend\" style=\"font-size: 19.2px;\">\n            5\/5 - (1 b\u00ecnh ch\u1ecdn)    <\/div>\n    <\/div>\n<p>B\u1ed9 n\u1ed3i \u0111un<b>\u00a0<a href=\"https:\/\/tannoithat.com\/index.php\/product-category\/thiet-bi-nha-bep-2\/\">Lorca TA 5012<\/a><\/b><a href=\"https:\/\/tannoithat.com\/index.php\/product-category\/thiet-bi-nha-bep-2\/\">\u00a0<\/a>cao c\u1ea5p v\u1edbi thi\u1ebft k\u1ebf \u0111\u1eb9p m\u1eaft, \u0111\u1ed9 b\u1ec1n cao v\u00e0 an to\u00e0n v\u1edbi s\u1ee9c kh\u1ecfe \u0111ang l\u00e0 s\u1ef1 l\u1ef1a ch\u1ecdn h\u00e0ng \u0111\u1ea7u c\u1ee7a c\u00e1c b\u00e0 n\u1ed9i tr\u1ee3.<\/p>\n<div id=\"attachment_979\" style=\"width: 1930px\" class=\"wp-caption alignnone\"><img fetchpriority=\"high\" decoding=\"async\" aria-describedby=\"caption-attachment-979\" class=\"size-full wp-image-979\" src=\"https:\/\/tannoithat.com\/wp-content\/uploads\/2024\/03\/snapedit_1709369998631.png\" alt=\"B\u1ed9 N\u1ed3i \u0110un Lorca TA 5012 \u2013 TITANIUM\" width=\"1920\" height=\"1440\" srcset=\"https:\/\/tannoithat.com\/wp-content\/uploads\/2024\/03\/snapedit_1709369998631.png 1920w, https:\/\/tannoithat.com\/wp-content\/uploads\/2024\/03\/snapedit_1709369998631-300x225.png 300w, https:\/\/tannoithat.com\/wp-content\/uploads\/2024\/03\/snapedit_1709369998631-1024x768.png 1024w, https:\/\/tannoithat.com\/wp-content\/uploads\/2024\/03\/snapedit_1709369998631-768x576.png 768w, https:\/\/tannoithat.com\/wp-content\/uploads\/2024\/03\/snapedit_1709369998631-1536x1152.png 1536w, https:\/\/tannoithat.com\/wp-content\/uploads\/2024\/03\/snapedit_1709369998631-600x450.png 600w\" sizes=\"(max-width: 1920px) 100vw, 1920px\" \/><p id=\"caption-attachment-979\" class=\"wp-caption-text\">B\u1ed9 N\u1ed3i \u0110un Lorca TA 5012 \u2013 TITANIUM<\/p><\/div>\n<p>B\u1ed9 n\u1ed3i g\u1ed3m 8 chi ti\u1ebft: 3 vung, 3 n\u1ed3i, 1 ch\u1ea3o v\u00e0 1 x\u1eedng h\u1ea5p.<\/p>\n<ul>\n<li>N\u1ed3i l\u1edbn: \u0110\u01b0\u1eddng k\u00ednh: 24cm \u2013 Chi\u1ec1u cao: 13,5cm \u2013 Th\u1ec3 t\u00edch: 5,7 L\u00edt<\/li>\n<li>N\u1ed3i nh\u1ecf: \u0110\u01b0\u1eddng k\u00ednh: 20cm \u2013 Chi\u1ec1u cao:11,5cm \u2013 Th\u1ec3 t\u00edch: 3,3 L\u00edt<\/li>\n<li>X\u1eedng h\u1ea5p: \u0110\u01b0\u1eddng k\u00ednh: 16cm \u2013 Chi\u1ec1u cao: 9,5cm \u2013 Th\u1ec3 t\u00edch: 1,8 L\u00edt<\/li>\n<li>Ch\u1ea3o: \u0110\u01b0\u1eddng k\u00ednh: 26cm \u2013 Chi\u1ec1u cao: 6,5cm \u2013 Th\u1ec3 t\u00edch: 2,2 L\u00edt<\/li>\n<li>Qu\u00e1nh: \u0110\u01b0\u1eddng k\u00ednh: 24cm \u2013 Chi\u1ec1u cao: 9,5cm<\/li>\n<\/ul>\n<p>B\u1ed9 n\u1ed3i Lorca TA 5012 s\u1eed d\u1ee5ng \u0111\u01b0\u1ee3c cho m\u1ecdi lo\u1ea1i b\u1ebfp v\u00e0 m\u00e1y r\u1eeda b\u00e1t.<\/p>\n<p>B\u1ed9 n\u1ed3i s\u1eed d\u1ee5ng th\u00e9p kh\u00f4ng g\u1ec9 cao c\u1ea5p hay c\u00f2n g\u1ecdi l\u00e0 inox 304. N\u1ed3i c\u00f3 18% crom v\u00e0 10% niken, c\u00f2n l\u1ea1i l\u00e0 s\u1eaft v\u00e0 c\u00e1c th\u00e0nh ph\u1ea7n kh\u00e1c. C\u00e1c ch\u1ea5t li\u1ec7u an to\u00e0n khi ti\u1ebfp x\u00fac v\u1edbi nhi\u1ec7t \u0111\u1ed9 cao v\u00ec v\u1eady r\u1ea5t an to\u00e0n v\u1edbi s\u1ee9c kh\u1ecfe ng\u01b0\u1eddi d\u00f9ng.<\/p>\n<p>Vung n\u1ed3i \u0111\u01b0\u1ee3c l\u00e0m b\u1eb1ng\u00a0<b>k\u00ednh c\u01b0\u1eddng l\u1ef1c G304<\/b>\u00a0d\u00e0y 4mm.<\/p>\n<p>Ch\u1ea3o tr\u00e1ng 3\u00a0<b>l\u1edbp ch\u1ed1ng d\u00ednh XylanPlus<\/b>\u00a0c\u1ee7a c\u00f4ng ty Whitford (M\u1ef9) an to\u00e0n v\u00e0 si\u00eau b\u1ec1n.<\/p>\n<p>\u0110\u00e1y n\u1ed3i \u0111\u01b0\u1ee3c c\u1ea5u t\u1ea1o t\u1eeb 5 l\u1edbp:<\/p>\n<ul>\n<li>L\u1edbp ngo\u00e0i c\u00f9ng:\u00a0<b>L\u1edbp inox 403\u00a0<\/b>hay c\u00f2n g\u1ecdi l\u00e0 th\u00e9p kh\u00f4ng g\u1ec9. L\u1edbp ngo\u00e0i c\u00f9ng n\u00e0y c\u00f3 nhi\u1ec7m v\u1ee5 nh\u1eadn nhi\u1ec7m v\u1ee5 b\u1eaft t\u1eeb v\u00e0 chuy\u1ec3n h\u00f3a th\u00e0nh nhi\u1ec7t n\u0103ng.<\/li>\n<li>L\u1edbp th\u1ee9 2:<b>\u00a0L\u1edbp nh\u00e2m nguy\u00ean ch\u1ea5t\u00a0<\/b>(Pure Aluminum). \u0110\u00e2y l\u00e0 ch\u1ea5t li\u1ec7u c\u00f3 kh\u1ea3 n\u0103ng h\u1ea5p th\u1ee5 nhi\u1ec7t v\u00e0 d\u1eabn nhi\u1ec7t c\u1ef1c t\u1ed1t. \u0110\u1ed3ng th\u1eddi c\u00f3 kh\u1ea3 n\u0103ng ph\u00e2n t\u00e1n nhi\u1ec7t \u0111\u1ec1u kh\u1eafp \u0111\u00e1y n\u1ed3i.<\/li>\n<li>L\u1edbp th\u1ee9 3:\u00a0<b>L\u1edbp l\u00f5i h\u1ee3p kim nh\u00f4m<\/b>\u00a0\u0111\u1eb7c bi\u1ec7t (Aluminum Alloy).<\/li>\n<li>L\u1edbp th\u1ee9 4:\u00a0<b>L\u1edbp nh\u00f4m nguy\u00ean ch\u1ea5t<\/b>\u00a0(Pure Aluminum).<\/li>\n<li>L\u1edbp cu\u1ed1i c\u00f9ng:\u00a0<b>L\u1edbp inox 304<\/b>, l\u1edbp n\u00e0y l\u00e0 l\u1edbp trong c\u00f9ng ti\u1ebfp x\u00fac v\u1edbi th\u1ef1c ph\u1ea9m. Do v\u1eady s\u1ebd \u0111\u01b0\u1ee3c \u01b0u ti\u00ean l\u00e0 ch\u1ea5t l\u01b0\u1ee3ng inox t\u1ed1t nh\u1ea5t, kh\u1ea3 n\u0103ng an to\u00e0n tuy\u1ec7t \u0111\u1ed1i khi ti\u1ebfp x\u00fac tr\u1ef1c ti\u1ebfp v\u1edbi th\u1ef1c ph\u1ea9m.<\/li>\n<\/ul>\n<p>C\u1ea3 5 l\u1edbp kim lo\u1ea1i n\u00e0y \u0111\u01b0\u1ee3c d\u1eadp l\u1ea1i th\u00e0nh m\u1ed9t kh\u1ed1i li\u00ean k\u1ebft nh\u1edd k\u1ef9 thu\u1eadt tinh x\u1ea3o, t\u0103ng kh\u1ea3 n\u0103ng ch\u1ecbu nhi\u1ec7t v\u00e0 ch\u1ecbu l\u1ef1c. N\u1ed3i 5 \u0111\u00e1y c\u00f3 \u0111\u1ed9 b\u1ec1n cao, c\u00f3 kh\u1ea3 n\u0103ng ch\u1ecbu l\u1ef1c t\u1ed1t v\u00e0 hi\u1ec7u qu\u1ea3 h\u01a1n nhi\u1ec1u.<\/p>\n<p>B\u00ean ngo\u00e0i n\u1ed3i v\u00e0 ch\u1ea3o \u0111\u01b0\u1ee3c ph\u1ee7 m\u1ed9t l\u1edbp s\u01a1n t\u0129nh \u0111i\u1ec7n gi\u00fap ch\u00fang kh\u00f4ng b\u1ecb oxi h\u00f3a v\u00e0 v\u1eabn b\u1ec1n \u0111\u1eb9p sau th\u1eddi gian d\u00e0i s\u1eed d\u1ee5ng. B\u00ean trong l\u00e0 th\u00e9p kh\u00f4ng g\u1ec9 gi\u00fap truy\u1ec1n v\u00e0 gi\u1eef nhi\u1ec7t r\u1ea5t t\u1ed1t. Ph\u1ea7n tay c\u1ea7m r\u1ea5t ch\u1eafc ch\u1eafn v\u00e0 d\u1ec5 d\u00e0ng c\u1ea7m n\u1eafm khi n\u1ea5u n\u01b0\u1edbng.<\/p>\n<p>Th\u00e0nh n\u1ed3i \u0111\u01b0\u1ee3c thi\u1ebft k\u1ebf d\u00e0y ch\u1eafc ho\u00e0n to\u00e0n b\u1eb1ng th\u00e9p kh\u00f4ng g\u1ec9 18\/10 an to\u00e0n tuy\u1ec7t \u0111\u1ed1i cho s\u1ee9c kh\u1ecfe. Ph\u1ea7n v\u00e0nh n\u1ed3i \u0111\u01b0\u1ee3c thi\u1ebft k\u1ebf r\u1ed9ng h\u01a1n, gi\u00fap r\u00f3t \u0111\u1ed3 th\u1ee9c \u0103n t\u1eeb n\u1ed3i an to\u00e0n nh\u1ea5t.<\/p>\n<div id=\"attachment_980\" style=\"width: 1930px\" class=\"wp-caption alignnone\"><img decoding=\"async\" aria-describedby=\"caption-attachment-980\" class=\"size-full wp-image-980\" src=\"https:\/\/tannoithat.com\/wp-content\/uploads\/2024\/03\/upweb2-12.jpg\" alt=\"B\u1ed9 N\u1ed3i \u0110un Lorca TA 5012 \u2013 TITANIUM\" width=\"1920\" height=\"1440\" srcset=\"https:\/\/tannoithat.com\/wp-content\/uploads\/2024\/03\/upweb2-12.jpg 1920w, https:\/\/tannoithat.com\/wp-content\/uploads\/2024\/03\/upweb2-12-300x225.jpg 300w, https:\/\/tannoithat.com\/wp-content\/uploads\/2024\/03\/upweb2-12-1024x768.jpg 1024w, https:\/\/tannoithat.com\/wp-content\/uploads\/2024\/03\/upweb2-12-768x576.jpg 768w, https:\/\/tannoithat.com\/wp-content\/uploads\/2024\/03\/upweb2-12-1536x1152.jpg 1536w, https:\/\/tannoithat.com\/wp-content\/uploads\/2024\/03\/upweb2-12-600x450.jpg 600w\" sizes=\"(max-width: 1920px) 100vw, 1920px\" \/><p id=\"caption-attachment-980\" class=\"wp-caption-text\">B\u1ed9 N\u1ed3i \u0110un Lorca TA 5012 \u2013 TITANIUM<\/p><\/div>\n<p>B\u1ed9 n\u1ed3i\u00a0<b>Lorca TA 5012<\/b>\u00a0c\u00f3 t\u00ednh \u1ee9ng d\u1ee5ng cao, ph\u00f9 h\u1ee3p cho t\u1ea5t c\u1ea3 c\u00e1c lo\u1ea1i b\u1ebfp th\u00f4ng d\u1ee5ng hi\u1ec7n nay: b\u1ebfp gas, b\u1ebfp t\u1eeb, b\u1ebfp \u0111i\u1ec7n t\u1eeb,\u2026.S\u1eed d\u1ee5ng ti\u1ec7n \u00edch, \u0111\u1ed9 b\u1ec1n cao.<\/p>\n<p>B\u1ed9 n\u1ed3i 5 m\u00f3n Lorca l\u00e0 \u0111i\u1ec3m nh\u1ea5n n\u1ed5i b\u1eadt gi\u1eefa gian b\u1ebfp. V\u1edbi \u0111\u1ed9 s\u00e1ng b\u00f3ng, s\u1ea1ch s\u1ebd c\u00f9ng thi\u1ebft k\u1ebf ki\u1ec3u d\u00e1ng t\u1ec9 m\u1ec9, b\u1ed9 n\u1ed3i s\u1ebd gi\u00fap c\u0103n b\u1ebfp tr\u1edf n\u00ean hi\u1ec7n \u0111\u1ea1i h\u01a1n nhi\u1ec1u.<\/p>\n<h4><a href=\"https:\/\/www.facebook.com\/nguyenvantandt789\" target=\"_blank\" rel=\"noopener\">T\u00cdNH N\u0102NG AN TO\u00c0N<\/a><\/h4>\n<p>Vung k\u00ednh c\u01b0\u1eddng l\u1ef1c ch\u1ecbu nhi\u1ec7t an to\u00e0<\/p>\n","protected":false},"excerpt":{"rendered":"<ul>\n<li>B\u1ea3o H\u00e0nh: 12 Th\u00e1ng<\/li>\n<li>Xu\u1ea5t x\u1ee9; Trung Qu\u1ed1c<\/li>\n<\/ul>\n","protected":false},"featured_media":979,"comment_status":"open","ping_status":"closed","template":"","meta":{"_eb_attr":""},"product_cat":[289,249],"product_tag":[292,291],"_links":{"self":[{"href":"https:\/\/tannoithat.com\/index.php\/wp-json\/wp\/v2\/product\/977"}],"collection":[{"href":"https:\/\/tannoithat.com\/index.php\/wp-json\/wp\/v2\/product"}],"about":[{"href":"https:\/\/tannoithat.com\/index.php\/wp-json\/wp\/v2\/types\/product"}],"replies":[{"embeddable":true,"href":"https:\/\/tannoithat.com\/index.php\/wp-json\/wp\/v2\/comments?post=977"}],"wp:featuredmedia":[{"embeddable":true,"href":"https:\/\/tannoithat.com\/index.php\/wp-json\/wp\/v2\/media\/979"}],"wp:attachment":[{"href":"https:\/\/tannoithat.com\/index.php\/wp-json\/wp\/v2\/media?parent=977"}],"wp:term":[{"taxonomy":"product_cat","embeddable":true,"href":"https:\/\/tannoithat.com\/index.php\/wp-json\/wp\/v2\/product_cat?post=977"},{"taxonomy":"product_tag","embeddable":true,"href":"https:\/\/tannoithat.com\/index.php\/wp-json\/wp\/v2\/product_tag?post=977"}],"curies":[{"name":"wp","href":"https:\/\/api.w.org\/{rel}","templated":true}]}}