{"id":997,"date":"2024-03-13T09:39:07","date_gmt":"2024-03-13T02:39:07","guid":{"rendered":"https:\/\/tannoithat.com\/?post_type=product&#038;p=997"},"modified":"2024-03-13T09:40:59","modified_gmt":"2024-03-13T02:40:59","slug":"nuoc-bong-finish-2024","status":"publish","type":"product","link":"https:\/\/tannoithat.com\/index.php\/product\/nuoc-bong-finish-2024\/","title":{"rendered":"N\u01b0\u01a1\u0301c Bo\u0301ng Finish 2024"},"content":{"rendered":"\n\n<div class=\"kk-star-ratings kksr-auto kksr-align-left kksr-valign-top\"\n    data-payload='{&quot;align&quot;:&quot;left&quot;,&quot;id&quot;:&quot;997&quot;,&quot;slug&quot;:&quot;default&quot;,&quot;valign&quot;:&quot;top&quot;,&quot;ignore&quot;:&quot;&quot;,&quot;reference&quot;:&quot;auto&quot;,&quot;class&quot;:&quot;&quot;,&quot;count&quot;:&quot;1&quot;,&quot;legendonly&quot;:&quot;&quot;,&quot;readonly&quot;:&quot;&quot;,&quot;score&quot;:&quot;5&quot;,&quot;starsonly&quot;:&quot;&quot;,&quot;best&quot;:&quot;5&quot;,&quot;gap&quot;:&quot;5&quot;,&quot;greet&quot;:&quot;Rate this product&quot;,&quot;legend&quot;:&quot;5\\\/5 - (1 b\u00ecnh ch\u1ecdn)&quot;,&quot;size&quot;:&quot;24&quot;,&quot;title&quot;:&quot;N\u01b0\u01a1\u0301c Bo\u0301ng Finish 2024&quot;,&quot;width&quot;:&quot;142.5&quot;,&quot;_legend&quot;:&quot;{score}\\\/{best} - ({count} {votes})&quot;,&quot;font_factor&quot;:&quot;1.25&quot;}'>\n            \n<div class=\"kksr-stars\">\n    \n<div class=\"kksr-stars-inactive\">\n            <div class=\"kksr-star\" data-star=\"1\" style=\"padding-right: 5px\">\n            \n\n<div class=\"kksr-icon\" style=\"width: 24px; height: 24px;\"><\/div>\n        <\/div>\n            <div class=\"kksr-star\" data-star=\"2\" style=\"padding-right: 5px\">\n            \n\n<div class=\"kksr-icon\" style=\"width: 24px; height: 24px;\"><\/div>\n        <\/div>\n            <div class=\"kksr-star\" data-star=\"3\" style=\"padding-right: 5px\">\n            \n\n<div class=\"kksr-icon\" style=\"width: 24px; height: 24px;\"><\/div>\n        <\/div>\n            <div class=\"kksr-star\" data-star=\"4\" style=\"padding-right: 5px\">\n            \n\n<div class=\"kksr-icon\" style=\"width: 24px; height: 24px;\"><\/div>\n        <\/div>\n            <div class=\"kksr-star\" data-star=\"5\" style=\"padding-right: 5px\">\n            \n\n<div class=\"kksr-icon\" style=\"width: 24px; height: 24px;\"><\/div>\n        <\/div>\n    <\/div>\n    \n<div class=\"kksr-stars-active\" style=\"width: 142.5px;\">\n            <div class=\"kksr-star\" style=\"padding-right: 5px\">\n            \n\n<div class=\"kksr-icon\" style=\"width: 24px; height: 24px;\"><\/div>\n        <\/div>\n            <div class=\"kksr-star\" style=\"padding-right: 5px\">\n            \n\n<div class=\"kksr-icon\" style=\"width: 24px; height: 24px;\"><\/div>\n        <\/div>\n            <div class=\"kksr-star\" style=\"padding-right: 5px\">\n            \n\n<div class=\"kksr-icon\" style=\"width: 24px; height: 24px;\"><\/div>\n        <\/div>\n            <div class=\"kksr-star\" style=\"padding-right: 5px\">\n            \n\n<div class=\"kksr-icon\" style=\"width: 24px; height: 24px;\"><\/div>\n        <\/div>\n            <div class=\"kksr-star\" style=\"padding-right: 5px\">\n            \n\n<div class=\"kksr-icon\" style=\"width: 24px; height: 24px;\"><\/div>\n        <\/div>\n    <\/div>\n<\/div>\n                \n\n<div class=\"kksr-legend\" style=\"font-size: 19.2px;\">\n            5\/5 - (1 b\u00ecnh ch\u1ecdn)    <\/div>\n    <\/div>\n<h1>N\u01b0\u01a1\u0301c Bo\u0301ng Finish 2024<\/h1>\n<h2><strong>1.\u00a0<a href=\"https:\/\/www.facebook.com\/noithatbeptnt\" target=\"_blank\" rel=\"noopener\">N\u01af\u1edaC L\u00c0M B\u00d3NG<\/a>\u00a0CH\u00c9N \u0110\u0128A\u00a0FINISH 400ML H\u01af\u01a0NG CHANH:<\/strong><\/h2>\n<p>N\u01b0\u1edbc l\u00e0m b\u00f3ng v\u00e0 kh\u00f4 ch\u00e9n, \u0111\u0129a Finish Dishwasher Shine &amp; Dry Regular l\u00e0 ch\u1ea5t tr\u1ee3 r\u1eeda ri\u00eang bi\u1ec7t. S\u1ea3n ph\u1ea9m c\u00f3 t\u00e1c d\u1ee5ng l\u00e0m b\u00f3ng \u0111\u1ec3 ch\u00e9n \u0111\u0129a, c\u00e1c \u0111\u1ed3 s\u00e0nh s\u1ee9, th\u1ee7y tinh, inox v\u00e0 c\u00e1c d\u1ee5ng c\u1ee5 nh\u00e0 b\u1ebfp c\u1ee7a b\u1ea1n \u0111\u01b0\u1ee3c l\u00e0m kh\u00f4 m\u00e0 ch\u01b0a c\u1ea7n \u0111\u1ebfn kh\u00e2u s\u1ea5y kh\u00f4.<\/p>\n<p>Kh\u00f4ng nh\u1eefng th\u1ebf, ch\u00fang c\u00f2n l\u00e0m cho nh\u1eefng d\u1ee5ng c\u1ee5 nh\u00e0 b\u1ebfp kh\u00f4ng b\u1ecb m\u1edd khi r\u1eeda nhi\u1ec1u trong m\u00e1y. V\u1eadt d\u1ee5ng s\u1ebd tr\u1edf n\u00ean s\u00e1ng b\u00f3ng v\u00e0 s\u1ea1ch s\u1ebd h\u01a1n. \u0110\u1eb7c bi\u1ec7t n\u01b0\u1edbc l\u00e0m b\u00f3ng v\u00e0 kh\u00f4 ch\u00e9n, \u0111\u0129a Finish Dishwasher Shine &amp; Dry Regular s\u1ebd h\u1ed7 tr\u1ee3 cho qu\u00e1 tr\u00ecnh s\u1ea5y kh\u00f4 \u0111\u01b0\u1ee3c nhanh h\u01a1n, s\u00e1ng b\u00f3ng h\u01a1n, ch\u00e9n \u0111\u0129a s\u1ebd \u0111\u01b0\u1ee3c s\u1ea5y kh\u00f4 ho\u00e0n to\u00e0n v\u00e0 l\u01b0u l\u1ea1i h\u01b0\u01a1ng th\u01a1m t\u01b0\u01a1i m\u00e1t d\u00e0i l\u00e2u.<\/p>\n<p>Finish l\u00e0 m\u1ed9t nh\u00e3n hi\u1ec7u s\u1ea3n ph\u1ea9m r\u1eeda b\u00e1t t\u1ea1i CHLB \u0110\u1ee9c, v\u1edbi l\u1ecbch s\u1eed t\u1ed3n t\u1ea1i l\u00e2u n\u0103m tr\u00ean c\u00e1c th\u1ecb tr\u01b0\u1eddng ch\u00e2u \u00c2u, l\u1ea5n d\u1ea7n sang ch\u00e2u \u00c1 v\u00e0 nhanh ch\u00f3ng th\u00edch nghi c\u0169ng nh\u01b0 nh\u1eadn \u0111\u01b0\u1ee3c s\u1ef1 \u1ee7ng h\u1ed9 v\u00e0 tin t\u01b0\u1edfng c\u1ee7a c\u00e1c b\u00e0 n\u1ed9i tr\u1ee3. Finish ng\u00e0y c\u00e0ng kh\u1eb3ng \u0111\u1ecbnh \u0111\u01b0\u1ee3c v\u1ecb tr\u00ed th\u1ed1ng tr\u1ecb c\u1ee7a m\u00ecnh tr\u00ean th\u1ecb tr\u01b0\u1eddng s\u1ea3n ph\u1ea9m r\u1eeda b\u00e1t.<\/p>\n<p><img fetchpriority=\"high\" decoding=\"async\" class=\"alignnone  wp-image-998\" src=\"https:\/\/tannoithat.com\/wp-content\/uploads\/2024\/03\/39db47aa-cc3b-442f-86bc-ddee6a31ac11.png\" alt=\"\" width=\"476\" height=\"847\" srcset=\"https:\/\/tannoithat.com\/wp-content\/uploads\/2024\/03\/39db47aa-cc3b-442f-86bc-ddee6a31ac11.png 1444w, https:\/\/tannoithat.com\/wp-content\/uploads\/2024\/03\/39db47aa-cc3b-442f-86bc-ddee6a31ac11-169x300.png 169w, https:\/\/tannoithat.com\/wp-content\/uploads\/2024\/03\/39db47aa-cc3b-442f-86bc-ddee6a31ac11-576x1024.png 576w, https:\/\/tannoithat.com\/wp-content\/uploads\/2024\/03\/39db47aa-cc3b-442f-86bc-ddee6a31ac11-768x1366.png 768w, https:\/\/tannoithat.com\/wp-content\/uploads\/2024\/03\/39db47aa-cc3b-442f-86bc-ddee6a31ac11-864x1536.png 864w, https:\/\/tannoithat.com\/wp-content\/uploads\/2024\/03\/39db47aa-cc3b-442f-86bc-ddee6a31ac11-1152x2048.png 1152w, https:\/\/tannoithat.com\/wp-content\/uploads\/2024\/03\/39db47aa-cc3b-442f-86bc-ddee6a31ac11-600x1067.png 600w\" sizes=\"(max-width: 476px) 100vw, 476px\" \/><\/p>\n<p><strong>L\u00fd do n\u00ean ch\u1ecdn N\u01b0\u1edbc l\u00e0m b\u00f3ng ch\u00e9n \u0111\u0129a Finish 400ml h\u01b0\u01a1ng chanh:<\/strong><\/p>\n<ul>\n<li>R\u1eeda s\u1ea1ch c\u1eb7n: N\u01b0\u1edbc r\u1eeda gi\u00fap lo\u1ea1i b\u1ecf d\u01b0 l\u01b0\u1ee3ng kho\u00e1ng ch\u1ea5t ph\u1ed5 bi\u1ebfn trong c\u1ed1ng v\u00e0 n\u01b0\u1edbc c\u1ee9ng, th\u01b0\u1eddng ch\u1ee9a d\u1ea5u v\u1ebft c\u1ee7a \u0111\u00e1 v\u00f4i ho\u1eb7c ph\u1ea5n.<\/li>\n<li>T\u0103ng t\u1ed1c l\u00e0m kh\u00f4 Ch\u1ea5t : Tr\u1ee3 r\u1eeda ho\u1ea1t \u0111\u1ed9ng nh\u01b0 m\u1ed9t ch\u1ea5t ho\u1ea1t \u0111\u1ed9ng b\u1ec1 m\u1eb7t l\u00e0m gi\u1ea3m s\u1ee9c c\u0103ng b\u1ec1 m\u1eb7t c\u1ee7a n\u01b0\u1edbc v\u00e0 do \u0111\u00f3 kh\u00f4ng th\u1ec3 t\u1ea1o th\u00e0nh c\u00e1c gi\u1ecdt. N\u00f3 cho ph\u00e9p n\u01b0\u1edbc ch\u1ea3y ra kh\u1ecfi b\u1ec1 m\u1eb7t \u0111\u1ed3ng \u0111\u1ec1u thay v\u00ec t\u00edch t\u1ee5 tr\u00ean c\u00e1c m\u00f3n \u0103n.<\/li>\n<li>\u0110\u00e1nh b\u00f3ng v\u1ebft n\u01b0\u1edbc V\u1ebft n\u01b0\u1edbc : L\u00e0 do kho\u00e1ng ch\u1ea5t c\u00f2n s\u00f3t l\u1ea1i sau khi bay h\u01a1i. \u01afu \u0111i\u1ec3m c\u1ee7a n\u01b0\u1edbc r\u1eeda: Kh\u00f4ng th\u1ea5m n\u01b0\u1edbc v\u00e0 do \u0111\u00f3 ng\u0103n ng\u1eeba v\u1ebft n\u01b0\u1edbc c\u1ee9ng \u0111\u1ea7u tr\u00ean \u0111\u0129a kh\u00f4 c\u1ee7a b\u1ea1n.<\/li>\n<li>R\u1eeda vi\u1ec7n tr\u1ee3 tr\u00e1nh s\u1ef1 h\u00ecnh th\u00e0nh c\u1ee7a d\u01b0 l\u01b0\u1ee3ng ho\u1eb7c ti\u1ec1n g\u1eedi cho \u0111\u1ed3 d\u00f9ng nh\u00e0 b\u1ebfp s\u00e1ng b\u00f3ng v\u00e0 k\u00ednh s\u00e1ng.<\/li>\n<li>Radiant Shine : Rinse gi\u00fap t\u0103ng t\u1ed1c \u0111\u1ed9 l\u00e0m kh\u00f4 v\u00e0 cung c\u1ea5p \u0111\u1ed9 b\u00f3ng.<\/li>\n<\/ul>\n<h3><strong>2. T\u00cdNH N\u0102NG C\u1ee6A\u00a0<a href=\"https:\/\/tannoithat.com\/index.php\/shop\/\">N\u01af\u1edaC L\u00c0M B\u00d3NG CH\u00c9N \u0110\u0128A\u00a0FINISH<\/a>\u00a0400ML H\u01af\u01a0NG CHANH:<\/strong><\/h3>\n<p>&#8211; N\u01b0\u1edbc l\u00e0m b\u00f3ng v\u00e0 kh\u00f4 ch\u00e9n, \u0111\u0129a Finish Dishwasher Shine &amp; Dry Regular \u0111\u00e1p \u1ee9ng ti\u00eau chu\u1ea9n Ch\u00e2u \u00c2u kh\u00f4ng g\u00e2y \u0111\u1ed9c h\u1ea1i, d\u1ecb \u1ee9ng, \u0111\u1ea3m b\u1ea3o an to\u00e0n s\u1ee9c kho\u1ebb, th\u00e2n thi\u1ec7n v\u1edbi m\u00f4i tr\u01b0\u1eddng.<\/p>\n<p>&#8211; C\u00f4ng th\u1ee9c 5 trong 1 v\u1edbi c\u00e1c ho\u1ea1t ch\u1ea5t cao c\u1ea5p \u0111\u1eb7c bi\u1ec7t, l\u00e0m s\u1ea1ch c\u00e1c c\u1eb7n canxi b\u00e1m tr\u00ean ch\u00e9n \u0111\u0129a, lo\u1ea1i b\u1ecf c\u00e1c v\u1ebft n\u01b0\u1edbc v\u00e0 hi\u1ec7n t\u01b0\u1ee3ng b\u1ecb h\u01a1i n\u01b0\u1edbc b\u00e1m tr\u00ean b\u1ec1 m\u1eb7t ch\u00e9n \u0111\u0129a, l\u00e0m ch\u00e9n \u0111\u0129a kh\u00f4 nhanh h\u01a1n, an to\u00e0n v\u1ec7 sinh v\u00e0 cho hi\u1ec7u qu\u1ea3 l\u00e0m s\u1ea1ch t\u1ed1t h\u01a1n, c\u00e1c d\u1ee5ng c\u1ee5 nh\u00e0 b\u1ebfp s\u00e1ng b\u00f3ng h\u01a1n, gi\u1ea3m thi\u1ec3u c\u00e1c v\u1ebft tr\u1ea7y x\u01b0\u1edbc.<\/p>\n<p>&#8211; Ti\u1ebft ki\u1ec7m th\u1eddi gian, chi ph\u00ed ch\u0103m s\u00f3c b\u1edfi c\u00f4ng th\u1ee9c t\u00edch h\u1ee3p b\u1ea3o v\u1ec7 ch\u00e9n \u0111\u0129a c\u00f9ng m\u1ed9t l\u00fac.<\/p>\n<p>&#8211; Di\u1ec7t khu\u1ea9n, kh\u1eed m\u00f9i, mang l\u1ea1i h\u01b0\u01a1ng th\u01a1m t\u01b0\u01a1i m\u00e1t, d\u1ec5 ch\u1ecbu d\u00e0i l\u00e2u.<\/p>\n<p>&#8211; N\u01b0\u1edbc l\u00e0m b\u00f3ng ch\u00e9n, \u0111\u0129a \u0111\u01b0\u1ee3c d\u00f9ng k\u1ebft h\u1ee3p l\u00e0 dung d\u1ecbch tr\u1ee3 x\u1ea3 \u0111\u1ec3 h\u1ed7 tr\u1ee3 l\u00e0m b\u00f3ng, kh\u00f4 ch\u00e9n \u0111\u0129a, th\u01b0\u1eddng \u0111\u01b0\u1ee3c s\u1eed d\u1ee5ng k\u1ebft h\u1ee3p c\u00e1c s\u1ea3n ph\u1ea9m nh\u01b0: b\u1ed9t r\u1eeda ch\u00e9n, vi\u00ean r\u1eeda ch\u00e9n chuy\u00ean d\u1ee5ng d\u00e0nh cho m\u00e1y r\u1eeda ch\u00e9n v\u00e0 mu\u1ed1i l\u00e0m m\u1ec1m n\u01b0\u1edbc trong m\u00e1y r\u1eeda ch\u00e9n \u0111\u1ec3 c\u00f3 k\u1ebft qu\u1ea3 ho\u00e0n h\u1ea3o.<\/p>\n<p>&#8211; S\u1eed d\u1ee5ng \u0111\u01b0\u1ee3c cho \u0111a d\u1ea1ng c\u00e1c d\u00f2ng m\u00e1y nh\u01b0 Electrolux, Candy, Galanz, Bosch, Panasonic, Beko, Gorenje, Siemens, Smeg, Gaggenau, Aeg, Haier, Samsung, Zanussi,\u2026<\/p>\n<p><img decoding=\"async\" class=\"alignnone size-full wp-image-999\" src=\"https:\/\/tannoithat.com\/wp-content\/uploads\/2024\/03\/vien_rua_bat_finish_classic__2__59dbf8dac7844718bf56958a4bb44ede_grande.webp\" alt=\"\" width=\"454\" height=\"452\" srcset=\"https:\/\/tannoithat.com\/wp-content\/uploads\/2024\/03\/vien_rua_bat_finish_classic__2__59dbf8dac7844718bf56958a4bb44ede_grande.webp 454w, https:\/\/tannoithat.com\/wp-content\/uploads\/2024\/03\/vien_rua_bat_finish_classic__2__59dbf8dac7844718bf56958a4bb44ede_grande-300x300.webp 300w, https:\/\/tannoithat.com\/wp-content\/uploads\/2024\/03\/vien_rua_bat_finish_classic__2__59dbf8dac7844718bf56958a4bb44ede_grande-150x150.webp 150w, https:\/\/tannoithat.com\/wp-content\/uploads\/2024\/03\/vien_rua_bat_finish_classic__2__59dbf8dac7844718bf56958a4bb44ede_grande-100x100.webp 100w\" sizes=\"(max-width: 454px) 100vw, 454px\" \/><\/p>\n<p>&nbsp;<\/p>\n<h2><strong>3. C\u00c1CH S\u1eec D\u1ee4NG N\u01af\u1edaC L\u00c0M B\u00d3NG CH\u00c9N \u0110\u0128A\u00a0FINISH 400ML H\u01af\u01a0NG CHANH:<\/strong><\/h2>\n<ul>\n<li>M\u1edf ng\u0103n ch\u1ee9a dung d\u1ecbch l\u00e0m b\u00f3ng chuy\u00ean d\u1ee5ng tr\u00ean m\u00e1y r\u1eeda ch\u00e9n r\u1ed3i \u0111\u1ed5 \u0111\u1ea7y n\u01b0\u1edbc l\u00e0m b\u00f3ng v\u00e0 kh\u00f4 ch\u00e9n, \u0111\u0129a Finish v\u00e0o ng\u0103n ch\u1ee9a.<\/li>\n<li>Ch\u1ecdn m\u1ee9c \u0111\u1ed9 l\u00e0m b\u00f3ng 1, 2, 3, 4, 5, 6 tr\u00ean m\u00e1y r\u1ed3i \u0111\u00f3ng n\u1eafp l\u1ea1i.<\/li>\n<li>V\u1eadn h\u00e0nh m\u00e1y r\u1eeda ch\u00e9n b\u00ecnh th\u01b0\u1eddng, m\u00e1y s\u1ebd t\u1ef1 \u0111\u1ed9ng l\u1ea5y n\u01b0\u1edbc l\u00e0m b\u00f3ng v\u00e0 kh\u00f4 ch\u00e9n \u0111\u0129a ra \u0111\u1ec3 s\u1eed d\u1ee5ng \u1edf cu\u1ed1i chu tr\u00ecnh r\u1eeda ch\u00e9n.<\/li>\n<\/ul>\n<h2><strong>4. CH\u00da \u00dd V\u00c0\u00a0PH\u00d2NG NG\u1eeaA:\u00a0<\/strong><\/h2>\n<p>+ Kh\u00f4ng \u0111\u01b0\u1ee3c u\u1ed1ng, \u0111\u1ec3 xa t\u1ea7m v\u1edbi c\u1ee7a tr\u1ebb em.<\/p>\n<p>+ R\u1eeda v\u1edbi nhi\u1ec1u n\u01b0\u1edbc s\u1ea1ch n\u1ebfu \u0111\u1ec3 ch\u1ea5t t\u1ea9y r\u1eeda b\u1eaft v\u00e0o m\u1eaft.<\/p>\n<p>+ B\u1ea3o qu\u1ea3n \u1edf nh\u1eefng n\u01a1i kh\u00f4 tho\u00e1ng.<\/p>\n<p>+ Finishvietnam.com\u00a0khuy\u00ean b\u1ea1n khi d\u00f9ng c\u00e1c d\u00f2ng b\u1ed9t, vi\u00ean r\u1eeda ch\u00e9n Classic, All in 1 n\u00ean s\u1eed d\u1ee5ng k\u00e8m th\u00eam mu\u1ed1i v\u00e0 ch\u1ea5t l\u00e0m b\u00f3ng (ch\u1ea5t x\u1ea3) \u0111\u1ec3 \u0111\u1ea1t hi\u1ec7u qu\u1ea3 t\u1ed1i \u01b0u.<\/p>\n","protected":false},"excerpt":{"rendered":"<p>N\u01b0\u01a1\u0301c Bo\u0301ng Finish 2024<\/p>\n<h2><span style=\"color: #ff0000;\"><strong>M\u00f4 t\u1ea3 s\u1ea3n ph\u1ea9m<\/strong><\/span><\/h2>\n<table style=\"width: 20.0909%; height: 149px;\" border=\"1\" cellspacing=\"0\" cellpadding=\"0\">\n<tbody>\n<tr>\n<td style=\"width: 46.5686%;\"><strong>Th\u01b0\u01a1ng hi\u1ec7u<\/strong><\/td>\n<td style=\"width: 125.31%;\">Finish<\/td>\n<\/tr>\n<tr>\n<td style=\"width: 46.5686%;\"><strong>Xu\u1ea5t x\u1ee9\u00a0<\/strong><\/td>\n<td style=\"width: 125.31%;\">Ch\u00e2u \u00c2u<\/td>\n<\/tr>\n<tr>\n<td style=\"width: 46.5686%;\"><strong>H\u1ea1n s\u1eed d\u1ee5ng<\/strong><\/td>\n<td style=\"width: 125.31%;\">3 n\u0103m<\/td>\n<\/tr>\n<tr>\n<td style=\"width: 46.5686%;\"><strong>Kh\u1ed1i l\u01b0\u1ee3ng<\/strong><\/td>\n<td style=\"width: 125.31%;\">400ml\/chai<\/td>\n<\/tr>\n<tr>\n<td style=\"width: 46.5686%;\"><strong>Ph\u00e2n lo\u1ea1i<\/strong><\/td>\n<td style=\"width: 125.31%;\">N\u01b0\u1edbc l\u00e0m b\u00f3ng<\/td>\n<\/tr>\n<tr>\n<td style=\"width: 46.5686%;\"><strong>M\u00f9i h\u01b0\u01a1ng<\/strong><\/td>\n<td style=\"width: 125.31%;\">H\u01b0\u01a1ng Chanh<\/td>\n<\/tr>\n<\/tbody>\n<\/table>\n","protected":false},"featured_media":998,"comment_status":"open","ping_status":"closed","template":"","meta":{"_eb_attr":""},"product_cat":[252,296],"product_tag":[298,299],"_links":{"self":[{"href":"https:\/\/tannoithat.com\/index.php\/wp-json\/wp\/v2\/product\/997"}],"collection":[{"href":"https:\/\/tannoithat.com\/index.php\/wp-json\/wp\/v2\/product"}],"about":[{"href":"https:\/\/tannoithat.com\/index.php\/wp-json\/wp\/v2\/types\/product"}],"replies":[{"embeddable":true,"href":"https:\/\/tannoithat.com\/index.php\/wp-json\/wp\/v2\/comments?post=997"}],"wp:featuredmedia":[{"embeddable":true,"href":"https:\/\/tannoithat.com\/index.php\/wp-json\/wp\/v2\/media\/998"}],"wp:attachment":[{"href":"https:\/\/tannoithat.com\/index.php\/wp-json\/wp\/v2\/media?parent=997"}],"wp:term":[{"taxonomy":"product_cat","embeddable":true,"href":"https:\/\/tannoithat.com\/index.php\/wp-json\/wp\/v2\/product_cat?post=997"},{"taxonomy":"product_tag","embeddable":true,"href":"https:\/\/tannoithat.com\/index.php\/wp-json\/wp\/v2\/product_tag?post=997"}],"curies":[{"name":"wp","href":"https:\/\/api.w.org\/{rel}","templated":true}]}}